{"id":21266,"date":"2023-05-09T15:34:12","date_gmt":"2023-05-09T15:34:12","guid":{"rendered":"https:\/\/equisana.ch\/?page_id=21266"},"modified":"2026-01-04T08:26:48","modified_gmt":"2026-01-04T08:26:48","slug":"contact","status":"publish","type":"page","link":"https:\/\/equisana.ch\/fr\/contact\/","title":{"rendered":"Contact"},"content":{"rendered":"\t\t<div data-elementor-type=\"wp-post\" data-elementor-id=\"21266\" class=\"elementor elementor-21266 elementor-21267\">\n\t\t\t\t\t\t<section class=\"elementor-section elementor-top-section elementor-element elementor-element-bae328d elementor-section-height-min-height elementor-section-items-bottom elementor-section-boxed elementor-section-height-default\" data-id=\"bae328d\" data-element_type=\"section\" data-e-type=\"section\" data-settings=\"{&quot;background_background&quot;:&quot;classic&quot;}\">\n\t\t\t\t\t\t<div class=\"elementor-container elementor-column-gap-default\">\n\t\t\t\t\t<div class=\"aux-parallax-section elementor-column elementor-col-100 elementor-top-column elementor-element elementor-element-32a45552 aux-appear-watch-animation aux-fade-in-up\" data-id=\"32a45552\" data-element_type=\"column\" data-e-type=\"column\" data-settings=\"{&quot;background_background&quot;:&quot;classic&quot;}\">\n\t\t\t<div class=\"elementor-widget-wrap elementor-element-populated\">\n\t\t\t\t\t\t<div class=\"elementor-element elementor-element-57bca9d9 elementor-widget elementor-widget-aux_modern_heading\" data-id=\"57bca9d9\" data-element_type=\"widget\" data-e-type=\"widget\" data-widget_type=\"aux_modern_heading.default\">\n\t\t\t\t<div class=\"elementor-widget-container\">\n\t\t\t\t\t<section class=\"aux-widget-modern-heading\">\n            <div class=\"aux-widget-inner\"><h2 class=\"aux-modern-heading-primary\">Contact<\/h2><div class=\"aux-modern-heading-divider\"><\/div><\/div>\n        <\/section>\t\t\t\t<\/div>\n\t\t\t\t<\/div>\n\t\t\t\t\t<\/div>\n\t\t<\/div>\n\t\t\t\t\t<\/div>\n\t\t<\/section>\n\t\t\t\t<section class=\"elementor-section elementor-top-section elementor-element elementor-element-2c88c55e elementor-section-boxed elementor-section-height-default elementor-section-height-default\" data-id=\"2c88c55e\" data-element_type=\"section\" data-e-type=\"section\">\n\t\t\t\t\t\t<div class=\"elementor-container elementor-column-gap-no\">\n\t\t\t\t\t<div class=\"aux-parallax-section elementor-column elementor-col-50 elementor-top-column elementor-element elementor-element-219652e0 aux-appear-watch-animation aux-mask-from-right\" data-id=\"219652e0\" data-element_type=\"column\" data-e-type=\"column\">\n\t\t\t<div class=\"elementor-widget-wrap elementor-element-populated\">\n\t\t\t\t\t\t<div class=\"elementor-element elementor-element-1bebc2c9 elementor-widget elementor-widget-aux_image\" data-id=\"1bebc2c9\" data-element_type=\"widget\" data-e-type=\"widget\" data-widget_type=\"aux_image.default\">\n\t\t\t\t<div class=\"elementor-widget-container\">\n\t\t\t\t\t<section class=\"widget-container aux-widget-image aux-alignnone aux-parent-au95cee03f\">\n    <div class=\"aux-media-hint-frame \">\n        <div class=\"aux-media-image \" >\n        \n            \n\n            \n            <img fetchpriority=\"high\" decoding=\"async\" width=\"800\" height=\"600\" src=\"https:\/\/equisana.ch\/wp-content\/uploads\/2019\/06\/Equisana-pferdefuetterung-gesundes-pferd-02.jpg\" class=\"aux-attachment aux-featured-image aux-attachment-id-1228\" alt=\"Pferd\" srcset=\"https:\/\/equisana.ch\/wp-content\/uploads\/2019\/06\/Equisana-pferdefuetterung-gesundes-pferd-02-150x150.jpg 150w,https:\/\/equisana.ch\/wp-content\/uploads\/2019\/06\/Equisana-pferdefuetterung-gesundes-pferd-02-300x300.jpg 300w,https:\/\/equisana.ch\/wp-content\/uploads\/2019\/06\/Equisana-pferdefuetterung-gesundes-pferd-02-768x600.jpg 768w,https:\/\/equisana.ch\/wp-content\/uploads\/2019\/06\/Equisana-pferdefuetterung-gesundes-pferd-02.jpg 800w\" data-ratio=\"1\" data-original-w=\"800\" sizes=\"(max-width:479px) 480px,(max-width:767px) 768px,(max-width:1023px) 1024px,800px\" \/>            \n                <\/div>\n    <\/div>\n\n<\/section><!-- widget-container -->\t\t\t\t<\/div>\n\t\t\t\t<\/div>\n\t\t\t\t\t<\/div>\n\t\t<\/div>\n\t\t\t\t<div class=\"aux-parallax-section elementor-column elementor-col-50 elementor-top-column elementor-element elementor-element-1c311ff\" data-id=\"1c311ff\" data-element_type=\"column\" data-e-type=\"column\">\n\t\t\t<div class=\"elementor-widget-wrap elementor-element-populated\">\n\t\t\t\t\t\t<div class=\"elementor-element elementor-element-40b6f00b aux-appear-watch-animation aux-fade-in-up elementor-widget elementor-widget-aux_modern_heading\" data-id=\"40b6f00b\" data-element_type=\"widget\" data-e-type=\"widget\" data-widget_type=\"aux_modern_heading.default\">\n\t\t\t\t<div class=\"elementor-widget-container\">\n\t\t\t\t\t<section class=\"aux-widget-modern-heading\">\n            <div class=\"aux-widget-inner\"><h3 class=\"aux-modern-heading-primary\">\n<\/h3><h2 class=\"aux-modern-heading-secondary\"><span class=\"aux-head-before\">Vous avez des questions ?<\/span><\/h2><div class=\"aux-modern-heading-description\"><p>Contactez-moi si vous avez des questions au sujet des produits ou si vous n\u2019\u00eates pas s\u00fbr quel produit est le mieux adapt\u00e9 \u00e0 votre cheval.<\/p>\n<\/div><\/div>\n        <\/section>\t\t\t\t<\/div>\n\t\t\t\t<\/div>\n\t\t\t\t\t<\/div>\n\t\t<\/div>\n\t\t\t\t\t<\/div>\n\t\t<\/section>\n\t\t\t\t<section class=\"elementor-section elementor-top-section elementor-element elementor-element-3ed9aca elementor-section-boxed elementor-section-height-default elementor-section-height-default\" data-id=\"3ed9aca\" data-element_type=\"section\" data-e-type=\"section\">\n\t\t\t\t\t\t<div class=\"elementor-container elementor-column-gap-default\">\n\t\t\t\t\t<div class=\"aux-parallax-section elementor-column elementor-col-50 elementor-top-column elementor-element elementor-element-cc528ae\" data-id=\"cc528ae\" data-element_type=\"column\" data-e-type=\"column\">\n\t\t\t<div class=\"elementor-widget-wrap elementor-element-populated\">\n\t\t\t\t\t\t<div class=\"elementor-element elementor-element-b8c3d77 elementor-widget elementor-widget-text-editor\" data-id=\"b8c3d77\" data-element_type=\"widget\" data-e-type=\"widget\" data-widget_type=\"text-editor.default\">\n\t\t\t\t<div class=\"elementor-widget-container\">\n\t\t\t\t\t\t\t\t\t<p id=\"tw-target-text\" class=\"tw-data-text tw-text-large tw-ta\" dir=\"ltr\" data-placeholder=\"\u00dcbersetzung\" aria-label=\"\u00dcbersetzter Text\" data-ved=\"2ahUKEwjr0-GniqSIAxXilIkEHZfgInEQ3ewLegQIFBAU\"><span class=\"Y2IQFc\" lang=\"fr\">Veuillez passer vos commandes pour les articles en stock <strong>exclusivement<\/strong> via la boutique en ligne. <\/span><\/p><p class=\"tw-data-text tw-text-large tw-ta\" dir=\"ltr\" data-placeholder=\"\u00dcbersetzung\" aria-label=\"\u00dcbersetzter Text\" data-ved=\"2ahUKEwjr0-GniqSIAxXilIkEHZfgInEQ3ewLegQIFBAU\"><span class=\"Y2IQFc\" lang=\"fr\">L&rsquo;inventaire est constamment mis \u00e0 jour. Si un produit ne peut \u00eatre command\u00e9, c\u2019est qu\u2019il n\u2019est tout simplement pas en stock. Vous avez cependant la possibilit\u00e9 d&rsquo;\u00eatre averti d\u00e8s qu&rsquo;un produit est de nouveau en stock via un formulaire. <strong>Le d\u00e9lai de livraison estim\u00e9 est visible pour chaque produit.<\/strong> <\/span><\/p><p class=\"tw-data-text tw-text-large tw-ta\" dir=\"ltr\" data-placeholder=\"\u00dcbersetzung\" aria-label=\"\u00dcbersetzter Text\" data-ved=\"2ahUKEwjr0-GniqSIAxXilIkEHZfgInEQ3ewLegQIFBAU\"><span class=\"Y2IQFc\" lang=\"fr\">Afin de pr\u00e9parer un devis pour des filets \u00e0 foin de dimensions sp\u00e9ciales, j&rsquo;ai besoin de d\u00e9tails sur le maillage ainsi que sur la longueur et la largeur souhait\u00e9es. Je m&rsquo;efforcerai de traiter votre demande dans les plus brefs d\u00e9lais. S&rsquo;il n&rsquo;y a pas de r\u00e9ponse dans les 48 heures (jours ouvr\u00e9s), veuillez v\u00e9rifier votre dossier SPAM. Les e-mails s&rsquo;y retrouvent de temps en temps.<\/span><\/p><p><span style=\"color: #993300;\"><strong>Informations importantes sur les produits Sapodoris<\/strong> <\/span>: De nombreux produits Sapodoris contiennent d\u00e9sormais du tourteau de chanvre. \u00c9tant donn\u00e9 que ce composant n\u2019est autoris\u00e9 \u00e0 la vente que sous certaines conditions en Suisse, je m\u2019abstiens d\u00e9lib\u00e9r\u00e9ment d\u2019inclure compl\u00e8tement ces produits dans l\u2019assortiment. Ceux-ci ne peuvent donc pas \u00eatre command\u00e9s s\u00e9par\u00e9ment.<\/p><p>Merci beaucoup de votre compr\u00e9hension.<\/p>\t\t\t\t\t\t\t\t<\/div>\n\t\t\t\t<\/div>\n\t\t\t\t\t<\/div>\n\t\t<\/div>\n\t\t\t\t<div class=\"aux-parallax-section elementor-column elementor-col-50 elementor-top-column elementor-element elementor-element-42f8167\" data-id=\"42f8167\" data-element_type=\"column\" data-e-type=\"column\">\n\t\t\t<div class=\"elementor-widget-wrap elementor-element-populated\">\n\t\t\t\t\t\t<div class=\"elementor-element elementor-element-8a63676 elementor-widget__width-initial elementor-widget elementor-widget-wpforms\" data-id=\"8a63676\" data-element_type=\"widget\" data-e-type=\"widget\" data-widget_type=\"wpforms.default\">\n\t\t\t\t<div class=\"elementor-widget-container\">\n\t\t\t\t\t<div class=\"wpforms-container wpforms-container-full wpforms-render-modern\" id=\"wpforms-22604\"><form id=\"wpforms-form-22604\" class=\"wpforms-validate wpforms-form wpforms-ajax-form\" data-formid=\"22604\" method=\"post\" enctype=\"multipart\/form-data\" action=\"\/fr\/wp-json\/wp\/v2\/pages\/21266\" data-token=\"35ecd68a276195a1f0fc58ca33561008\" data-token-time=\"1777491210\"><noscript class=\"wpforms-error-noscript\">Veuillez activer JavaScript dans votre navigateur pour remplir ce formulaire.<\/noscript><div id=\"wpforms-error-noscript\" style=\"display: none;\">Veuillez activer JavaScript dans votre navigateur pour remplir ce formulaire.<\/div><div class=\"wpforms-field-container\"><div id=\"wpforms-22604-field_0-container\" class=\"wpforms-field wpforms-field-name\" data-field-id=\"0\"><label class=\"wpforms-field-label\" for=\"wpforms-22604-field_0\">Nom <span class=\"wpforms-required-label\" aria-hidden=\"true\">*<\/span><\/label><input type=\"text\" id=\"wpforms-22604-field_0\" class=\"wpforms-field-medium wpforms-field-required\" name=\"wpforms[fields][0]\" aria-errormessage=\"wpforms-22604-field_0-error\" required><\/div><div id=\"wpforms-22604-field_1-container\" class=\"wpforms-field wpforms-field-email\" data-field-id=\"1\"><label class=\"wpforms-field-label\" for=\"wpforms-22604-field_1\">Adresse E-Mail <span class=\"wpforms-required-label\" aria-hidden=\"true\">*<\/span><\/label><input type=\"email\" id=\"wpforms-22604-field_1\" class=\"wpforms-field-medium wpforms-field-required\" name=\"wpforms[fields][1]\" spellcheck=\"false\" aria-errormessage=\"wpforms-22604-field_1-error\" required><\/div><div id=\"wpforms-22604-field_2-container\" class=\"wpforms-field wpforms-field-textarea\" data-field-id=\"2\"><label class=\"wpforms-field-label\" for=\"wpforms-22604-field_2\">Message<\/label><textarea id=\"wpforms-22604-field_2\" class=\"wpforms-field-medium\" name=\"wpforms[fields][2]\" aria-errormessage=\"wpforms-22604-field_2-error\" ><\/textarea><\/div><\/div><!-- .wpforms-field-container --><div class=\"wpforms-submit-container\" ><input type=\"hidden\" name=\"wpforms[id]\" value=\"22604\"><input type=\"hidden\" name=\"page_title\" value=\"\"><input type=\"hidden\" name=\"page_url\" value=\"https:\/\/equisana.ch\/fr\/wp-json\/wp\/v2\/pages\/21266\"><input type=\"hidden\" name=\"url_referer\" value=\"\"><button type=\"submit\" name=\"wpforms[submit]\" id=\"wpforms-submit-22604\" class=\"wpforms-submit\" data-alt-text=\"En cours d&#039;envoi\u00a0\u2026\" data-submit-text=\"Envoyer\" aria-live=\"assertive\" value=\"wpforms-submit\">Envoyer<\/button><img decoding=\"async\" src=\"https:\/\/equisana.ch\/wp-content\/plugins\/wpforms-lite\/assets\/images\/submit-spin.svg\" class=\"wpforms-submit-spinner\" style=\"display: none;\" width=\"26\" height=\"26\" alt=\"Chargement en cours\"><\/div><input type=\"hidden\" id=\"ct_checkjs_wpforms_75fc093c0ee742f6dddaa13fff98f104\" name=\"ct_checkjs_wpforms\" value=\"0\" \/><script>setTimeout(function(){var ct_input_name = \"ct_checkjs_wpforms_75fc093c0ee742f6dddaa13fff98f104\";if (document.getElementById(ct_input_name) !== null) {var ct_input_value = document.getElementById(ct_input_name).value;document.getElementById(ct_input_name).value = document.getElementById(ct_input_name).value.replace(ct_input_value, '67ee58c92206befc531de8256cb5ef02602c04143fbcd9f72d687502b47f994a');}}, 1000);<\/script><input\n                    class=\"apbct_special_field apbct_email_id__wp_wpforms\"\n                    name=\"apbct__email_id__wp_wpforms\"\n                    aria-label=\"apbct__label_id__wp_wpforms\"\n                    type=\"text\" size=\"30\" maxlength=\"200\" autocomplete=\"off\"\n                    value=\"\"\n                \/><\/form><\/div>  <!-- .wpforms-container -->\t\t\t\t<\/div>\n\t\t\t\t<\/div>\n\t\t\t\t\t<\/div>\n\t\t<\/div>\n\t\t\t\t\t<\/div>\n\t\t<\/section>\n\t\t\t\t<\/div>\n\t\t","protected":false},"excerpt":{"rendered":"<p>Contact Vous avez des questions ? Contactez-moi si vous avez des questions au sujet des produits ou si vous n\u2019\u00eates pas s\u00fbr quel produit est le mieux adapt\u00e9 \u00e0 votre cheval. Veuillez passer vos commandes pour les articles en stock exclusivement via la boutique en ligne. L&rsquo;inventaire est constamment mis \u00e0 jour. Si un produit [&hellip;]<\/p>\n","protected":false},"author":2,"featured_media":0,"parent":0,"menu_order":0,"comment_status":"closed","ping_status":"closed","template":"","meta":{"footnotes":""},"class_list":["post-21266","page","type-page","status-publish","hentry"],"yoast_head":"<!-- This site is optimized with the Yoast SEO plugin v27.5 - https:\/\/yoast.com\/product\/yoast-seo-wordpress\/ -->\n<title>Contactez-nous \u2013 EQUISANA tout simplement naturel<\/title>\n<meta name=\"description\" content=\"Avez-vous des questions ou voulez-vous des conseils? Alors contactez-nous. Nous sommes \u00e0 votre disposition.\" \/>\n<meta name=\"robots\" content=\"index, follow, max-snippet:-1, max-image-preview:large, max-video-preview:-1\" \/>\n<link rel=\"canonical\" href=\"https:\/\/equisana.ch\/kontakt\/\" \/>\n<meta property=\"og:locale\" content=\"fr_FR\" \/>\n<meta property=\"og:type\" content=\"article\" \/>\n<meta property=\"og:title\" content=\"Contactez-nous \u2013 EQUISANA tout simplement naturel\" \/>\n<meta property=\"og:description\" content=\"Avez-vous des questions ou voulez-vous des conseils? Alors contactez-nous. Nous sommes \u00e0 votre disposition.\" \/>\n<meta property=\"og:url\" content=\"https:\/\/equisana.ch\/kontakt\/\" \/>\n<meta property=\"og:site_name\" content=\"Equisana Sarl tout simplement naturel\" \/>\n<meta property=\"article:publisher\" content=\"https:\/\/www.facebook.com\/Equisana\/\" \/>\n<meta property=\"article:modified_time\" content=\"2026-01-04T08:26:48+00:00\" \/>\n<meta property=\"og:image\" content=\"https:\/\/equisana.ch\/wp-content\/uploads\/2019\/06\/Equisana-pferdefuetterung-gesundes-pferd-02.jpg\" \/>\n<meta name=\"twitter:card\" content=\"summary_large_image\" \/>\n<meta name=\"twitter:label1\" content=\"Dur\u00e9e de lecture estim\u00e9e\" \/>\n\t<meta name=\"twitter:data1\" content=\"2 minutes\" \/>\n<script type=\"application\/ld+json\" class=\"yoast-schema-graph\">{\"@context\":\"https:\\\/\\\/schema.org\",\"@graph\":[{\"@type\":\"WebPage\",\"@id\":\"https:\\\/\\\/equisana.ch\\\/kontakt\\\/\",\"url\":\"https:\\\/\\\/equisana.ch\\\/kontakt\\\/\",\"name\":\"Contactez-nous \u2013 EQUISANA tout simplement naturel\",\"isPartOf\":{\"@id\":\"https:\\\/\\\/equisana.ch\\\/#website\"},\"primaryImageOfPage\":{\"@id\":\"https:\\\/\\\/equisana.ch\\\/kontakt\\\/#primaryimage\"},\"image\":{\"@id\":\"https:\\\/\\\/equisana.ch\\\/kontakt\\\/#primaryimage\"},\"thumbnailUrl\":\"https:\\\/\\\/equisana.ch\\\/wp-content\\\/uploads\\\/2019\\\/06\\\/Equisana-pferdefuetterung-gesundes-pferd-02.jpg\",\"datePublished\":\"2023-05-09T15:34:12+00:00\",\"dateModified\":\"2026-01-04T08:26:48+00:00\",\"description\":\"Avez-vous des questions ou voulez-vous des conseils? Alors contactez-nous. Nous sommes \u00e0 votre disposition.\",\"breadcrumb\":{\"@id\":\"https:\\\/\\\/equisana.ch\\\/kontakt\\\/#breadcrumb\"},\"inLanguage\":\"fr-FR\",\"potentialAction\":[{\"@type\":\"ReadAction\",\"target\":[\"https:\\\/\\\/equisana.ch\\\/kontakt\\\/\"]}]},{\"@type\":\"ImageObject\",\"inLanguage\":\"fr-FR\",\"@id\":\"https:\\\/\\\/equisana.ch\\\/kontakt\\\/#primaryimage\",\"url\":\"https:\\\/\\\/equisana.ch\\\/wp-content\\\/uploads\\\/2019\\\/06\\\/Equisana-pferdefuetterung-gesundes-pferd-02.jpg\",\"contentUrl\":\"https:\\\/\\\/equisana.ch\\\/wp-content\\\/uploads\\\/2019\\\/06\\\/Equisana-pferdefuetterung-gesundes-pferd-02.jpg\"},{\"@type\":\"BreadcrumbList\",\"@id\":\"https:\\\/\\\/equisana.ch\\\/kontakt\\\/#breadcrumb\",\"itemListElement\":[{\"@type\":\"ListItem\",\"position\":1,\"name\":\"Startseite\",\"item\":\"https:\\\/\\\/equisana.ch\\\/\"},{\"@type\":\"ListItem\",\"position\":2,\"name\":\"Contact\"}]},{\"@type\":\"WebSite\",\"@id\":\"https:\\\/\\\/equisana.ch\\\/#website\",\"url\":\"https:\\\/\\\/equisana.ch\\\/\",\"name\":\"EQUISANA GmbH einfach nat\u00fcrlich\",\"description\":\"Tout simplement naturel\",\"publisher\":{\"@id\":\"https:\\\/\\\/equisana.ch\\\/#organization\"},\"potentialAction\":[{\"@type\":\"SearchAction\",\"target\":{\"@type\":\"EntryPoint\",\"urlTemplate\":\"https:\\\/\\\/equisana.ch\\\/?s={search_term_string}\"},\"query-input\":{\"@type\":\"PropertyValueSpecification\",\"valueRequired\":true,\"valueName\":\"search_term_string\"}}],\"inLanguage\":\"fr-FR\"},{\"@type\":\"Organization\",\"@id\":\"https:\\\/\\\/equisana.ch\\\/#organization\",\"name\":\"EQUISANA GmbH einfach nat\u00fcrlich\",\"url\":\"https:\\\/\\\/equisana.ch\\\/\",\"logo\":{\"@type\":\"ImageObject\",\"inLanguage\":\"fr-FR\",\"@id\":\"https:\\\/\\\/equisana.ch\\\/#\\\/schema\\\/logo\\\/image\\\/\",\"url\":\"https:\\\/\\\/equisana.ch\\\/wp-content\\\/uploads\\\/2023\\\/03\\\/cropped-equisana-logo.png\",\"contentUrl\":\"https:\\\/\\\/equisana.ch\\\/wp-content\\\/uploads\\\/2023\\\/03\\\/cropped-equisana-logo.png\",\"width\":342,\"height\":124,\"caption\":\"EQUISANA GmbH einfach nat\u00fcrlich\"},\"image\":{\"@id\":\"https:\\\/\\\/equisana.ch\\\/#\\\/schema\\\/logo\\\/image\\\/\"},\"sameAs\":[\"https:\\\/\\\/www.facebook.com\\\/Equisana\\\/\"]}]}<\/script>\n<!-- \/ Yoast SEO plugin. -->","yoast_head_json":{"title":"Contactez-nous \u2013 EQUISANA tout simplement naturel","description":"Avez-vous des questions ou voulez-vous des conseils? Alors contactez-nous. Nous sommes \u00e0 votre disposition.","robots":{"index":"index","follow":"follow","max-snippet":"max-snippet:-1","max-image-preview":"max-image-preview:large","max-video-preview":"max-video-preview:-1"},"canonical":"https:\/\/equisana.ch\/kontakt\/","og_locale":"fr_FR","og_type":"article","og_title":"Contactez-nous \u2013 EQUISANA tout simplement naturel","og_description":"Avez-vous des questions ou voulez-vous des conseils? Alors contactez-nous. Nous sommes \u00e0 votre disposition.","og_url":"https:\/\/equisana.ch\/kontakt\/","og_site_name":"Equisana Sarl tout simplement naturel","article_publisher":"https:\/\/www.facebook.com\/Equisana\/","article_modified_time":"2026-01-04T08:26:48+00:00","og_image":[{"url":"https:\/\/equisana.ch\/wp-content\/uploads\/2019\/06\/Equisana-pferdefuetterung-gesundes-pferd-02.jpg","type":"","width":"","height":""}],"twitter_card":"summary_large_image","twitter_misc":{"Dur\u00e9e de lecture estim\u00e9e":"2 minutes"},"schema":{"@context":"https:\/\/schema.org","@graph":[{"@type":"WebPage","@id":"https:\/\/equisana.ch\/kontakt\/","url":"https:\/\/equisana.ch\/kontakt\/","name":"Contactez-nous \u2013 EQUISANA tout simplement naturel","isPartOf":{"@id":"https:\/\/equisana.ch\/#website"},"primaryImageOfPage":{"@id":"https:\/\/equisana.ch\/kontakt\/#primaryimage"},"image":{"@id":"https:\/\/equisana.ch\/kontakt\/#primaryimage"},"thumbnailUrl":"https:\/\/equisana.ch\/wp-content\/uploads\/2019\/06\/Equisana-pferdefuetterung-gesundes-pferd-02.jpg","datePublished":"2023-05-09T15:34:12+00:00","dateModified":"2026-01-04T08:26:48+00:00","description":"Avez-vous des questions ou voulez-vous des conseils? Alors contactez-nous. Nous sommes \u00e0 votre disposition.","breadcrumb":{"@id":"https:\/\/equisana.ch\/kontakt\/#breadcrumb"},"inLanguage":"fr-FR","potentialAction":[{"@type":"ReadAction","target":["https:\/\/equisana.ch\/kontakt\/"]}]},{"@type":"ImageObject","inLanguage":"fr-FR","@id":"https:\/\/equisana.ch\/kontakt\/#primaryimage","url":"https:\/\/equisana.ch\/wp-content\/uploads\/2019\/06\/Equisana-pferdefuetterung-gesundes-pferd-02.jpg","contentUrl":"https:\/\/equisana.ch\/wp-content\/uploads\/2019\/06\/Equisana-pferdefuetterung-gesundes-pferd-02.jpg"},{"@type":"BreadcrumbList","@id":"https:\/\/equisana.ch\/kontakt\/#breadcrumb","itemListElement":[{"@type":"ListItem","position":1,"name":"Startseite","item":"https:\/\/equisana.ch\/"},{"@type":"ListItem","position":2,"name":"Contact"}]},{"@type":"WebSite","@id":"https:\/\/equisana.ch\/#website","url":"https:\/\/equisana.ch\/","name":"EQUISANA GmbH einfach nat\u00fcrlich","description":"Tout simplement naturel","publisher":{"@id":"https:\/\/equisana.ch\/#organization"},"potentialAction":[{"@type":"SearchAction","target":{"@type":"EntryPoint","urlTemplate":"https:\/\/equisana.ch\/?s={search_term_string}"},"query-input":{"@type":"PropertyValueSpecification","valueRequired":true,"valueName":"search_term_string"}}],"inLanguage":"fr-FR"},{"@type":"Organization","@id":"https:\/\/equisana.ch\/#organization","name":"EQUISANA GmbH einfach nat\u00fcrlich","url":"https:\/\/equisana.ch\/","logo":{"@type":"ImageObject","inLanguage":"fr-FR","@id":"https:\/\/equisana.ch\/#\/schema\/logo\/image\/","url":"https:\/\/equisana.ch\/wp-content\/uploads\/2023\/03\/cropped-equisana-logo.png","contentUrl":"https:\/\/equisana.ch\/wp-content\/uploads\/2023\/03\/cropped-equisana-logo.png","width":342,"height":124,"caption":"EQUISANA GmbH einfach nat\u00fcrlich"},"image":{"@id":"https:\/\/equisana.ch\/#\/schema\/logo\/image\/"},"sameAs":["https:\/\/www.facebook.com\/Equisana\/"]}]}},"_links":{"self":[{"href":"https:\/\/equisana.ch\/fr\/wp-json\/wp\/v2\/pages\/21266","targetHints":{"allow":["GET"]}}],"collection":[{"href":"https:\/\/equisana.ch\/fr\/wp-json\/wp\/v2\/pages"}],"about":[{"href":"https:\/\/equisana.ch\/fr\/wp-json\/wp\/v2\/types\/page"}],"author":[{"embeddable":true,"href":"https:\/\/equisana.ch\/fr\/wp-json\/wp\/v2\/users\/2"}],"replies":[{"embeddable":true,"href":"https:\/\/equisana.ch\/fr\/wp-json\/wp\/v2\/comments?post=21266"}],"version-history":[{"count":32,"href":"https:\/\/equisana.ch\/fr\/wp-json\/wp\/v2\/pages\/21266\/revisions"}],"predecessor-version":[{"id":26252,"href":"https:\/\/equisana.ch\/fr\/wp-json\/wp\/v2\/pages\/21266\/revisions\/26252"}],"wp:attachment":[{"href":"https:\/\/equisana.ch\/fr\/wp-json\/wp\/v2\/media?parent=21266"}],"curies":[{"name":"wp","href":"https:\/\/api.w.org\/{rel}","templated":true}]}}