{"id":2200,"date":"2019-10-01T17:45:54","date_gmt":"2019-10-01T17:45:54","guid":{"rendered":"https:\/\/equisana.ch\/a-propos-dequisana\/"},"modified":"2023-05-05T09:56:22","modified_gmt":"2023-05-05T09:56:22","slug":"presentation","status":"publish","type":"page","link":"https:\/\/equisana.ch\/fr\/presentation\/","title":{"rendered":"Pr\u00e9sentation"},"content":{"rendered":"\t\t<div data-elementor-type=\"wp-post\" data-elementor-id=\"2200\" class=\"elementor elementor-2200 elementor-101\">\n\t\t\t\t\t\t<section class=\"elementor-section elementor-top-section elementor-element elementor-element-27bf70f7 elementor-section-height-min-height elementor-section-items-bottom elementor-section-boxed elementor-section-height-default\" data-id=\"27bf70f7\" data-element_type=\"section\" data-e-type=\"section\" data-settings=\"{&quot;background_background&quot;:&quot;classic&quot;}\">\n\t\t\t\t\t\t<div class=\"elementor-container elementor-column-gap-default\">\n\t\t\t\t\t<div class=\"aux-parallax-section elementor-column elementor-col-100 elementor-top-column elementor-element elementor-element-3c624230 aux-appear-watch-animation aux-fade-in-up\" data-id=\"3c624230\" data-element_type=\"column\" data-e-type=\"column\" data-settings=\"{&quot;background_background&quot;:&quot;classic&quot;}\">\n\t\t\t<div class=\"elementor-widget-wrap elementor-element-populated\">\n\t\t\t\t\t\t<div class=\"elementor-element elementor-element-282146da elementor-widget elementor-widget-aux_modern_heading\" data-id=\"282146da\" data-element_type=\"widget\" data-e-type=\"widget\" data-widget_type=\"aux_modern_heading.default\">\n\t\t\t\t<div class=\"elementor-widget-container\">\n\t\t\t\t\t<section class=\"aux-widget-modern-heading\">\n            <div class=\"aux-widget-inner\"><h1 class=\"aux-modern-heading-primary\">Pr\u00e9sentation<\/h1><div class=\"aux-modern-heading-divider\"><\/div><\/div>\n        <\/section>\t\t\t\t<\/div>\n\t\t\t\t<\/div>\n\t\t\t\t\t<\/div>\n\t\t<\/div>\n\t\t\t\t\t<\/div>\n\t\t<\/section>\n\t\t\t\t<section class=\"elementor-section elementor-top-section elementor-element elementor-element-4ebc3f3 elementor-section-content-middle elementor-section-boxed elementor-section-height-default elementor-section-height-default\" data-id=\"4ebc3f3\" data-element_type=\"section\" data-e-type=\"section\">\n\t\t\t\t\t\t<div class=\"elementor-container elementor-column-gap-wide\">\n\t\t\t\t\t<div class=\"aux-parallax-section elementor-column elementor-col-50 elementor-top-column elementor-element elementor-element-61b9c89\" data-id=\"61b9c89\" data-element_type=\"column\" data-e-type=\"column\">\n\t\t\t<div class=\"elementor-widget-wrap elementor-element-populated\">\n\t\t\t\t\t\t<div class=\"elementor-element elementor-element-75f8705 aux-appear-watch-animation aux-fade-in-right elementor-widget elementor-widget-aux_modern_heading\" data-id=\"75f8705\" data-element_type=\"widget\" data-e-type=\"widget\" data-widget_type=\"aux_modern_heading.default\">\n\t\t\t\t<div class=\"elementor-widget-container\">\n\t\t\t\t\t<section class=\"aux-widget-modern-heading\">\n            <div class=\"aux-widget-inner\"><h3 class=\"aux-modern-heading-primary\">Pr\u00e9sentation<\/h3><div class=\"aux-modern-heading-divider\"><\/div><h2 class=\"aux-modern-heading-secondary\"><span class=\"aux-head-before\">Propri\u00e9taire de chevaux et biologiste<\/span><\/h2><div class=\"aux-modern-heading-description\"><p>Depuis mon enfance, je suis cavali\u00e8re enthousiaste et apr\u00e8s mes \u00e9tudes de biologie, j'ai concr\u00e9tis\u00e9 mon r\u00eave et achet\u00e9 mon premier cheval. \u00c0 cette \u00e9poque, je ne connaissais presque rien des besoins r\u00e9els d'un cheval et, comme beaucoup de nouveaux propri\u00e9taires, je me suis appuy\u00e9e sur l'exp\u00e9rience du g\u00e9rant d\u2019\u00e9curie de l'\u00e9poque.\u00a0<\/p><p>Ce n'est que lorsque j'ai gard\u00e9 mon cheval chez moi que j\u2019ai d\u00fb me pencher sur la question de son alimentation. Comme beaucoup d'autres propri\u00e9taires de chevaux, j'ai donn\u00e9 \u00e0 mon cheval 3 fois par jour une g\u00e9n\u00e9reuse ration de concentr\u00e9s et relativement peu de foin. Entre les repas, il y avait de longues pauses sans nourriture, surtout la nuit. Aujourd'hui, ce type d'alimentation est encore pratiqu\u00e9 dans de nombreuses \u00e9curies, ce qui est consternant.\u00a0<\/p><p>Le fait de suivre une conf\u00e9rence sur l'alimentation du cheval avec un sp\u00e9cialiste de renom m'a alors ouvert les yeux. D\u00e8s ce moment, je me suis pench\u00e9e de fa\u00e7on intense sur le sujet de l'alimentation et des besoins d'un \u00e9quid\u00e9. Mes \u00e9tudes de biologie m'ont beaucoup aid\u00e9 \u00e0 comprendre les liens entre l'anatomie, la physiologie et la biochimie. De plus, j\u2019ai r\u00e9alis\u00e9 d\u2019un coup que j'avais mal nourri mon cheval pendant des ann\u00e9es, car je ne m'\u00e9tais jamais inform\u00e9e correctement sur ses besoins en tant qu'\u00e9quid\u00e9. Son plan d'alimentation n'\u00e9tait ni conforme aux besoins de son esp\u00e8ce ni \u00e9quilibr\u00e9.\u00a0<\/p><p>En adaptant l'alimentation \u00e0 ses besoins, des probl\u00e8mes tels que la mauvaise qualit\u00e9 de la corne et une mauvaise croissance du sabot, le ralentissement de la mue et le manque de muscles malgr\u00e9 un travail quotidien ont soudainement compl\u00e8tement disparu. Mon cheval \u00e9tait plus vital, avait l'air bien, son poil \u00e9tait brillant et il \u00e9tait plus motiv\u00e9 au travail. <\/p><\/div><\/div>\n        <\/section>\t\t\t\t<\/div>\n\t\t\t\t<\/div>\n\t\t\t\t\t<\/div>\n\t\t<\/div>\n\t\t\t\t<div class=\"aux-parallax-section elementor-column elementor-col-50 elementor-top-column elementor-element elementor-element-80fe664 aux-appear-watch-animation aux-mask-from-left\" data-id=\"80fe664\" data-element_type=\"column\" data-e-type=\"column\">\n\t\t\t<div class=\"elementor-widget-wrap elementor-element-populated\">\n\t\t\t\t\t\t<div class=\"elementor-element elementor-element-06bd13c elementor-widget elementor-widget-aux_image\" data-id=\"06bd13c\" data-element_type=\"widget\" data-e-type=\"widget\" data-widget_type=\"aux_image.default\">\n\t\t\t\t<div class=\"elementor-widget-container\">\n\t\t\t\t\t<section class=\"widget-container aux-widget-image aux-alignnone aux-parent-au1331aacf\">\n    <div class=\"aux-media-hint-frame \">\n        <div class=\"aux-media-image \" >\n        \n            \n\n            \n            <img fetchpriority=\"high\" decoding=\"async\" width=\"768\" height=\"600\" src=\"https:\/\/equisana.ch\/wp-content\/uploads\/2019\/08\/Equisana-pferdefuetterung-fabiola-huelsen-02-768x600.jpg\" class=\"aux-attachment aux-featured-image aux-attachment-id-1914\" alt=\"Fabiola H\u00fclsen\" srcset=\"https:\/\/equisana.ch\/wp-content\/uploads\/2019\/08\/Equisana-pferdefuetterung-fabiola-huelsen-02-150x150.jpg 150w,https:\/\/equisana.ch\/wp-content\/uploads\/2019\/08\/Equisana-pferdefuetterung-fabiola-huelsen-02-300x300.jpg 300w,https:\/\/equisana.ch\/wp-content\/uploads\/2019\/08\/Equisana-pferdefuetterung-fabiola-huelsen-02-768x600.jpg 768w,https:\/\/equisana.ch\/wp-content\/uploads\/2019\/08\/Equisana-pferdefuetterung-fabiola-huelsen-02-768x600.jpg 768w\" data-ratio=\"1\" data-original-w=\"800\" sizes=\"(max-width:479px) 480px,(max-width:767px) 768px,(max-width:1023px) 1024px,768px\" \/>            \n                <\/div>\n    <\/div>\n\n<\/section><!-- widget-container -->\t\t\t\t<\/div>\n\t\t\t\t<\/div>\n\t\t\t\t\t<\/div>\n\t\t<\/div>\n\t\t\t\t\t<\/div>\n\t\t<\/section>\n\t\t\t\t<section class=\"elementor-section elementor-top-section elementor-element elementor-element-a95cb86 elementor-section-content-middle elementor-reverse-mobile elementor-section-boxed elementor-section-height-default elementor-section-height-default\" data-id=\"a95cb86\" data-element_type=\"section\" data-e-type=\"section\">\n\t\t\t\t\t\t<div class=\"elementor-container elementor-column-gap-wide\">\n\t\t\t\t\t<div class=\"aux-parallax-section elementor-column elementor-col-50 elementor-top-column elementor-element elementor-element-c14652f aux-appear-watch-animation aux-mask-from-left\" data-id=\"c14652f\" data-element_type=\"column\" data-e-type=\"column\">\n\t\t\t<div class=\"elementor-widget-wrap elementor-element-populated\">\n\t\t\t\t\t\t<div class=\"elementor-element elementor-element-b8f0d57 elementor-widget elementor-widget-aux_image\" data-id=\"b8f0d57\" data-element_type=\"widget\" data-e-type=\"widget\" data-widget_type=\"aux_image.default\">\n\t\t\t\t<div class=\"elementor-widget-container\">\n\t\t\t\t\t<section class=\"widget-container aux-widget-image aux-alignnone aux-parent-auf36fb783\">\n    <div class=\"aux-media-hint-frame \">\n        <div class=\"aux-media-image \" >\n        \n            \n\n            \n            <img decoding=\"async\" width=\"768\" height=\"600\" src=\"https:\/\/equisana.ch\/wp-content\/uploads\/2019\/07\/Equisana-pferdefuetterung-fabiola-huelsen-turnier-02-768x600.jpg\" class=\"aux-attachment aux-featured-image aux-attachment-id-1670\" alt=\"Fabiola H\u00fclsen Turnier\" srcset=\"https:\/\/equisana.ch\/wp-content\/uploads\/2019\/07\/Equisana-pferdefuetterung-fabiola-huelsen-turnier-02-150x150.jpg 150w,https:\/\/equisana.ch\/wp-content\/uploads\/2019\/07\/Equisana-pferdefuetterung-fabiola-huelsen-turnier-02-300x300.jpg 300w,https:\/\/equisana.ch\/wp-content\/uploads\/2019\/07\/Equisana-pferdefuetterung-fabiola-huelsen-turnier-02-768x600.jpg 768w,https:\/\/equisana.ch\/wp-content\/uploads\/2019\/07\/Equisana-pferdefuetterung-fabiola-huelsen-turnier-02-768x600.jpg 768w\" data-ratio=\"1\" data-original-w=\"800\" sizes=\"(max-width:479px) 480px,(max-width:767px) 768px,(max-width:1023px) 1024px,768px\" \/>            \n                <\/div>\n    <\/div>\n\n<\/section><!-- widget-container -->\t\t\t\t<\/div>\n\t\t\t\t<\/div>\n\t\t\t\t\t<\/div>\n\t\t<\/div>\n\t\t\t\t<div class=\"aux-parallax-section elementor-column elementor-col-50 elementor-top-column elementor-element elementor-element-592d914\" data-id=\"592d914\" data-element_type=\"column\" data-e-type=\"column\">\n\t\t\t<div class=\"elementor-widget-wrap elementor-element-populated\">\n\t\t\t\t\t\t<div class=\"elementor-element elementor-element-7e3e3c0 aux-appear-watch-animation aux-fade-in-right elementor-widget elementor-widget-aux_modern_heading\" data-id=\"7e3e3c0\" data-element_type=\"widget\" data-e-type=\"widget\" data-widget_type=\"aux_modern_heading.default\">\n\t\t\t\t<div class=\"elementor-widget-container\">\n\t\t\t\t\t<section class=\"aux-widget-modern-heading\">\n            <div class=\"aux-widget-inner\"><h3 class=\"aux-modern-heading-primary\">Pr\u00e9sentation<\/h3><div class=\"aux-modern-heading-divider\"><\/div><h2 class=\"aux-modern-heading-secondary\"><span class=\"aux-head-before\">Votre partenaire pour une alimentation conforme aux besoins de l\u2019esp\u00e8ce<\/span><\/h2><div class=\"aux-modern-heading-description\"><p>Entre temps, d'autres chevaux sont entr\u00e9s dans ma vie. L'un d'eux souffrait de toux chronique. Avec l\u2019aide d\u2019une d\u00e9tention et d'une alimentation adapt\u00e9es, il n'a plus aucun sympt\u00f4me et peut \u00eatre activement utilis\u00e9 \u00e0 nouveau dans le sport.\u00a0<\/p><p>Je suis convaincue que beaucoup de propri\u00e9taires de chevaux sont dans le m\u00eame bateau que j'\u00e9tais \u00e0 l'\u00e9poque. Par cons\u00e9quent, j\u2019ai eu le d\u00e9sir de conseiller les propri\u00e9taires de chevaux int\u00e9ress\u00e9s par le sujet d\u2019une alimentation \u00e9quilibr\u00e9e et conforme aux besoins de l\u2019esp\u00e8ce. \u00a0EQUISANA a \u00e9t\u00e9 fond\u00e9e en 2013 dans le but de trouver des solutions individuelles pour chaque cheval. Chaque cheval est diff\u00e9rent et a des besoins sp\u00e9cifiques. Je me suis sp\u00e9cialis\u00e9e dans ce domaine.\u00a0<\/p><p>La gamme de produits que l'on peut trouver dans la boutique EQUISANA n'est pas \u00e9norme. Mon objectif n'\u00e9tait pas de proposer des produits similaires \u00e0 ceux vendus par de nombreux autres fabricants, mais de me concentrer sur des produits difficiles \u00e0 trouver ailleurs en Suisse. Ce faisant, je veille toujours \u00e0 ce que les produits pr\u00e9sent\u00e9s correspondent \u00e0 ma philosophie d'alimentation simple et naturelle des chevaux.<\/p><\/div><\/div>\n        <\/section>\t\t\t\t<\/div>\n\t\t\t\t<\/div>\n\t\t\t\t<div class=\"elementor-element elementor-element-d50ba9d elementor-widget elementor-widget-text-editor\" data-id=\"d50ba9d\" data-element_type=\"widget\" data-e-type=\"widget\" data-widget_type=\"text-editor.default\">\n\t\t\t\t<div class=\"elementor-widget-container\">\n\t\t\t\t\t\t\t\t\t<p>Votre Fabiola H\u00fclsen<\/p>\t\t\t\t\t\t\t\t<\/div>\n\t\t\t\t<\/div>\n\t\t\t\t\t<\/div>\n\t\t<\/div>\n\t\t\t\t\t<\/div>\n\t\t<\/section>\n\t\t\t\t<section class=\"elementor-section elementor-top-section elementor-element elementor-element-1f8098e0 elementor-section-boxed elementor-section-height-default elementor-section-height-default\" data-id=\"1f8098e0\" data-element_type=\"section\" data-e-type=\"section\" data-settings=\"{&quot;background_background&quot;:&quot;gradient&quot;}\">\n\t\t\t\t\t\t\t<div class=\"elementor-background-overlay\"><\/div>\n\t\t\t\t\t\t\t<div class=\"elementor-container elementor-column-gap-default\">\n\t\t\t\t\t<div class=\"aux-parallax-section elementor-column elementor-col-100 elementor-top-column elementor-element elementor-element-3a0fa145\" data-id=\"3a0fa145\" data-element_type=\"column\" data-e-type=\"column\">\n\t\t\t<div class=\"elementor-widget-wrap elementor-element-populated\">\n\t\t\t\t\t\t<div class=\"elementor-element elementor-element-1d2a5e6 elementor-widget elementor-widget-aux_modern_heading\" data-id=\"1d2a5e6\" data-element_type=\"widget\" data-e-type=\"widget\" data-widget_type=\"aux_modern_heading.default\">\n\t\t\t\t<div class=\"elementor-widget-container\">\n\t\t\t\t\t<section class=\"aux-widget-modern-heading\">\n            <div class=\"aux-widget-inner\"><h2 class=\"aux-modern-heading-primary\">Contact<\/h2><div class=\"aux-modern-heading-divider\"><\/div><h3 class=\"aux-modern-heading-secondary\"><span class=\"aux-head-before\">Conseils pour une alimentation individuelle et conforme aux besoins de l\u2019esp\u00e8ce<\/span><\/h3><\/div>\n        <\/section>\t\t\t\t<\/div>\n\t\t\t\t<\/div>\n\t\t\t\t<div class=\"elementor-element elementor-element-78f7ee3d elementor-align-center elementor-widget elementor-widget-button\" data-id=\"78f7ee3d\" data-element_type=\"widget\" data-e-type=\"widget\" data-widget_type=\"button.default\">\n\t\t\t\t<div class=\"elementor-widget-container\">\n\t\t\t\t\t\t\t\t\t<div class=\"elementor-button-wrapper\">\n\t\t\t\t\t<a class=\"elementor-button elementor-button-link elementor-size-sm\" href=\"https:\/\/equisana.ch\/fr\/contact\/\">\n\t\t\t\t\t\t<span class=\"elementor-button-content-wrapper\">\n\t\t\t\t\t\t<span class=\"elementor-button-icon\">\n\t\t\t\t<i aria-hidden=\"true\" class=\"fas fa-long-arrow-alt-right\"><\/i>\t\t\t<\/span>\n\t\t\t\t\t\t\t\t\t<span class=\"elementor-button-text\">CONTACTER MAINTENANT<\/span>\n\t\t\t\t\t<\/span>\n\t\t\t\t\t<\/a>\n\t\t\t\t<\/div>\n\t\t\t\t\t\t\t\t<\/div>\n\t\t\t\t<\/div>\n\t\t\t\t\t<\/div>\n\t\t<\/div>\n\t\t\t\t\t<\/div>\n\t\t<\/section>\n\t\t\t\t<\/div>\n\t\t","protected":false},"excerpt":{"rendered":"<p>Pr\u00e9sentation Pr\u00e9sentation Propri\u00e9taire de chevaux et biologiste Depuis mon enfance, je suis cavali\u00e8re enthousiaste et apr\u00e8s mes \u00e9tudes de biologie, j&rsquo;ai concr\u00e9tis\u00e9 mon r\u00eave et achet\u00e9 mon premier cheval. \u00c0 cette \u00e9poque, je ne connaissais presque rien des besoins r\u00e9els d&rsquo;un cheval et, comme beaucoup de nouveaux propri\u00e9taires, je me suis appuy\u00e9e sur l&rsquo;exp\u00e9rience du [&hellip;]<\/p>\n","protected":false},"author":1,"featured_media":0,"parent":0,"menu_order":0,"comment_status":"closed","ping_status":"closed","template":"","meta":{"footnotes":""},"class_list":["post-2200","page","type-page","status-publish","hentry"],"yoast_head":"<!-- This site is optimized with the Yoast SEO plugin v27.4 - https:\/\/yoast.com\/product\/yoast-seo-wordpress\/ -->\n<title>Pr\u00e9sentation - Equisana tout simplement naturel<\/title>\n<meta name=\"description\" content=\"Nous sommes votre partenaire pour une alimentation du cheval conforme aux besoins de l\u2019esp\u00e8ce. Du compl\u00e9ment min\u00e9ral en passant par une alimentation du foin individuelle. Chez nous, vous \u00eates \u00e0 la bonne adresse.\" \/>\n<meta name=\"robots\" content=\"index, follow, max-snippet:-1, max-image-preview:large, max-video-preview:-1\" \/>\n<link rel=\"canonical\" href=\"https:\/\/equisana.ch\/ueber-equisana\/\" \/>\n<meta property=\"og:locale\" content=\"fr_FR\" \/>\n<meta property=\"og:type\" content=\"article\" \/>\n<meta property=\"og:title\" content=\"Pr\u00e9sentation - Equisana tout simplement naturel\" \/>\n<meta property=\"og:description\" content=\"Nous sommes votre partenaire pour une alimentation du cheval conforme aux besoins de l\u2019esp\u00e8ce. Du compl\u00e9ment min\u00e9ral en passant par une alimentation du foin individuelle. Chez nous, vous \u00eates \u00e0 la bonne adresse.\" \/>\n<meta property=\"og:url\" content=\"https:\/\/equisana.ch\/ueber-equisana\/\" \/>\n<meta property=\"og:site_name\" content=\"Equisana Sarl tout simplement naturel\" \/>\n<meta property=\"article:publisher\" content=\"https:\/\/www.facebook.com\/Equisana\/\" \/>\n<meta property=\"article:modified_time\" content=\"2023-05-05T09:56:22+00:00\" \/>\n<meta property=\"og:image\" content=\"https:\/\/equisana.ch\/wp-content\/uploads\/2019\/08\/Equisana-pferdefuetterung-fabiola-huelsen-02-768x600.jpg\" \/>\n<meta name=\"twitter:card\" content=\"summary_large_image\" \/>\n<meta name=\"twitter:label1\" content=\"Dur\u00e9e de lecture estim\u00e9e\" \/>\n\t<meta name=\"twitter:data1\" content=\"3 minutes\" \/>\n<script type=\"application\/ld+json\" class=\"yoast-schema-graph\">{\"@context\":\"https:\\\/\\\/schema.org\",\"@graph\":[{\"@type\":\"WebPage\",\"@id\":\"https:\\\/\\\/equisana.ch\\\/ueber-equisana\\\/\",\"url\":\"https:\\\/\\\/equisana.ch\\\/ueber-equisana\\\/\",\"name\":\"Pr\u00e9sentation - Equisana tout simplement naturel\",\"isPartOf\":{\"@id\":\"https:\\\/\\\/equisana.ch\\\/#website\"},\"primaryImageOfPage\":{\"@id\":\"https:\\\/\\\/equisana.ch\\\/ueber-equisana\\\/#primaryimage\"},\"image\":{\"@id\":\"https:\\\/\\\/equisana.ch\\\/ueber-equisana\\\/#primaryimage\"},\"thumbnailUrl\":\"https:\\\/\\\/equisana.ch\\\/wp-content\\\/uploads\\\/2019\\\/08\\\/Equisana-pferdefuetterung-fabiola-huelsen-02-768x600.jpg\",\"datePublished\":\"2019-10-01T17:45:54+00:00\",\"dateModified\":\"2023-05-05T09:56:22+00:00\",\"description\":\"Nous sommes votre partenaire pour une alimentation du cheval conforme aux besoins de l\u2019esp\u00e8ce. Du compl\u00e9ment min\u00e9ral en passant par une alimentation du foin individuelle. Chez nous, vous \u00eates \u00e0 la bonne adresse.\",\"breadcrumb\":{\"@id\":\"https:\\\/\\\/equisana.ch\\\/ueber-equisana\\\/#breadcrumb\"},\"inLanguage\":\"fr-FR\",\"potentialAction\":[{\"@type\":\"ReadAction\",\"target\":[\"https:\\\/\\\/equisana.ch\\\/ueber-equisana\\\/\"]}]},{\"@type\":\"ImageObject\",\"inLanguage\":\"fr-FR\",\"@id\":\"https:\\\/\\\/equisana.ch\\\/ueber-equisana\\\/#primaryimage\",\"url\":\"https:\\\/\\\/equisana.ch\\\/wp-content\\\/uploads\\\/2019\\\/08\\\/Equisana-pferdefuetterung-fabiola-huelsen-02-768x600.jpg\",\"contentUrl\":\"https:\\\/\\\/equisana.ch\\\/wp-content\\\/uploads\\\/2019\\\/08\\\/Equisana-pferdefuetterung-fabiola-huelsen-02-768x600.jpg\"},{\"@type\":\"BreadcrumbList\",\"@id\":\"https:\\\/\\\/equisana.ch\\\/ueber-equisana\\\/#breadcrumb\",\"itemListElement\":[{\"@type\":\"ListItem\",\"position\":1,\"name\":\"Startseite\",\"item\":\"https:\\\/\\\/equisana.ch\\\/\"},{\"@type\":\"ListItem\",\"position\":2,\"name\":\"Pr\u00e9sentation\"}]},{\"@type\":\"WebSite\",\"@id\":\"https:\\\/\\\/equisana.ch\\\/#website\",\"url\":\"https:\\\/\\\/equisana.ch\\\/\",\"name\":\"EQUISANA GmbH einfach nat\u00fcrlich\",\"description\":\"Tout simplement naturel\",\"publisher\":{\"@id\":\"https:\\\/\\\/equisana.ch\\\/#organization\"},\"potentialAction\":[{\"@type\":\"SearchAction\",\"target\":{\"@type\":\"EntryPoint\",\"urlTemplate\":\"https:\\\/\\\/equisana.ch\\\/?s={search_term_string}\"},\"query-input\":{\"@type\":\"PropertyValueSpecification\",\"valueRequired\":true,\"valueName\":\"search_term_string\"}}],\"inLanguage\":\"fr-FR\"},{\"@type\":\"Organization\",\"@id\":\"https:\\\/\\\/equisana.ch\\\/#organization\",\"name\":\"EQUISANA GmbH einfach nat\u00fcrlich\",\"url\":\"https:\\\/\\\/equisana.ch\\\/\",\"logo\":{\"@type\":\"ImageObject\",\"inLanguage\":\"fr-FR\",\"@id\":\"https:\\\/\\\/equisana.ch\\\/#\\\/schema\\\/logo\\\/image\\\/\",\"url\":\"https:\\\/\\\/equisana.ch\\\/wp-content\\\/uploads\\\/2023\\\/03\\\/cropped-equisana-logo.png\",\"contentUrl\":\"https:\\\/\\\/equisana.ch\\\/wp-content\\\/uploads\\\/2023\\\/03\\\/cropped-equisana-logo.png\",\"width\":342,\"height\":124,\"caption\":\"EQUISANA GmbH einfach nat\u00fcrlich\"},\"image\":{\"@id\":\"https:\\\/\\\/equisana.ch\\\/#\\\/schema\\\/logo\\\/image\\\/\"},\"sameAs\":[\"https:\\\/\\\/www.facebook.com\\\/Equisana\\\/\"]}]}<\/script>\n<!-- \/ Yoast SEO plugin. -->","yoast_head_json":{"title":"Pr\u00e9sentation - Equisana tout simplement naturel","description":"Nous sommes votre partenaire pour une alimentation du cheval conforme aux besoins de l\u2019esp\u00e8ce. Du compl\u00e9ment min\u00e9ral en passant par une alimentation du foin individuelle. Chez nous, vous \u00eates \u00e0 la bonne adresse.","robots":{"index":"index","follow":"follow","max-snippet":"max-snippet:-1","max-image-preview":"max-image-preview:large","max-video-preview":"max-video-preview:-1"},"canonical":"https:\/\/equisana.ch\/ueber-equisana\/","og_locale":"fr_FR","og_type":"article","og_title":"Pr\u00e9sentation - Equisana tout simplement naturel","og_description":"Nous sommes votre partenaire pour une alimentation du cheval conforme aux besoins de l\u2019esp\u00e8ce. Du compl\u00e9ment min\u00e9ral en passant par une alimentation du foin individuelle. Chez nous, vous \u00eates \u00e0 la bonne adresse.","og_url":"https:\/\/equisana.ch\/ueber-equisana\/","og_site_name":"Equisana Sarl tout simplement naturel","article_publisher":"https:\/\/www.facebook.com\/Equisana\/","article_modified_time":"2023-05-05T09:56:22+00:00","og_image":[{"url":"https:\/\/equisana.ch\/wp-content\/uploads\/2019\/08\/Equisana-pferdefuetterung-fabiola-huelsen-02-768x600.jpg","type":"","width":"","height":""}],"twitter_card":"summary_large_image","twitter_misc":{"Dur\u00e9e de lecture estim\u00e9e":"3 minutes"},"schema":{"@context":"https:\/\/schema.org","@graph":[{"@type":"WebPage","@id":"https:\/\/equisana.ch\/ueber-equisana\/","url":"https:\/\/equisana.ch\/ueber-equisana\/","name":"Pr\u00e9sentation - Equisana tout simplement naturel","isPartOf":{"@id":"https:\/\/equisana.ch\/#website"},"primaryImageOfPage":{"@id":"https:\/\/equisana.ch\/ueber-equisana\/#primaryimage"},"image":{"@id":"https:\/\/equisana.ch\/ueber-equisana\/#primaryimage"},"thumbnailUrl":"https:\/\/equisana.ch\/wp-content\/uploads\/2019\/08\/Equisana-pferdefuetterung-fabiola-huelsen-02-768x600.jpg","datePublished":"2019-10-01T17:45:54+00:00","dateModified":"2023-05-05T09:56:22+00:00","description":"Nous sommes votre partenaire pour une alimentation du cheval conforme aux besoins de l\u2019esp\u00e8ce. Du compl\u00e9ment min\u00e9ral en passant par une alimentation du foin individuelle. Chez nous, vous \u00eates \u00e0 la bonne adresse.","breadcrumb":{"@id":"https:\/\/equisana.ch\/ueber-equisana\/#breadcrumb"},"inLanguage":"fr-FR","potentialAction":[{"@type":"ReadAction","target":["https:\/\/equisana.ch\/ueber-equisana\/"]}]},{"@type":"ImageObject","inLanguage":"fr-FR","@id":"https:\/\/equisana.ch\/ueber-equisana\/#primaryimage","url":"https:\/\/equisana.ch\/wp-content\/uploads\/2019\/08\/Equisana-pferdefuetterung-fabiola-huelsen-02-768x600.jpg","contentUrl":"https:\/\/equisana.ch\/wp-content\/uploads\/2019\/08\/Equisana-pferdefuetterung-fabiola-huelsen-02-768x600.jpg"},{"@type":"BreadcrumbList","@id":"https:\/\/equisana.ch\/ueber-equisana\/#breadcrumb","itemListElement":[{"@type":"ListItem","position":1,"name":"Startseite","item":"https:\/\/equisana.ch\/"},{"@type":"ListItem","position":2,"name":"Pr\u00e9sentation"}]},{"@type":"WebSite","@id":"https:\/\/equisana.ch\/#website","url":"https:\/\/equisana.ch\/","name":"EQUISANA GmbH einfach nat\u00fcrlich","description":"Tout simplement naturel","publisher":{"@id":"https:\/\/equisana.ch\/#organization"},"potentialAction":[{"@type":"SearchAction","target":{"@type":"EntryPoint","urlTemplate":"https:\/\/equisana.ch\/?s={search_term_string}"},"query-input":{"@type":"PropertyValueSpecification","valueRequired":true,"valueName":"search_term_string"}}],"inLanguage":"fr-FR"},{"@type":"Organization","@id":"https:\/\/equisana.ch\/#organization","name":"EQUISANA GmbH einfach nat\u00fcrlich","url":"https:\/\/equisana.ch\/","logo":{"@type":"ImageObject","inLanguage":"fr-FR","@id":"https:\/\/equisana.ch\/#\/schema\/logo\/image\/","url":"https:\/\/equisana.ch\/wp-content\/uploads\/2023\/03\/cropped-equisana-logo.png","contentUrl":"https:\/\/equisana.ch\/wp-content\/uploads\/2023\/03\/cropped-equisana-logo.png","width":342,"height":124,"caption":"EQUISANA GmbH einfach nat\u00fcrlich"},"image":{"@id":"https:\/\/equisana.ch\/#\/schema\/logo\/image\/"},"sameAs":["https:\/\/www.facebook.com\/Equisana\/"]}]}},"_links":{"self":[{"href":"https:\/\/equisana.ch\/fr\/wp-json\/wp\/v2\/pages\/2200","targetHints":{"allow":["GET"]}}],"collection":[{"href":"https:\/\/equisana.ch\/fr\/wp-json\/wp\/v2\/pages"}],"about":[{"href":"https:\/\/equisana.ch\/fr\/wp-json\/wp\/v2\/types\/page"}],"author":[{"embeddable":true,"href":"https:\/\/equisana.ch\/fr\/wp-json\/wp\/v2\/users\/1"}],"replies":[{"embeddable":true,"href":"https:\/\/equisana.ch\/fr\/wp-json\/wp\/v2\/comments?post=2200"}],"version-history":[{"count":6,"href":"https:\/\/equisana.ch\/fr\/wp-json\/wp\/v2\/pages\/2200\/revisions"}],"predecessor-version":[{"id":21204,"href":"https:\/\/equisana.ch\/fr\/wp-json\/wp\/v2\/pages\/2200\/revisions\/21204"}],"wp:attachment":[{"href":"https:\/\/equisana.ch\/fr\/wp-json\/wp\/v2\/media?parent=2200"}],"curies":[{"name":"wp","href":"https:\/\/api.w.org\/{rel}","templated":true}]}}