{"id":23626,"date":"2024-05-08T11:20:54","date_gmt":"2024-05-08T11:20:54","guid":{"rendered":"https:\/\/equisana.ch\/?page_id=23626"},"modified":"2025-12-03T13:05:48","modified_gmt":"2025-12-03T13:05:48","slug":"estomac-et-intestins","status":"publish","type":"page","link":"https:\/\/equisana.ch\/fr\/estomac-et-intestins\/","title":{"rendered":"Estomac et intestins"},"content":{"rendered":"\t\t<div data-elementor-type=\"wp-post\" data-elementor-id=\"23626\" class=\"elementor elementor-23626 elementor-23625\">\n\t\t\t\t\t\t<section class=\"elementor-section elementor-top-section elementor-element elementor-element-c8355f7 elementor-section-height-min-height elementor-section-items-bottom elementor-section-boxed elementor-section-height-default\" data-id=\"c8355f7\" data-element_type=\"section\" data-e-type=\"section\" data-settings=\"{&quot;background_background&quot;:&quot;classic&quot;}\">\n\t\t\t\t\t\t<div class=\"elementor-container elementor-column-gap-default\">\n\t\t\t\t\t<div class=\"aux-parallax-section elementor-column elementor-col-100 elementor-top-column elementor-element elementor-element-3bc79671 aux-appear-watch-animation aux-fade-in-up\" data-id=\"3bc79671\" data-element_type=\"column\" data-e-type=\"column\" data-settings=\"{&quot;background_background&quot;:&quot;classic&quot;}\">\n\t\t\t<div class=\"elementor-widget-wrap elementor-element-populated\">\n\t\t\t\t\t\t<div class=\"elementor-element elementor-element-6a43724c elementor-widget elementor-widget-aux_modern_heading\" data-id=\"6a43724c\" data-element_type=\"widget\" data-e-type=\"widget\" data-widget_type=\"aux_modern_heading.default\">\n\t\t\t\t<div class=\"elementor-widget-container\">\n\t\t\t\t\t<section class=\"aux-widget-modern-heading\">\n            <div class=\"aux-widget-inner\"><h1 class=\"aux-modern-heading-primary\">Estomac et intestins<\/h1><div class=\"aux-modern-heading-divider\"><\/div><\/div>\n        <\/section>\t\t\t\t<\/div>\n\t\t\t\t<\/div>\n\t\t\t\t\t<\/div>\n\t\t<\/div>\n\t\t\t\t\t<\/div>\n\t\t<\/section>\n\t\t\t\t<section class=\"elementor-section elementor-top-section elementor-element elementor-element-1bf3bf3 elementor-section-content-middle elementor-section-boxed elementor-section-height-default elementor-section-height-default\" data-id=\"1bf3bf3\" data-element_type=\"section\" data-e-type=\"section\">\n\t\t\t\t\t\t<div class=\"elementor-container elementor-column-gap-wide\">\n\t\t\t\t\t<div class=\"aux-parallax-section elementor-column elementor-col-50 elementor-top-column elementor-element elementor-element-a583e93\" data-id=\"a583e93\" data-element_type=\"column\" data-e-type=\"column\">\n\t\t\t<div class=\"elementor-widget-wrap elementor-element-populated\">\n\t\t\t\t\t\t<div class=\"elementor-element elementor-element-3428f14 aux-appear-watch-animation aux-fade-in-right elementor-widget elementor-widget-aux_modern_heading\" data-id=\"3428f14\" data-element_type=\"widget\" data-e-type=\"widget\" data-widget_type=\"aux_modern_heading.default\">\n\t\t\t\t<div class=\"elementor-widget-container\">\n\t\t\t\t\t<section class=\"aux-widget-modern-heading\">\n            <div class=\"aux-widget-inner\"><h3 class=\"aux-modern-heading-primary\">Produits pour l'estomac et les intestins<\/h3><div class=\"aux-modern-heading-divider\"><\/div><h2 class=\"aux-modern-heading-secondary\"><span class=\"aux-head-before\">Pour une alimentation adapt\u00e9e aux besoins<\/span><\/h2><\/div>\n        <\/section>\t\t\t\t<\/div>\n\t\t\t\t<\/div>\n\t\t\t\t<div class=\"elementor-element elementor-element-3b40f77 elementor-widget elementor-widget-text-editor\" data-id=\"3b40f77\" data-element_type=\"widget\" data-e-type=\"widget\" data-widget_type=\"text-editor.default\">\n\t\t\t\t<div class=\"elementor-widget-container\">\n\t\t\t\t\t\t\t\t\t<p><strong>Pr\u00e9cision importante!<\/strong><\/p>\n<p>En Suisse, les d\u00e9clarations de produits ainsi que les propos faisant r\u00e9f\u00e9rence \u00e0 des \u00e9l\u00e9ments de pr\u00e9vention, de d\u00e9tection, de traitement ou de gu\u00e9rison des maladies ne sont pas autoris\u00e9s. Pour cette raison, les descriptions de produits ne contiennent que quelques notes br\u00e8ves d\u2019application. Nous nous tenons \u00e0 disposition pour r\u00e9pondre \u00e0 vos questions sur les produits individuels.<\/p>\n\t\t\t\t\t\t\t\t<\/div>\n\t\t\t\t<\/div>\n\t\t\t\t\t<\/div>\n\t\t<\/div>\n\t\t\t\t<div class=\"aux-parallax-section elementor-column elementor-col-50 elementor-top-column elementor-element elementor-element-aa6f8b6 aux-appear-watch-animation aux-mask-from-left\" data-id=\"aa6f8b6\" data-element_type=\"column\" data-e-type=\"column\">\n\t\t\t<div class=\"elementor-widget-wrap elementor-element-populated\">\n\t\t\t\t\t\t<div class=\"elementor-element elementor-element-cc4153f elementor-widget elementor-widget-aux_image\" data-id=\"cc4153f\" data-element_type=\"widget\" data-e-type=\"widget\" data-widget_type=\"aux_image.default\">\n\t\t\t\t<div class=\"elementor-widget-container\">\n\t\t\t\t\t<section class=\"widget-container aux-widget-image aux-alignnone aux-parent-au0994efc1\">\n    <div class=\"aux-media-hint-frame \">\n        <div class=\"aux-media-image \" >\n        \n            \n\n            \n            <img fetchpriority=\"high\" decoding=\"async\" width=\"768\" height=\"600\" src=\"https:\/\/equisana.ch\/wp-content\/uploads\/2019\/06\/Equisana-pferdefuetterung-jungpferd-02-768x600.jpg\" class=\"aux-attachment aux-featured-image aux-attachment-id-876\" alt=\"Faszinierende Fakten \u00fcber die Pferdeverdauung\" srcset=\"https:\/\/equisana.ch\/wp-content\/uploads\/2019\/06\/Equisana-pferdefuetterung-jungpferd-02-150x150.jpg 150w,https:\/\/equisana.ch\/wp-content\/uploads\/2019\/06\/Equisana-pferdefuetterung-jungpferd-02-300x300.jpg 300w,https:\/\/equisana.ch\/wp-content\/uploads\/2019\/06\/Equisana-pferdefuetterung-jungpferd-02-768x600.jpg 768w,https:\/\/equisana.ch\/wp-content\/uploads\/2019\/06\/Equisana-pferdefuetterung-jungpferd-02-768x600.jpg 768w\" data-ratio=\"1\" data-original-w=\"800\" sizes=\"(max-width:479px) 480px,(max-width:767px) 768px,(max-width:1023px) 1024px,768px\" \/>            \n                <\/div>\n    <\/div>\n\n<\/section><!-- widget-container -->\t\t\t\t<\/div>\n\t\t\t\t<\/div>\n\t\t\t\t\t<\/div>\n\t\t<\/div>\n\t\t\t\t\t<\/div>\n\t\t<\/section>\n\t\t\t\t<section class=\"elementor-section elementor-top-section elementor-element elementor-element-113b024 elementor-section-boxed elementor-section-height-default elementor-section-height-default\" data-id=\"113b024\" data-element_type=\"section\" data-e-type=\"section\">\n\t\t\t\t\t\t<div class=\"elementor-container elementor-column-gap-default\">\n\t\t\t\t\t<div class=\"aux-parallax-section elementor-column elementor-col-100 elementor-top-column elementor-element elementor-element-4f08939\" data-id=\"4f08939\" data-element_type=\"column\" data-e-type=\"column\">\n\t\t\t<div class=\"elementor-widget-wrap elementor-element-populated\">\n\t\t\t\t\t\t<div class=\"elementor-element elementor-element-54af382 elementor-widget elementor-widget-aux_modern_heading\" data-id=\"54af382\" data-element_type=\"widget\" data-e-type=\"widget\" data-widget_type=\"aux_modern_heading.default\">\n\t\t\t\t<div class=\"elementor-widget-container\">\n\t\t\t\t\t<section class=\"aux-widget-modern-heading\">\n            <div class=\"aux-widget-inner\"><h2 class=\"aux-modern-heading-primary\">Produits<\/h2><div class=\"aux-modern-heading-divider\"><\/div><h3 class=\"aux-modern-heading-secondary\"><span class=\"aux-head-before\">Produits pour l'estomac et les intestins<\/span><\/h3><\/div>\n        <\/section>\t\t\t\t<\/div>\n\t\t\t\t<\/div>\n\t\t\t\t\t<\/div>\n\t\t<\/div>\n\t\t\t\t\t<\/div>\n\t\t<\/section>\n\t\t\t\t<section class=\"elementor-section elementor-top-section elementor-element elementor-element-d225c65 elementor-section-boxed elementor-section-height-default elementor-section-height-default\" data-id=\"d225c65\" data-element_type=\"section\" data-e-type=\"section\">\n\t\t\t\t\t\t<div class=\"elementor-container elementor-column-gap-default\">\n\t\t\t\t\t<div class=\"aux-parallax-section elementor-column elementor-col-100 elementor-top-column elementor-element elementor-element-48aee1d\" data-id=\"48aee1d\" data-element_type=\"column\" data-e-type=\"column\">\n\t\t\t<div class=\"elementor-widget-wrap elementor-element-populated\">\n\t\t\t\t\t\t<div class=\"elementor-element elementor-element-1db3a2e elementor-widget elementor-widget-aux_product_grid\" data-id=\"1db3a2e\" data-element_type=\"widget\" data-e-type=\"widget\" data-settings=\"{&quot;columns&quot;:&quot;3&quot;}\" data-widget_type=\"aux_product_grid.default\">\n\t\t\t\t<div class=\"elementor-widget-container\">\n\t\t\t\t\t<div class='woocommerce woocommerce-page aux-shop-archive'><div class=\"products-loop aux-match-height aux-row aux-de-col3 aux-tb-col2 aux-mb-col1\">\n\n<div class=\"aux-col product type-product post-20145 status-publish first instock product_cat-complements-pour-lestomac has-post-thumbnail taxable shipping-taxable purchasable product-type-simple aux-remove-view-cart\">\n\t<a href=\"https:\/\/equisana.ch\/fr\/produit\/sapodoris-magenwohl\/\" class=\"woocommerce-LoopProduct-link woocommerce-loop-product__link\"><img decoding=\"async\" width=\"470\" height=\"352\" src=\"https:\/\/equisana.ch\/wp-content\/uploads\/2023\/03\/Equisana-pferdefuetterung-magen-darm-sapodoris-magenwohl.jpg-470x353.jpg\" class=\"auxshp-product-image auxshp-attachment \" alt=\"Sapodoris Magenwohl\" data-original-width=\"600\" data-original-height=\"600\" data-original-src=\"https:\/\/equisana.ch\/wp-content\/uploads\/2023\/03\/Equisana-pferdefuetterung-magen-darm-sapodoris-magenwohl.jpg.jpg\" srcset=\"https:\/\/equisana.ch\/wp-content\/uploads\/2023\/03\/Equisana-pferdefuetterung-magen-darm-sapodoris-magenwohl.jpg-150x113.jpg 150w,https:\/\/equisana.ch\/wp-content\/uploads\/2023\/03\/Equisana-pferdefuetterung-magen-darm-sapodoris-magenwohl.jpg-300x225.jpg 300w,https:\/\/equisana.ch\/wp-content\/uploads\/2023\/03\/Equisana-pferdefuetterung-magen-darm-sapodoris-magenwohl.jpg-768x576.jpg 768w,https:\/\/equisana.ch\/wp-content\/uploads\/2023\/03\/Equisana-pferdefuetterung-magen-darm-sapodoris-magenwohl.jpg-1024x768.jpg 1024w,https:\/\/equisana.ch\/wp-content\/uploads\/2023\/03\/Equisana-pferdefuetterung-magen-darm-sapodoris-magenwohl.jpg-470x353.jpg 470w\" data-ratio=\"1.33\" data-original-w=\"1400\" sizes=\"(max-width:479px) 480px,(max-width:767px) 768px,(max-width:1023px) 1024px,470px\" \/><\/span><\/a><\/a><div class=\"auxshp-entry-main\"><a href=\"https:\/\/equisana.ch\/fr\/produit\/sapodoris-magenwohl\/\" class=\"auxshp-label auxshp-loop-title\"><h3 class=\"auxshp-title-heading\">Sapodoris Magenwohl<\/h3><\/a>\n\t<span class=\"price\"><span class=\"woocommerce-Price-amount amount\"><bdi><span class=\"woocommerce-Price-currencySymbol\">&#67;&#72;&#70;<\/span>&nbsp;49,00<\/bdi><\/span><\/span>\n\n<div class=\"loop-meta-wrapper\">\n    <div class=\"product_meta\">\n            <\/div>\n<\/div>\n\n<\/a>\n\n\t<p class=\"wc-gzd-additional-info wc-gzd-additional-info-loop shipping-costs-info\">plus <a href=\"https:\/\/equisana.ch\/fr\/frais-d-envoi\/\" target=\"_blank\">Frais d'envoi<\/a><\/p>\n\n\t<p class=\"wc-gzd-additional-info delivery-time-info wc-gzd-additional-info-loop\"><span class=\"delivery-time-inner delivery-time-3-4-jours\">D\u00e9lai de livraison: <span class=\"delivery-time-data\">3 - 4 jours<\/span><\/span><\/p>\n\n\n    <div class=\"loop-tools-wrapper\">\n        <div class=\"aux-product-tools\">\n        <a rel=\"nofollow\" href=\"\/fr\/wp-json\/wp\/v2\/pages\/23626?add-to-cart=20145\" data-quantity=\"1\" data-product_id=\"20145\" data-product_sku=\"0686\" data-verify_nonce=\"b3c872d584\" class=\"button aux-ajax-add-to-cart add_to_cart_button\" data-product-type=\"simple\"><i class=\"aux-ico auxicon-handbag\"><\/i><span>Ajouter au panier<\/span><\/a>    <div class=\"auxshp-wishlist-wrapper\">\n        <span class=\"auxshp-wishlist available-add\" data-auxshp-product_id=\"20145\" data-auxshp-verify_nonce=\"b1b0ea04e0\">\n            <span class=\"auxshp-sw-icon auxicon-heart-2 auxshp-wishlist-icon\"><\/span>\n        <\/span>\n    <\/div>\n        <\/div>\n    <\/div>\n\n<\/div><\/div>\n\n<div class=\"aux-col product type-product post-20136 status-publish instock product_cat-complements-pour-lestomac has-post-thumbnail taxable shipping-taxable purchasable product-type-simple aux-remove-view-cart\">\n\t<a href=\"https:\/\/equisana.ch\/fr\/produit\/sapodoris-pektogast\/\" class=\"woocommerce-LoopProduct-link woocommerce-loop-product__link\"><img decoding=\"async\" width=\"470\" height=\"352\" src=\"https:\/\/equisana.ch\/wp-content\/uploads\/2023\/03\/Equisana-pferdefuetterung-magen-darm-sapodoris-pektogast-470x353.jpg\" class=\"auxshp-product-image auxshp-attachment \" alt=\"Sapodoris PektoGast\" data-original-width=\"600\" data-original-height=\"600\" data-original-src=\"https:\/\/equisana.ch\/wp-content\/uploads\/2023\/03\/Equisana-pferdefuetterung-magen-darm-sapodoris-pektogast.jpg\" srcset=\"https:\/\/equisana.ch\/wp-content\/uploads\/2023\/03\/Equisana-pferdefuetterung-magen-darm-sapodoris-pektogast-150x113.jpg 150w,https:\/\/equisana.ch\/wp-content\/uploads\/2023\/03\/Equisana-pferdefuetterung-magen-darm-sapodoris-pektogast-300x225.jpg 300w,https:\/\/equisana.ch\/wp-content\/uploads\/2023\/03\/Equisana-pferdefuetterung-magen-darm-sapodoris-pektogast-768x576.jpg 768w,https:\/\/equisana.ch\/wp-content\/uploads\/2023\/03\/Equisana-pferdefuetterung-magen-darm-sapodoris-pektogast-1024x768.jpg 1024w,https:\/\/equisana.ch\/wp-content\/uploads\/2023\/03\/Equisana-pferdefuetterung-magen-darm-sapodoris-pektogast-470x353.jpg 470w\" data-ratio=\"1.33\" data-original-w=\"1400\" sizes=\"(max-width:479px) 480px,(max-width:767px) 768px,(max-width:1023px) 1024px,470px\" \/><\/span><\/a><\/a><div class=\"auxshp-entry-main\"><a href=\"https:\/\/equisana.ch\/fr\/produit\/sapodoris-pektogast\/\" class=\"auxshp-label auxshp-loop-title\"><h3 class=\"auxshp-title-heading\">Sapodoris PektoGast<\/h3><\/a>\n\t<span class=\"price\"><span class=\"woocommerce-Price-amount amount\"><bdi><span class=\"woocommerce-Price-currencySymbol\">&#67;&#72;&#70;<\/span>&nbsp;79,00<\/bdi><\/span><\/span>\n\n<div class=\"loop-meta-wrapper\">\n    <div class=\"product_meta\">\n            <\/div>\n<\/div>\n\n<\/a>\n\n\t<p class=\"wc-gzd-additional-info wc-gzd-additional-info-loop shipping-costs-info\">plus <a href=\"https:\/\/equisana.ch\/fr\/frais-d-envoi\/\" target=\"_blank\">Frais d'envoi<\/a><\/p>\n\n\n\n    <div class=\"loop-tools-wrapper\">\n        <div class=\"aux-product-tools\">\n        <a rel=\"nofollow\" href=\"\/fr\/wp-json\/wp\/v2\/pages\/23626?add-to-cart=20136\" data-quantity=\"1\" data-product_id=\"20136\" data-product_sku=\"0656-1\" data-verify_nonce=\"944137c9c6\" class=\"button aux-ajax-add-to-cart add_to_cart_button\" data-product-type=\"simple\"><i class=\"aux-ico auxicon-handbag\"><\/i><span>Ajouter au panier<\/span><\/a>    <div class=\"auxshp-wishlist-wrapper\">\n        <span class=\"auxshp-wishlist available-add\" data-auxshp-product_id=\"20136\" data-auxshp-verify_nonce=\"35e31990b7\">\n            <span class=\"auxshp-sw-icon auxicon-heart-2 auxshp-wishlist-icon\"><\/span>\n        <\/span>\n    <\/div>\n        <\/div>\n    <\/div>\n\n<\/div><\/div>\n<\/div>\n<\/div>\t\t\t\t<\/div>\n\t\t\t\t<\/div>\n\t\t\t\t\t<\/div>\n\t\t<\/div>\n\t\t\t\t\t<\/div>\n\t\t<\/section>\n\t\t\t\t<\/div>\n\t\t","protected":false},"excerpt":{"rendered":"<p>Estomac et intestins Produits pour l&rsquo;estomac et les intestins Pour une alimentation adapt\u00e9e aux besoins Pr\u00e9cision importante! En Suisse, les d\u00e9clarations de produits ainsi que les propos faisant r\u00e9f\u00e9rence \u00e0 des \u00e9l\u00e9ments de pr\u00e9vention, de d\u00e9tection, de traitement ou de gu\u00e9rison des maladies ne sont pas autoris\u00e9s. Pour cette raison, les descriptions de produits ne [&hellip;]<\/p>\n","protected":false},"author":2,"featured_media":0,"parent":0,"menu_order":0,"comment_status":"closed","ping_status":"closed","template":"","meta":{"footnotes":""},"class_list":["post-23626","page","type-page","status-publish","hentry"],"yoast_head":"<!-- This site is optimized with the Yoast SEO plugin v27.5 - https:\/\/yoast.com\/product\/yoast-seo-wordpress\/ -->\n<title>Produits pour l&#039;estomac et les intestins - EQUISANA tout simplement naturel<\/title>\n<meta name=\"robots\" content=\"index, follow, max-snippet:-1, max-image-preview:large, max-video-preview:-1\" \/>\n<link rel=\"canonical\" href=\"https:\/\/equisana.ch\/produkte-fur-magen-und-darm\/\" \/>\n<meta property=\"og:locale\" content=\"fr_FR\" \/>\n<meta property=\"og:type\" content=\"article\" \/>\n<meta property=\"og:title\" content=\"Produits pour l&#039;estomac et les intestins - EQUISANA tout simplement naturel\" \/>\n<meta property=\"og:description\" content=\"Estomac et intestins Produits pour l&rsquo;estomac et les intestins Pour une alimentation adapt\u00e9e aux besoins Pr\u00e9cision importante! En Suisse, les d\u00e9clarations de produits ainsi que les propos faisant r\u00e9f\u00e9rence \u00e0 des \u00e9l\u00e9ments de pr\u00e9vention, de d\u00e9tection, de traitement ou de gu\u00e9rison des maladies ne sont pas autoris\u00e9s. Pour cette raison, les descriptions de produits ne [&hellip;]\" \/>\n<meta property=\"og:url\" content=\"https:\/\/equisana.ch\/produkte-fur-magen-und-darm\/\" \/>\n<meta property=\"og:site_name\" content=\"Equisana Sarl tout simplement naturel\" \/>\n<meta property=\"article:publisher\" content=\"https:\/\/www.facebook.com\/Equisana\/\" \/>\n<meta property=\"article:modified_time\" content=\"2025-12-03T13:05:48+00:00\" \/>\n<meta property=\"og:image\" content=\"https:\/\/equisana.ch\/wp-content\/uploads\/2019\/06\/Equisana-pferdefuetterung-jungpferd-02-768x600.jpg\" \/>\n<meta name=\"twitter:card\" content=\"summary_large_image\" \/>\n<meta name=\"twitter:label1\" content=\"Dur\u00e9e de lecture estim\u00e9e\" \/>\n\t<meta name=\"twitter:data1\" content=\"2 minutes\" \/>\n<script type=\"application\/ld+json\" class=\"yoast-schema-graph\">{\"@context\":\"https:\\\/\\\/schema.org\",\"@graph\":[{\"@type\":\"WebPage\",\"@id\":\"https:\\\/\\\/equisana.ch\\\/produkte-fur-magen-und-darm\\\/\",\"url\":\"https:\\\/\\\/equisana.ch\\\/produkte-fur-magen-und-darm\\\/\",\"name\":\"Produits pour l'estomac et les intestins - EQUISANA tout simplement naturel\",\"isPartOf\":{\"@id\":\"https:\\\/\\\/equisana.ch\\\/#website\"},\"primaryImageOfPage\":{\"@id\":\"https:\\\/\\\/equisana.ch\\\/produkte-fur-magen-und-darm\\\/#primaryimage\"},\"image\":{\"@id\":\"https:\\\/\\\/equisana.ch\\\/produkte-fur-magen-und-darm\\\/#primaryimage\"},\"thumbnailUrl\":\"https:\\\/\\\/equisana.ch\\\/wp-content\\\/uploads\\\/2019\\\/06\\\/Equisana-pferdefuetterung-jungpferd-02-768x600.jpg\",\"datePublished\":\"2024-05-08T11:20:54+00:00\",\"dateModified\":\"2025-12-03T13:05:48+00:00\",\"breadcrumb\":{\"@id\":\"https:\\\/\\\/equisana.ch\\\/produkte-fur-magen-und-darm\\\/#breadcrumb\"},\"inLanguage\":\"fr-FR\",\"potentialAction\":[{\"@type\":\"ReadAction\",\"target\":[\"https:\\\/\\\/equisana.ch\\\/produkte-fur-magen-und-darm\\\/\"]}]},{\"@type\":\"ImageObject\",\"inLanguage\":\"fr-FR\",\"@id\":\"https:\\\/\\\/equisana.ch\\\/produkte-fur-magen-und-darm\\\/#primaryimage\",\"url\":\"https:\\\/\\\/equisana.ch\\\/wp-content\\\/uploads\\\/2019\\\/06\\\/Equisana-pferdefuetterung-jungpferd-02-768x600.jpg\",\"contentUrl\":\"https:\\\/\\\/equisana.ch\\\/wp-content\\\/uploads\\\/2019\\\/06\\\/Equisana-pferdefuetterung-jungpferd-02-768x600.jpg\"},{\"@type\":\"BreadcrumbList\",\"@id\":\"https:\\\/\\\/equisana.ch\\\/produkte-fur-magen-und-darm\\\/#breadcrumb\",\"itemListElement\":[{\"@type\":\"ListItem\",\"position\":1,\"name\":\"Startseite\",\"item\":\"https:\\\/\\\/equisana.ch\\\/\"},{\"@type\":\"ListItem\",\"position\":2,\"name\":\"Estomac et intestins\"}]},{\"@type\":\"WebSite\",\"@id\":\"https:\\\/\\\/equisana.ch\\\/#website\",\"url\":\"https:\\\/\\\/equisana.ch\\\/\",\"name\":\"EQUISANA GmbH einfach nat\u00fcrlich\",\"description\":\"Tout simplement naturel\",\"publisher\":{\"@id\":\"https:\\\/\\\/equisana.ch\\\/#organization\"},\"potentialAction\":[{\"@type\":\"SearchAction\",\"target\":{\"@type\":\"EntryPoint\",\"urlTemplate\":\"https:\\\/\\\/equisana.ch\\\/?s={search_term_string}\"},\"query-input\":{\"@type\":\"PropertyValueSpecification\",\"valueRequired\":true,\"valueName\":\"search_term_string\"}}],\"inLanguage\":\"fr-FR\"},{\"@type\":\"Organization\",\"@id\":\"https:\\\/\\\/equisana.ch\\\/#organization\",\"name\":\"EQUISANA GmbH einfach nat\u00fcrlich\",\"url\":\"https:\\\/\\\/equisana.ch\\\/\",\"logo\":{\"@type\":\"ImageObject\",\"inLanguage\":\"fr-FR\",\"@id\":\"https:\\\/\\\/equisana.ch\\\/#\\\/schema\\\/logo\\\/image\\\/\",\"url\":\"https:\\\/\\\/equisana.ch\\\/wp-content\\\/uploads\\\/2023\\\/03\\\/cropped-equisana-logo.png\",\"contentUrl\":\"https:\\\/\\\/equisana.ch\\\/wp-content\\\/uploads\\\/2023\\\/03\\\/cropped-equisana-logo.png\",\"width\":342,\"height\":124,\"caption\":\"EQUISANA GmbH einfach nat\u00fcrlich\"},\"image\":{\"@id\":\"https:\\\/\\\/equisana.ch\\\/#\\\/schema\\\/logo\\\/image\\\/\"},\"sameAs\":[\"https:\\\/\\\/www.facebook.com\\\/Equisana\\\/\"]}]}<\/script>\n<!-- \/ Yoast SEO plugin. -->","yoast_head_json":{"title":"Produits pour l'estomac et les intestins - EQUISANA tout simplement naturel","robots":{"index":"index","follow":"follow","max-snippet":"max-snippet:-1","max-image-preview":"max-image-preview:large","max-video-preview":"max-video-preview:-1"},"canonical":"https:\/\/equisana.ch\/produkte-fur-magen-und-darm\/","og_locale":"fr_FR","og_type":"article","og_title":"Produits pour l'estomac et les intestins - EQUISANA tout simplement naturel","og_description":"Estomac et intestins Produits pour l&rsquo;estomac et les intestins Pour une alimentation adapt\u00e9e aux besoins Pr\u00e9cision importante! En Suisse, les d\u00e9clarations de produits ainsi que les propos faisant r\u00e9f\u00e9rence \u00e0 des \u00e9l\u00e9ments de pr\u00e9vention, de d\u00e9tection, de traitement ou de gu\u00e9rison des maladies ne sont pas autoris\u00e9s. Pour cette raison, les descriptions de produits ne [&hellip;]","og_url":"https:\/\/equisana.ch\/produkte-fur-magen-und-darm\/","og_site_name":"Equisana Sarl tout simplement naturel","article_publisher":"https:\/\/www.facebook.com\/Equisana\/","article_modified_time":"2025-12-03T13:05:48+00:00","og_image":[{"url":"https:\/\/equisana.ch\/wp-content\/uploads\/2019\/06\/Equisana-pferdefuetterung-jungpferd-02-768x600.jpg","type":"","width":"","height":""}],"twitter_card":"summary_large_image","twitter_misc":{"Dur\u00e9e de lecture estim\u00e9e":"2 minutes"},"schema":{"@context":"https:\/\/schema.org","@graph":[{"@type":"WebPage","@id":"https:\/\/equisana.ch\/produkte-fur-magen-und-darm\/","url":"https:\/\/equisana.ch\/produkte-fur-magen-und-darm\/","name":"Produits pour l'estomac et les intestins - EQUISANA tout simplement naturel","isPartOf":{"@id":"https:\/\/equisana.ch\/#website"},"primaryImageOfPage":{"@id":"https:\/\/equisana.ch\/produkte-fur-magen-und-darm\/#primaryimage"},"image":{"@id":"https:\/\/equisana.ch\/produkte-fur-magen-und-darm\/#primaryimage"},"thumbnailUrl":"https:\/\/equisana.ch\/wp-content\/uploads\/2019\/06\/Equisana-pferdefuetterung-jungpferd-02-768x600.jpg","datePublished":"2024-05-08T11:20:54+00:00","dateModified":"2025-12-03T13:05:48+00:00","breadcrumb":{"@id":"https:\/\/equisana.ch\/produkte-fur-magen-und-darm\/#breadcrumb"},"inLanguage":"fr-FR","potentialAction":[{"@type":"ReadAction","target":["https:\/\/equisana.ch\/produkte-fur-magen-und-darm\/"]}]},{"@type":"ImageObject","inLanguage":"fr-FR","@id":"https:\/\/equisana.ch\/produkte-fur-magen-und-darm\/#primaryimage","url":"https:\/\/equisana.ch\/wp-content\/uploads\/2019\/06\/Equisana-pferdefuetterung-jungpferd-02-768x600.jpg","contentUrl":"https:\/\/equisana.ch\/wp-content\/uploads\/2019\/06\/Equisana-pferdefuetterung-jungpferd-02-768x600.jpg"},{"@type":"BreadcrumbList","@id":"https:\/\/equisana.ch\/produkte-fur-magen-und-darm\/#breadcrumb","itemListElement":[{"@type":"ListItem","position":1,"name":"Startseite","item":"https:\/\/equisana.ch\/"},{"@type":"ListItem","position":2,"name":"Estomac et intestins"}]},{"@type":"WebSite","@id":"https:\/\/equisana.ch\/#website","url":"https:\/\/equisana.ch\/","name":"EQUISANA GmbH einfach nat\u00fcrlich","description":"Tout simplement naturel","publisher":{"@id":"https:\/\/equisana.ch\/#organization"},"potentialAction":[{"@type":"SearchAction","target":{"@type":"EntryPoint","urlTemplate":"https:\/\/equisana.ch\/?s={search_term_string}"},"query-input":{"@type":"PropertyValueSpecification","valueRequired":true,"valueName":"search_term_string"}}],"inLanguage":"fr-FR"},{"@type":"Organization","@id":"https:\/\/equisana.ch\/#organization","name":"EQUISANA GmbH einfach nat\u00fcrlich","url":"https:\/\/equisana.ch\/","logo":{"@type":"ImageObject","inLanguage":"fr-FR","@id":"https:\/\/equisana.ch\/#\/schema\/logo\/image\/","url":"https:\/\/equisana.ch\/wp-content\/uploads\/2023\/03\/cropped-equisana-logo.png","contentUrl":"https:\/\/equisana.ch\/wp-content\/uploads\/2023\/03\/cropped-equisana-logo.png","width":342,"height":124,"caption":"EQUISANA GmbH einfach nat\u00fcrlich"},"image":{"@id":"https:\/\/equisana.ch\/#\/schema\/logo\/image\/"},"sameAs":["https:\/\/www.facebook.com\/Equisana\/"]}]}},"_links":{"self":[{"href":"https:\/\/equisana.ch\/fr\/wp-json\/wp\/v2\/pages\/23626","targetHints":{"allow":["GET"]}}],"collection":[{"href":"https:\/\/equisana.ch\/fr\/wp-json\/wp\/v2\/pages"}],"about":[{"href":"https:\/\/equisana.ch\/fr\/wp-json\/wp\/v2\/types\/page"}],"author":[{"embeddable":true,"href":"https:\/\/equisana.ch\/fr\/wp-json\/wp\/v2\/users\/2"}],"replies":[{"embeddable":true,"href":"https:\/\/equisana.ch\/fr\/wp-json\/wp\/v2\/comments?post=23626"}],"version-history":[{"count":9,"href":"https:\/\/equisana.ch\/fr\/wp-json\/wp\/v2\/pages\/23626\/revisions"}],"predecessor-version":[{"id":26170,"href":"https:\/\/equisana.ch\/fr\/wp-json\/wp\/v2\/pages\/23626\/revisions\/26170"}],"wp:attachment":[{"href":"https:\/\/equisana.ch\/fr\/wp-json\/wp\/v2\/media?parent=23626"}],"curies":[{"name":"wp","href":"https:\/\/api.w.org\/{rel}","templated":true}]}}