{"id":19998,"date":"2023-03-18T21:27:33","date_gmt":"2023-03-18T21:27:33","guid":{"rendered":"https:\/\/shop.equisana.ch\/?post_type=product&#038;p=19998"},"modified":"2026-04-21T13:52:57","modified_gmt":"2026-04-21T13:52:57","slug":"sapodoris-oligo-plus","status":"publish","type":"product","link":"https:\/\/equisana.ch\/fr\/produit\/sapodoris-oligo-plus\/","title":{"rendered":"Sapodoris Oligo Plus"},"content":{"rendered":"<h3>Descriptif d\u00e9taill\u00e9<\/h3>\n<h4><strong>La nouvelle formulation contient encore plus de zinc et de cuivre! De plus, elle est sans c\u00e9r\u00e9ales.<\/strong><\/h4>\n<p>Ce produit a re\u00e7u un nouveau nom! Anciennement Basis Stoffwechsel, il s&rsquo;appelle maintenant Sapodoris Oligo Plus.<\/p>\n<p>Adapt\u00e9 \u00e0 la teneur en min\u00e9raux moyenne du foin suisse<br \/>\nTeneur tr\u00e8s \u00e9lev\u00e9e en vitamines B (convient donc particuli\u00e8rement aux chevaux souffrant de probl\u00e8mes intestinaux et \/ ou de probl\u00e8mes m\u00e9taboliques li\u00e9s au stress)<br \/>\nOligo-\u00e9l\u00e9ments exclusivement organiquement li\u00e9s<br \/>\nTeneur \u00e9lev\u00e9e en zinc<br \/>\nContient des acides amin\u00e9s suppl\u00e9mentaires ainsi que d\u2019autres substances importantes pour le m\u00e9tabolisme. En fait donc g\u00e9n\u00e9ralement le premier choix chez les chevaux pr\u00e9sentant des probl\u00e8mes de peau et \/ ou pour la r\u00e9g\u00e9n\u00e9ration.<\/p>\n<p>&nbsp;<\/p>\n<p>La teneur \u00e9lev\u00e9e en vitamines B fonctionne souvent tr\u00e8s bien pour les chevaux souffrant de crottins liquides, de gale de boue et \/ ou de dermite estivale. Les vitamines du groupe B sont importantes pour les nerfs et sont impliqu\u00e9es dans de nombreux processus m\u00e9taboliques. En particulier chez les chevaux qui souffrent souvent de stress et \/ ou de probl\u00e8mes de sant\u00e9, il n\u2019est pas rare de rencontrer une carence en vitamine B. C\u2019est pourquoi ce produit contient un complexe de vitamines B volumineux et \u00e0 dose relativement \u00e9lev\u00e9e.<\/p>\n<p>&nbsp;<\/p>\n<p>Les vitamines liposolubles A et D ne sont pas contenues dans ce produit. De nombreux chevaux passent quelques heures \u00e0 l\u2019ext\u00e9rieur chaque jour ou sont maintenus dans des \u00e9curies ouvertes, de sorte que la suppl\u00e9mentation en vitamine D n\u2019est pas n\u00e9cessaire (Remarque : si votre cheval porte une couverture pour sa dermite estivale pendant l\u2019\u00e9t\u00e9, il se peut que la suppl\u00e9mentation en vitamine D soit n\u00e9cessaire !).<br \/>\nAu lieu de la vitamine A, ce produit contient son pr\u00e9curseur, le b\u00eata-carot\u00e8ne.<\/p>\n<p id=\"tw-target-text\" class=\"tw-data-text tw-text-large XcVN5d tw-ta\" dir=\"ltr\" data-placeholder=\"\u00dcbersetzung\"><em><span class=\"Y2IQFc\" lang=\"fr\">L&rsquo;iode n&rsquo;est pas ajout\u00e9 car les besoins quotidiens sont bien couverts par les algues qu&rsquo;il contient. L&rsquo;iode n&rsquo;appara\u00eet donc pas dans la d\u00e9claration car il n&rsquo;est pas ajout\u00e9, mais naturellement contenu.<\/span><\/em><\/p>\n<h3>Composition<\/h3>\n<p id=\"tw-target-text\" class=\"tw-data-text tw-text-large XcVN5d tw-ta\" dir=\"ltr\" data-placeholder=\"\u00dcbersetzung\"><span class=\"Y2IQFc\" lang=\"fr\">marc de pomme, farine de carottes, farine d&rsquo;algues, chlorure de sodium, phosphate dicalcique, oxyde de magn\u00e9sium, levure et parties de levure (extrait de paroi cellulaire de levure), huile de tournesol, carbonate d&rsquo;algue (Lithothamnium calcareum), ac\u00e9tate de magn\u00e9sium<\/span><\/p>\n<p>&nbsp;<\/p>\n<h3>Constituants et teneurs analytiques<\/h3>\n<p>13.85% prot\u00e9ines brutes<br \/>\n3.2 % fibres brutes<br \/>\n17.0 % cendres brutes<br \/>\n11.8% mati\u00e8res grasses brutes<br \/>\n1.5% calcium<br \/>\n0.60% phosphore<br \/>\n2.0% sodium<br \/>\n1.5% magn\u00e9sium<\/p>\n<p>3,5 % Lysine<br \/>\n2,5 % Thr\u00e9onine<br \/>\n1,0 % M\u00e9thionine<\/p>\n<p>0,35 % Tryptophane<\/p>\n<p><strong>Additifs par kg :<\/strong><\/p>\n<p>2\u2019000 mg vitamine B1 sous forme de mononitrate de thiamine 3a821<br \/>\n2\u2019400 mg vitamine B2 sous forme de riboflavine<br \/>\n2\u2019700 mg vitamine B6 sous forme de chlorhydrate de pyridoxine 3a831<br \/>\n15\u2019000 mcg vitamine B12 sous forme de cyanocobalamine<br \/>\n4\u2019000 mg vitamine C sous forme d\u2019acide L-ascorbique 3a300<br \/>\n8\u2019000 mg vitamine E sous forme d\u2019ac\u00e9tate de rac-alpha-tocoph\u00e9ryle 3a700<br \/>\n40\u2019000 mcg biotine 3a880<br \/>\n1\u2019000 mg b\u00eata-carot\u00e8ne 3a160a<br \/>\n400 mg acide folique en tant que pr\u00e9paration d\u2019acide folique 3a316<br \/>\n500 mg nicotinamide 3a315<br \/>\n500 mg calcium D-phantoth\u00e9nate 3a841<br \/>\n5\u2019000 mg b\u00e9ta\u00efne sous forme de chlorhydrate de b\u00e9ta\u00efne 3a925<br \/>\n5\u2019000 mg chlorure de choline 3a890<br \/>\n20 mg cobalt sous forme de granul\u00e9s de carbonate de cobalt (II) enrob\u00e9s 3b304<br \/>\n1\u2019800 mg cuivre sous forme de ch\u00e9late de cuivre et d\u2019aminoacide de cuivre hydrat\u00e9 E4<br \/>\n1\u2019500 mg mangan\u00e8se \u00e0 partir de ch\u00e9late d\u2019amino-mangan\u00e8se hydrat\u00e9 E5<br \/>\n9\u2019000 mg zinc issu de ch\u00e9late de zinc et d\u2019aminoacides hydrat\u00e9 3b606<br \/>\n10 mg s\u00e9l\u00e9nium sous forme de s\u00e9l\u00e9nom\u00e9thionine (Sacc. Cerevis CNCM I-3399 levure de s\u00e9l\u00e9nium inactiv\u00e9e) 3b8.12<br \/>\n15\u2019000 mg L-lysine techniquement pure E3.<br \/>\n10\u2019000 mg L-thr\u00e9onine techniquement pure 3c410<br \/>\n5\u2019000 mg DL-m\u00e9thionine techniquement pure 3c301<br \/>\n5\u2019000 mg L-tryptophane techniquement pur 3c440<\/p>\n<p>&nbsp;<\/p>\n<p><strong>Additifs technologiques :<\/strong><br \/>\nL\u00e9cithine (sans OGM) 1c322: 20 000 mg<\/p>\n<p>&nbsp;<\/p>\n<p><strong>Ar\u00f4mes :<\/strong><br \/>\nStevia 800 mg<\/p>\n<h3><\/h3>\n<h3>Recommandation d\u2019affouragement<\/h3>\n<p>Poney 200 \u2013 400 kg: 25 \u2013 45 g \/ jour<br \/>\nCheval 500 \u2013 600 kg: 50 \u2013 60 g \/ jour<\/p>\n<p>&nbsp;<\/p>\n<p>1 cuill\u00e8re contient environ 20 g.<\/p>\n<p>Le dosage appropri\u00e9 d\u00e9pend de divers facteurs (besoins individuels du cheval, teneur en oligo-\u00e9l\u00e9ments dans l\u2019aliment de base). Je me tiens \u00e0 disposition pour vous donner plus d\u2019informations \u00e0 ce sujet.<\/p>\n<p>&nbsp;<\/p>\n","protected":false},"excerpt":{"rendered":"<p>Oligo-\u00e9l\u00e9ments li\u00e9s organiquement<br \/>\nTr\u00e8s haute teneur en vitamines B<br \/>\nAcides amin\u00e9s essentiels<\/p>\n<p>Sous forme de poudre<\/p>\n<p>Sacs de 6 kg<\/p>\n<p><span style=\"color: #993300;\"><strong>Livraison limit\u00e9e \u00e0 1 sac par commande<\/strong><\/span><\/p>\n","protected":false},"featured_media":19781,"comment_status":"open","ping_status":"closed","template":"","meta":[],"product_brand":[],"product_cat":[83],"product_tag":[],"class_list":{"0":"post-19998","1":"product","2":"type-product","3":"status-publish","4":"has-post-thumbnail","6":"product_cat-complements-mineraux","7":"aux-has-gallery","9":"first","10":"instock","11":"taxable","12":"shipping-taxable","13":"purchasable","14":"product-type-simple"},"yoast_head":"<!-- This site is optimized with the Yoast SEO plugin v27.4 - https:\/\/yoast.com\/product\/yoast-seo-wordpress\/ -->\n<title>Sapodoris Oligo Plus - Equisana Sarl tout simplement naturel<\/title>\n<meta name=\"description\" content=\"Commander maintenant Sapodoris Oligo Plus. L&#039;aliment min\u00e9ral pour chevaux avec une teneur tr\u00e8s \u00e9lev\u00e9e en vitamines B pour le m\u00e9tabolisme et les intestins.\" \/>\n<meta name=\"robots\" content=\"index, follow, max-snippet:-1, max-image-preview:large, max-video-preview:-1\" \/>\n<link rel=\"canonical\" href=\"https:\/\/equisana.ch\/fr\/produit\/sapodoris-oligo-plus\/\" \/>\n<meta property=\"og:locale\" content=\"fr_FR\" \/>\n<meta property=\"og:type\" content=\"article\" \/>\n<meta property=\"og:title\" content=\"Sapodoris Oligo Plus - Equisana Sarl tout simplement naturel\" \/>\n<meta property=\"og:description\" content=\"Commander maintenant Sapodoris Oligo Plus. L&#039;aliment min\u00e9ral pour chevaux avec une teneur tr\u00e8s \u00e9lev\u00e9e en vitamines B pour le m\u00e9tabolisme et les intestins.\" \/>\n<meta property=\"og:url\" content=\"https:\/\/equisana.ch\/fr\/produit\/sapodoris-oligo-plus\/\" \/>\n<meta property=\"og:site_name\" content=\"Equisana Sarl tout simplement naturel\" \/>\n<meta property=\"article:publisher\" content=\"https:\/\/www.facebook.com\/Equisana\/\" \/>\n<meta property=\"article:modified_time\" content=\"2026-04-21T13:52:57+00:00\" \/>\n<meta property=\"og:image\" content=\"https:\/\/equisana.ch\/wp-content\/uploads\/2023\/03\/Equisana-pferdefuetterung-mineralfutter-basis-stoffwechsel.jpg\" \/>\n\t<meta property=\"og:image:width\" content=\"1400\" \/>\n\t<meta property=\"og:image:height\" content=\"1400\" \/>\n\t<meta property=\"og:image:type\" content=\"image\/jpeg\" \/>\n<meta name=\"twitter:card\" content=\"summary_large_image\" \/>\n<meta name=\"twitter:label1\" content=\"Dur\u00e9e de lecture estim\u00e9e\" \/>\n\t<meta name=\"twitter:data1\" content=\"4 minutes\" \/>\n<script type=\"application\/ld+json\" class=\"yoast-schema-graph\">{\"@context\":\"https:\\\/\\\/schema.org\",\"@graph\":[{\"@type\":\"WebPage\",\"@id\":\"https:\\\/\\\/equisana.ch\\\/fr\\\/produit\\\/sapodoris-oligo-plus\\\/\",\"url\":\"https:\\\/\\\/equisana.ch\\\/fr\\\/produit\\\/sapodoris-oligo-plus\\\/\",\"name\":\"Sapodoris Oligo Plus - Equisana Sarl tout simplement naturel\",\"isPartOf\":{\"@id\":\"https:\\\/\\\/equisana.ch\\\/#website\"},\"primaryImageOfPage\":{\"@id\":\"https:\\\/\\\/equisana.ch\\\/fr\\\/produit\\\/sapodoris-oligo-plus\\\/#primaryimage\"},\"image\":{\"@id\":\"https:\\\/\\\/equisana.ch\\\/fr\\\/produit\\\/sapodoris-oligo-plus\\\/#primaryimage\"},\"thumbnailUrl\":\"https:\\\/\\\/equisana.ch\\\/wp-content\\\/uploads\\\/2023\\\/03\\\/Equisana-pferdefuetterung-mineralfutter-basis-stoffwechsel.jpg\",\"datePublished\":\"2023-03-18T21:27:33+00:00\",\"dateModified\":\"2026-04-21T13:52:57+00:00\",\"description\":\"Commander maintenant Sapodoris Oligo Plus. L'aliment min\u00e9ral pour chevaux avec une teneur tr\u00e8s \u00e9lev\u00e9e en vitamines B pour le m\u00e9tabolisme et les intestins.\",\"breadcrumb\":{\"@id\":\"https:\\\/\\\/equisana.ch\\\/fr\\\/produit\\\/sapodoris-oligo-plus\\\/#breadcrumb\"},\"inLanguage\":\"fr-FR\",\"potentialAction\":[{\"@type\":\"ReadAction\",\"target\":[\"https:\\\/\\\/equisana.ch\\\/fr\\\/produit\\\/sapodoris-oligo-plus\\\/\"]}]},{\"@type\":\"ImageObject\",\"inLanguage\":\"fr-FR\",\"@id\":\"https:\\\/\\\/equisana.ch\\\/fr\\\/produit\\\/sapodoris-oligo-plus\\\/#primaryimage\",\"url\":\"https:\\\/\\\/equisana.ch\\\/wp-content\\\/uploads\\\/2023\\\/03\\\/Equisana-pferdefuetterung-mineralfutter-basis-stoffwechsel.jpg\",\"contentUrl\":\"https:\\\/\\\/equisana.ch\\\/wp-content\\\/uploads\\\/2023\\\/03\\\/Equisana-pferdefuetterung-mineralfutter-basis-stoffwechsel.jpg\",\"width\":1400,\"height\":1400},{\"@type\":\"BreadcrumbList\",\"@id\":\"https:\\\/\\\/equisana.ch\\\/fr\\\/produit\\\/sapodoris-oligo-plus\\\/#breadcrumb\",\"itemListElement\":[{\"@type\":\"ListItem\",\"position\":1,\"name\":\"Startseite\",\"item\":\"https:\\\/\\\/equisana.ch\\\/\"},{\"@type\":\"ListItem\",\"position\":2,\"name\":\"Tous les produits hippiques EQUISANA\",\"item\":\"https:\\\/\\\/equisana.ch\\\/fr\\\/produits\\\/\"},{\"@type\":\"ListItem\",\"position\":3,\"name\":\"Sapodoris Oligo Plus\"}]},{\"@type\":\"WebSite\",\"@id\":\"https:\\\/\\\/equisana.ch\\\/#website\",\"url\":\"https:\\\/\\\/equisana.ch\\\/\",\"name\":\"EQUISANA GmbH einfach nat\u00fcrlich\",\"description\":\"Tout simplement naturel\",\"publisher\":{\"@id\":\"https:\\\/\\\/equisana.ch\\\/#organization\"},\"potentialAction\":[{\"@type\":\"SearchAction\",\"target\":{\"@type\":\"EntryPoint\",\"urlTemplate\":\"https:\\\/\\\/equisana.ch\\\/?s={search_term_string}\"},\"query-input\":{\"@type\":\"PropertyValueSpecification\",\"valueRequired\":true,\"valueName\":\"search_term_string\"}}],\"inLanguage\":\"fr-FR\"},{\"@type\":\"Organization\",\"@id\":\"https:\\\/\\\/equisana.ch\\\/#organization\",\"name\":\"EQUISANA GmbH einfach nat\u00fcrlich\",\"url\":\"https:\\\/\\\/equisana.ch\\\/\",\"logo\":{\"@type\":\"ImageObject\",\"inLanguage\":\"fr-FR\",\"@id\":\"https:\\\/\\\/equisana.ch\\\/#\\\/schema\\\/logo\\\/image\\\/\",\"url\":\"https:\\\/\\\/equisana.ch\\\/wp-content\\\/uploads\\\/2023\\\/03\\\/cropped-equisana-logo.png\",\"contentUrl\":\"https:\\\/\\\/equisana.ch\\\/wp-content\\\/uploads\\\/2023\\\/03\\\/cropped-equisana-logo.png\",\"width\":342,\"height\":124,\"caption\":\"EQUISANA GmbH einfach nat\u00fcrlich\"},\"image\":{\"@id\":\"https:\\\/\\\/equisana.ch\\\/#\\\/schema\\\/logo\\\/image\\\/\"},\"sameAs\":[\"https:\\\/\\\/www.facebook.com\\\/Equisana\\\/\"]}]}<\/script>\n<!-- \/ Yoast SEO plugin. -->","yoast_head_json":{"title":"Sapodoris Oligo Plus - Equisana Sarl tout simplement naturel","description":"Commander maintenant Sapodoris Oligo Plus. L'aliment min\u00e9ral pour chevaux avec une teneur tr\u00e8s \u00e9lev\u00e9e en vitamines B pour le m\u00e9tabolisme et les intestins.","robots":{"index":"index","follow":"follow","max-snippet":"max-snippet:-1","max-image-preview":"max-image-preview:large","max-video-preview":"max-video-preview:-1"},"canonical":"https:\/\/equisana.ch\/fr\/produit\/sapodoris-oligo-plus\/","og_locale":"fr_FR","og_type":"article","og_title":"Sapodoris Oligo Plus - Equisana Sarl tout simplement naturel","og_description":"Commander maintenant Sapodoris Oligo Plus. L'aliment min\u00e9ral pour chevaux avec une teneur tr\u00e8s \u00e9lev\u00e9e en vitamines B pour le m\u00e9tabolisme et les intestins.","og_url":"https:\/\/equisana.ch\/fr\/produit\/sapodoris-oligo-plus\/","og_site_name":"Equisana Sarl tout simplement naturel","article_publisher":"https:\/\/www.facebook.com\/Equisana\/","article_modified_time":"2026-04-21T13:52:57+00:00","og_image":[{"width":1400,"height":1400,"url":"https:\/\/equisana.ch\/wp-content\/uploads\/2023\/03\/Equisana-pferdefuetterung-mineralfutter-basis-stoffwechsel.jpg","type":"image\/jpeg"}],"twitter_card":"summary_large_image","twitter_misc":{"Dur\u00e9e de lecture estim\u00e9e":"4 minutes"},"schema":{"@context":"https:\/\/schema.org","@graph":[{"@type":"WebPage","@id":"https:\/\/equisana.ch\/fr\/produit\/sapodoris-oligo-plus\/","url":"https:\/\/equisana.ch\/fr\/produit\/sapodoris-oligo-plus\/","name":"Sapodoris Oligo Plus - Equisana Sarl tout simplement naturel","isPartOf":{"@id":"https:\/\/equisana.ch\/#website"},"primaryImageOfPage":{"@id":"https:\/\/equisana.ch\/fr\/produit\/sapodoris-oligo-plus\/#primaryimage"},"image":{"@id":"https:\/\/equisana.ch\/fr\/produit\/sapodoris-oligo-plus\/#primaryimage"},"thumbnailUrl":"https:\/\/equisana.ch\/wp-content\/uploads\/2023\/03\/Equisana-pferdefuetterung-mineralfutter-basis-stoffwechsel.jpg","datePublished":"2023-03-18T21:27:33+00:00","dateModified":"2026-04-21T13:52:57+00:00","description":"Commander maintenant Sapodoris Oligo Plus. L'aliment min\u00e9ral pour chevaux avec une teneur tr\u00e8s \u00e9lev\u00e9e en vitamines B pour le m\u00e9tabolisme et les intestins.","breadcrumb":{"@id":"https:\/\/equisana.ch\/fr\/produit\/sapodoris-oligo-plus\/#breadcrumb"},"inLanguage":"fr-FR","potentialAction":[{"@type":"ReadAction","target":["https:\/\/equisana.ch\/fr\/produit\/sapodoris-oligo-plus\/"]}]},{"@type":"ImageObject","inLanguage":"fr-FR","@id":"https:\/\/equisana.ch\/fr\/produit\/sapodoris-oligo-plus\/#primaryimage","url":"https:\/\/equisana.ch\/wp-content\/uploads\/2023\/03\/Equisana-pferdefuetterung-mineralfutter-basis-stoffwechsel.jpg","contentUrl":"https:\/\/equisana.ch\/wp-content\/uploads\/2023\/03\/Equisana-pferdefuetterung-mineralfutter-basis-stoffwechsel.jpg","width":1400,"height":1400},{"@type":"BreadcrumbList","@id":"https:\/\/equisana.ch\/fr\/produit\/sapodoris-oligo-plus\/#breadcrumb","itemListElement":[{"@type":"ListItem","position":1,"name":"Startseite","item":"https:\/\/equisana.ch\/"},{"@type":"ListItem","position":2,"name":"Tous les produits hippiques EQUISANA","item":"https:\/\/equisana.ch\/fr\/produits\/"},{"@type":"ListItem","position":3,"name":"Sapodoris Oligo Plus"}]},{"@type":"WebSite","@id":"https:\/\/equisana.ch\/#website","url":"https:\/\/equisana.ch\/","name":"EQUISANA GmbH einfach nat\u00fcrlich","description":"Tout simplement naturel","publisher":{"@id":"https:\/\/equisana.ch\/#organization"},"potentialAction":[{"@type":"SearchAction","target":{"@type":"EntryPoint","urlTemplate":"https:\/\/equisana.ch\/?s={search_term_string}"},"query-input":{"@type":"PropertyValueSpecification","valueRequired":true,"valueName":"search_term_string"}}],"inLanguage":"fr-FR"},{"@type":"Organization","@id":"https:\/\/equisana.ch\/#organization","name":"EQUISANA GmbH einfach nat\u00fcrlich","url":"https:\/\/equisana.ch\/","logo":{"@type":"ImageObject","inLanguage":"fr-FR","@id":"https:\/\/equisana.ch\/#\/schema\/logo\/image\/","url":"https:\/\/equisana.ch\/wp-content\/uploads\/2023\/03\/cropped-equisana-logo.png","contentUrl":"https:\/\/equisana.ch\/wp-content\/uploads\/2023\/03\/cropped-equisana-logo.png","width":342,"height":124,"caption":"EQUISANA GmbH einfach nat\u00fcrlich"},"image":{"@id":"https:\/\/equisana.ch\/#\/schema\/logo\/image\/"},"sameAs":["https:\/\/www.facebook.com\/Equisana\/"]}]}},"_links":{"self":[{"href":"https:\/\/equisana.ch\/fr\/wp-json\/wp\/v2\/product\/19998","targetHints":{"allow":["GET"]}}],"collection":[{"href":"https:\/\/equisana.ch\/fr\/wp-json\/wp\/v2\/product"}],"about":[{"href":"https:\/\/equisana.ch\/fr\/wp-json\/wp\/v2\/types\/product"}],"replies":[{"embeddable":true,"href":"https:\/\/equisana.ch\/fr\/wp-json\/wp\/v2\/comments?post=19998"}],"wp:featuredmedia":[{"embeddable":true,"href":"https:\/\/equisana.ch\/fr\/wp-json\/wp\/v2\/media\/19781"}],"wp:attachment":[{"href":"https:\/\/equisana.ch\/fr\/wp-json\/wp\/v2\/media?parent=19998"}],"wp:term":[{"taxonomy":"product_brand","embeddable":true,"href":"https:\/\/equisana.ch\/fr\/wp-json\/wp\/v2\/product_brand?post=19998"},{"taxonomy":"product_cat","embeddable":true,"href":"https:\/\/equisana.ch\/fr\/wp-json\/wp\/v2\/product_cat?post=19998"},{"taxonomy":"product_tag","embeddable":true,"href":"https:\/\/equisana.ch\/fr\/wp-json\/wp\/v2\/product_tag?post=19998"}],"curies":[{"name":"wp","href":"https:\/\/api.w.org\/{rel}","templated":true}]}}