{"id":19999,"date":"2023-03-18T21:27:33","date_gmt":"2023-03-18T21:27:33","guid":{"rendered":"https:\/\/shop.equisana.ch\/?post_type=product&#038;p=19999"},"modified":"2026-05-02T16:52:02","modified_gmt":"2026-05-02T16:52:02","slug":"sapodoris-sensitiv-p","status":"publish","type":"product","link":"https:\/\/equisana.ch\/fr\/produit\/sapodoris-sensitiv-p\/","title":{"rendered":"Sapodoris Sensitiv P"},"content":{"rendered":"<h3>Descriptif d\u00e9taill\u00e9<\/h3>\n<p><strong>Sensitiv P &#8211; le compl\u00e9ment de haute qualit\u00e9 sous forme de granul\u00e9s savoureux<\/strong><\/p>\n<p>&nbsp;<\/p>\n<ul>\n<li>pour chevaux particuli\u00e8rement sensibles sur le plan nutritionnel<\/li>\n<li>sans c\u00e9r\u00e9ales, m\u00e9lasse ou levures<\/li>\n<li>contient des acides amin\u00e9s hautement disponibles<\/li>\n<\/ul>\n<p>&nbsp;<\/p>\n<p>Sensitiv P contient un peu plus de zinc que les autres sortes d&rsquo;aliments min\u00e9raux de Sapodoris. Le monohydrate d&rsquo;hydroxyde de zinc choisi pour ce produit se caract\u00e9rise par une biodisponibilit\u00e9 tr\u00e8s \u00e9lev\u00e9e (comme le zinc li\u00e9 organiquement) et est \u00e9galement extr\u00eamement doux pour les vitamines. Un avantage \u00e0 ne pas sous-estimer! Parce que souvent les chevaux de loisirs re\u00e7oivent du foin r\u00e9colt\u00e9 tardivement (donc relativement pauvre en nutriments) non seulement un bon apport en min\u00e9raux, mais aussi un apport bien adapt\u00e9 en vitamines doivent \u00eatre garantis. Certains acides amin\u00e9s essentiels ont \u00e9galement \u00e9t\u00e9 ajout\u00e9s, car les chevaux ayant particuli\u00e8rement beaucoup de poils ont souvent un manque en prot\u00e9ines.<\/p>\n<p>&nbsp;<\/p>\n<h3>Composition<\/h3>\n<p>Foin de fl\u00e9ole des pr\u00e9s, marc de pomme, carbonate de calcium, chlorure de sodium, phosphate monocalcique, oxyde de magn\u00e9sium, algue carbonate de chaux (Lithothamnium calcareum), huile de tournesol raffin\u00e9e.<\/p>\n<h3>Constituants et teneurs analytiques<\/h3>\n<p>16,50 % prot\u00e9ines brutes<br \/>\n25,250 % cendres brutes<br \/>\n3,30 % mati\u00e8res grasses brutes<br \/>\n15,50 % fibres brutes<br \/>\n2 % sodium<br \/>\n4 % calcium<br \/>\n2 % magn\u00e9sium<br \/>\n2 % phosphore<br \/>\n6 % lysine<br \/>\n2 % m\u00e9thionine<br \/>\n4 % thr\u00e9onine<\/p>\n<p>&nbsp;<\/p>\n<p><strong>Additifs (par kg) :<\/strong><br \/>\nAdditifs nutritionnels:<br \/>\n80&rsquo;000 I.E. vitamine A sous forme d\u2019ac\u00e9tate de r\u00e9tinyle 3a672a<br \/>\n10&rsquo;000 I.E. vitamine D3 3a671<br \/>\n8&rsquo;000 mg de vitamine E sous forme d\u2019ac\u00e9tate de alpha-tocoph\u00e9ryle rac\u00e9mique E3a700<br \/>\n4&rsquo;000 mg Vitamine C sous forme d\u2019acide L-ascorbique 3a300<br \/>\n700 mg Vitamine B1 sous forme de mononitrate de thiamine 3a821<br \/>\n600 mg Vitamine B2 sous forme de riboflavine<br \/>\n800 mg Vitamine B6 sous forme de chlorhydrate de pyridoxine 3a3831<br \/>\n5\u2019000 mcg Vitamine B12 sous forme de cyanocobalamine<br \/>\n500 mg Niacinamide 3a315<br \/>\n20&rsquo;000 mcg Biotine 3a880<\/p>\n<p>800 mg Calcium D-pantothenate 3a841<br \/>\n5&rsquo;000 mg B\u00e9ta\u00efne sous forme de chlorhydrate de b\u00e9ta\u00efne 3a925<\/p>\n<p>3&rsquo;000 mg Chlorure de choline 3a890<br \/>\n400 mg acide folique sous forme d\u2019acide folique pr\u00e9paration 3a316 3a316<br \/>\n650 mg B\u00eata-carot\u00e8ne 3a160<br \/>\n1&rsquo;500 mg Chlorure de trihydroxyde de cuivre 3b409<br \/>\n2&rsquo;000 mg Mangan\u00e8se sous forme de ch\u00e9late de glycine mangan\u00e8se hydrat\u00e9 3b506<br \/>\n9&rsquo;000 mg zinc sous forme d\u2019hydroxyde de chlorure de zinc monohydrat\u00e9 3b609<br \/>\n12 mg iode sous forme de calcium iod\u00e9 anhydre 3b202<br \/>\n10 mg s\u00e9l\u00e9nium sous forme de s\u00e9l\u00e9nite de sodium E8<br \/>\n5 mg sous forme de m\u00e9thionine de s\u00e9l\u00e9nium provenant de Sacc. cerevis. NCYC R397 (levure de s\u00e9l\u00e9nium inactive) 3b8.11<\/p>\n<p>&nbsp;<\/p>\n<p><strong>Additifs technologiques :<\/strong><br \/>\n10&rsquo;000 mg terre de diatom\u00e9e E551c<\/p>\n<p>&nbsp;<\/p>\n<h3>Recommandation d\u2019affouragement<\/h3>\n<p>Cheval 200 &#8211; 400 kg: 20 &#8211; 45 g par jour<br \/>\nCheval 500 &#8211; 600 kg: 50 &#8211; 65 g par jour<br \/>\nCheval 650 &#8211; 800 kg: 65 &#8211; 80 g par jour<\/p>\n<p>&nbsp;<\/p>\n<p><strong>Recommandation d\u2019affouragement:<\/strong><\/p>\n<p>En fonction de l&rsquo;arrangement individuel de la ration en concertation avec votre conseiller en alimentation, en tenant compte des teneurs maximales selon la JVM.<\/p>\n","protected":false},"excerpt":{"rendered":"<p>Liaisons min\u00e9rales hautement disponibles<br \/>\nAcides amin\u00e9s essentiels<br \/>\nSans c\u00e9r\u00e9ales<br \/>\n<strong>Avec encore plus de biotine et magn\u00e9sium<\/strong><\/p>\n<p><span style=\"color: #993300;\"><strong>Veuillez tenir compte des d\u00e9lais de livraisons diff\u00e9rents<\/strong><\/span><\/p>\n","protected":false},"featured_media":19914,"comment_status":"open","ping_status":"closed","template":"","meta":[],"product_brand":[],"product_cat":[83],"product_tag":[],"class_list":{"0":"post-19999","1":"product","2":"type-product","3":"status-publish","4":"has-post-thumbnail","6":"product_cat-complements-mineraux","7":"aux-has-gallery","9":"first","10":"instock","11":"taxable","12":"shipping-taxable","13":"purchasable","14":"product-type-variable","15":"has-default-attributes"},"yoast_head":"<!-- This site is optimized with the Yoast SEO plugin v27.5 - https:\/\/yoast.com\/product\/yoast-seo-wordpress\/ -->\n<title>Sapodoris Sensitiv P - Equisana Sarl tout simplement naturel<\/title>\n<meta name=\"description\" content=\"Commander maintenant Sapodoris Sensitiv P. Le compl\u00e9ment min\u00e9ral sans c\u00e9r\u00e9ales avec des acides amin\u00e9s essentiels sous forme de granul\u00e9s savoureux.\" \/>\n<meta name=\"robots\" content=\"index, follow, max-snippet:-1, max-image-preview:large, max-video-preview:-1\" \/>\n<link rel=\"canonical\" href=\"https:\/\/equisana.ch\/fr\/produit\/sapodoris-sensitiv-p\/\" \/>\n<meta property=\"og:locale\" content=\"fr_FR\" \/>\n<meta property=\"og:type\" content=\"article\" \/>\n<meta property=\"og:title\" content=\"Sapodoris Sensitiv P - Equisana Sarl tout simplement naturel\" \/>\n<meta property=\"og:description\" content=\"Commander maintenant Sapodoris Sensitiv P. Le compl\u00e9ment min\u00e9ral sans c\u00e9r\u00e9ales avec des acides amin\u00e9s essentiels sous forme de granul\u00e9s savoureux.\" \/>\n<meta property=\"og:url\" content=\"https:\/\/equisana.ch\/fr\/produit\/sapodoris-sensitiv-p\/\" \/>\n<meta property=\"og:site_name\" content=\"Equisana Sarl tout simplement naturel\" \/>\n<meta property=\"article:publisher\" content=\"https:\/\/www.facebook.com\/Equisana\/\" \/>\n<meta property=\"article:modified_time\" content=\"2026-05-02T16:52:02+00:00\" \/>\n<meta property=\"og:image\" content=\"https:\/\/equisana.ch\/wp-content\/uploads\/2023\/03\/Equisana-pferdefuetterung-mineralfutter-sensitiv-p.jpg\" \/>\n\t<meta property=\"og:image:width\" content=\"1400\" \/>\n\t<meta property=\"og:image:height\" content=\"1400\" \/>\n\t<meta property=\"og:image:type\" content=\"image\/jpeg\" \/>\n<meta name=\"twitter:card\" content=\"summary_large_image\" \/>\n<meta name=\"twitter:label1\" content=\"Dur\u00e9e de lecture estim\u00e9e\" \/>\n\t<meta name=\"twitter:data1\" content=\"3 minutes\" \/>\n<script type=\"application\/ld+json\" class=\"yoast-schema-graph\">{\"@context\":\"https:\\\/\\\/schema.org\",\"@graph\":[{\"@type\":\"WebPage\",\"@id\":\"https:\\\/\\\/equisana.ch\\\/fr\\\/produit\\\/sapodoris-sensitiv-p\\\/\",\"url\":\"https:\\\/\\\/equisana.ch\\\/fr\\\/produit\\\/sapodoris-sensitiv-p\\\/\",\"name\":\"Sapodoris Sensitiv P - Equisana Sarl tout simplement naturel\",\"isPartOf\":{\"@id\":\"https:\\\/\\\/equisana.ch\\\/#website\"},\"primaryImageOfPage\":{\"@id\":\"https:\\\/\\\/equisana.ch\\\/fr\\\/produit\\\/sapodoris-sensitiv-p\\\/#primaryimage\"},\"image\":{\"@id\":\"https:\\\/\\\/equisana.ch\\\/fr\\\/produit\\\/sapodoris-sensitiv-p\\\/#primaryimage\"},\"thumbnailUrl\":\"https:\\\/\\\/equisana.ch\\\/wp-content\\\/uploads\\\/2023\\\/03\\\/Equisana-pferdefuetterung-mineralfutter-sensitiv-p.jpg\",\"datePublished\":\"2023-03-18T21:27:33+00:00\",\"dateModified\":\"2026-05-02T16:52:02+00:00\",\"description\":\"Commander maintenant Sapodoris Sensitiv P. Le compl\u00e9ment min\u00e9ral sans c\u00e9r\u00e9ales avec des acides amin\u00e9s essentiels sous forme de granul\u00e9s savoureux.\",\"breadcrumb\":{\"@id\":\"https:\\\/\\\/equisana.ch\\\/fr\\\/produit\\\/sapodoris-sensitiv-p\\\/#breadcrumb\"},\"inLanguage\":\"fr-FR\",\"potentialAction\":[{\"@type\":\"ReadAction\",\"target\":[\"https:\\\/\\\/equisana.ch\\\/fr\\\/produit\\\/sapodoris-sensitiv-p\\\/\"]}]},{\"@type\":\"ImageObject\",\"inLanguage\":\"fr-FR\",\"@id\":\"https:\\\/\\\/equisana.ch\\\/fr\\\/produit\\\/sapodoris-sensitiv-p\\\/#primaryimage\",\"url\":\"https:\\\/\\\/equisana.ch\\\/wp-content\\\/uploads\\\/2023\\\/03\\\/Equisana-pferdefuetterung-mineralfutter-sensitiv-p.jpg\",\"contentUrl\":\"https:\\\/\\\/equisana.ch\\\/wp-content\\\/uploads\\\/2023\\\/03\\\/Equisana-pferdefuetterung-mineralfutter-sensitiv-p.jpg\",\"width\":1400,\"height\":1400,\"caption\":\"Sapodoris Sensitiv P\"},{\"@type\":\"BreadcrumbList\",\"@id\":\"https:\\\/\\\/equisana.ch\\\/fr\\\/produit\\\/sapodoris-sensitiv-p\\\/#breadcrumb\",\"itemListElement\":[{\"@type\":\"ListItem\",\"position\":1,\"name\":\"Startseite\",\"item\":\"https:\\\/\\\/equisana.ch\\\/\"},{\"@type\":\"ListItem\",\"position\":2,\"name\":\"Tous les produits hippiques EQUISANA\",\"item\":\"https:\\\/\\\/equisana.ch\\\/fr\\\/produits\\\/\"},{\"@type\":\"ListItem\",\"position\":3,\"name\":\"Sapodoris Sensitiv P\"}]},{\"@type\":\"WebSite\",\"@id\":\"https:\\\/\\\/equisana.ch\\\/#website\",\"url\":\"https:\\\/\\\/equisana.ch\\\/\",\"name\":\"EQUISANA GmbH einfach nat\u00fcrlich\",\"description\":\"Tout simplement naturel\",\"publisher\":{\"@id\":\"https:\\\/\\\/equisana.ch\\\/#organization\"},\"potentialAction\":[{\"@type\":\"SearchAction\",\"target\":{\"@type\":\"EntryPoint\",\"urlTemplate\":\"https:\\\/\\\/equisana.ch\\\/?s={search_term_string}\"},\"query-input\":{\"@type\":\"PropertyValueSpecification\",\"valueRequired\":true,\"valueName\":\"search_term_string\"}}],\"inLanguage\":\"fr-FR\"},{\"@type\":\"Organization\",\"@id\":\"https:\\\/\\\/equisana.ch\\\/#organization\",\"name\":\"EQUISANA GmbH einfach nat\u00fcrlich\",\"url\":\"https:\\\/\\\/equisana.ch\\\/\",\"logo\":{\"@type\":\"ImageObject\",\"inLanguage\":\"fr-FR\",\"@id\":\"https:\\\/\\\/equisana.ch\\\/#\\\/schema\\\/logo\\\/image\\\/\",\"url\":\"https:\\\/\\\/equisana.ch\\\/wp-content\\\/uploads\\\/2023\\\/03\\\/cropped-equisana-logo.png\",\"contentUrl\":\"https:\\\/\\\/equisana.ch\\\/wp-content\\\/uploads\\\/2023\\\/03\\\/cropped-equisana-logo.png\",\"width\":342,\"height\":124,\"caption\":\"EQUISANA GmbH einfach nat\u00fcrlich\"},\"image\":{\"@id\":\"https:\\\/\\\/equisana.ch\\\/#\\\/schema\\\/logo\\\/image\\\/\"},\"sameAs\":[\"https:\\\/\\\/www.facebook.com\\\/Equisana\\\/\"]}]}<\/script>\n<!-- \/ Yoast SEO plugin. -->","yoast_head_json":{"title":"Sapodoris Sensitiv P - Equisana Sarl tout simplement naturel","description":"Commander maintenant Sapodoris Sensitiv P. Le compl\u00e9ment min\u00e9ral sans c\u00e9r\u00e9ales avec des acides amin\u00e9s essentiels sous forme de granul\u00e9s savoureux.","robots":{"index":"index","follow":"follow","max-snippet":"max-snippet:-1","max-image-preview":"max-image-preview:large","max-video-preview":"max-video-preview:-1"},"canonical":"https:\/\/equisana.ch\/fr\/produit\/sapodoris-sensitiv-p\/","og_locale":"fr_FR","og_type":"article","og_title":"Sapodoris Sensitiv P - Equisana Sarl tout simplement naturel","og_description":"Commander maintenant Sapodoris Sensitiv P. Le compl\u00e9ment min\u00e9ral sans c\u00e9r\u00e9ales avec des acides amin\u00e9s essentiels sous forme de granul\u00e9s savoureux.","og_url":"https:\/\/equisana.ch\/fr\/produit\/sapodoris-sensitiv-p\/","og_site_name":"Equisana Sarl tout simplement naturel","article_publisher":"https:\/\/www.facebook.com\/Equisana\/","article_modified_time":"2026-05-02T16:52:02+00:00","og_image":[{"width":1400,"height":1400,"url":"https:\/\/equisana.ch\/wp-content\/uploads\/2023\/03\/Equisana-pferdefuetterung-mineralfutter-sensitiv-p.jpg","type":"image\/jpeg"}],"twitter_card":"summary_large_image","twitter_misc":{"Dur\u00e9e de lecture estim\u00e9e":"3 minutes"},"schema":{"@context":"https:\/\/schema.org","@graph":[{"@type":"WebPage","@id":"https:\/\/equisana.ch\/fr\/produit\/sapodoris-sensitiv-p\/","url":"https:\/\/equisana.ch\/fr\/produit\/sapodoris-sensitiv-p\/","name":"Sapodoris Sensitiv P - Equisana Sarl tout simplement naturel","isPartOf":{"@id":"https:\/\/equisana.ch\/#website"},"primaryImageOfPage":{"@id":"https:\/\/equisana.ch\/fr\/produit\/sapodoris-sensitiv-p\/#primaryimage"},"image":{"@id":"https:\/\/equisana.ch\/fr\/produit\/sapodoris-sensitiv-p\/#primaryimage"},"thumbnailUrl":"https:\/\/equisana.ch\/wp-content\/uploads\/2023\/03\/Equisana-pferdefuetterung-mineralfutter-sensitiv-p.jpg","datePublished":"2023-03-18T21:27:33+00:00","dateModified":"2026-05-02T16:52:02+00:00","description":"Commander maintenant Sapodoris Sensitiv P. Le compl\u00e9ment min\u00e9ral sans c\u00e9r\u00e9ales avec des acides amin\u00e9s essentiels sous forme de granul\u00e9s savoureux.","breadcrumb":{"@id":"https:\/\/equisana.ch\/fr\/produit\/sapodoris-sensitiv-p\/#breadcrumb"},"inLanguage":"fr-FR","potentialAction":[{"@type":"ReadAction","target":["https:\/\/equisana.ch\/fr\/produit\/sapodoris-sensitiv-p\/"]}]},{"@type":"ImageObject","inLanguage":"fr-FR","@id":"https:\/\/equisana.ch\/fr\/produit\/sapodoris-sensitiv-p\/#primaryimage","url":"https:\/\/equisana.ch\/wp-content\/uploads\/2023\/03\/Equisana-pferdefuetterung-mineralfutter-sensitiv-p.jpg","contentUrl":"https:\/\/equisana.ch\/wp-content\/uploads\/2023\/03\/Equisana-pferdefuetterung-mineralfutter-sensitiv-p.jpg","width":1400,"height":1400,"caption":"Sapodoris Sensitiv P"},{"@type":"BreadcrumbList","@id":"https:\/\/equisana.ch\/fr\/produit\/sapodoris-sensitiv-p\/#breadcrumb","itemListElement":[{"@type":"ListItem","position":1,"name":"Startseite","item":"https:\/\/equisana.ch\/"},{"@type":"ListItem","position":2,"name":"Tous les produits hippiques EQUISANA","item":"https:\/\/equisana.ch\/fr\/produits\/"},{"@type":"ListItem","position":3,"name":"Sapodoris Sensitiv P"}]},{"@type":"WebSite","@id":"https:\/\/equisana.ch\/#website","url":"https:\/\/equisana.ch\/","name":"EQUISANA GmbH einfach nat\u00fcrlich","description":"Tout simplement naturel","publisher":{"@id":"https:\/\/equisana.ch\/#organization"},"potentialAction":[{"@type":"SearchAction","target":{"@type":"EntryPoint","urlTemplate":"https:\/\/equisana.ch\/?s={search_term_string}"},"query-input":{"@type":"PropertyValueSpecification","valueRequired":true,"valueName":"search_term_string"}}],"inLanguage":"fr-FR"},{"@type":"Organization","@id":"https:\/\/equisana.ch\/#organization","name":"EQUISANA GmbH einfach nat\u00fcrlich","url":"https:\/\/equisana.ch\/","logo":{"@type":"ImageObject","inLanguage":"fr-FR","@id":"https:\/\/equisana.ch\/#\/schema\/logo\/image\/","url":"https:\/\/equisana.ch\/wp-content\/uploads\/2023\/03\/cropped-equisana-logo.png","contentUrl":"https:\/\/equisana.ch\/wp-content\/uploads\/2023\/03\/cropped-equisana-logo.png","width":342,"height":124,"caption":"EQUISANA GmbH einfach nat\u00fcrlich"},"image":{"@id":"https:\/\/equisana.ch\/#\/schema\/logo\/image\/"},"sameAs":["https:\/\/www.facebook.com\/Equisana\/"]}]}},"_links":{"self":[{"href":"https:\/\/equisana.ch\/fr\/wp-json\/wp\/v2\/product\/19999","targetHints":{"allow":["GET"]}}],"collection":[{"href":"https:\/\/equisana.ch\/fr\/wp-json\/wp\/v2\/product"}],"about":[{"href":"https:\/\/equisana.ch\/fr\/wp-json\/wp\/v2\/types\/product"}],"replies":[{"embeddable":true,"href":"https:\/\/equisana.ch\/fr\/wp-json\/wp\/v2\/comments?post=19999"}],"wp:featuredmedia":[{"embeddable":true,"href":"https:\/\/equisana.ch\/fr\/wp-json\/wp\/v2\/media\/19914"}],"wp:attachment":[{"href":"https:\/\/equisana.ch\/fr\/wp-json\/wp\/v2\/media?parent=19999"}],"wp:term":[{"taxonomy":"product_brand","embeddable":true,"href":"https:\/\/equisana.ch\/fr\/wp-json\/wp\/v2\/product_brand?post=19999"},{"taxonomy":"product_cat","embeddable":true,"href":"https:\/\/equisana.ch\/fr\/wp-json\/wp\/v2\/product_cat?post=19999"},{"taxonomy":"product_tag","embeddable":true,"href":"https:\/\/equisana.ch\/fr\/wp-json\/wp\/v2\/product_tag?post=19999"}],"curies":[{"name":"wp","href":"https:\/\/api.w.org\/{rel}","templated":true}]}}