{"id":20008,"date":"2023-03-18T21:57:05","date_gmt":"2023-03-18T21:57:05","guid":{"rendered":"https:\/\/shop.equisana.ch\/?post_type=product&#038;p=20008"},"modified":"2026-05-01T06:21:10","modified_gmt":"2026-05-01T06:21:10","slug":"sac-a-foin-maxi","status":"publish","type":"product","link":"https:\/\/equisana.ch\/fr\/produit\/sac-a-foin-maxi\/","title":{"rendered":"Sac \u00e0 foin \u00ab Maxi \u00bb"},"content":{"rendered":"<h3>Descriptif d\u00e9taill\u00e9<\/h3>\n<p>Ces filets sont produits au moyen d\u2019une machine. Comme mat\u00e9riau nous utilisons un cordon en mati\u00e8re synth\u00e9tique Tous les filets sont faciles \u00e0 remplir car ils peuvent \u00eatre ouverts en grand. Id\u00e9al pour le box, la remorque, ou partout o\u00f9 vous voulez nourrir votre cheval avec du foin. Aussi tr\u00e8s appropri\u00e9 pour tremper le foin dans l&rsquo;eau.<\/p>\n<p>Ces filets sont r\u00e9sistants aux intemp\u00e9ries et aux UV, tiss\u00e9s et non pas nou\u00e9s comme la plupart des filets \u00e0 foin que l\u2019on trouve sur le march\u00e9. Par ailleurs, ils sont tr\u00e8s souples.<\/p>\n<p>Filets fabriqu\u00e9s \u00e0 la main en Europe de l\u2019ouest. Coutures lat\u00e9rales enti\u00e8rement ferm\u00e9es et cousues. La cordelette pour la suspension est incluse<\/p>\n<p>&nbsp;<\/p>\n<h3>Mesures<\/h3>\n<p>Hauteur 100 cm, Largeur 75 cm. Contenance env. 5.0 Kg<\/p>\n<p>&nbsp;<\/p>\n<h3>Couleur &amp; Mat\u00e9riel<\/h3>\n<p>Vert<br \/>\nPolypropyl\u00e8ne solide<br \/>\ntiss\u00e9<\/p>\n<p id=\"tw-target-text\" class=\"tw-data-text tw-text-large tw-ta\" dir=\"ltr\" data-placeholder=\"\u00dcbersetzung\"><span class=\"Y2IQFc\" lang=\"fr\">\u00c9paisseur du cordon avec un maillage de 3 cm : 4 mm<\/span><\/p>\n<p class=\"tw-data-text tw-text-large tw-ta\" dir=\"ltr\" data-placeholder=\"\u00dcbersetzung\"><span class=\"Y2IQFc\" lang=\"fr\">\u00c9paisseur du cordon avec un maillage de 3,8, 4,5, 6.0 &amp; 8.0 cm: 5 mm<\/span><\/p>\n<p class=\"tw-data-text tw-text-large tw-ta\" dir=\"ltr\" data-placeholder=\"\u00dcbersetzung\"><span class=\"Y2IQFc\" lang=\"fr\">Information d\u00e9taill\u00e9es sur les tailles de maille : voir rubrique conseils.<\/span><\/p>\n<p>&nbsp;<\/p>\n<p>Tous nos filets tiss\u00e9s sont fabriqu\u00e9s avec des produits de haute qualit\u00e9 et ont \u00e9t\u00e9 test\u00e9s du point de vue toxicit\u00e9 par T\u00dcV-S\u00fcd.<\/p>\n","protected":false},"excerpt":{"rendered":"<p>Sac \u00e0 foin \u00e0 suspendre avec une cordelette (incluse)<\/p>\n","protected":false},"featured_media":19845,"comment_status":"open","ping_status":"closed","template":"","meta":[],"product_brand":[],"product_cat":[84],"product_tag":[],"class_list":{"0":"post-20008","1":"product","2":"type-product","3":"status-publish","4":"has-post-thumbnail","6":"product_cat-sacs-a-foin","7":"aux-has-gallery","9":"first","10":"instock","11":"taxable","12":"shipping-taxable","13":"purchasable","14":"product-type-variable"},"yoast_head":"<!-- This site is optimized with the Yoast SEO plugin v27.5 - https:\/\/yoast.com\/product\/yoast-seo-wordpress\/ -->\n<title>Sac \u00e0 foin \u00ab Maxi \u00bb - Equisana Sarl tout simplement naturel<\/title>\n<meta name=\"description\" content=\"Commander maintenant sac \u00e0 foin \u00abMaxi\u00bb. Id\u00e9al pour le box, la remorque, ou partout o\u00f9 vous voulez nourrir votre cheval avec du foin. Aussi tr\u00e8s appropri\u00e9 pour tremper le foin dans l&#039;eau.\" \/>\n<meta name=\"robots\" content=\"index, follow, max-snippet:-1, max-image-preview:large, max-video-preview:-1\" \/>\n<link rel=\"canonical\" href=\"https:\/\/equisana.ch\/fr\/produit\/sac-a-foin-maxi\/\" \/>\n<meta property=\"og:locale\" content=\"fr_FR\" \/>\n<meta property=\"og:type\" content=\"article\" \/>\n<meta property=\"og:title\" content=\"Sac \u00e0 foin \u00ab Maxi \u00bb - Equisana Sarl tout simplement naturel\" \/>\n<meta property=\"og:description\" content=\"Commander maintenant sac \u00e0 foin \u00abMaxi\u00bb. Id\u00e9al pour le box, la remorque, ou partout o\u00f9 vous voulez nourrir votre cheval avec du foin. Aussi tr\u00e8s appropri\u00e9 pour tremper le foin dans l&#039;eau.\" \/>\n<meta property=\"og:url\" content=\"https:\/\/equisana.ch\/fr\/produit\/sac-a-foin-maxi\/\" \/>\n<meta property=\"og:site_name\" content=\"Equisana Sarl tout simplement naturel\" \/>\n<meta property=\"article:publisher\" content=\"https:\/\/www.facebook.com\/Equisana\/\" \/>\n<meta property=\"article:modified_time\" content=\"2026-05-01T06:21:10+00:00\" \/>\n<meta property=\"og:image\" content=\"https:\/\/equisana.ch\/wp-content\/uploads\/2023\/03\/Equisana-engmaschige-heunetze-heunetzsaecke-maxi.jpg\" \/>\n\t<meta property=\"og:image:width\" content=\"1400\" \/>\n\t<meta property=\"og:image:height\" content=\"1400\" \/>\n\t<meta property=\"og:image:type\" content=\"image\/jpeg\" \/>\n<meta name=\"twitter:card\" content=\"summary_large_image\" \/>\n<meta name=\"twitter:label1\" content=\"Dur\u00e9e de lecture estim\u00e9e\" \/>\n\t<meta name=\"twitter:data1\" content=\"2 minutes\" \/>\n<script type=\"application\/ld+json\" class=\"yoast-schema-graph\">{\"@context\":\"https:\\\/\\\/schema.org\",\"@graph\":[{\"@type\":\"WebPage\",\"@id\":\"https:\\\/\\\/equisana.ch\\\/fr\\\/produit\\\/sac-a-foin-maxi\\\/\",\"url\":\"https:\\\/\\\/equisana.ch\\\/fr\\\/produit\\\/sac-a-foin-maxi\\\/\",\"name\":\"Sac \u00e0 foin \u00ab Maxi \u00bb - Equisana Sarl tout simplement naturel\",\"isPartOf\":{\"@id\":\"https:\\\/\\\/equisana.ch\\\/#website\"},\"primaryImageOfPage\":{\"@id\":\"https:\\\/\\\/equisana.ch\\\/fr\\\/produit\\\/sac-a-foin-maxi\\\/#primaryimage\"},\"image\":{\"@id\":\"https:\\\/\\\/equisana.ch\\\/fr\\\/produit\\\/sac-a-foin-maxi\\\/#primaryimage\"},\"thumbnailUrl\":\"https:\\\/\\\/equisana.ch\\\/wp-content\\\/uploads\\\/2023\\\/03\\\/Equisana-engmaschige-heunetze-heunetzsaecke-maxi.jpg\",\"datePublished\":\"2023-03-18T21:57:05+00:00\",\"dateModified\":\"2026-05-01T06:21:10+00:00\",\"description\":\"Commander maintenant sac \u00e0 foin \u00abMaxi\u00bb. Id\u00e9al pour le box, la remorque, ou partout o\u00f9 vous voulez nourrir votre cheval avec du foin. Aussi tr\u00e8s appropri\u00e9 pour tremper le foin dans l'eau.\",\"breadcrumb\":{\"@id\":\"https:\\\/\\\/equisana.ch\\\/fr\\\/produit\\\/sac-a-foin-maxi\\\/#breadcrumb\"},\"inLanguage\":\"fr-FR\",\"potentialAction\":[{\"@type\":\"ReadAction\",\"target\":[\"https:\\\/\\\/equisana.ch\\\/fr\\\/produit\\\/sac-a-foin-maxi\\\/\"]}]},{\"@type\":\"ImageObject\",\"inLanguage\":\"fr-FR\",\"@id\":\"https:\\\/\\\/equisana.ch\\\/fr\\\/produit\\\/sac-a-foin-maxi\\\/#primaryimage\",\"url\":\"https:\\\/\\\/equisana.ch\\\/wp-content\\\/uploads\\\/2023\\\/03\\\/Equisana-engmaschige-heunetze-heunetzsaecke-maxi.jpg\",\"contentUrl\":\"https:\\\/\\\/equisana.ch\\\/wp-content\\\/uploads\\\/2023\\\/03\\\/Equisana-engmaschige-heunetze-heunetzsaecke-maxi.jpg\",\"width\":1400,\"height\":1400},{\"@type\":\"BreadcrumbList\",\"@id\":\"https:\\\/\\\/equisana.ch\\\/fr\\\/produit\\\/sac-a-foin-maxi\\\/#breadcrumb\",\"itemListElement\":[{\"@type\":\"ListItem\",\"position\":1,\"name\":\"Startseite\",\"item\":\"https:\\\/\\\/equisana.ch\\\/\"},{\"@type\":\"ListItem\",\"position\":2,\"name\":\"Tous les produits hippiques EQUISANA\",\"item\":\"https:\\\/\\\/equisana.ch\\\/fr\\\/produits\\\/\"},{\"@type\":\"ListItem\",\"position\":3,\"name\":\"Sac \u00e0 foin \u00ab Maxi \u00bb\"}]},{\"@type\":\"WebSite\",\"@id\":\"https:\\\/\\\/equisana.ch\\\/#website\",\"url\":\"https:\\\/\\\/equisana.ch\\\/\",\"name\":\"EQUISANA GmbH einfach nat\u00fcrlich\",\"description\":\"Tout simplement naturel\",\"publisher\":{\"@id\":\"https:\\\/\\\/equisana.ch\\\/#organization\"},\"potentialAction\":[{\"@type\":\"SearchAction\",\"target\":{\"@type\":\"EntryPoint\",\"urlTemplate\":\"https:\\\/\\\/equisana.ch\\\/?s={search_term_string}\"},\"query-input\":{\"@type\":\"PropertyValueSpecification\",\"valueRequired\":true,\"valueName\":\"search_term_string\"}}],\"inLanguage\":\"fr-FR\"},{\"@type\":\"Organization\",\"@id\":\"https:\\\/\\\/equisana.ch\\\/#organization\",\"name\":\"EQUISANA GmbH einfach nat\u00fcrlich\",\"url\":\"https:\\\/\\\/equisana.ch\\\/\",\"logo\":{\"@type\":\"ImageObject\",\"inLanguage\":\"fr-FR\",\"@id\":\"https:\\\/\\\/equisana.ch\\\/#\\\/schema\\\/logo\\\/image\\\/\",\"url\":\"https:\\\/\\\/equisana.ch\\\/wp-content\\\/uploads\\\/2023\\\/03\\\/cropped-equisana-logo.png\",\"contentUrl\":\"https:\\\/\\\/equisana.ch\\\/wp-content\\\/uploads\\\/2023\\\/03\\\/cropped-equisana-logo.png\",\"width\":342,\"height\":124,\"caption\":\"EQUISANA GmbH einfach nat\u00fcrlich\"},\"image\":{\"@id\":\"https:\\\/\\\/equisana.ch\\\/#\\\/schema\\\/logo\\\/image\\\/\"},\"sameAs\":[\"https:\\\/\\\/www.facebook.com\\\/Equisana\\\/\"]}]}<\/script>\n<!-- \/ Yoast SEO plugin. -->","yoast_head_json":{"title":"Sac \u00e0 foin \u00ab Maxi \u00bb - Equisana Sarl tout simplement naturel","description":"Commander maintenant sac \u00e0 foin \u00abMaxi\u00bb. Id\u00e9al pour le box, la remorque, ou partout o\u00f9 vous voulez nourrir votre cheval avec du foin. Aussi tr\u00e8s appropri\u00e9 pour tremper le foin dans l'eau.","robots":{"index":"index","follow":"follow","max-snippet":"max-snippet:-1","max-image-preview":"max-image-preview:large","max-video-preview":"max-video-preview:-1"},"canonical":"https:\/\/equisana.ch\/fr\/produit\/sac-a-foin-maxi\/","og_locale":"fr_FR","og_type":"article","og_title":"Sac \u00e0 foin \u00ab Maxi \u00bb - Equisana Sarl tout simplement naturel","og_description":"Commander maintenant sac \u00e0 foin \u00abMaxi\u00bb. Id\u00e9al pour le box, la remorque, ou partout o\u00f9 vous voulez nourrir votre cheval avec du foin. Aussi tr\u00e8s appropri\u00e9 pour tremper le foin dans l'eau.","og_url":"https:\/\/equisana.ch\/fr\/produit\/sac-a-foin-maxi\/","og_site_name":"Equisana Sarl tout simplement naturel","article_publisher":"https:\/\/www.facebook.com\/Equisana\/","article_modified_time":"2026-05-01T06:21:10+00:00","og_image":[{"width":1400,"height":1400,"url":"https:\/\/equisana.ch\/wp-content\/uploads\/2023\/03\/Equisana-engmaschige-heunetze-heunetzsaecke-maxi.jpg","type":"image\/jpeg"}],"twitter_card":"summary_large_image","twitter_misc":{"Dur\u00e9e de lecture estim\u00e9e":"2 minutes"},"schema":{"@context":"https:\/\/schema.org","@graph":[{"@type":"WebPage","@id":"https:\/\/equisana.ch\/fr\/produit\/sac-a-foin-maxi\/","url":"https:\/\/equisana.ch\/fr\/produit\/sac-a-foin-maxi\/","name":"Sac \u00e0 foin \u00ab Maxi \u00bb - Equisana Sarl tout simplement naturel","isPartOf":{"@id":"https:\/\/equisana.ch\/#website"},"primaryImageOfPage":{"@id":"https:\/\/equisana.ch\/fr\/produit\/sac-a-foin-maxi\/#primaryimage"},"image":{"@id":"https:\/\/equisana.ch\/fr\/produit\/sac-a-foin-maxi\/#primaryimage"},"thumbnailUrl":"https:\/\/equisana.ch\/wp-content\/uploads\/2023\/03\/Equisana-engmaschige-heunetze-heunetzsaecke-maxi.jpg","datePublished":"2023-03-18T21:57:05+00:00","dateModified":"2026-05-01T06:21:10+00:00","description":"Commander maintenant sac \u00e0 foin \u00abMaxi\u00bb. Id\u00e9al pour le box, la remorque, ou partout o\u00f9 vous voulez nourrir votre cheval avec du foin. Aussi tr\u00e8s appropri\u00e9 pour tremper le foin dans l'eau.","breadcrumb":{"@id":"https:\/\/equisana.ch\/fr\/produit\/sac-a-foin-maxi\/#breadcrumb"},"inLanguage":"fr-FR","potentialAction":[{"@type":"ReadAction","target":["https:\/\/equisana.ch\/fr\/produit\/sac-a-foin-maxi\/"]}]},{"@type":"ImageObject","inLanguage":"fr-FR","@id":"https:\/\/equisana.ch\/fr\/produit\/sac-a-foin-maxi\/#primaryimage","url":"https:\/\/equisana.ch\/wp-content\/uploads\/2023\/03\/Equisana-engmaschige-heunetze-heunetzsaecke-maxi.jpg","contentUrl":"https:\/\/equisana.ch\/wp-content\/uploads\/2023\/03\/Equisana-engmaschige-heunetze-heunetzsaecke-maxi.jpg","width":1400,"height":1400},{"@type":"BreadcrumbList","@id":"https:\/\/equisana.ch\/fr\/produit\/sac-a-foin-maxi\/#breadcrumb","itemListElement":[{"@type":"ListItem","position":1,"name":"Startseite","item":"https:\/\/equisana.ch\/"},{"@type":"ListItem","position":2,"name":"Tous les produits hippiques EQUISANA","item":"https:\/\/equisana.ch\/fr\/produits\/"},{"@type":"ListItem","position":3,"name":"Sac \u00e0 foin \u00ab Maxi \u00bb"}]},{"@type":"WebSite","@id":"https:\/\/equisana.ch\/#website","url":"https:\/\/equisana.ch\/","name":"EQUISANA GmbH einfach nat\u00fcrlich","description":"Tout simplement naturel","publisher":{"@id":"https:\/\/equisana.ch\/#organization"},"potentialAction":[{"@type":"SearchAction","target":{"@type":"EntryPoint","urlTemplate":"https:\/\/equisana.ch\/?s={search_term_string}"},"query-input":{"@type":"PropertyValueSpecification","valueRequired":true,"valueName":"search_term_string"}}],"inLanguage":"fr-FR"},{"@type":"Organization","@id":"https:\/\/equisana.ch\/#organization","name":"EQUISANA GmbH einfach nat\u00fcrlich","url":"https:\/\/equisana.ch\/","logo":{"@type":"ImageObject","inLanguage":"fr-FR","@id":"https:\/\/equisana.ch\/#\/schema\/logo\/image\/","url":"https:\/\/equisana.ch\/wp-content\/uploads\/2023\/03\/cropped-equisana-logo.png","contentUrl":"https:\/\/equisana.ch\/wp-content\/uploads\/2023\/03\/cropped-equisana-logo.png","width":342,"height":124,"caption":"EQUISANA GmbH einfach nat\u00fcrlich"},"image":{"@id":"https:\/\/equisana.ch\/#\/schema\/logo\/image\/"},"sameAs":["https:\/\/www.facebook.com\/Equisana\/"]}]}},"_links":{"self":[{"href":"https:\/\/equisana.ch\/fr\/wp-json\/wp\/v2\/product\/20008","targetHints":{"allow":["GET"]}}],"collection":[{"href":"https:\/\/equisana.ch\/fr\/wp-json\/wp\/v2\/product"}],"about":[{"href":"https:\/\/equisana.ch\/fr\/wp-json\/wp\/v2\/types\/product"}],"replies":[{"embeddable":true,"href":"https:\/\/equisana.ch\/fr\/wp-json\/wp\/v2\/comments?post=20008"}],"wp:featuredmedia":[{"embeddable":true,"href":"https:\/\/equisana.ch\/fr\/wp-json\/wp\/v2\/media\/19845"}],"wp:attachment":[{"href":"https:\/\/equisana.ch\/fr\/wp-json\/wp\/v2\/media?parent=20008"}],"wp:term":[{"taxonomy":"product_brand","embeddable":true,"href":"https:\/\/equisana.ch\/fr\/wp-json\/wp\/v2\/product_brand?post=20008"},{"taxonomy":"product_cat","embeddable":true,"href":"https:\/\/equisana.ch\/fr\/wp-json\/wp\/v2\/product_cat?post=20008"},{"taxonomy":"product_tag","embeddable":true,"href":"https:\/\/equisana.ch\/fr\/wp-json\/wp\/v2\/product_tag?post=20008"}],"curies":[{"name":"wp","href":"https:\/\/api.w.org\/{rel}","templated":true}]}}