{"id":20021,"date":"2023-03-18T21:27:35","date_gmt":"2023-03-18T21:27:35","guid":{"rendered":"https:\/\/shop.equisana.ch\/?post_type=product&#038;p=20021"},"modified":"2026-04-20T02:41:23","modified_gmt":"2026-04-20T02:41:23","slug":"filet-a-foin-a-grande-contenance-duoline","status":"publish","type":"product","link":"https:\/\/equisana.ch\/fr\/produit\/filet-a-foin-a-grande-contenance-duoline\/","title":{"rendered":"Filet \u00e0 foin \u00e0 grande contenance \u00ab Duoline \u00bb"},"content":{"rendered":"<h3>Descriptif d\u00e9taill\u00e9<\/h3>\n<p>Le filet \u00e0 foin de grande contenance \u00ab Duoline \u00bb se pr\u00eate au montage fixe mais reste tout de m\u00eame facile \u00e0 transporter d\u2019A \u00e0 B. Ce produit est parfaitement adapt\u00e9 pour le pr\u00e9, le paddock, le box, etc et est livrable en 2 variantes. Ils poss\u00e8dent un rabat, afin que les chevaux ne puissent pas acc\u00e9der au foin depuis le haut.<\/p>\n<p>&nbsp;<\/p>\n<p><strong>Nous recommandons de fixer ce type de filet uniquement en haut, afin de minimiser les risques de blessures \/ accident. Nous ne recommandons l&rsquo;utilisation de ces filets que sous certaines conditions pour les chevaux portant des fers. D\u00fb \u00e0 la solidit\u00e9 des mat\u00e9riaux, ces filets ne se d\u00e9chirent pas !\u00a0<\/strong><\/p>\n<p>Taille de mailles: 3,0cm + 4,5cm ou 6,0cm + 4,5cm<br \/>\nEpaisseur du cordon: 4,0mm pour la taille de maille 3 cm + 5,0mm pour la taille de maille 4.5 und 6.0 cm.<\/p>\n<p>&nbsp;<\/p>\n<p>Ces filets sont r\u00e9sistants aux intemp\u00e9ries et aux UV, tiss\u00e9s et non pas nou\u00e9s comme la plupart des filets \u00e0 foin que l\u2019on trouve sur le march\u00e9.<br \/>\nFilets fabriqu\u00e9s \u00e0 la main en Europe de l\u2019ouest, extr\u00eamement solides, incluant un rabat de 20cm afin de mieux pouvoir le fermer.<\/p>\n<p>&nbsp;<\/p>\n<h3>Mesures<\/h3>\n<p>Largeur: 1,0m<br \/>\nHauteur: 0,9m<br \/>\nCapacit\u00e9 de remplissage: env. 10kg<\/p>\n<p>&nbsp;<\/p>\n<h3>Couleur &amp; Mat\u00e9riel<\/h3>\n<p>Noir (toujours le c\u00f4t\u00e9 avec taille de mailles 4.5 cm)<br \/>\nVert<br \/>\nPolypropyl\u00e8ne solide<br \/>\ntiss\u00e9<\/p>\n<p>&nbsp;<\/p>\n<p>Tous nos filets tiss\u00e9s sont fabriqu\u00e9s avec des produits de haute qualit\u00e9 et ont \u00e9t\u00e9 test\u00e9s du point de vue toxicit\u00e9 par T\u00dcV-S\u00fcd.<\/p>\n","protected":false},"excerpt":{"rendered":"<p id=\"tw-target-text\" class=\"tw-data-text tw-text-large tw-ta\" dir=\"ltr\" data-placeholder=\"\u00dcbersetzung\"><span class=\"Y2IQFc\" lang=\"fr\">Achetez un filet, utilisez deux tailles de mailles. Un c\u00f4t\u00e9 a une taille de maille de 4,5 cm, l&rsquo;autre c\u00f4t\u00e9 est de 3,0 cm ou 6,0 cm. Parfait pour commencer, vous n&rsquo;avez pas besoin d&rsquo;acheter deux filets ou d&rsquo;utiliser diff\u00e9rentes tailles de mailles de diff\u00e9rents c\u00f4t\u00e9s.<\/span><\/p>\n","protected":false},"featured_media":19870,"comment_status":"open","ping_status":"closed","template":"","meta":[],"product_brand":[],"product_cat":[85],"product_tag":[],"class_list":{"0":"post-20021","1":"product","2":"type-product","3":"status-publish","4":"has-post-thumbnail","6":"product_cat-filet-a-foin-a-grande-contenance","7":"aux-has-gallery","9":"first","10":"instock","11":"taxable","12":"shipping-taxable","13":"purchasable","14":"product-type-variable"},"yoast_head":"<!-- This site is optimized with the Yoast SEO plugin v27.4 - https:\/\/yoast.com\/product\/yoast-seo-wordpress\/ -->\n<title>Filet \u00e0 foin \u00e0 grande contenance \u00ab Duoline \u00bb - Equisana Sarl tout simplement naturel<\/title>\n<meta name=\"description\" content=\"Commander maintenant filet \u00e0 foin \u00e0 grande contenance, \u00ab Duoline \u00bb. Pour le montage fixe mais toute de m\u00eame facile \u00e0 transporter d\u2019A \u00e0 B. Id\u00e9al pour \u00e9curie, pr\u00e9 et paddock.\" \/>\n<meta name=\"robots\" content=\"index, follow, max-snippet:-1, max-image-preview:large, max-video-preview:-1\" \/>\n<link rel=\"canonical\" href=\"https:\/\/equisana.ch\/fr\/produit\/filet-a-foin-a-grande-contenance-duoline\/\" \/>\n<meta property=\"og:locale\" content=\"fr_FR\" \/>\n<meta property=\"og:type\" content=\"article\" \/>\n<meta property=\"og:title\" content=\"Filet \u00e0 foin \u00e0 grande contenance \u00ab Duoline \u00bb - Equisana Sarl tout simplement naturel\" \/>\n<meta property=\"og:description\" content=\"Commander maintenant filet \u00e0 foin \u00e0 grande contenance, \u00ab Duoline \u00bb. Pour le montage fixe mais toute de m\u00eame facile \u00e0 transporter d\u2019A \u00e0 B. Id\u00e9al pour \u00e9curie, pr\u00e9 et paddock.\" \/>\n<meta property=\"og:url\" content=\"https:\/\/equisana.ch\/fr\/produit\/filet-a-foin-a-grande-contenance-duoline\/\" \/>\n<meta property=\"og:site_name\" content=\"Equisana Sarl tout simplement naturel\" \/>\n<meta property=\"article:publisher\" content=\"https:\/\/www.facebook.com\/Equisana\/\" \/>\n<meta property=\"article:modified_time\" content=\"2026-04-20T02:41:23+00:00\" \/>\n<meta property=\"og:image\" content=\"https:\/\/equisana.ch\/wp-content\/uploads\/2023\/03\/Equisana-engmaschige-heunetze-taschenheunetz-duoline-gross.jpg\" \/>\n\t<meta property=\"og:image:width\" content=\"1400\" \/>\n\t<meta property=\"og:image:height\" content=\"1400\" \/>\n\t<meta property=\"og:image:type\" content=\"image\/jpeg\" \/>\n<meta name=\"twitter:card\" content=\"summary_large_image\" \/>\n<meta name=\"twitter:label1\" content=\"Dur\u00e9e de lecture estim\u00e9e\" \/>\n\t<meta name=\"twitter:data1\" content=\"2 minutes\" \/>\n<script type=\"application\/ld+json\" class=\"yoast-schema-graph\">{\"@context\":\"https:\\\/\\\/schema.org\",\"@graph\":[{\"@type\":\"WebPage\",\"@id\":\"https:\\\/\\\/equisana.ch\\\/fr\\\/produit\\\/filet-a-foin-a-grande-contenance-duoline\\\/\",\"url\":\"https:\\\/\\\/equisana.ch\\\/fr\\\/produit\\\/filet-a-foin-a-grande-contenance-duoline\\\/\",\"name\":\"Filet \u00e0 foin \u00e0 grande contenance \u00ab Duoline \u00bb - Equisana Sarl tout simplement naturel\",\"isPartOf\":{\"@id\":\"https:\\\/\\\/equisana.ch\\\/#website\"},\"primaryImageOfPage\":{\"@id\":\"https:\\\/\\\/equisana.ch\\\/fr\\\/produit\\\/filet-a-foin-a-grande-contenance-duoline\\\/#primaryimage\"},\"image\":{\"@id\":\"https:\\\/\\\/equisana.ch\\\/fr\\\/produit\\\/filet-a-foin-a-grande-contenance-duoline\\\/#primaryimage\"},\"thumbnailUrl\":\"https:\\\/\\\/equisana.ch\\\/wp-content\\\/uploads\\\/2023\\\/03\\\/Equisana-engmaschige-heunetze-taschenheunetz-duoline-gross.jpg\",\"datePublished\":\"2023-03-18T21:27:35+00:00\",\"dateModified\":\"2026-04-20T02:41:23+00:00\",\"description\":\"Commander maintenant filet \u00e0 foin \u00e0 grande contenance, \u00ab Duoline \u00bb. Pour le montage fixe mais toute de m\u00eame facile \u00e0 transporter d\u2019A \u00e0 B. Id\u00e9al pour \u00e9curie, pr\u00e9 et paddock.\",\"breadcrumb\":{\"@id\":\"https:\\\/\\\/equisana.ch\\\/fr\\\/produit\\\/filet-a-foin-a-grande-contenance-duoline\\\/#breadcrumb\"},\"inLanguage\":\"fr-FR\",\"potentialAction\":[{\"@type\":\"ReadAction\",\"target\":[\"https:\\\/\\\/equisana.ch\\\/fr\\\/produit\\\/filet-a-foin-a-grande-contenance-duoline\\\/\"]}]},{\"@type\":\"ImageObject\",\"inLanguage\":\"fr-FR\",\"@id\":\"https:\\\/\\\/equisana.ch\\\/fr\\\/produit\\\/filet-a-foin-a-grande-contenance-duoline\\\/#primaryimage\",\"url\":\"https:\\\/\\\/equisana.ch\\\/wp-content\\\/uploads\\\/2023\\\/03\\\/Equisana-engmaschige-heunetze-taschenheunetz-duoline-gross.jpg\",\"contentUrl\":\"https:\\\/\\\/equisana.ch\\\/wp-content\\\/uploads\\\/2023\\\/03\\\/Equisana-engmaschige-heunetze-taschenheunetz-duoline-gross.jpg\",\"width\":1400,\"height\":1400},{\"@type\":\"BreadcrumbList\",\"@id\":\"https:\\\/\\\/equisana.ch\\\/fr\\\/produit\\\/filet-a-foin-a-grande-contenance-duoline\\\/#breadcrumb\",\"itemListElement\":[{\"@type\":\"ListItem\",\"position\":1,\"name\":\"Startseite\",\"item\":\"https:\\\/\\\/equisana.ch\\\/\"},{\"@type\":\"ListItem\",\"position\":2,\"name\":\"Tous les produits hippiques EQUISANA\",\"item\":\"https:\\\/\\\/equisana.ch\\\/fr\\\/produits\\\/\"},{\"@type\":\"ListItem\",\"position\":3,\"name\":\"Filet \u00e0 foin \u00e0 grande contenance \u00ab Duoline \u00bb\"}]},{\"@type\":\"WebSite\",\"@id\":\"https:\\\/\\\/equisana.ch\\\/#website\",\"url\":\"https:\\\/\\\/equisana.ch\\\/\",\"name\":\"EQUISANA GmbH einfach nat\u00fcrlich\",\"description\":\"Tout simplement naturel\",\"publisher\":{\"@id\":\"https:\\\/\\\/equisana.ch\\\/#organization\"},\"potentialAction\":[{\"@type\":\"SearchAction\",\"target\":{\"@type\":\"EntryPoint\",\"urlTemplate\":\"https:\\\/\\\/equisana.ch\\\/?s={search_term_string}\"},\"query-input\":{\"@type\":\"PropertyValueSpecification\",\"valueRequired\":true,\"valueName\":\"search_term_string\"}}],\"inLanguage\":\"fr-FR\"},{\"@type\":\"Organization\",\"@id\":\"https:\\\/\\\/equisana.ch\\\/#organization\",\"name\":\"EQUISANA GmbH einfach nat\u00fcrlich\",\"url\":\"https:\\\/\\\/equisana.ch\\\/\",\"logo\":{\"@type\":\"ImageObject\",\"inLanguage\":\"fr-FR\",\"@id\":\"https:\\\/\\\/equisana.ch\\\/#\\\/schema\\\/logo\\\/image\\\/\",\"url\":\"https:\\\/\\\/equisana.ch\\\/wp-content\\\/uploads\\\/2023\\\/03\\\/cropped-equisana-logo.png\",\"contentUrl\":\"https:\\\/\\\/equisana.ch\\\/wp-content\\\/uploads\\\/2023\\\/03\\\/cropped-equisana-logo.png\",\"width\":342,\"height\":124,\"caption\":\"EQUISANA GmbH einfach nat\u00fcrlich\"},\"image\":{\"@id\":\"https:\\\/\\\/equisana.ch\\\/#\\\/schema\\\/logo\\\/image\\\/\"},\"sameAs\":[\"https:\\\/\\\/www.facebook.com\\\/Equisana\\\/\"]}]}<\/script>\n<!-- \/ Yoast SEO plugin. -->","yoast_head_json":{"title":"Filet \u00e0 foin \u00e0 grande contenance \u00ab Duoline \u00bb - Equisana Sarl tout simplement naturel","description":"Commander maintenant filet \u00e0 foin \u00e0 grande contenance, \u00ab Duoline \u00bb. Pour le montage fixe mais toute de m\u00eame facile \u00e0 transporter d\u2019A \u00e0 B. Id\u00e9al pour \u00e9curie, pr\u00e9 et paddock.","robots":{"index":"index","follow":"follow","max-snippet":"max-snippet:-1","max-image-preview":"max-image-preview:large","max-video-preview":"max-video-preview:-1"},"canonical":"https:\/\/equisana.ch\/fr\/produit\/filet-a-foin-a-grande-contenance-duoline\/","og_locale":"fr_FR","og_type":"article","og_title":"Filet \u00e0 foin \u00e0 grande contenance \u00ab Duoline \u00bb - Equisana Sarl tout simplement naturel","og_description":"Commander maintenant filet \u00e0 foin \u00e0 grande contenance, \u00ab Duoline \u00bb. Pour le montage fixe mais toute de m\u00eame facile \u00e0 transporter d\u2019A \u00e0 B. Id\u00e9al pour \u00e9curie, pr\u00e9 et paddock.","og_url":"https:\/\/equisana.ch\/fr\/produit\/filet-a-foin-a-grande-contenance-duoline\/","og_site_name":"Equisana Sarl tout simplement naturel","article_publisher":"https:\/\/www.facebook.com\/Equisana\/","article_modified_time":"2026-04-20T02:41:23+00:00","og_image":[{"width":1400,"height":1400,"url":"https:\/\/equisana.ch\/wp-content\/uploads\/2023\/03\/Equisana-engmaschige-heunetze-taschenheunetz-duoline-gross.jpg","type":"image\/jpeg"}],"twitter_card":"summary_large_image","twitter_misc":{"Dur\u00e9e de lecture estim\u00e9e":"2 minutes"},"schema":{"@context":"https:\/\/schema.org","@graph":[{"@type":"WebPage","@id":"https:\/\/equisana.ch\/fr\/produit\/filet-a-foin-a-grande-contenance-duoline\/","url":"https:\/\/equisana.ch\/fr\/produit\/filet-a-foin-a-grande-contenance-duoline\/","name":"Filet \u00e0 foin \u00e0 grande contenance \u00ab Duoline \u00bb - Equisana Sarl tout simplement naturel","isPartOf":{"@id":"https:\/\/equisana.ch\/#website"},"primaryImageOfPage":{"@id":"https:\/\/equisana.ch\/fr\/produit\/filet-a-foin-a-grande-contenance-duoline\/#primaryimage"},"image":{"@id":"https:\/\/equisana.ch\/fr\/produit\/filet-a-foin-a-grande-contenance-duoline\/#primaryimage"},"thumbnailUrl":"https:\/\/equisana.ch\/wp-content\/uploads\/2023\/03\/Equisana-engmaschige-heunetze-taschenheunetz-duoline-gross.jpg","datePublished":"2023-03-18T21:27:35+00:00","dateModified":"2026-04-20T02:41:23+00:00","description":"Commander maintenant filet \u00e0 foin \u00e0 grande contenance, \u00ab Duoline \u00bb. Pour le montage fixe mais toute de m\u00eame facile \u00e0 transporter d\u2019A \u00e0 B. Id\u00e9al pour \u00e9curie, pr\u00e9 et paddock.","breadcrumb":{"@id":"https:\/\/equisana.ch\/fr\/produit\/filet-a-foin-a-grande-contenance-duoline\/#breadcrumb"},"inLanguage":"fr-FR","potentialAction":[{"@type":"ReadAction","target":["https:\/\/equisana.ch\/fr\/produit\/filet-a-foin-a-grande-contenance-duoline\/"]}]},{"@type":"ImageObject","inLanguage":"fr-FR","@id":"https:\/\/equisana.ch\/fr\/produit\/filet-a-foin-a-grande-contenance-duoline\/#primaryimage","url":"https:\/\/equisana.ch\/wp-content\/uploads\/2023\/03\/Equisana-engmaschige-heunetze-taschenheunetz-duoline-gross.jpg","contentUrl":"https:\/\/equisana.ch\/wp-content\/uploads\/2023\/03\/Equisana-engmaschige-heunetze-taschenheunetz-duoline-gross.jpg","width":1400,"height":1400},{"@type":"BreadcrumbList","@id":"https:\/\/equisana.ch\/fr\/produit\/filet-a-foin-a-grande-contenance-duoline\/#breadcrumb","itemListElement":[{"@type":"ListItem","position":1,"name":"Startseite","item":"https:\/\/equisana.ch\/"},{"@type":"ListItem","position":2,"name":"Tous les produits hippiques EQUISANA","item":"https:\/\/equisana.ch\/fr\/produits\/"},{"@type":"ListItem","position":3,"name":"Filet \u00e0 foin \u00e0 grande contenance \u00ab Duoline \u00bb"}]},{"@type":"WebSite","@id":"https:\/\/equisana.ch\/#website","url":"https:\/\/equisana.ch\/","name":"EQUISANA GmbH einfach nat\u00fcrlich","description":"Tout simplement naturel","publisher":{"@id":"https:\/\/equisana.ch\/#organization"},"potentialAction":[{"@type":"SearchAction","target":{"@type":"EntryPoint","urlTemplate":"https:\/\/equisana.ch\/?s={search_term_string}"},"query-input":{"@type":"PropertyValueSpecification","valueRequired":true,"valueName":"search_term_string"}}],"inLanguage":"fr-FR"},{"@type":"Organization","@id":"https:\/\/equisana.ch\/#organization","name":"EQUISANA GmbH einfach nat\u00fcrlich","url":"https:\/\/equisana.ch\/","logo":{"@type":"ImageObject","inLanguage":"fr-FR","@id":"https:\/\/equisana.ch\/#\/schema\/logo\/image\/","url":"https:\/\/equisana.ch\/wp-content\/uploads\/2023\/03\/cropped-equisana-logo.png","contentUrl":"https:\/\/equisana.ch\/wp-content\/uploads\/2023\/03\/cropped-equisana-logo.png","width":342,"height":124,"caption":"EQUISANA GmbH einfach nat\u00fcrlich"},"image":{"@id":"https:\/\/equisana.ch\/#\/schema\/logo\/image\/"},"sameAs":["https:\/\/www.facebook.com\/Equisana\/"]}]}},"_links":{"self":[{"href":"https:\/\/equisana.ch\/fr\/wp-json\/wp\/v2\/product\/20021","targetHints":{"allow":["GET"]}}],"collection":[{"href":"https:\/\/equisana.ch\/fr\/wp-json\/wp\/v2\/product"}],"about":[{"href":"https:\/\/equisana.ch\/fr\/wp-json\/wp\/v2\/types\/product"}],"replies":[{"embeddable":true,"href":"https:\/\/equisana.ch\/fr\/wp-json\/wp\/v2\/comments?post=20021"}],"wp:featuredmedia":[{"embeddable":true,"href":"https:\/\/equisana.ch\/fr\/wp-json\/wp\/v2\/media\/19870"}],"wp:attachment":[{"href":"https:\/\/equisana.ch\/fr\/wp-json\/wp\/v2\/media?parent=20021"}],"wp:term":[{"taxonomy":"product_brand","embeddable":true,"href":"https:\/\/equisana.ch\/fr\/wp-json\/wp\/v2\/product_brand?post=20021"},{"taxonomy":"product_cat","embeddable":true,"href":"https:\/\/equisana.ch\/fr\/wp-json\/wp\/v2\/product_cat?post=20021"},{"taxonomy":"product_tag","embeddable":true,"href":"https:\/\/equisana.ch\/fr\/wp-json\/wp\/v2\/product_tag?post=20021"}],"curies":[{"name":"wp","href":"https:\/\/api.w.org\/{rel}","templated":true}]}}