{"id":20048,"date":"2023-03-18T21:28:08","date_gmt":"2023-03-18T21:28:08","guid":{"rendered":"https:\/\/shop.equisana.ch\/?post_type=product&#038;p=20048"},"modified":"2026-04-02T10:54:23","modified_gmt":"2026-04-02T10:54:23","slug":"filet-a-foin-pour-balles-rondes-taille-de-maille-4-5-cm","status":"publish","type":"product","link":"https:\/\/equisana.ch\/fr\/produit\/filet-a-foin-pour-balles-rondes-taille-de-maille-4-5-cm\/","title":{"rendered":"Filet \u00e0 foin pour balles rondes, taille de maille 4.5 cm"},"content":{"rendered":"<h3>Descriptif d\u00e9taill\u00e9<\/h3>\n<p>Ces filets \u00e0 foin sont confectionn\u00e9s en 3 dimensions, comme un sac avec une ouverture sur l\u2019un des c\u00f4t\u00e9s. Le filet peut \u00eatre enfil\u00e9 sur la balle ronde comme un bas, avec l\u2019ouverture dirig\u00e9e vers le sol. Ensuite retourner le tout, tirer le filet vers le haut et fermer le filet avec la corde fournie.<br \/>\nLe filet peut \u00e9galement \u00eatre suspendu<\/p>\n<p>&nbsp;<\/p>\n<h3>Mesures<\/h3>\n<p>Hauteur : 1.60 m\u00e8tre<br \/>\nSuperficie au sol : 1.40 x 1.40 m\u00e8tre<\/p>\n<p>&nbsp;<\/p>\n<p>ou bien<\/p>\n<p>&nbsp;<\/p>\n<p>Hauteur : 1.80 m\u00e8tre<br \/>\nSuperficie au sol : 1.60 x 1.60 m\u00e8tre<\/p>\n<p>&nbsp;<\/p>\n<p>Renforcement lat\u00e9ral env. 8-10mm<br \/>\nEnti\u00e8rement ferm\u00e9 sur le c\u00f4t\u00e9<br \/>\nEpaisseur du cordon 5 mm<br \/>\nTaille effective de l\u2019ouverture : 4.0cm<br \/>\nTaille id\u00e9ale de mailles pour d\u00e9buter<\/p>\n<p>&nbsp;<\/p>\n<h3>Couleur &amp; Mat\u00e9riel<\/h3>\n<p>Vert<br \/>\nPolypropyl\u00e8ne solide<br \/>\ntiss\u00e9<\/p>\n<p>&nbsp;<\/p>\n<p>Tous nos filets tiss\u00e9s sont fabriqu\u00e9s avec des produits de haute qualit\u00e9 et ont \u00e9t\u00e9 test\u00e9s du point de vue toxicit\u00e9 par T\u00dcV-S\u00fcd.<\/p>\n<p>&nbsp;<\/p>\n<p><strong>Informations importantes :<\/strong><\/p>\n<p>Les filets \u00e0 foin doivent toujours \u00eatre correctement retendus ! Sinon, trop de filet g\u00eane l&rsquo;acc\u00e8s et des d\u00e9chirures \/ morsures sont in\u00e9vitables.<\/p>\n<p>Si le foin n&rsquo;est pas librement accessible dans ou sous le filet, les animaux ne peuvent pas l&rsquo;atteindre, ce qui entra\u00eene \u00e9galement des trous par morsures .<\/p>\n<p>Si la longueur des tiges change, il peut \u00eatre n\u00e9cessaire d&rsquo;utiliser des mailles plus grandes qu&rsquo;auparavant.<\/p>\n<p>Vous trouverez plus d&rsquo;informations int\u00e9ressantes dans la rubrique \u00ab\u00a0<a href=\"https:\/\/equisana.ch\/fr\/category\/filet-a-foin\/\">conseils<\/a>\u00ab\u00a0. Il est conseill\u00e9 de lire ces articles avant de passer commande.<\/p>\n<p>&nbsp;<\/p>\n","protected":false},"excerpt":{"rendered":"<p>Filet \u00e0 foin pour emballer enti\u00e8rement une balle ronde<\/p>\n","protected":false},"featured_media":19763,"comment_status":"open","ping_status":"closed","template":"","meta":[],"product_brand":[],"product_cat":[87],"product_tag":[],"class_list":{"0":"post-20048","1":"product","2":"type-product","3":"status-publish","4":"has-post-thumbnail","6":"product_cat-filets-a-foin-pour-balles-rondes","7":"aux-has-gallery","9":"first","10":"instock","11":"taxable","12":"shipping-taxable","13":"purchasable","14":"product-type-variable"},"yoast_head":"<!-- This site is optimized with the Yoast SEO plugin v27.3 - https:\/\/yoast.com\/product\/yoast-seo-wordpress\/ -->\n<title>Filet \u00e0 foin pour balles rondes, taille de maille 4.5 cm - Equisana Sarl tout simplement naturel<\/title>\n<meta name=\"description\" content=\"Commander maintenant Filet \u00e0 foin pour balles rondes, taille de maille 4.5 cm. Filets \u00e0 foin en 3 dimensions comme un sac avec ouverture sur l\u2019un des c\u00f4t\u00e9s pour enfiler sur une balle ronde. Materiel de haute qualit\u00e9. Test\u00e9 T\u00dcV-S\u00fcd\" \/>\n<meta name=\"robots\" content=\"index, follow, max-snippet:-1, max-image-preview:large, max-video-preview:-1\" \/>\n<link rel=\"canonical\" href=\"https:\/\/equisana.ch\/fr\/produit\/filet-a-foin-pour-balles-rondes-taille-de-maille-4-5-cm\/\" \/>\n<meta property=\"og:locale\" content=\"fr_FR\" \/>\n<meta property=\"og:type\" content=\"article\" \/>\n<meta property=\"og:title\" content=\"Filet \u00e0 foin pour balles rondes, taille de maille 4.5 cm - Equisana Sarl tout simplement naturel\" \/>\n<meta property=\"og:description\" content=\"Commander maintenant Filet \u00e0 foin pour balles rondes, taille de maille 4.5 cm. Filets \u00e0 foin en 3 dimensions comme un sac avec ouverture sur l\u2019un des c\u00f4t\u00e9s pour enfiler sur une balle ronde. Materiel de haute qualit\u00e9. Test\u00e9 T\u00dcV-S\u00fcd\" \/>\n<meta property=\"og:url\" content=\"https:\/\/equisana.ch\/fr\/produit\/filet-a-foin-pour-balles-rondes-taille-de-maille-4-5-cm\/\" \/>\n<meta property=\"og:site_name\" content=\"Equisana Sarl tout simplement naturel\" \/>\n<meta property=\"article:publisher\" content=\"https:\/\/www.facebook.com\/Equisana\/\" \/>\n<meta property=\"article:modified_time\" content=\"2026-04-02T10:54:23+00:00\" \/>\n<meta property=\"og:image\" content=\"https:\/\/equisana.ch\/wp-content\/uploads\/2023\/03\/Equisana-engmaschige-heunetze-heunetze-rundballenheunetz.jpg\" \/>\n\t<meta property=\"og:image:width\" content=\"1400\" \/>\n\t<meta property=\"og:image:height\" content=\"1400\" \/>\n\t<meta property=\"og:image:type\" content=\"image\/jpeg\" \/>\n<meta name=\"twitter:card\" content=\"summary_large_image\" \/>\n<meta name=\"twitter:label1\" content=\"Dur\u00e9e de lecture estim\u00e9e\" \/>\n\t<meta name=\"twitter:data1\" content=\"1 minute\" \/>\n<script type=\"application\/ld+json\" class=\"yoast-schema-graph\">{\"@context\":\"https:\\\/\\\/schema.org\",\"@graph\":[{\"@type\":\"WebPage\",\"@id\":\"https:\\\/\\\/equisana.ch\\\/fr\\\/produit\\\/filet-a-foin-pour-balles-rondes-taille-de-maille-4-5-cm\\\/\",\"url\":\"https:\\\/\\\/equisana.ch\\\/fr\\\/produit\\\/filet-a-foin-pour-balles-rondes-taille-de-maille-4-5-cm\\\/\",\"name\":\"Filet \u00e0 foin pour balles rondes, taille de maille 4.5 cm - Equisana Sarl tout simplement naturel\",\"isPartOf\":{\"@id\":\"https:\\\/\\\/equisana.ch\\\/#website\"},\"primaryImageOfPage\":{\"@id\":\"https:\\\/\\\/equisana.ch\\\/fr\\\/produit\\\/filet-a-foin-pour-balles-rondes-taille-de-maille-4-5-cm\\\/#primaryimage\"},\"image\":{\"@id\":\"https:\\\/\\\/equisana.ch\\\/fr\\\/produit\\\/filet-a-foin-pour-balles-rondes-taille-de-maille-4-5-cm\\\/#primaryimage\"},\"thumbnailUrl\":\"https:\\\/\\\/equisana.ch\\\/wp-content\\\/uploads\\\/2023\\\/03\\\/Equisana-engmaschige-heunetze-heunetze-rundballenheunetz.jpg\",\"datePublished\":\"2023-03-18T21:28:08+00:00\",\"dateModified\":\"2026-04-02T10:54:23+00:00\",\"description\":\"Commander maintenant Filet \u00e0 foin pour balles rondes, taille de maille 4.5 cm. Filets \u00e0 foin en 3 dimensions comme un sac avec ouverture sur l\u2019un des c\u00f4t\u00e9s pour enfiler sur une balle ronde. Materiel de haute qualit\u00e9. Test\u00e9 T\u00dcV-S\u00fcd\",\"breadcrumb\":{\"@id\":\"https:\\\/\\\/equisana.ch\\\/fr\\\/produit\\\/filet-a-foin-pour-balles-rondes-taille-de-maille-4-5-cm\\\/#breadcrumb\"},\"inLanguage\":\"fr-FR\",\"potentialAction\":[{\"@type\":\"ReadAction\",\"target\":[\"https:\\\/\\\/equisana.ch\\\/fr\\\/produit\\\/filet-a-foin-pour-balles-rondes-taille-de-maille-4-5-cm\\\/\"]}]},{\"@type\":\"ImageObject\",\"inLanguage\":\"fr-FR\",\"@id\":\"https:\\\/\\\/equisana.ch\\\/fr\\\/produit\\\/filet-a-foin-pour-balles-rondes-taille-de-maille-4-5-cm\\\/#primaryimage\",\"url\":\"https:\\\/\\\/equisana.ch\\\/wp-content\\\/uploads\\\/2023\\\/03\\\/Equisana-engmaschige-heunetze-heunetze-rundballenheunetz.jpg\",\"contentUrl\":\"https:\\\/\\\/equisana.ch\\\/wp-content\\\/uploads\\\/2023\\\/03\\\/Equisana-engmaschige-heunetze-heunetze-rundballenheunetz.jpg\",\"width\":1400,\"height\":1400},{\"@type\":\"BreadcrumbList\",\"@id\":\"https:\\\/\\\/equisana.ch\\\/fr\\\/produit\\\/filet-a-foin-pour-balles-rondes-taille-de-maille-4-5-cm\\\/#breadcrumb\",\"itemListElement\":[{\"@type\":\"ListItem\",\"position\":1,\"name\":\"Startseite\",\"item\":\"https:\\\/\\\/equisana.ch\\\/\"},{\"@type\":\"ListItem\",\"position\":2,\"name\":\"Tous les produits hippiques EQUISANA\",\"item\":\"https:\\\/\\\/equisana.ch\\\/fr\\\/produits\\\/\"},{\"@type\":\"ListItem\",\"position\":3,\"name\":\"Filet \u00e0 foin pour balles rondes, taille de maille 4.5 cm\"}]},{\"@type\":\"WebSite\",\"@id\":\"https:\\\/\\\/equisana.ch\\\/#website\",\"url\":\"https:\\\/\\\/equisana.ch\\\/\",\"name\":\"EQUISANA GmbH einfach nat\u00fcrlich\",\"description\":\"Tout simplement naturel\",\"publisher\":{\"@id\":\"https:\\\/\\\/equisana.ch\\\/#organization\"},\"potentialAction\":[{\"@type\":\"SearchAction\",\"target\":{\"@type\":\"EntryPoint\",\"urlTemplate\":\"https:\\\/\\\/equisana.ch\\\/?s={search_term_string}\"},\"query-input\":{\"@type\":\"PropertyValueSpecification\",\"valueRequired\":true,\"valueName\":\"search_term_string\"}}],\"inLanguage\":\"fr-FR\"},{\"@type\":\"Organization\",\"@id\":\"https:\\\/\\\/equisana.ch\\\/#organization\",\"name\":\"EQUISANA GmbH einfach nat\u00fcrlich\",\"url\":\"https:\\\/\\\/equisana.ch\\\/\",\"logo\":{\"@type\":\"ImageObject\",\"inLanguage\":\"fr-FR\",\"@id\":\"https:\\\/\\\/equisana.ch\\\/#\\\/schema\\\/logo\\\/image\\\/\",\"url\":\"https:\\\/\\\/equisana.ch\\\/wp-content\\\/uploads\\\/2023\\\/03\\\/cropped-equisana-logo.png\",\"contentUrl\":\"https:\\\/\\\/equisana.ch\\\/wp-content\\\/uploads\\\/2023\\\/03\\\/cropped-equisana-logo.png\",\"width\":342,\"height\":124,\"caption\":\"EQUISANA GmbH einfach nat\u00fcrlich\"},\"image\":{\"@id\":\"https:\\\/\\\/equisana.ch\\\/#\\\/schema\\\/logo\\\/image\\\/\"},\"sameAs\":[\"https:\\\/\\\/www.facebook.com\\\/Equisana\\\/\"]}]}<\/script>\n<!-- \/ Yoast SEO plugin. -->","yoast_head_json":{"title":"Filet \u00e0 foin pour balles rondes, taille de maille 4.5 cm - Equisana Sarl tout simplement naturel","description":"Commander maintenant Filet \u00e0 foin pour balles rondes, taille de maille 4.5 cm. Filets \u00e0 foin en 3 dimensions comme un sac avec ouverture sur l\u2019un des c\u00f4t\u00e9s pour enfiler sur une balle ronde. Materiel de haute qualit\u00e9. Test\u00e9 T\u00dcV-S\u00fcd","robots":{"index":"index","follow":"follow","max-snippet":"max-snippet:-1","max-image-preview":"max-image-preview:large","max-video-preview":"max-video-preview:-1"},"canonical":"https:\/\/equisana.ch\/fr\/produit\/filet-a-foin-pour-balles-rondes-taille-de-maille-4-5-cm\/","og_locale":"fr_FR","og_type":"article","og_title":"Filet \u00e0 foin pour balles rondes, taille de maille 4.5 cm - Equisana Sarl tout simplement naturel","og_description":"Commander maintenant Filet \u00e0 foin pour balles rondes, taille de maille 4.5 cm. Filets \u00e0 foin en 3 dimensions comme un sac avec ouverture sur l\u2019un des c\u00f4t\u00e9s pour enfiler sur une balle ronde. Materiel de haute qualit\u00e9. Test\u00e9 T\u00dcV-S\u00fcd","og_url":"https:\/\/equisana.ch\/fr\/produit\/filet-a-foin-pour-balles-rondes-taille-de-maille-4-5-cm\/","og_site_name":"Equisana Sarl tout simplement naturel","article_publisher":"https:\/\/www.facebook.com\/Equisana\/","article_modified_time":"2026-04-02T10:54:23+00:00","og_image":[{"width":1400,"height":1400,"url":"https:\/\/equisana.ch\/wp-content\/uploads\/2023\/03\/Equisana-engmaschige-heunetze-heunetze-rundballenheunetz.jpg","type":"image\/jpeg"}],"twitter_card":"summary_large_image","twitter_misc":{"Dur\u00e9e de lecture estim\u00e9e":"1 minute"},"schema":{"@context":"https:\/\/schema.org","@graph":[{"@type":"WebPage","@id":"https:\/\/equisana.ch\/fr\/produit\/filet-a-foin-pour-balles-rondes-taille-de-maille-4-5-cm\/","url":"https:\/\/equisana.ch\/fr\/produit\/filet-a-foin-pour-balles-rondes-taille-de-maille-4-5-cm\/","name":"Filet \u00e0 foin pour balles rondes, taille de maille 4.5 cm - Equisana Sarl tout simplement naturel","isPartOf":{"@id":"https:\/\/equisana.ch\/#website"},"primaryImageOfPage":{"@id":"https:\/\/equisana.ch\/fr\/produit\/filet-a-foin-pour-balles-rondes-taille-de-maille-4-5-cm\/#primaryimage"},"image":{"@id":"https:\/\/equisana.ch\/fr\/produit\/filet-a-foin-pour-balles-rondes-taille-de-maille-4-5-cm\/#primaryimage"},"thumbnailUrl":"https:\/\/equisana.ch\/wp-content\/uploads\/2023\/03\/Equisana-engmaschige-heunetze-heunetze-rundballenheunetz.jpg","datePublished":"2023-03-18T21:28:08+00:00","dateModified":"2026-04-02T10:54:23+00:00","description":"Commander maintenant Filet \u00e0 foin pour balles rondes, taille de maille 4.5 cm. Filets \u00e0 foin en 3 dimensions comme un sac avec ouverture sur l\u2019un des c\u00f4t\u00e9s pour enfiler sur une balle ronde. Materiel de haute qualit\u00e9. Test\u00e9 T\u00dcV-S\u00fcd","breadcrumb":{"@id":"https:\/\/equisana.ch\/fr\/produit\/filet-a-foin-pour-balles-rondes-taille-de-maille-4-5-cm\/#breadcrumb"},"inLanguage":"fr-FR","potentialAction":[{"@type":"ReadAction","target":["https:\/\/equisana.ch\/fr\/produit\/filet-a-foin-pour-balles-rondes-taille-de-maille-4-5-cm\/"]}]},{"@type":"ImageObject","inLanguage":"fr-FR","@id":"https:\/\/equisana.ch\/fr\/produit\/filet-a-foin-pour-balles-rondes-taille-de-maille-4-5-cm\/#primaryimage","url":"https:\/\/equisana.ch\/wp-content\/uploads\/2023\/03\/Equisana-engmaschige-heunetze-heunetze-rundballenheunetz.jpg","contentUrl":"https:\/\/equisana.ch\/wp-content\/uploads\/2023\/03\/Equisana-engmaschige-heunetze-heunetze-rundballenheunetz.jpg","width":1400,"height":1400},{"@type":"BreadcrumbList","@id":"https:\/\/equisana.ch\/fr\/produit\/filet-a-foin-pour-balles-rondes-taille-de-maille-4-5-cm\/#breadcrumb","itemListElement":[{"@type":"ListItem","position":1,"name":"Startseite","item":"https:\/\/equisana.ch\/"},{"@type":"ListItem","position":2,"name":"Tous les produits hippiques EQUISANA","item":"https:\/\/equisana.ch\/fr\/produits\/"},{"@type":"ListItem","position":3,"name":"Filet \u00e0 foin pour balles rondes, taille de maille 4.5 cm"}]},{"@type":"WebSite","@id":"https:\/\/equisana.ch\/#website","url":"https:\/\/equisana.ch\/","name":"EQUISANA GmbH einfach nat\u00fcrlich","description":"Tout simplement naturel","publisher":{"@id":"https:\/\/equisana.ch\/#organization"},"potentialAction":[{"@type":"SearchAction","target":{"@type":"EntryPoint","urlTemplate":"https:\/\/equisana.ch\/?s={search_term_string}"},"query-input":{"@type":"PropertyValueSpecification","valueRequired":true,"valueName":"search_term_string"}}],"inLanguage":"fr-FR"},{"@type":"Organization","@id":"https:\/\/equisana.ch\/#organization","name":"EQUISANA GmbH einfach nat\u00fcrlich","url":"https:\/\/equisana.ch\/","logo":{"@type":"ImageObject","inLanguage":"fr-FR","@id":"https:\/\/equisana.ch\/#\/schema\/logo\/image\/","url":"https:\/\/equisana.ch\/wp-content\/uploads\/2023\/03\/cropped-equisana-logo.png","contentUrl":"https:\/\/equisana.ch\/wp-content\/uploads\/2023\/03\/cropped-equisana-logo.png","width":342,"height":124,"caption":"EQUISANA GmbH einfach nat\u00fcrlich"},"image":{"@id":"https:\/\/equisana.ch\/#\/schema\/logo\/image\/"},"sameAs":["https:\/\/www.facebook.com\/Equisana\/"]}]}},"_links":{"self":[{"href":"https:\/\/equisana.ch\/fr\/wp-json\/wp\/v2\/product\/20048","targetHints":{"allow":["GET"]}}],"collection":[{"href":"https:\/\/equisana.ch\/fr\/wp-json\/wp\/v2\/product"}],"about":[{"href":"https:\/\/equisana.ch\/fr\/wp-json\/wp\/v2\/types\/product"}],"replies":[{"embeddable":true,"href":"https:\/\/equisana.ch\/fr\/wp-json\/wp\/v2\/comments?post=20048"}],"wp:featuredmedia":[{"embeddable":true,"href":"https:\/\/equisana.ch\/fr\/wp-json\/wp\/v2\/media\/19763"}],"wp:attachment":[{"href":"https:\/\/equisana.ch\/fr\/wp-json\/wp\/v2\/media?parent=20048"}],"wp:term":[{"taxonomy":"product_brand","embeddable":true,"href":"https:\/\/equisana.ch\/fr\/wp-json\/wp\/v2\/product_brand?post=20048"},{"taxonomy":"product_cat","embeddable":true,"href":"https:\/\/equisana.ch\/fr\/wp-json\/wp\/v2\/product_cat?post=20048"},{"taxonomy":"product_tag","embeddable":true,"href":"https:\/\/equisana.ch\/fr\/wp-json\/wp\/v2\/product_tag?post=20048"}],"curies":[{"name":"wp","href":"https:\/\/api.w.org\/{rel}","templated":true}]}}