{"id":20111,"date":"2023-03-18T21:29:06","date_gmt":"2023-03-18T21:29:06","guid":{"rendered":"https:\/\/shop.equisana.ch\/?post_type=product&#038;p=20111"},"modified":"2026-04-10T11:55:56","modified_gmt":"2026-04-10T11:55:56","slug":"filet-a-foin-en-forme-de-toile-taille-de-maille-3-8-cm","status":"publish","type":"product","link":"https:\/\/equisana.ch\/fr\/produit\/filet-a-foin-en-forme-de-toile-taille-de-maille-3-8-cm\/","title":{"rendered":"Filet \u00e0 foin en forme de toile, taille de maille 3.8 cm"},"content":{"rendered":"<h3>Descriptif d\u00e9taill\u00e9<\/h3>\n<p>Filet \u00e0 foin en forme de toile, plat, tiss\u00e9, souple<\/p>\n<h3><\/h3>\n<h3>Mesures<\/h3>\n<p>Renforcement lat\u00e9ral env. 8-10mm<br \/>\nEpaisseur du cordon 5 mm<br \/>\nTaille effective de l\u2019ouverture : 3.3 cm<\/p>\n<p>Cette taille de maille n\u2019est recommand\u00e9e qu\u2019aux chevaux qui se d\u00e9brouillent bien avec la taille de maille 4.5cm ou bien les poneys<\/p>\n<p>&nbsp;<\/p>\n<p id=\"tw-target-text\" class=\"tw-data-text tw-text-large tw-ta\" dir=\"ltr\" data-placeholder=\"\u00dcbersetzung\"><strong><span class=\"Y2IQFc\" lang=\"fr\">Ce maillage repr\u00e9sente une nouveaut\u00e9 absolue sur le march\u00e9 ! Vous ne trouverez que cette taille de maille chez nous !<\/span><\/strong><\/p>\n<h3>Couleur &amp; Mat\u00e9riel<\/h3>\n<p>Vert<br \/>\nPolypropyl\u00e8ne solide<br \/>\ntiss\u00e9<\/p>\n<p>&nbsp;<\/p>\n<p>Tous nos filets tiss\u00e9s sont fabriqu\u00e9s avec des produits de haute qualit\u00e9 et ont \u00e9t\u00e9 test\u00e9s du point de vue toxicit\u00e9 par T\u00dcV-S\u00fcd.<\/p>\n<p>&nbsp;<\/p>\n<h3><strong>Informations importantes :<\/strong><\/h3>\n<p>Les filets \u00e0 foin doivent toujours \u00eatre retendus r\u00e9guli\u00e8rement ! Si ce n\u2019est pas le cas, il y a trop de mat\u00e9riel disponible et les morsures sont in\u00e9vitables.<\/p>\n<p>Si le foin n\u2019est pas dispos\u00e9 en vrac dans \/ sous le filet, les animaux ne peuvent pas y acc\u00e9der, ce qui entra\u00eene \u00e9galement des morsures de la corde et donc des trous.<\/p>\n<p>Si la longueur et l\u2019\u00e9paisseur du foin change (foin tr\u00e8s fin par exemple), il peut \u00eatre n\u00e9cessaire d\u2019utiliser une taille de maille plus grande qu\u2019auparavant.<\/p>\n<p>Vous pouvez trouver plus d\u2019informations utiles dans la rubrique <a href=\"https:\/\/equisana.ch\/fr\/category\/filet-a-foin\/\">conseils<\/a>. Il est vivement conseill\u00e9 de lire ces articles avant de commander.<\/p>\n","protected":false},"excerpt":{"rendered":"<p>Ce filet peut \u00eatre utilis\u00e9 afin de recouvrir le foin dans un r\u00e2telier<\/p>\n","protected":false},"featured_media":19814,"comment_status":"closed","ping_status":"closed","template":"","meta":[],"product_brand":[],"product_cat":[89],"product_tag":[],"class_list":{"0":"post-20111","1":"product","2":"type-product","3":"status-publish","4":"has-post-thumbnail","6":"product_cat-filet-a-foin-en-forme-de-toile","7":"aux-has-gallery","9":"first","10":"instock","11":"taxable","12":"shipping-taxable","13":"purchasable","14":"product-type-variable"},"yoast_head":"<!-- This site is optimized with the Yoast SEO plugin v27.4 - https:\/\/yoast.com\/product\/yoast-seo-wordpress\/ -->\n<title>Filet \u00e0 foin en forme de toile, taille de maille 3.8 cm - Equisana Sarl tout simplement naturel<\/title>\n<meta name=\"description\" content=\"Commander maintenant filet \u00e0 foin en forme de toile, taille de maille 3.8 cm. Filet \u00e0 foin en forme de toile, plat, tiss\u00e9, souple. Une nouveaut\u00e9 absolue sur le march\u00e9 qui ne peut \u00eatre achet\u00e9e nulle part ailleurs.\" \/>\n<meta name=\"robots\" content=\"index, follow, max-snippet:-1, max-image-preview:large, max-video-preview:-1\" \/>\n<link rel=\"canonical\" href=\"https:\/\/equisana.ch\/fr\/produit\/filet-a-foin-en-forme-de-toile-taille-de-maille-3-8-cm\/\" \/>\n<meta property=\"og:locale\" content=\"fr_FR\" \/>\n<meta property=\"og:type\" content=\"article\" \/>\n<meta property=\"og:title\" content=\"Filet \u00e0 foin en forme de toile, taille de maille 3.8 cm - Equisana Sarl tout simplement naturel\" \/>\n<meta property=\"og:description\" content=\"Commander maintenant filet \u00e0 foin en forme de toile, taille de maille 3.8 cm. Filet \u00e0 foin en forme de toile, plat, tiss\u00e9, souple. Une nouveaut\u00e9 absolue sur le march\u00e9 qui ne peut \u00eatre achet\u00e9e nulle part ailleurs.\" \/>\n<meta property=\"og:url\" content=\"https:\/\/equisana.ch\/fr\/produit\/filet-a-foin-en-forme-de-toile-taille-de-maille-3-8-cm\/\" \/>\n<meta property=\"og:site_name\" content=\"Equisana Sarl tout simplement naturel\" \/>\n<meta property=\"article:publisher\" content=\"https:\/\/www.facebook.com\/Equisana\/\" \/>\n<meta property=\"article:modified_time\" content=\"2026-04-10T11:55:56+00:00\" \/>\n<meta property=\"og:image\" content=\"https:\/\/equisana.ch\/wp-content\/uploads\/2023\/03\/Equisana-engmaschige-heunetze-tuchheunetz-maschwenweite-45mm.jpg\" \/>\n\t<meta property=\"og:image:width\" content=\"1400\" \/>\n\t<meta property=\"og:image:height\" content=\"1400\" \/>\n\t<meta property=\"og:image:type\" content=\"image\/jpeg\" \/>\n<meta name=\"twitter:card\" content=\"summary_large_image\" \/>\n<meta name=\"twitter:label1\" content=\"Dur\u00e9e de lecture estim\u00e9e\" \/>\n\t<meta name=\"twitter:data1\" content=\"2 minutes\" \/>\n<script type=\"application\/ld+json\" class=\"yoast-schema-graph\">{\"@context\":\"https:\\\/\\\/schema.org\",\"@graph\":[{\"@type\":\"WebPage\",\"@id\":\"https:\\\/\\\/equisana.ch\\\/fr\\\/produit\\\/filet-a-foin-en-forme-de-toile-taille-de-maille-3-8-cm\\\/\",\"url\":\"https:\\\/\\\/equisana.ch\\\/fr\\\/produit\\\/filet-a-foin-en-forme-de-toile-taille-de-maille-3-8-cm\\\/\",\"name\":\"Filet \u00e0 foin en forme de toile, taille de maille 3.8 cm - Equisana Sarl tout simplement naturel\",\"isPartOf\":{\"@id\":\"https:\\\/\\\/equisana.ch\\\/#website\"},\"primaryImageOfPage\":{\"@id\":\"https:\\\/\\\/equisana.ch\\\/fr\\\/produit\\\/filet-a-foin-en-forme-de-toile-taille-de-maille-3-8-cm\\\/#primaryimage\"},\"image\":{\"@id\":\"https:\\\/\\\/equisana.ch\\\/fr\\\/produit\\\/filet-a-foin-en-forme-de-toile-taille-de-maille-3-8-cm\\\/#primaryimage\"},\"thumbnailUrl\":\"https:\\\/\\\/equisana.ch\\\/wp-content\\\/uploads\\\/2023\\\/03\\\/Equisana-engmaschige-heunetze-tuchheunetz-maschwenweite-45mm.jpg\",\"datePublished\":\"2023-03-18T21:29:06+00:00\",\"dateModified\":\"2026-04-10T11:55:56+00:00\",\"description\":\"Commander maintenant filet \u00e0 foin en forme de toile, taille de maille 3.8 cm. Filet \u00e0 foin en forme de toile, plat, tiss\u00e9, souple. Une nouveaut\u00e9 absolue sur le march\u00e9 qui ne peut \u00eatre achet\u00e9e nulle part ailleurs.\",\"breadcrumb\":{\"@id\":\"https:\\\/\\\/equisana.ch\\\/fr\\\/produit\\\/filet-a-foin-en-forme-de-toile-taille-de-maille-3-8-cm\\\/#breadcrumb\"},\"inLanguage\":\"fr-FR\",\"potentialAction\":[{\"@type\":\"ReadAction\",\"target\":[\"https:\\\/\\\/equisana.ch\\\/fr\\\/produit\\\/filet-a-foin-en-forme-de-toile-taille-de-maille-3-8-cm\\\/\"]}]},{\"@type\":\"ImageObject\",\"inLanguage\":\"fr-FR\",\"@id\":\"https:\\\/\\\/equisana.ch\\\/fr\\\/produit\\\/filet-a-foin-en-forme-de-toile-taille-de-maille-3-8-cm\\\/#primaryimage\",\"url\":\"https:\\\/\\\/equisana.ch\\\/wp-content\\\/uploads\\\/2023\\\/03\\\/Equisana-engmaschige-heunetze-tuchheunetz-maschwenweite-45mm.jpg\",\"contentUrl\":\"https:\\\/\\\/equisana.ch\\\/wp-content\\\/uploads\\\/2023\\\/03\\\/Equisana-engmaschige-heunetze-tuchheunetz-maschwenweite-45mm.jpg\",\"width\":1400,\"height\":1400,\"caption\":\"Filets \u00e0 foin enf forme de toile\"},{\"@type\":\"BreadcrumbList\",\"@id\":\"https:\\\/\\\/equisana.ch\\\/fr\\\/produit\\\/filet-a-foin-en-forme-de-toile-taille-de-maille-3-8-cm\\\/#breadcrumb\",\"itemListElement\":[{\"@type\":\"ListItem\",\"position\":1,\"name\":\"Startseite\",\"item\":\"https:\\\/\\\/equisana.ch\\\/\"},{\"@type\":\"ListItem\",\"position\":2,\"name\":\"Tous les produits hippiques EQUISANA\",\"item\":\"https:\\\/\\\/equisana.ch\\\/fr\\\/produits\\\/\"},{\"@type\":\"ListItem\",\"position\":3,\"name\":\"Filet \u00e0 foin en forme de toile, taille de maille 3.8 cm\"}]},{\"@type\":\"WebSite\",\"@id\":\"https:\\\/\\\/equisana.ch\\\/#website\",\"url\":\"https:\\\/\\\/equisana.ch\\\/\",\"name\":\"EQUISANA GmbH einfach nat\u00fcrlich\",\"description\":\"Tout simplement naturel\",\"publisher\":{\"@id\":\"https:\\\/\\\/equisana.ch\\\/#organization\"},\"potentialAction\":[{\"@type\":\"SearchAction\",\"target\":{\"@type\":\"EntryPoint\",\"urlTemplate\":\"https:\\\/\\\/equisana.ch\\\/?s={search_term_string}\"},\"query-input\":{\"@type\":\"PropertyValueSpecification\",\"valueRequired\":true,\"valueName\":\"search_term_string\"}}],\"inLanguage\":\"fr-FR\"},{\"@type\":\"Organization\",\"@id\":\"https:\\\/\\\/equisana.ch\\\/#organization\",\"name\":\"EQUISANA GmbH einfach nat\u00fcrlich\",\"url\":\"https:\\\/\\\/equisana.ch\\\/\",\"logo\":{\"@type\":\"ImageObject\",\"inLanguage\":\"fr-FR\",\"@id\":\"https:\\\/\\\/equisana.ch\\\/#\\\/schema\\\/logo\\\/image\\\/\",\"url\":\"https:\\\/\\\/equisana.ch\\\/wp-content\\\/uploads\\\/2023\\\/03\\\/cropped-equisana-logo.png\",\"contentUrl\":\"https:\\\/\\\/equisana.ch\\\/wp-content\\\/uploads\\\/2023\\\/03\\\/cropped-equisana-logo.png\",\"width\":342,\"height\":124,\"caption\":\"EQUISANA GmbH einfach nat\u00fcrlich\"},\"image\":{\"@id\":\"https:\\\/\\\/equisana.ch\\\/#\\\/schema\\\/logo\\\/image\\\/\"},\"sameAs\":[\"https:\\\/\\\/www.facebook.com\\\/Equisana\\\/\"]}]}<\/script>\n<!-- \/ Yoast SEO plugin. -->","yoast_head_json":{"title":"Filet \u00e0 foin en forme de toile, taille de maille 3.8 cm - Equisana Sarl tout simplement naturel","description":"Commander maintenant filet \u00e0 foin en forme de toile, taille de maille 3.8 cm. Filet \u00e0 foin en forme de toile, plat, tiss\u00e9, souple. Une nouveaut\u00e9 absolue sur le march\u00e9 qui ne peut \u00eatre achet\u00e9e nulle part ailleurs.","robots":{"index":"index","follow":"follow","max-snippet":"max-snippet:-1","max-image-preview":"max-image-preview:large","max-video-preview":"max-video-preview:-1"},"canonical":"https:\/\/equisana.ch\/fr\/produit\/filet-a-foin-en-forme-de-toile-taille-de-maille-3-8-cm\/","og_locale":"fr_FR","og_type":"article","og_title":"Filet \u00e0 foin en forme de toile, taille de maille 3.8 cm - Equisana Sarl tout simplement naturel","og_description":"Commander maintenant filet \u00e0 foin en forme de toile, taille de maille 3.8 cm. Filet \u00e0 foin en forme de toile, plat, tiss\u00e9, souple. Une nouveaut\u00e9 absolue sur le march\u00e9 qui ne peut \u00eatre achet\u00e9e nulle part ailleurs.","og_url":"https:\/\/equisana.ch\/fr\/produit\/filet-a-foin-en-forme-de-toile-taille-de-maille-3-8-cm\/","og_site_name":"Equisana Sarl tout simplement naturel","article_publisher":"https:\/\/www.facebook.com\/Equisana\/","article_modified_time":"2026-04-10T11:55:56+00:00","og_image":[{"width":1400,"height":1400,"url":"https:\/\/equisana.ch\/wp-content\/uploads\/2023\/03\/Equisana-engmaschige-heunetze-tuchheunetz-maschwenweite-45mm.jpg","type":"image\/jpeg"}],"twitter_card":"summary_large_image","twitter_misc":{"Dur\u00e9e de lecture estim\u00e9e":"2 minutes"},"schema":{"@context":"https:\/\/schema.org","@graph":[{"@type":"WebPage","@id":"https:\/\/equisana.ch\/fr\/produit\/filet-a-foin-en-forme-de-toile-taille-de-maille-3-8-cm\/","url":"https:\/\/equisana.ch\/fr\/produit\/filet-a-foin-en-forme-de-toile-taille-de-maille-3-8-cm\/","name":"Filet \u00e0 foin en forme de toile, taille de maille 3.8 cm - Equisana Sarl tout simplement naturel","isPartOf":{"@id":"https:\/\/equisana.ch\/#website"},"primaryImageOfPage":{"@id":"https:\/\/equisana.ch\/fr\/produit\/filet-a-foin-en-forme-de-toile-taille-de-maille-3-8-cm\/#primaryimage"},"image":{"@id":"https:\/\/equisana.ch\/fr\/produit\/filet-a-foin-en-forme-de-toile-taille-de-maille-3-8-cm\/#primaryimage"},"thumbnailUrl":"https:\/\/equisana.ch\/wp-content\/uploads\/2023\/03\/Equisana-engmaschige-heunetze-tuchheunetz-maschwenweite-45mm.jpg","datePublished":"2023-03-18T21:29:06+00:00","dateModified":"2026-04-10T11:55:56+00:00","description":"Commander maintenant filet \u00e0 foin en forme de toile, taille de maille 3.8 cm. Filet \u00e0 foin en forme de toile, plat, tiss\u00e9, souple. Une nouveaut\u00e9 absolue sur le march\u00e9 qui ne peut \u00eatre achet\u00e9e nulle part ailleurs.","breadcrumb":{"@id":"https:\/\/equisana.ch\/fr\/produit\/filet-a-foin-en-forme-de-toile-taille-de-maille-3-8-cm\/#breadcrumb"},"inLanguage":"fr-FR","potentialAction":[{"@type":"ReadAction","target":["https:\/\/equisana.ch\/fr\/produit\/filet-a-foin-en-forme-de-toile-taille-de-maille-3-8-cm\/"]}]},{"@type":"ImageObject","inLanguage":"fr-FR","@id":"https:\/\/equisana.ch\/fr\/produit\/filet-a-foin-en-forme-de-toile-taille-de-maille-3-8-cm\/#primaryimage","url":"https:\/\/equisana.ch\/wp-content\/uploads\/2023\/03\/Equisana-engmaschige-heunetze-tuchheunetz-maschwenweite-45mm.jpg","contentUrl":"https:\/\/equisana.ch\/wp-content\/uploads\/2023\/03\/Equisana-engmaschige-heunetze-tuchheunetz-maschwenweite-45mm.jpg","width":1400,"height":1400,"caption":"Filets \u00e0 foin enf forme de toile"},{"@type":"BreadcrumbList","@id":"https:\/\/equisana.ch\/fr\/produit\/filet-a-foin-en-forme-de-toile-taille-de-maille-3-8-cm\/#breadcrumb","itemListElement":[{"@type":"ListItem","position":1,"name":"Startseite","item":"https:\/\/equisana.ch\/"},{"@type":"ListItem","position":2,"name":"Tous les produits hippiques EQUISANA","item":"https:\/\/equisana.ch\/fr\/produits\/"},{"@type":"ListItem","position":3,"name":"Filet \u00e0 foin en forme de toile, taille de maille 3.8 cm"}]},{"@type":"WebSite","@id":"https:\/\/equisana.ch\/#website","url":"https:\/\/equisana.ch\/","name":"EQUISANA GmbH einfach nat\u00fcrlich","description":"Tout simplement naturel","publisher":{"@id":"https:\/\/equisana.ch\/#organization"},"potentialAction":[{"@type":"SearchAction","target":{"@type":"EntryPoint","urlTemplate":"https:\/\/equisana.ch\/?s={search_term_string}"},"query-input":{"@type":"PropertyValueSpecification","valueRequired":true,"valueName":"search_term_string"}}],"inLanguage":"fr-FR"},{"@type":"Organization","@id":"https:\/\/equisana.ch\/#organization","name":"EQUISANA GmbH einfach nat\u00fcrlich","url":"https:\/\/equisana.ch\/","logo":{"@type":"ImageObject","inLanguage":"fr-FR","@id":"https:\/\/equisana.ch\/#\/schema\/logo\/image\/","url":"https:\/\/equisana.ch\/wp-content\/uploads\/2023\/03\/cropped-equisana-logo.png","contentUrl":"https:\/\/equisana.ch\/wp-content\/uploads\/2023\/03\/cropped-equisana-logo.png","width":342,"height":124,"caption":"EQUISANA GmbH einfach nat\u00fcrlich"},"image":{"@id":"https:\/\/equisana.ch\/#\/schema\/logo\/image\/"},"sameAs":["https:\/\/www.facebook.com\/Equisana\/"]}]}},"_links":{"self":[{"href":"https:\/\/equisana.ch\/fr\/wp-json\/wp\/v2\/product\/20111","targetHints":{"allow":["GET"]}}],"collection":[{"href":"https:\/\/equisana.ch\/fr\/wp-json\/wp\/v2\/product"}],"about":[{"href":"https:\/\/equisana.ch\/fr\/wp-json\/wp\/v2\/types\/product"}],"replies":[{"embeddable":true,"href":"https:\/\/equisana.ch\/fr\/wp-json\/wp\/v2\/comments?post=20111"}],"wp:featuredmedia":[{"embeddable":true,"href":"https:\/\/equisana.ch\/fr\/wp-json\/wp\/v2\/media\/19814"}],"wp:attachment":[{"href":"https:\/\/equisana.ch\/fr\/wp-json\/wp\/v2\/media?parent=20111"}],"wp:term":[{"taxonomy":"product_brand","embeddable":true,"href":"https:\/\/equisana.ch\/fr\/wp-json\/wp\/v2\/product_brand?post=20111"},{"taxonomy":"product_cat","embeddable":true,"href":"https:\/\/equisana.ch\/fr\/wp-json\/wp\/v2\/product_cat?post=20111"},{"taxonomy":"product_tag","embeddable":true,"href":"https:\/\/equisana.ch\/fr\/wp-json\/wp\/v2\/product_tag?post=20111"}],"curies":[{"name":"wp","href":"https:\/\/api.w.org\/{rel}","templated":true}]}}