{"id":20124,"date":"2023-03-18T21:27:30","date_gmt":"2023-03-18T21:27:30","guid":{"rendered":"https:\/\/shop.equisana.ch\/?post_type=product&#038;p=20124"},"modified":"2026-04-19T20:15:22","modified_gmt":"2026-04-19T20:15:22","slug":"courroie-elastique-avec-crochet-en-acier-laque","status":"publish","type":"product","link":"https:\/\/equisana.ch\/fr\/produit\/courroie-elastique-avec-crochet-en-acier-laque\/","title":{"rendered":"Courroie \u00e9lastique avec crochet en acier laqu\u00e9"},"content":{"rendered":"<h3>Description<\/h3>\n<p>Couleur noire<\/p>\n<p>&nbsp;<\/p>\n<h3>Mesures<\/h3>\n<p>Longueur totale env. 25 cm, \u00e9paisseur de l\u2019\u00e9lastique 6 mm<\/p>\n<p>&nbsp;<\/p>\n<h3>Mat\u00e9riel<\/h3>\n<p>Acier et \u00e9lastique<\/p>\n","protected":false},"excerpt":{"rendered":"<p>Longueur totale env. 25 cm, \u00e9paisseur de l\u2019\u00e9lastique 6 mm, noire<\/p>\n","protected":false},"featured_media":19629,"comment_status":"open","ping_status":"closed","template":"","meta":[],"product_brand":[],"product_cat":[90],"product_tag":[],"class_list":{"0":"post-20124","1":"product","2":"type-product","3":"status-publish","4":"has-post-thumbnail","6":"product_cat-accessoires-pour-filets-a-foin","8":"first","9":"instock","10":"taxable","11":"shipping-taxable","12":"purchasable","13":"product-type-simple"},"yoast_head":"<!-- This site is optimized with the Yoast SEO plugin v27.4 - https:\/\/yoast.com\/product\/yoast-seo-wordpress\/ -->\n<title>Courroie \u00e9lastique avec crochet en acier laqu\u00e9 - Equisana Sarl tout simplement naturel<\/title>\n<meta name=\"description\" content=\"Commander maintenant courroie \u00e9lastique avec crochet en acier laqu\u00e9, 25 cm.\" \/>\n<meta name=\"robots\" content=\"index, follow, max-snippet:-1, max-image-preview:large, max-video-preview:-1\" \/>\n<link rel=\"canonical\" href=\"https:\/\/equisana.ch\/fr\/produit\/courroie-elastique-avec-crochet-en-acier-laque\/\" \/>\n<meta property=\"og:locale\" content=\"fr_FR\" \/>\n<meta property=\"og:type\" content=\"article\" \/>\n<meta property=\"og:title\" content=\"Courroie \u00e9lastique avec crochet en acier laqu\u00e9 - Equisana Sarl tout simplement naturel\" \/>\n<meta property=\"og:description\" content=\"Commander maintenant courroie \u00e9lastique avec crochet en acier laqu\u00e9, 25 cm.\" \/>\n<meta property=\"og:url\" content=\"https:\/\/equisana.ch\/fr\/produit\/courroie-elastique-avec-crochet-en-acier-laque\/\" \/>\n<meta property=\"og:site_name\" content=\"Equisana Sarl tout simplement naturel\" \/>\n<meta property=\"article:publisher\" content=\"https:\/\/www.facebook.com\/Equisana\/\" \/>\n<meta property=\"article:modified_time\" content=\"2026-04-19T20:15:22+00:00\" \/>\n<meta property=\"og:image\" content=\"https:\/\/equisana.ch\/wp-content\/uploads\/2023\/03\/Equisana-engmaschige-heunetze-heunetze-zubehoer-gummischlaufe-mit-stahlhaken.jpg\" \/>\n\t<meta property=\"og:image:width\" content=\"1400\" \/>\n\t<meta property=\"og:image:height\" content=\"1400\" \/>\n\t<meta property=\"og:image:type\" content=\"image\/jpeg\" \/>\n<meta name=\"twitter:card\" content=\"summary_large_image\" \/>\n<meta name=\"twitter:label1\" content=\"Dur\u00e9e de lecture estim\u00e9e\" \/>\n\t<meta name=\"twitter:data1\" content=\"1 minute\" \/>\n<script type=\"application\/ld+json\" class=\"yoast-schema-graph\">{\"@context\":\"https:\\\/\\\/schema.org\",\"@graph\":[{\"@type\":\"WebPage\",\"@id\":\"https:\\\/\\\/equisana.ch\\\/fr\\\/produit\\\/courroie-elastique-avec-crochet-en-acier-laque\\\/\",\"url\":\"https:\\\/\\\/equisana.ch\\\/fr\\\/produit\\\/courroie-elastique-avec-crochet-en-acier-laque\\\/\",\"name\":\"Courroie \u00e9lastique avec crochet en acier laqu\u00e9 - Equisana Sarl tout simplement naturel\",\"isPartOf\":{\"@id\":\"https:\\\/\\\/equisana.ch\\\/#website\"},\"primaryImageOfPage\":{\"@id\":\"https:\\\/\\\/equisana.ch\\\/fr\\\/produit\\\/courroie-elastique-avec-crochet-en-acier-laque\\\/#primaryimage\"},\"image\":{\"@id\":\"https:\\\/\\\/equisana.ch\\\/fr\\\/produit\\\/courroie-elastique-avec-crochet-en-acier-laque\\\/#primaryimage\"},\"thumbnailUrl\":\"https:\\\/\\\/equisana.ch\\\/wp-content\\\/uploads\\\/2023\\\/03\\\/Equisana-engmaschige-heunetze-heunetze-zubehoer-gummischlaufe-mit-stahlhaken.jpg\",\"datePublished\":\"2023-03-18T21:27:30+00:00\",\"dateModified\":\"2026-04-19T20:15:22+00:00\",\"description\":\"Commander maintenant courroie \u00e9lastique avec crochet en acier laqu\u00e9, 25 cm.\",\"breadcrumb\":{\"@id\":\"https:\\\/\\\/equisana.ch\\\/fr\\\/produit\\\/courroie-elastique-avec-crochet-en-acier-laque\\\/#breadcrumb\"},\"inLanguage\":\"fr-FR\",\"potentialAction\":[{\"@type\":\"ReadAction\",\"target\":[\"https:\\\/\\\/equisana.ch\\\/fr\\\/produit\\\/courroie-elastique-avec-crochet-en-acier-laque\\\/\"]}]},{\"@type\":\"ImageObject\",\"inLanguage\":\"fr-FR\",\"@id\":\"https:\\\/\\\/equisana.ch\\\/fr\\\/produit\\\/courroie-elastique-avec-crochet-en-acier-laque\\\/#primaryimage\",\"url\":\"https:\\\/\\\/equisana.ch\\\/wp-content\\\/uploads\\\/2023\\\/03\\\/Equisana-engmaschige-heunetze-heunetze-zubehoer-gummischlaufe-mit-stahlhaken.jpg\",\"contentUrl\":\"https:\\\/\\\/equisana.ch\\\/wp-content\\\/uploads\\\/2023\\\/03\\\/Equisana-engmaschige-heunetze-heunetze-zubehoer-gummischlaufe-mit-stahlhaken.jpg\",\"width\":1400,\"height\":1400},{\"@type\":\"BreadcrumbList\",\"@id\":\"https:\\\/\\\/equisana.ch\\\/fr\\\/produit\\\/courroie-elastique-avec-crochet-en-acier-laque\\\/#breadcrumb\",\"itemListElement\":[{\"@type\":\"ListItem\",\"position\":1,\"name\":\"Startseite\",\"item\":\"https:\\\/\\\/equisana.ch\\\/\"},{\"@type\":\"ListItem\",\"position\":2,\"name\":\"Tous les produits hippiques EQUISANA\",\"item\":\"https:\\\/\\\/equisana.ch\\\/fr\\\/produits\\\/\"},{\"@type\":\"ListItem\",\"position\":3,\"name\":\"Courroie \u00e9lastique avec crochet en acier laqu\u00e9\"}]},{\"@type\":\"WebSite\",\"@id\":\"https:\\\/\\\/equisana.ch\\\/#website\",\"url\":\"https:\\\/\\\/equisana.ch\\\/\",\"name\":\"EQUISANA GmbH einfach nat\u00fcrlich\",\"description\":\"Tout simplement naturel\",\"publisher\":{\"@id\":\"https:\\\/\\\/equisana.ch\\\/#organization\"},\"potentialAction\":[{\"@type\":\"SearchAction\",\"target\":{\"@type\":\"EntryPoint\",\"urlTemplate\":\"https:\\\/\\\/equisana.ch\\\/?s={search_term_string}\"},\"query-input\":{\"@type\":\"PropertyValueSpecification\",\"valueRequired\":true,\"valueName\":\"search_term_string\"}}],\"inLanguage\":\"fr-FR\"},{\"@type\":\"Organization\",\"@id\":\"https:\\\/\\\/equisana.ch\\\/#organization\",\"name\":\"EQUISANA GmbH einfach nat\u00fcrlich\",\"url\":\"https:\\\/\\\/equisana.ch\\\/\",\"logo\":{\"@type\":\"ImageObject\",\"inLanguage\":\"fr-FR\",\"@id\":\"https:\\\/\\\/equisana.ch\\\/#\\\/schema\\\/logo\\\/image\\\/\",\"url\":\"https:\\\/\\\/equisana.ch\\\/wp-content\\\/uploads\\\/2023\\\/03\\\/cropped-equisana-logo.png\",\"contentUrl\":\"https:\\\/\\\/equisana.ch\\\/wp-content\\\/uploads\\\/2023\\\/03\\\/cropped-equisana-logo.png\",\"width\":342,\"height\":124,\"caption\":\"EQUISANA GmbH einfach nat\u00fcrlich\"},\"image\":{\"@id\":\"https:\\\/\\\/equisana.ch\\\/#\\\/schema\\\/logo\\\/image\\\/\"},\"sameAs\":[\"https:\\\/\\\/www.facebook.com\\\/Equisana\\\/\"]}]}<\/script>\n<!-- \/ Yoast SEO plugin. -->","yoast_head_json":{"title":"Courroie \u00e9lastique avec crochet en acier laqu\u00e9 - Equisana Sarl tout simplement naturel","description":"Commander maintenant courroie \u00e9lastique avec crochet en acier laqu\u00e9, 25 cm.","robots":{"index":"index","follow":"follow","max-snippet":"max-snippet:-1","max-image-preview":"max-image-preview:large","max-video-preview":"max-video-preview:-1"},"canonical":"https:\/\/equisana.ch\/fr\/produit\/courroie-elastique-avec-crochet-en-acier-laque\/","og_locale":"fr_FR","og_type":"article","og_title":"Courroie \u00e9lastique avec crochet en acier laqu\u00e9 - Equisana Sarl tout simplement naturel","og_description":"Commander maintenant courroie \u00e9lastique avec crochet en acier laqu\u00e9, 25 cm.","og_url":"https:\/\/equisana.ch\/fr\/produit\/courroie-elastique-avec-crochet-en-acier-laque\/","og_site_name":"Equisana Sarl tout simplement naturel","article_publisher":"https:\/\/www.facebook.com\/Equisana\/","article_modified_time":"2026-04-19T20:15:22+00:00","og_image":[{"width":1400,"height":1400,"url":"https:\/\/equisana.ch\/wp-content\/uploads\/2023\/03\/Equisana-engmaschige-heunetze-heunetze-zubehoer-gummischlaufe-mit-stahlhaken.jpg","type":"image\/jpeg"}],"twitter_card":"summary_large_image","twitter_misc":{"Dur\u00e9e de lecture estim\u00e9e":"1 minute"},"schema":{"@context":"https:\/\/schema.org","@graph":[{"@type":"WebPage","@id":"https:\/\/equisana.ch\/fr\/produit\/courroie-elastique-avec-crochet-en-acier-laque\/","url":"https:\/\/equisana.ch\/fr\/produit\/courroie-elastique-avec-crochet-en-acier-laque\/","name":"Courroie \u00e9lastique avec crochet en acier laqu\u00e9 - Equisana Sarl tout simplement naturel","isPartOf":{"@id":"https:\/\/equisana.ch\/#website"},"primaryImageOfPage":{"@id":"https:\/\/equisana.ch\/fr\/produit\/courroie-elastique-avec-crochet-en-acier-laque\/#primaryimage"},"image":{"@id":"https:\/\/equisana.ch\/fr\/produit\/courroie-elastique-avec-crochet-en-acier-laque\/#primaryimage"},"thumbnailUrl":"https:\/\/equisana.ch\/wp-content\/uploads\/2023\/03\/Equisana-engmaschige-heunetze-heunetze-zubehoer-gummischlaufe-mit-stahlhaken.jpg","datePublished":"2023-03-18T21:27:30+00:00","dateModified":"2026-04-19T20:15:22+00:00","description":"Commander maintenant courroie \u00e9lastique avec crochet en acier laqu\u00e9, 25 cm.","breadcrumb":{"@id":"https:\/\/equisana.ch\/fr\/produit\/courroie-elastique-avec-crochet-en-acier-laque\/#breadcrumb"},"inLanguage":"fr-FR","potentialAction":[{"@type":"ReadAction","target":["https:\/\/equisana.ch\/fr\/produit\/courroie-elastique-avec-crochet-en-acier-laque\/"]}]},{"@type":"ImageObject","inLanguage":"fr-FR","@id":"https:\/\/equisana.ch\/fr\/produit\/courroie-elastique-avec-crochet-en-acier-laque\/#primaryimage","url":"https:\/\/equisana.ch\/wp-content\/uploads\/2023\/03\/Equisana-engmaschige-heunetze-heunetze-zubehoer-gummischlaufe-mit-stahlhaken.jpg","contentUrl":"https:\/\/equisana.ch\/wp-content\/uploads\/2023\/03\/Equisana-engmaschige-heunetze-heunetze-zubehoer-gummischlaufe-mit-stahlhaken.jpg","width":1400,"height":1400},{"@type":"BreadcrumbList","@id":"https:\/\/equisana.ch\/fr\/produit\/courroie-elastique-avec-crochet-en-acier-laque\/#breadcrumb","itemListElement":[{"@type":"ListItem","position":1,"name":"Startseite","item":"https:\/\/equisana.ch\/"},{"@type":"ListItem","position":2,"name":"Tous les produits hippiques EQUISANA","item":"https:\/\/equisana.ch\/fr\/produits\/"},{"@type":"ListItem","position":3,"name":"Courroie \u00e9lastique avec crochet en acier laqu\u00e9"}]},{"@type":"WebSite","@id":"https:\/\/equisana.ch\/#website","url":"https:\/\/equisana.ch\/","name":"EQUISANA GmbH einfach nat\u00fcrlich","description":"Tout simplement naturel","publisher":{"@id":"https:\/\/equisana.ch\/#organization"},"potentialAction":[{"@type":"SearchAction","target":{"@type":"EntryPoint","urlTemplate":"https:\/\/equisana.ch\/?s={search_term_string}"},"query-input":{"@type":"PropertyValueSpecification","valueRequired":true,"valueName":"search_term_string"}}],"inLanguage":"fr-FR"},{"@type":"Organization","@id":"https:\/\/equisana.ch\/#organization","name":"EQUISANA GmbH einfach nat\u00fcrlich","url":"https:\/\/equisana.ch\/","logo":{"@type":"ImageObject","inLanguage":"fr-FR","@id":"https:\/\/equisana.ch\/#\/schema\/logo\/image\/","url":"https:\/\/equisana.ch\/wp-content\/uploads\/2023\/03\/cropped-equisana-logo.png","contentUrl":"https:\/\/equisana.ch\/wp-content\/uploads\/2023\/03\/cropped-equisana-logo.png","width":342,"height":124,"caption":"EQUISANA GmbH einfach nat\u00fcrlich"},"image":{"@id":"https:\/\/equisana.ch\/#\/schema\/logo\/image\/"},"sameAs":["https:\/\/www.facebook.com\/Equisana\/"]}]}},"_links":{"self":[{"href":"https:\/\/equisana.ch\/fr\/wp-json\/wp\/v2\/product\/20124","targetHints":{"allow":["GET"]}}],"collection":[{"href":"https:\/\/equisana.ch\/fr\/wp-json\/wp\/v2\/product"}],"about":[{"href":"https:\/\/equisana.ch\/fr\/wp-json\/wp\/v2\/types\/product"}],"replies":[{"embeddable":true,"href":"https:\/\/equisana.ch\/fr\/wp-json\/wp\/v2\/comments?post=20124"}],"wp:featuredmedia":[{"embeddable":true,"href":"https:\/\/equisana.ch\/fr\/wp-json\/wp\/v2\/media\/19629"}],"wp:attachment":[{"href":"https:\/\/equisana.ch\/fr\/wp-json\/wp\/v2\/media?parent=20124"}],"wp:term":[{"taxonomy":"product_brand","embeddable":true,"href":"https:\/\/equisana.ch\/fr\/wp-json\/wp\/v2\/product_brand?post=20124"},{"taxonomy":"product_cat","embeddable":true,"href":"https:\/\/equisana.ch\/fr\/wp-json\/wp\/v2\/product_cat?post=20124"},{"taxonomy":"product_tag","embeddable":true,"href":"https:\/\/equisana.ch\/fr\/wp-json\/wp\/v2\/product_tag?post=20124"}],"curies":[{"name":"wp","href":"https:\/\/api.w.org\/{rel}","templated":true}]}}