{"id":20136,"date":"2023-03-18T21:28:07","date_gmt":"2023-03-18T21:28:07","guid":{"rendered":"https:\/\/shop.equisana.ch\/?post_type=product&#038;p=20136"},"modified":"2026-04-14T01:45:42","modified_gmt":"2026-04-14T01:45:42","slug":"sapodoris-pektogast","status":"publish","type":"product","link":"https:\/\/equisana.ch\/fr\/produit\/sapodoris-pektogast\/","title":{"rendered":"Sapodoris PektoGast"},"content":{"rendered":"<h3>Descriptif d\u00e9taill\u00e9<\/h3>\n<p id=\"tw-target-text\" class=\"tw-data-text tw-text-large tw-ta\" dir=\"ltr\" data-placeholder=\"\u00dcbersetzung\"><strong><span class=\"Y2IQFc\" lang=\"fr\">Sapodoris PektoGast &#8211; les granul\u00e9s pratiques et savoureux pour les chevaux aux estomacs et intestins sensibles<\/span><\/strong><\/p>\n<p id=\"tw-target-text\" class=\"tw-data-text tw-text-large tw-ta\" dir=\"ltr\" data-placeholder=\"\u00dcbersetzung\"><span class=\"Y2IQFc\" lang=\"fr\">Avec le HerbaGast de Sapodoris qui a fait ses preuves, j&rsquo;ai depuis longtemps un produit riche en pectine dans ma gamme pour les chevaux \u00e0 l&rsquo;estomac sensible. Pourquoi maintenant une seconde variante ? Quelle est la diff\u00e9rence avec HerbaGast ? <\/span><\/p>\n<p class=\"tw-data-text tw-text-large tw-ta\" dir=\"ltr\" data-placeholder=\"\u00dcbersetzung\"><span class=\"Y2IQFc\" lang=\"fr\">En effet, chez les chevaux souffrant de troubles gastriques, l&rsquo;objectif est toujours de trouver et de modifier les facteurs de stress correspondants afin que le cheval n&rsquo;ait plus besoin d&rsquo;additifs particuliers pour prot\u00e9ger durablement la muqueuse. Malheureusement, cela ne r\u00e9ussit pas toujours et il n&rsquo;est pas rare que l&rsquo;estomac soit soutenu sur une plus longue p\u00e9riode de temps. Cependant, la plupart des produits utilis\u00e9s \u00e0 cet effet contiennent une certaine quantit\u00e9 de calcium sous forme, par exemple, de chaux d&rsquo;algues pour tamponner l&rsquo;acide gastrique. Cependant, il n&rsquo;est pas toujours judicieux d&rsquo;augmenter trop la teneur en calcium de la ration \u00e0 long terme. Le Sapodoris PektoGast ne contient donc aucun composant calcique. <\/span><\/p>\n<p class=\"tw-data-text tw-text-large tw-ta\" dir=\"ltr\" data-placeholder=\"\u00dcbersetzung\"><span class=\"Y2IQFc\" lang=\"fr\">Tandis que le HerbaGast est disponible sous forme de poudre et est id\u00e9alement m\u00e9lang\u00e9 par ex. \u00e0 des graines de lin tremp\u00e9es ou bien un mash, le PektoGast peut \u00eatre donn\u00e9 directement \u00e0 la main.\u00a0 Vous pouvez aussi tout simplement mettre les tout petits granul\u00e9s dans la mangeoire, mais il est pratique, surtout pour les petits sensibles de l&rsquo;estomac plut\u00f4t \u00ab potel\u00e9s \u00bb, de pouvoir donner simplement un produit de fa\u00e7on pure.<\/span><\/p>\n<p id=\"tw-target-text\" class=\"tw-data-text tw-text-large tw-ta\" dir=\"ltr\" data-placeholder=\"\u00dcbersetzung\"><span class=\"Y2IQFc\" lang=\"fr\">Le Sapodoris PektoGast est particuli\u00e8rement adapt\u00e9 \u00e0 l&rsquo;alimentation \u00e0 long terme des chevaux ayant tendance \u00e0 avoir des probl\u00e8mes d&rsquo;estomac. <\/span><\/p>\n<p class=\"tw-data-text tw-text-large tw-ta\" dir=\"ltr\" data-placeholder=\"\u00dcbersetzung\"><span class=\"Y2IQFc\" lang=\"fr\">Que contient-il? <\/span><\/p>\n<ul>\n<li class=\"tw-data-text tw-text-large tw-ta\" data-placeholder=\"\u00dcbersetzung\"><span class=\"Y2IQFc\" lang=\"fr\">Marc de pomme : riche en pectines <\/span><\/li>\n<li class=\"tw-data-text tw-text-large tw-ta\" data-placeholder=\"\u00dcbersetzung\"><span class=\"Y2IQFc\" lang=\"fr\">Pectines : forment un gel dans l&rsquo;estomac qui peut prot\u00e9ger la muqueuse gastrique irrit\u00e9e <\/span><\/li>\n<li class=\"tw-data-text tw-text-large tw-ta\" data-placeholder=\"\u00dcbersetzung\"><span class=\"Y2IQFc\" lang=\"fr\">Lignocellulose : fibre brute de haute puret\u00e9 <\/span><\/li>\n<li class=\"tw-data-text tw-text-large tw-ta\" data-placeholder=\"\u00dcbersetzung\">Levures et parties de levures : Celles-ci contiennent dans ce cas des b\u00eata-glucanes et un hydrolysat de levure particuli\u00e8rement riche en nucl\u00e9otides (importants pour la r\u00e9g\u00e9n\u00e9ration cellulaire). Il ne s&rsquo;agit donc pas uniquement de levure de bi\u00e8re, mais plut\u00f4t de certains composants de la levure de bi\u00e8re en concentration particuli\u00e8rement \u00e9lev\u00e9e.<\/li>\n<li class=\"tw-data-text tw-text-large tw-ta\" data-placeholder=\"\u00dcbersetzung\"><span class=\"Y2IQFc\" lang=\"fr\">L\u00e9cithines : composants importants des membranes cellulaires, \u00e9galement importants pour les nerfs<\/span><\/li>\n<li data-placeholder=\"\u00dcbersetzung\">\n<p id=\"tw-target-text\" class=\"tw-data-text tw-text-large tw-ta\" dir=\"ltr\" data-placeholder=\"\u00dcbersetzung\" data-ved=\"2ahUKEwjakKSw1qCDAxULgv0HHZ3kDiYQ3ewLegQICRAQ\"><span class=\"Y2IQFc\" lang=\"fr\">L&rsquo;acide hyaluronique (poids mol\u00e9culaire \u00e9lev\u00e9) forme un gel au contact de liquides et offre donc \u00e9galement un certain niveau de protection des muqueuses.<\/span><\/p>\n<\/li>\n<\/ul>\n<h3><\/h3>\n<h3>Composition<\/h3>\n<p id=\"tw-target-text\" class=\"tw-data-text tw-text-large tw-ta\" dir=\"ltr\" data-placeholder=\"\u00dcbersetzung\"><span class=\"Y2IQFc\" lang=\"fr\">Marc de pomme, marc de carotte, pectines de pomme, lignocellulose, levure et parties de levure, acide hyaluronique<\/span><\/p>\n<p>&nbsp;<\/p>\n<h3>Constituants et teneurs analytiques<\/h3>\n<p>7,9 % prot\u00e9ines brutes<br \/>\n3,3 % mati\u00e8res grasses brutes<br \/>\n22,3 % fibres brutes<br \/>\n4,0 % cendres brutes<br \/>\n0,42% calcium<br \/>\n0,17 % sodium<br \/>\n0,12% magn\u00e9sium<\/p>\n<p>&nbsp;<\/p>\n<h4>Additifs par kg:<\/h4>\n<p>20&rsquo;000 mg de l\u00e9cithines 1c322ii<\/p>\n<p>&nbsp;<\/p>\n<h3>Recommandation d\u2019affouragement<\/h3>\n<p>Cheval 200 &#8211; 450 kg: 40 &#8211; 90 g \/ jour<br \/>\nCheval 500 &#8211; 600 kg: 100 &#8211; 120 g \/ jour<\/p>\n<p id=\"tw-target-text\" class=\"tw-data-text tw-text-large tw-ta\" dir=\"ltr\" data-placeholder=\"\u00dcbersetzung\"><span class=\"Y2IQFc\" lang=\"fr\">Veuillez diviser la dose quotidienne en 2 repas. Il est recommand\u00e9e de donner environ 1\/3 de plus au d\u00e9but.<\/span><\/p>\n<p>&nbsp;<\/p>\n<h4>Note importante :<\/h4>\n<p>La chose la plus importante dans les probl\u00e8mes d\u2019estomac est toujours de rechercher et de supprimer la cause!<\/p>\n<p>&nbsp;<\/p>\n<h3>Contenance<\/h3>\n<p>3 kg ou 6 kg<\/p>\n","protected":false},"excerpt":{"rendered":"<p>granul\u00e9s savoureux<br \/>\nriches en pectine<br \/>\n\u00e0 la l\u00e9cithine<br \/>\navec de l&rsquo;acide hyaluronique<\/p>\n","protected":false},"featured_media":21018,"comment_status":"open","ping_status":"closed","template":"","meta":[],"product_brand":[],"product_cat":[92],"product_tag":[],"class_list":{"0":"post-20136","1":"product","2":"type-product","3":"status-publish","4":"has-post-thumbnail","6":"product_cat-complements-pour-lestomac","8":"first","9":"instock","10":"taxable","11":"shipping-taxable","12":"purchasable","13":"product-type-simple"},"yoast_head":"<!-- This site is optimized with the Yoast SEO plugin v27.4 - https:\/\/yoast.com\/product\/yoast-seo-wordpress\/ -->\n<title>Sapodoris PektoGast - Equisana Sarl tout simplement naturel<\/title>\n<meta name=\"description\" content=\"Commander maintenant Sapodoris PektoGast. Avec ses ingr\u00e9dients pr\u00e9cieux, PektoGast offre un soutien important pour les chevaux aux estomacs et intestins sensibles.\" \/>\n<meta name=\"robots\" content=\"index, follow, max-snippet:-1, max-image-preview:large, max-video-preview:-1\" \/>\n<link rel=\"canonical\" href=\"https:\/\/equisana.ch\/fr\/produit\/sapodoris-pektogast\/\" \/>\n<meta property=\"og:locale\" content=\"fr_FR\" \/>\n<meta property=\"og:type\" content=\"article\" \/>\n<meta property=\"og:title\" content=\"Sapodoris PektoGast - Equisana Sarl tout simplement naturel\" \/>\n<meta property=\"og:description\" content=\"Commander maintenant Sapodoris PektoGast. Avec ses ingr\u00e9dients pr\u00e9cieux, PektoGast offre un soutien important pour les chevaux aux estomacs et intestins sensibles.\" \/>\n<meta property=\"og:url\" content=\"https:\/\/equisana.ch\/fr\/produit\/sapodoris-pektogast\/\" \/>\n<meta property=\"og:site_name\" content=\"Equisana Sarl tout simplement naturel\" \/>\n<meta property=\"article:publisher\" content=\"https:\/\/www.facebook.com\/Equisana\/\" \/>\n<meta property=\"article:modified_time\" content=\"2026-04-14T01:45:42+00:00\" \/>\n<meta property=\"og:image\" content=\"https:\/\/equisana.ch\/wp-content\/uploads\/2023\/03\/Equisana-pferdefuetterung-magen-darm-sapodoris-pektogast.jpg\" \/>\n\t<meta property=\"og:image:width\" content=\"1400\" \/>\n\t<meta property=\"og:image:height\" content=\"1400\" \/>\n\t<meta property=\"og:image:type\" content=\"image\/jpeg\" \/>\n<meta name=\"twitter:card\" content=\"summary_large_image\" \/>\n<meta name=\"twitter:label1\" content=\"Dur\u00e9e de lecture estim\u00e9e\" \/>\n\t<meta name=\"twitter:data1\" content=\"3 minutes\" \/>\n<script type=\"application\/ld+json\" class=\"yoast-schema-graph\">{\"@context\":\"https:\\\/\\\/schema.org\",\"@graph\":[{\"@type\":\"WebPage\",\"@id\":\"https:\\\/\\\/equisana.ch\\\/fr\\\/produit\\\/sapodoris-pektogast\\\/\",\"url\":\"https:\\\/\\\/equisana.ch\\\/fr\\\/produit\\\/sapodoris-pektogast\\\/\",\"name\":\"Sapodoris PektoGast - Equisana Sarl tout simplement naturel\",\"isPartOf\":{\"@id\":\"https:\\\/\\\/equisana.ch\\\/#website\"},\"primaryImageOfPage\":{\"@id\":\"https:\\\/\\\/equisana.ch\\\/fr\\\/produit\\\/sapodoris-pektogast\\\/#primaryimage\"},\"image\":{\"@id\":\"https:\\\/\\\/equisana.ch\\\/fr\\\/produit\\\/sapodoris-pektogast\\\/#primaryimage\"},\"thumbnailUrl\":\"https:\\\/\\\/equisana.ch\\\/wp-content\\\/uploads\\\/2023\\\/03\\\/Equisana-pferdefuetterung-magen-darm-sapodoris-pektogast.jpg\",\"datePublished\":\"2023-03-18T21:28:07+00:00\",\"dateModified\":\"2026-04-14T01:45:42+00:00\",\"description\":\"Commander maintenant Sapodoris PektoGast. Avec ses ingr\u00e9dients pr\u00e9cieux, PektoGast offre un soutien important pour les chevaux aux estomacs et intestins sensibles.\",\"breadcrumb\":{\"@id\":\"https:\\\/\\\/equisana.ch\\\/fr\\\/produit\\\/sapodoris-pektogast\\\/#breadcrumb\"},\"inLanguage\":\"fr-FR\",\"potentialAction\":[{\"@type\":\"ReadAction\",\"target\":[\"https:\\\/\\\/equisana.ch\\\/fr\\\/produit\\\/sapodoris-pektogast\\\/\"]}]},{\"@type\":\"ImageObject\",\"inLanguage\":\"fr-FR\",\"@id\":\"https:\\\/\\\/equisana.ch\\\/fr\\\/produit\\\/sapodoris-pektogast\\\/#primaryimage\",\"url\":\"https:\\\/\\\/equisana.ch\\\/wp-content\\\/uploads\\\/2023\\\/03\\\/Equisana-pferdefuetterung-magen-darm-sapodoris-pektogast.jpg\",\"contentUrl\":\"https:\\\/\\\/equisana.ch\\\/wp-content\\\/uploads\\\/2023\\\/03\\\/Equisana-pferdefuetterung-magen-darm-sapodoris-pektogast.jpg\",\"width\":1400,\"height\":1400,\"caption\":\"Sapodoris PektoGast\"},{\"@type\":\"BreadcrumbList\",\"@id\":\"https:\\\/\\\/equisana.ch\\\/fr\\\/produit\\\/sapodoris-pektogast\\\/#breadcrumb\",\"itemListElement\":[{\"@type\":\"ListItem\",\"position\":1,\"name\":\"Startseite\",\"item\":\"https:\\\/\\\/equisana.ch\\\/\"},{\"@type\":\"ListItem\",\"position\":2,\"name\":\"Tous les produits hippiques EQUISANA\",\"item\":\"https:\\\/\\\/equisana.ch\\\/fr\\\/produits\\\/\"},{\"@type\":\"ListItem\",\"position\":3,\"name\":\"Sapodoris PektoGast\"}]},{\"@type\":\"WebSite\",\"@id\":\"https:\\\/\\\/equisana.ch\\\/#website\",\"url\":\"https:\\\/\\\/equisana.ch\\\/\",\"name\":\"EQUISANA GmbH einfach nat\u00fcrlich\",\"description\":\"Tout simplement naturel\",\"publisher\":{\"@id\":\"https:\\\/\\\/equisana.ch\\\/#organization\"},\"potentialAction\":[{\"@type\":\"SearchAction\",\"target\":{\"@type\":\"EntryPoint\",\"urlTemplate\":\"https:\\\/\\\/equisana.ch\\\/?s={search_term_string}\"},\"query-input\":{\"@type\":\"PropertyValueSpecification\",\"valueRequired\":true,\"valueName\":\"search_term_string\"}}],\"inLanguage\":\"fr-FR\"},{\"@type\":\"Organization\",\"@id\":\"https:\\\/\\\/equisana.ch\\\/#organization\",\"name\":\"EQUISANA GmbH einfach nat\u00fcrlich\",\"url\":\"https:\\\/\\\/equisana.ch\\\/\",\"logo\":{\"@type\":\"ImageObject\",\"inLanguage\":\"fr-FR\",\"@id\":\"https:\\\/\\\/equisana.ch\\\/#\\\/schema\\\/logo\\\/image\\\/\",\"url\":\"https:\\\/\\\/equisana.ch\\\/wp-content\\\/uploads\\\/2023\\\/03\\\/cropped-equisana-logo.png\",\"contentUrl\":\"https:\\\/\\\/equisana.ch\\\/wp-content\\\/uploads\\\/2023\\\/03\\\/cropped-equisana-logo.png\",\"width\":342,\"height\":124,\"caption\":\"EQUISANA GmbH einfach nat\u00fcrlich\"},\"image\":{\"@id\":\"https:\\\/\\\/equisana.ch\\\/#\\\/schema\\\/logo\\\/image\\\/\"},\"sameAs\":[\"https:\\\/\\\/www.facebook.com\\\/Equisana\\\/\"]}]}<\/script>\n<!-- \/ Yoast SEO plugin. -->","yoast_head_json":{"title":"Sapodoris PektoGast - Equisana Sarl tout simplement naturel","description":"Commander maintenant Sapodoris PektoGast. Avec ses ingr\u00e9dients pr\u00e9cieux, PektoGast offre un soutien important pour les chevaux aux estomacs et intestins sensibles.","robots":{"index":"index","follow":"follow","max-snippet":"max-snippet:-1","max-image-preview":"max-image-preview:large","max-video-preview":"max-video-preview:-1"},"canonical":"https:\/\/equisana.ch\/fr\/produit\/sapodoris-pektogast\/","og_locale":"fr_FR","og_type":"article","og_title":"Sapodoris PektoGast - Equisana Sarl tout simplement naturel","og_description":"Commander maintenant Sapodoris PektoGast. Avec ses ingr\u00e9dients pr\u00e9cieux, PektoGast offre un soutien important pour les chevaux aux estomacs et intestins sensibles.","og_url":"https:\/\/equisana.ch\/fr\/produit\/sapodoris-pektogast\/","og_site_name":"Equisana Sarl tout simplement naturel","article_publisher":"https:\/\/www.facebook.com\/Equisana\/","article_modified_time":"2026-04-14T01:45:42+00:00","og_image":[{"width":1400,"height":1400,"url":"https:\/\/equisana.ch\/wp-content\/uploads\/2023\/03\/Equisana-pferdefuetterung-magen-darm-sapodoris-pektogast.jpg","type":"image\/jpeg"}],"twitter_card":"summary_large_image","twitter_misc":{"Dur\u00e9e de lecture estim\u00e9e":"3 minutes"},"schema":{"@context":"https:\/\/schema.org","@graph":[{"@type":"WebPage","@id":"https:\/\/equisana.ch\/fr\/produit\/sapodoris-pektogast\/","url":"https:\/\/equisana.ch\/fr\/produit\/sapodoris-pektogast\/","name":"Sapodoris PektoGast - Equisana Sarl tout simplement naturel","isPartOf":{"@id":"https:\/\/equisana.ch\/#website"},"primaryImageOfPage":{"@id":"https:\/\/equisana.ch\/fr\/produit\/sapodoris-pektogast\/#primaryimage"},"image":{"@id":"https:\/\/equisana.ch\/fr\/produit\/sapodoris-pektogast\/#primaryimage"},"thumbnailUrl":"https:\/\/equisana.ch\/wp-content\/uploads\/2023\/03\/Equisana-pferdefuetterung-magen-darm-sapodoris-pektogast.jpg","datePublished":"2023-03-18T21:28:07+00:00","dateModified":"2026-04-14T01:45:42+00:00","description":"Commander maintenant Sapodoris PektoGast. Avec ses ingr\u00e9dients pr\u00e9cieux, PektoGast offre un soutien important pour les chevaux aux estomacs et intestins sensibles.","breadcrumb":{"@id":"https:\/\/equisana.ch\/fr\/produit\/sapodoris-pektogast\/#breadcrumb"},"inLanguage":"fr-FR","potentialAction":[{"@type":"ReadAction","target":["https:\/\/equisana.ch\/fr\/produit\/sapodoris-pektogast\/"]}]},{"@type":"ImageObject","inLanguage":"fr-FR","@id":"https:\/\/equisana.ch\/fr\/produit\/sapodoris-pektogast\/#primaryimage","url":"https:\/\/equisana.ch\/wp-content\/uploads\/2023\/03\/Equisana-pferdefuetterung-magen-darm-sapodoris-pektogast.jpg","contentUrl":"https:\/\/equisana.ch\/wp-content\/uploads\/2023\/03\/Equisana-pferdefuetterung-magen-darm-sapodoris-pektogast.jpg","width":1400,"height":1400,"caption":"Sapodoris PektoGast"},{"@type":"BreadcrumbList","@id":"https:\/\/equisana.ch\/fr\/produit\/sapodoris-pektogast\/#breadcrumb","itemListElement":[{"@type":"ListItem","position":1,"name":"Startseite","item":"https:\/\/equisana.ch\/"},{"@type":"ListItem","position":2,"name":"Tous les produits hippiques EQUISANA","item":"https:\/\/equisana.ch\/fr\/produits\/"},{"@type":"ListItem","position":3,"name":"Sapodoris PektoGast"}]},{"@type":"WebSite","@id":"https:\/\/equisana.ch\/#website","url":"https:\/\/equisana.ch\/","name":"EQUISANA GmbH einfach nat\u00fcrlich","description":"Tout simplement naturel","publisher":{"@id":"https:\/\/equisana.ch\/#organization"},"potentialAction":[{"@type":"SearchAction","target":{"@type":"EntryPoint","urlTemplate":"https:\/\/equisana.ch\/?s={search_term_string}"},"query-input":{"@type":"PropertyValueSpecification","valueRequired":true,"valueName":"search_term_string"}}],"inLanguage":"fr-FR"},{"@type":"Organization","@id":"https:\/\/equisana.ch\/#organization","name":"EQUISANA GmbH einfach nat\u00fcrlich","url":"https:\/\/equisana.ch\/","logo":{"@type":"ImageObject","inLanguage":"fr-FR","@id":"https:\/\/equisana.ch\/#\/schema\/logo\/image\/","url":"https:\/\/equisana.ch\/wp-content\/uploads\/2023\/03\/cropped-equisana-logo.png","contentUrl":"https:\/\/equisana.ch\/wp-content\/uploads\/2023\/03\/cropped-equisana-logo.png","width":342,"height":124,"caption":"EQUISANA GmbH einfach nat\u00fcrlich"},"image":{"@id":"https:\/\/equisana.ch\/#\/schema\/logo\/image\/"},"sameAs":["https:\/\/www.facebook.com\/Equisana\/"]}]}},"_links":{"self":[{"href":"https:\/\/equisana.ch\/fr\/wp-json\/wp\/v2\/product\/20136","targetHints":{"allow":["GET"]}}],"collection":[{"href":"https:\/\/equisana.ch\/fr\/wp-json\/wp\/v2\/product"}],"about":[{"href":"https:\/\/equisana.ch\/fr\/wp-json\/wp\/v2\/types\/product"}],"replies":[{"embeddable":true,"href":"https:\/\/equisana.ch\/fr\/wp-json\/wp\/v2\/comments?post=20136"}],"wp:featuredmedia":[{"embeddable":true,"href":"https:\/\/equisana.ch\/fr\/wp-json\/wp\/v2\/media\/21018"}],"wp:attachment":[{"href":"https:\/\/equisana.ch\/fr\/wp-json\/wp\/v2\/media?parent=20136"}],"wp:term":[{"taxonomy":"product_brand","embeddable":true,"href":"https:\/\/equisana.ch\/fr\/wp-json\/wp\/v2\/product_brand?post=20136"},{"taxonomy":"product_cat","embeddable":true,"href":"https:\/\/equisana.ch\/fr\/wp-json\/wp\/v2\/product_cat?post=20136"},{"taxonomy":"product_tag","embeddable":true,"href":"https:\/\/equisana.ch\/fr\/wp-json\/wp\/v2\/product_tag?post=20136"}],"curies":[{"name":"wp","href":"https:\/\/api.w.org\/{rel}","templated":true}]}}