{"id":20140,"date":"2023-03-18T21:28:39","date_gmt":"2023-03-18T21:28:39","guid":{"rendered":"https:\/\/shop.equisana.ch\/?post_type=product&#038;p=20140"},"modified":"2026-04-23T18:09:03","modified_gmt":"2026-04-23T18:09:03","slug":"sapodoris-dermino","status":"publish","type":"product","link":"https:\/\/equisana.ch\/fr\/produit\/sapodoris-dermino\/","title":{"rendered":"Sapodoris DerMino"},"content":{"rendered":"<h3>Descriptif d\u00e9taill\u00e9<\/h3>\n<p><strong>Sapodoris DerMino &#8211; l&rsquo;aliment compl\u00e9mentaire concentr\u00e9 en prot\u00e9ines de haute qualit\u00e9 ! Trois composants alimentaires riches en prot\u00e9ines plus des acides amin\u00e9s suppl\u00e9mentaires !<\/strong><\/p>\n<p>&nbsp;<\/p>\n<p>Sapodoris DerMino est un produit prot\u00e9ique tr\u00e8s digeste (il contient entre autres des prot\u00e9ines de pomme de terre sans solanine et des prot\u00e9ines de pois), auquel ont \u00e9t\u00e9 ajout\u00e9s les acides amin\u00e9s limitants importants que sont la lysine, la thr\u00e9onine et la m\u00e9thionine. En effet, ce sont justement ces acides amin\u00e9s qui peuvent faire d\u00e9faut lorsque le foin est r\u00e9colt\u00e9 plut\u00f4t tard.<\/p>\n<p>DerMino n&rsquo;est pas seulement un compl\u00e9ment au foin plut\u00f4t pauvre en prot\u00e9ines. DerMino a \u00e9galement fait ses preuves en tant qu&rsquo;apport cibl\u00e9 d&rsquo;acides amin\u00e9s en cas de probl\u00e8mes sp\u00e9cifiques au niveau de l&rsquo;estomac et de l&rsquo;intestin gr\u00eale. En effet, une p\u00e9nurie d&rsquo;acides amin\u00e9s ne peut pas seulement \u00eatre due \u00e0 une ration trop pauvre en prot\u00e9ines &#8211; m\u00eame si le cheval ne peut d\u00e9composer les prot\u00e9ines que de mani\u00e8re limit\u00e9e dans l&rsquo;intestin gr\u00eale, l&rsquo;organisme manque alors de certains acides amin\u00e9s. M\u00eame dans une telle situation, le cheval peut absorber et utiliser directement les acides amin\u00e9s ajout\u00e9s \u00e0 Sapodoris DerMino. La teneur \u00e9lev\u00e9e en thr\u00e9onine peut ici avoir un effet particuli\u00e8rement positif, car la thr\u00e9onine est particuli\u00e8rement importante pour la protection des muqueuses de l&rsquo;estomac et de l&rsquo;intestin.<\/p>\n<p>&nbsp;<\/p>\n<p>Surtout les races dites \u00ab robustes \u00bb telles que tinkers (cobs irlandais), fjords, islandais et haflingers ont tendance \u00e0 faire de l&#8217;embonpoint rapidement et sont donc nourris principalement avec du foin maigre r\u00e9colt\u00e9 tardivement. Pendant longtemps, on a suppos\u00e9 qu&rsquo;il fallait faire attention \u00e0 un r\u00e9gime pauvre en prot\u00e9ines, en particulier chez ces chevaux. Mais les analyses de foin le montrent souvent : un foin maigre et r\u00e9colt\u00e9 tardivement ne suffit pas \u00e0 couvrir les besoins en prot\u00e9ines des chevaux. Et surtout, les chevaux avec beaucoup de crins ont besoin de beaucoup de prot\u00e9ines, car les crins sont principalement constitu\u00e9s de prot\u00e9ines.<\/p>\n<p>Si malgr\u00e9 une suppl\u00e9mentation suffisante en vitamines et en min\u00e9raux, vous observez des probl\u00e8mes de peau r\u00e9currents, une mauvaise croissance des sabots et \/ ou des difficult\u00e9s pour changer de poil chez votre cheval, il est conseill\u00e9 de voir si le foin contient une quantit\u00e9 suffisante en prot\u00e9ines digestibles (les analyses de foin sont vraiment recommand\u00e9es afin d\u2019\u00e9tablir les rations appropri\u00e9es). Si l&rsquo;on se rend compte que l&rsquo;apport en prot\u00e9ines n\u2019est pas suffisant, il est possible de compl\u00e9ter la ration avec des aliments appropri\u00e9s (par exemple de la luzerne, de l&rsquo;avoine ou du foin riche en prot\u00e9ines). Cependant, l&rsquo;utilisation de ces aliments riches en prot\u00e9ines n&rsquo;est possible que dans une quantit\u00e9 limit\u00e9e chez les chevaux ayant tendance \u00e0 prendre du poids facilement, car ils sont \u00e9galement plus \u00e9nergiques que le foin maigre r\u00e9colt\u00e9 tardivement.<\/p>\n<p>&nbsp;<\/p>\n<h3>Composition<\/h3>\n<p>Prot\u00e9ines de pomme de terre (sans solanine), prot\u00e9ines de pois, expectorant de lin<\/p>\n<p>&nbsp;<\/p>\n<h3>Constituants et teneurs analytiques<\/h3>\n<p>67,50 % prot\u00e9ines brutes<br \/>\n3,0 % mati\u00e8res grasses brutes<br \/>\n2,15 % fibres brutes<br \/>\n2,50 % cendres brutes<\/p>\n<p>0,01% sodium<\/p>\n<p>15 % lysine<br \/>\n13 % thr\u00e9onine<br \/>\n5 % methionine<\/p>\n<p>Additifs par kg: acides amin\u00e9s, leurs sels et leurs analogues:<\/p>\n<p>Lysine (\u00e0 partir de monochlorure de L-lysine, 3c322) 118\u2019500,00 mg<br \/>\nL-thr\u00e9onine (3c410) 108&rsquo;000 mg<br \/>\nDL-m\u00e9thionine, techniquement pure (3c301) 41&rsquo;100 mg<\/p>\n<p>&nbsp;<\/p>\n<h3>Recommandation d\u2019affouragement<\/h3>\n<p>Cheval 200 \u00e0 450 kg: 10 &#8211; 40 g \/ jour<br \/>\nCheval 500 \u00e0 600 kg: 30 &#8211; 50 g \/ jour<\/p>\n<p>&nbsp;<\/p>\n<p>1 cuill\u00e8re contient environ 18 g<\/p>\n<p>&nbsp;<\/p>\n<p>Bien entendu, la quantit\u00e9 \u00e0 nourrir d\u00e9pend toujours fortement des carences en prot\u00e9ines dans le reste de la ration. En cas de tr\u00e8s grandes carences dans la ration globale, il est judicieux de compenser ces manques par diff\u00e9rentes sources de prot\u00e9ines. Vous pouvez trouver un tel m\u00e9lange d&rsquo;aliments riches en prot\u00e9ines dans le shop avec le produit Sapodoris Quintus.<\/p>\n<p>&nbsp;<\/p>\n<p><strong>Attention<\/strong>: Le DerMino n&rsquo;est PAS un aliment min\u00e9ral, mais un suppl\u00e9ment d&rsquo;acides amin\u00e9s pur. Les min\u00e9raux ne sont PAS ajout\u00e9s au DerMino et doivent \u00eatre compl\u00e9t\u00e9s si n\u00e9cessaire!<\/p>\n<p>&nbsp;<\/p>\n<p>Vous trouverez plus d&rsquo;informations sur le th\u00e8me des prot\u00e9ines dans l&rsquo;alimentation des chevaux dans la <a href=\"https:\/\/equisana.ch\/fr\/proteines-dans-lalimentation-des-chevaux\/\">rubrique conseils<\/a>.<\/p>\n","protected":false},"excerpt":{"rendered":"<p>Pour am\u00e9liorer les rations \u00e0 faible teneur en prot\u00e9ines<br \/>\nAcides amin\u00e9s essentiels sous forme hautement assimilable<\/p>\n<p><span style=\"color: #993300;\"><strong>Commande limit\u00e9e \u00e0 1 seul sac par livraison<\/strong><\/span><\/p>\n","protected":false},"featured_media":19797,"comment_status":"open","ping_status":"closed","template":"","meta":[],"product_brand":[],"product_cat":[93],"product_tag":[],"class_list":{"0":"post-20140","1":"product","2":"type-product","3":"status-publish","4":"has-post-thumbnail","6":"product_cat-complements-proteiques","8":"first","9":"instock","10":"sold-individually","11":"taxable","12":"shipping-taxable","13":"purchasable","14":"product-type-variable"},"yoast_head":"<!-- This site is optimized with the Yoast SEO plugin v27.4 - https:\/\/yoast.com\/product\/yoast-seo-wordpress\/ -->\n<title>Sapodoris DerMino - Equisana Sarl tout simplement naturel<\/title>\n<meta name=\"description\" content=\"Commander maintenant Sapodoris DerMino. Il contient les acides amin\u00e9s essentiels limitants lysine, m\u00e9thionine et thr\u00e9onine en haute qualit\u00e9.\" \/>\n<meta name=\"robots\" content=\"index, follow, max-snippet:-1, max-image-preview:large, max-video-preview:-1\" \/>\n<link rel=\"canonical\" href=\"https:\/\/equisana.ch\/fr\/produit\/sapodoris-dermino\/\" \/>\n<meta property=\"og:locale\" content=\"fr_FR\" \/>\n<meta property=\"og:type\" content=\"article\" \/>\n<meta property=\"og:title\" content=\"Sapodoris DerMino - Equisana Sarl tout simplement naturel\" \/>\n<meta property=\"og:description\" content=\"Commander maintenant Sapodoris DerMino. Il contient les acides amin\u00e9s essentiels limitants lysine, m\u00e9thionine et thr\u00e9onine en haute qualit\u00e9.\" \/>\n<meta property=\"og:url\" content=\"https:\/\/equisana.ch\/fr\/produit\/sapodoris-dermino\/\" \/>\n<meta property=\"og:site_name\" content=\"Equisana Sarl tout simplement naturel\" \/>\n<meta property=\"article:publisher\" content=\"https:\/\/www.facebook.com\/Equisana\/\" \/>\n<meta property=\"article:modified_time\" content=\"2026-04-23T18:09:03+00:00\" \/>\n<meta property=\"og:image\" content=\"https:\/\/equisana.ch\/wp-content\/uploads\/2023\/03\/Equisana-pferdefuetterung-zusatzfutter-dermino.jpg\" \/>\n\t<meta property=\"og:image:width\" content=\"1400\" \/>\n\t<meta property=\"og:image:height\" content=\"1400\" \/>\n\t<meta property=\"og:image:type\" content=\"image\/jpeg\" \/>\n<meta name=\"twitter:card\" content=\"summary_large_image\" \/>\n<meta name=\"twitter:label1\" content=\"Dur\u00e9e de lecture estim\u00e9e\" \/>\n\t<meta name=\"twitter:data1\" content=\"4 minutes\" \/>\n<script type=\"application\/ld+json\" class=\"yoast-schema-graph\">{\"@context\":\"https:\\\/\\\/schema.org\",\"@graph\":[{\"@type\":\"WebPage\",\"@id\":\"https:\\\/\\\/equisana.ch\\\/fr\\\/produit\\\/sapodoris-dermino\\\/\",\"url\":\"https:\\\/\\\/equisana.ch\\\/fr\\\/produit\\\/sapodoris-dermino\\\/\",\"name\":\"Sapodoris DerMino - Equisana Sarl tout simplement naturel\",\"isPartOf\":{\"@id\":\"https:\\\/\\\/equisana.ch\\\/#website\"},\"primaryImageOfPage\":{\"@id\":\"https:\\\/\\\/equisana.ch\\\/fr\\\/produit\\\/sapodoris-dermino\\\/#primaryimage\"},\"image\":{\"@id\":\"https:\\\/\\\/equisana.ch\\\/fr\\\/produit\\\/sapodoris-dermino\\\/#primaryimage\"},\"thumbnailUrl\":\"https:\\\/\\\/equisana.ch\\\/wp-content\\\/uploads\\\/2023\\\/03\\\/Equisana-pferdefuetterung-zusatzfutter-dermino.jpg\",\"datePublished\":\"2023-03-18T21:28:39+00:00\",\"dateModified\":\"2026-04-23T18:09:03+00:00\",\"description\":\"Commander maintenant Sapodoris DerMino. Il contient les acides amin\u00e9s essentiels limitants lysine, m\u00e9thionine et thr\u00e9onine en haute qualit\u00e9.\",\"breadcrumb\":{\"@id\":\"https:\\\/\\\/equisana.ch\\\/fr\\\/produit\\\/sapodoris-dermino\\\/#breadcrumb\"},\"inLanguage\":\"fr-FR\",\"potentialAction\":[{\"@type\":\"ReadAction\",\"target\":[\"https:\\\/\\\/equisana.ch\\\/fr\\\/produit\\\/sapodoris-dermino\\\/\"]}]},{\"@type\":\"ImageObject\",\"inLanguage\":\"fr-FR\",\"@id\":\"https:\\\/\\\/equisana.ch\\\/fr\\\/produit\\\/sapodoris-dermino\\\/#primaryimage\",\"url\":\"https:\\\/\\\/equisana.ch\\\/wp-content\\\/uploads\\\/2023\\\/03\\\/Equisana-pferdefuetterung-zusatzfutter-dermino.jpg\",\"contentUrl\":\"https:\\\/\\\/equisana.ch\\\/wp-content\\\/uploads\\\/2023\\\/03\\\/Equisana-pferdefuetterung-zusatzfutter-dermino.jpg\",\"width\":1400,\"height\":1400,\"caption\":\"Sapodoris Dermino\"},{\"@type\":\"BreadcrumbList\",\"@id\":\"https:\\\/\\\/equisana.ch\\\/fr\\\/produit\\\/sapodoris-dermino\\\/#breadcrumb\",\"itemListElement\":[{\"@type\":\"ListItem\",\"position\":1,\"name\":\"Startseite\",\"item\":\"https:\\\/\\\/equisana.ch\\\/\"},{\"@type\":\"ListItem\",\"position\":2,\"name\":\"Tous les produits hippiques EQUISANA\",\"item\":\"https:\\\/\\\/equisana.ch\\\/fr\\\/produits\\\/\"},{\"@type\":\"ListItem\",\"position\":3,\"name\":\"Sapodoris DerMino\"}]},{\"@type\":\"WebSite\",\"@id\":\"https:\\\/\\\/equisana.ch\\\/#website\",\"url\":\"https:\\\/\\\/equisana.ch\\\/\",\"name\":\"EQUISANA GmbH einfach nat\u00fcrlich\",\"description\":\"Tout simplement naturel\",\"publisher\":{\"@id\":\"https:\\\/\\\/equisana.ch\\\/#organization\"},\"potentialAction\":[{\"@type\":\"SearchAction\",\"target\":{\"@type\":\"EntryPoint\",\"urlTemplate\":\"https:\\\/\\\/equisana.ch\\\/?s={search_term_string}\"},\"query-input\":{\"@type\":\"PropertyValueSpecification\",\"valueRequired\":true,\"valueName\":\"search_term_string\"}}],\"inLanguage\":\"fr-FR\"},{\"@type\":\"Organization\",\"@id\":\"https:\\\/\\\/equisana.ch\\\/#organization\",\"name\":\"EQUISANA GmbH einfach nat\u00fcrlich\",\"url\":\"https:\\\/\\\/equisana.ch\\\/\",\"logo\":{\"@type\":\"ImageObject\",\"inLanguage\":\"fr-FR\",\"@id\":\"https:\\\/\\\/equisana.ch\\\/#\\\/schema\\\/logo\\\/image\\\/\",\"url\":\"https:\\\/\\\/equisana.ch\\\/wp-content\\\/uploads\\\/2023\\\/03\\\/cropped-equisana-logo.png\",\"contentUrl\":\"https:\\\/\\\/equisana.ch\\\/wp-content\\\/uploads\\\/2023\\\/03\\\/cropped-equisana-logo.png\",\"width\":342,\"height\":124,\"caption\":\"EQUISANA GmbH einfach nat\u00fcrlich\"},\"image\":{\"@id\":\"https:\\\/\\\/equisana.ch\\\/#\\\/schema\\\/logo\\\/image\\\/\"},\"sameAs\":[\"https:\\\/\\\/www.facebook.com\\\/Equisana\\\/\"]}]}<\/script>\n<!-- \/ Yoast SEO plugin. -->","yoast_head_json":{"title":"Sapodoris DerMino - Equisana Sarl tout simplement naturel","description":"Commander maintenant Sapodoris DerMino. Il contient les acides amin\u00e9s essentiels limitants lysine, m\u00e9thionine et thr\u00e9onine en haute qualit\u00e9.","robots":{"index":"index","follow":"follow","max-snippet":"max-snippet:-1","max-image-preview":"max-image-preview:large","max-video-preview":"max-video-preview:-1"},"canonical":"https:\/\/equisana.ch\/fr\/produit\/sapodoris-dermino\/","og_locale":"fr_FR","og_type":"article","og_title":"Sapodoris DerMino - Equisana Sarl tout simplement naturel","og_description":"Commander maintenant Sapodoris DerMino. Il contient les acides amin\u00e9s essentiels limitants lysine, m\u00e9thionine et thr\u00e9onine en haute qualit\u00e9.","og_url":"https:\/\/equisana.ch\/fr\/produit\/sapodoris-dermino\/","og_site_name":"Equisana Sarl tout simplement naturel","article_publisher":"https:\/\/www.facebook.com\/Equisana\/","article_modified_time":"2026-04-23T18:09:03+00:00","og_image":[{"width":1400,"height":1400,"url":"https:\/\/equisana.ch\/wp-content\/uploads\/2023\/03\/Equisana-pferdefuetterung-zusatzfutter-dermino.jpg","type":"image\/jpeg"}],"twitter_card":"summary_large_image","twitter_misc":{"Dur\u00e9e de lecture estim\u00e9e":"4 minutes"},"schema":{"@context":"https:\/\/schema.org","@graph":[{"@type":"WebPage","@id":"https:\/\/equisana.ch\/fr\/produit\/sapodoris-dermino\/","url":"https:\/\/equisana.ch\/fr\/produit\/sapodoris-dermino\/","name":"Sapodoris DerMino - Equisana Sarl tout simplement naturel","isPartOf":{"@id":"https:\/\/equisana.ch\/#website"},"primaryImageOfPage":{"@id":"https:\/\/equisana.ch\/fr\/produit\/sapodoris-dermino\/#primaryimage"},"image":{"@id":"https:\/\/equisana.ch\/fr\/produit\/sapodoris-dermino\/#primaryimage"},"thumbnailUrl":"https:\/\/equisana.ch\/wp-content\/uploads\/2023\/03\/Equisana-pferdefuetterung-zusatzfutter-dermino.jpg","datePublished":"2023-03-18T21:28:39+00:00","dateModified":"2026-04-23T18:09:03+00:00","description":"Commander maintenant Sapodoris DerMino. Il contient les acides amin\u00e9s essentiels limitants lysine, m\u00e9thionine et thr\u00e9onine en haute qualit\u00e9.","breadcrumb":{"@id":"https:\/\/equisana.ch\/fr\/produit\/sapodoris-dermino\/#breadcrumb"},"inLanguage":"fr-FR","potentialAction":[{"@type":"ReadAction","target":["https:\/\/equisana.ch\/fr\/produit\/sapodoris-dermino\/"]}]},{"@type":"ImageObject","inLanguage":"fr-FR","@id":"https:\/\/equisana.ch\/fr\/produit\/sapodoris-dermino\/#primaryimage","url":"https:\/\/equisana.ch\/wp-content\/uploads\/2023\/03\/Equisana-pferdefuetterung-zusatzfutter-dermino.jpg","contentUrl":"https:\/\/equisana.ch\/wp-content\/uploads\/2023\/03\/Equisana-pferdefuetterung-zusatzfutter-dermino.jpg","width":1400,"height":1400,"caption":"Sapodoris Dermino"},{"@type":"BreadcrumbList","@id":"https:\/\/equisana.ch\/fr\/produit\/sapodoris-dermino\/#breadcrumb","itemListElement":[{"@type":"ListItem","position":1,"name":"Startseite","item":"https:\/\/equisana.ch\/"},{"@type":"ListItem","position":2,"name":"Tous les produits hippiques EQUISANA","item":"https:\/\/equisana.ch\/fr\/produits\/"},{"@type":"ListItem","position":3,"name":"Sapodoris DerMino"}]},{"@type":"WebSite","@id":"https:\/\/equisana.ch\/#website","url":"https:\/\/equisana.ch\/","name":"EQUISANA GmbH einfach nat\u00fcrlich","description":"Tout simplement naturel","publisher":{"@id":"https:\/\/equisana.ch\/#organization"},"potentialAction":[{"@type":"SearchAction","target":{"@type":"EntryPoint","urlTemplate":"https:\/\/equisana.ch\/?s={search_term_string}"},"query-input":{"@type":"PropertyValueSpecification","valueRequired":true,"valueName":"search_term_string"}}],"inLanguage":"fr-FR"},{"@type":"Organization","@id":"https:\/\/equisana.ch\/#organization","name":"EQUISANA GmbH einfach nat\u00fcrlich","url":"https:\/\/equisana.ch\/","logo":{"@type":"ImageObject","inLanguage":"fr-FR","@id":"https:\/\/equisana.ch\/#\/schema\/logo\/image\/","url":"https:\/\/equisana.ch\/wp-content\/uploads\/2023\/03\/cropped-equisana-logo.png","contentUrl":"https:\/\/equisana.ch\/wp-content\/uploads\/2023\/03\/cropped-equisana-logo.png","width":342,"height":124,"caption":"EQUISANA GmbH einfach nat\u00fcrlich"},"image":{"@id":"https:\/\/equisana.ch\/#\/schema\/logo\/image\/"},"sameAs":["https:\/\/www.facebook.com\/Equisana\/"]}]}},"_links":{"self":[{"href":"https:\/\/equisana.ch\/fr\/wp-json\/wp\/v2\/product\/20140","targetHints":{"allow":["GET"]}}],"collection":[{"href":"https:\/\/equisana.ch\/fr\/wp-json\/wp\/v2\/product"}],"about":[{"href":"https:\/\/equisana.ch\/fr\/wp-json\/wp\/v2\/types\/product"}],"replies":[{"embeddable":true,"href":"https:\/\/equisana.ch\/fr\/wp-json\/wp\/v2\/comments?post=20140"}],"wp:featuredmedia":[{"embeddable":true,"href":"https:\/\/equisana.ch\/fr\/wp-json\/wp\/v2\/media\/19797"}],"wp:attachment":[{"href":"https:\/\/equisana.ch\/fr\/wp-json\/wp\/v2\/media?parent=20140"}],"wp:term":[{"taxonomy":"product_brand","embeddable":true,"href":"https:\/\/equisana.ch\/fr\/wp-json\/wp\/v2\/product_brand?post=20140"},{"taxonomy":"product_cat","embeddable":true,"href":"https:\/\/equisana.ch\/fr\/wp-json\/wp\/v2\/product_cat?post=20140"},{"taxonomy":"product_tag","embeddable":true,"href":"https:\/\/equisana.ch\/fr\/wp-json\/wp\/v2\/product_tag?post=20140"}],"curies":[{"name":"wp","href":"https:\/\/api.w.org\/{rel}","templated":true}]}}