{"id":23181,"date":"2024-02-19T10:08:25","date_gmt":"2024-02-19T10:08:25","guid":{"rendered":"https:\/\/equisana.ch\/?post_type=product&#038;p=23181"},"modified":"2026-02-14T16:24:11","modified_gmt":"2026-02-14T16:24:11","slug":"filet-a-foin-en-forme-de-toile-taille-de-maille-4-5-cm-2-5-x4-5-metres","status":"publish","type":"product","link":"https:\/\/equisana.ch\/fr\/produit\/filet-a-foin-en-forme-de-toile-taille-de-maille-4-5-cm-2-5-x4-5-metres\/","title":{"rendered":"Filet \u00e0 foin en forme de toile, taille de maille 4.5 cm  (2.5 x 4.5 m\u00e8tres)"},"content":{"rendered":"<h3>Descriptif d\u00e9taill\u00e9<\/h3>\n<p>Filet \u00e0 foin en forme de toile, plat, tiss\u00e9, souple<\/p>\n<p>Taille id\u00e9ale pour d\u00e9buter<\/p>\n<p>&nbsp;<\/p>\n<h3>Mesures<\/h3>\n<p>Renforcement lat\u00e9ral env. 8-10mm<br \/>\nEpaisseur du cordon 5 mm<br \/>\nTaille effective de l\u2019ouverture : 4.0 cm<\/p>\n<p>2.5 x 4.5 m\u00e8tres<\/p>\n<p>&nbsp;<\/p>\n<h3>Couleur &amp; Mat\u00e9riel<\/h3>\n<p>Vert<br \/>\nPolypropyl\u00e8ne solide<br \/>\ntiss\u00e9<\/p>\n<p>&nbsp;<\/p>\n<p>Tous nos filets tiss\u00e9s sont fabriqu\u00e9s avec des produits de haute qualit\u00e9 et ont \u00e9t\u00e9 test\u00e9s du point de vue toxicit\u00e9 par T\u00dcV-S\u00fcd.<\/p>\n","protected":false},"excerpt":{"rendered":"<p>Ce filet peut \u00eatre utilis\u00e9 afin de recouvrir le foin dans un r\u00e2telier<\/p>\n<p>Mod\u00e8les uniques car erreur de livraison<\/p>\n","protected":false},"featured_media":21412,"comment_status":"closed","ping_status":"closed","template":"","meta":[],"product_brand":[],"product_cat":[82],"product_tag":[],"class_list":{"0":"post-23181","1":"product","2":"type-product","3":"status-publish","4":"has-post-thumbnail","6":"product_cat-non-classe","8":"first","9":"instock","10":"taxable","11":"shipping-taxable","12":"purchasable","13":"product-type-simple"},"yoast_head":"<!-- This site is optimized with the Yoast SEO plugin v27.4 - https:\/\/yoast.com\/product\/yoast-seo-wordpress\/ -->\n<title>Filet \u00e0 foin en forme de toile, taille de maille 4.5 cm (2.5 x 4.5 m\u00e8tres) - Equisana Sarl tout simplement naturel<\/title>\n<meta name=\"description\" content=\"Commander maintenant filet \u00e0 foin en forme de toile, taille de maille 4.5 cm. Taille de maille id\u00e9ale pour d\u00e9buter! Filet \u00e0 foin en forme de toile, plat, tiss\u00e9, souple\" \/>\n<meta name=\"robots\" content=\"index, follow, max-snippet:-1, max-image-preview:large, max-video-preview:-1\" \/>\n<link rel=\"canonical\" href=\"https:\/\/equisana.ch\/fr\/produit\/filet-a-foin-en-forme-de-toile-taille-de-maille-4-5-cm-2-5-x4-5-metres\/\" \/>\n<meta property=\"og:locale\" content=\"fr_FR\" \/>\n<meta property=\"og:type\" content=\"article\" \/>\n<meta property=\"og:title\" content=\"Filet \u00e0 foin en forme de toile, taille de maille 4.5 cm (2.5 x 4.5 m\u00e8tres) - Equisana Sarl tout simplement naturel\" \/>\n<meta property=\"og:description\" content=\"Commander maintenant filet \u00e0 foin en forme de toile, taille de maille 4.5 cm. Taille de maille id\u00e9ale pour d\u00e9buter! Filet \u00e0 foin en forme de toile, plat, tiss\u00e9, souple\" \/>\n<meta property=\"og:url\" content=\"https:\/\/equisana.ch\/fr\/produit\/filet-a-foin-en-forme-de-toile-taille-de-maille-4-5-cm-2-5-x4-5-metres\/\" \/>\n<meta property=\"og:site_name\" content=\"Equisana Sarl tout simplement naturel\" \/>\n<meta property=\"article:publisher\" content=\"https:\/\/www.facebook.com\/Equisana\/\" \/>\n<meta property=\"article:modified_time\" content=\"2026-02-14T16:24:11+00:00\" \/>\n<meta property=\"og:image\" content=\"https:\/\/equisana.ch\/wp-content\/uploads\/2023\/05\/equisana-heunetze-maschenweite-45-1024x1024.jpg\" \/>\n\t<meta property=\"og:image:width\" content=\"1024\" \/>\n\t<meta property=\"og:image:height\" content=\"1024\" \/>\n\t<meta property=\"og:image:type\" content=\"image\/jpeg\" \/>\n<meta name=\"twitter:card\" content=\"summary_large_image\" \/>\n<meta name=\"twitter:label1\" content=\"Dur\u00e9e de lecture estim\u00e9e\" \/>\n\t<meta name=\"twitter:data1\" content=\"1 minute\" \/>\n<script type=\"application\/ld+json\" class=\"yoast-schema-graph\">{\"@context\":\"https:\\\/\\\/schema.org\",\"@graph\":[{\"@type\":\"WebPage\",\"@id\":\"https:\\\/\\\/equisana.ch\\\/fr\\\/produit\\\/filet-a-foin-en-forme-de-toile-taille-de-maille-4-5-cm-2-5-x4-5-metres\\\/\",\"url\":\"https:\\\/\\\/equisana.ch\\\/fr\\\/produit\\\/filet-a-foin-en-forme-de-toile-taille-de-maille-4-5-cm-2-5-x4-5-metres\\\/\",\"name\":\"Filet \u00e0 foin en forme de toile, taille de maille 4.5 cm (2.5 x 4.5 m\u00e8tres) - Equisana Sarl tout simplement naturel\",\"isPartOf\":{\"@id\":\"https:\\\/\\\/equisana.ch\\\/#website\"},\"primaryImageOfPage\":{\"@id\":\"https:\\\/\\\/equisana.ch\\\/fr\\\/produit\\\/filet-a-foin-en-forme-de-toile-taille-de-maille-4-5-cm-2-5-x4-5-metres\\\/#primaryimage\"},\"image\":{\"@id\":\"https:\\\/\\\/equisana.ch\\\/fr\\\/produit\\\/filet-a-foin-en-forme-de-toile-taille-de-maille-4-5-cm-2-5-x4-5-metres\\\/#primaryimage\"},\"thumbnailUrl\":\"https:\\\/\\\/equisana.ch\\\/wp-content\\\/uploads\\\/2023\\\/05\\\/equisana-heunetze-maschenweite-45.jpg\",\"datePublished\":\"2024-02-19T10:08:25+00:00\",\"dateModified\":\"2026-02-14T16:24:11+00:00\",\"description\":\"Commander maintenant filet \u00e0 foin en forme de toile, taille de maille 4.5 cm. Taille de maille id\u00e9ale pour d\u00e9buter! Filet \u00e0 foin en forme de toile, plat, tiss\u00e9, souple\",\"breadcrumb\":{\"@id\":\"https:\\\/\\\/equisana.ch\\\/fr\\\/produit\\\/filet-a-foin-en-forme-de-toile-taille-de-maille-4-5-cm-2-5-x4-5-metres\\\/#breadcrumb\"},\"inLanguage\":\"fr-FR\",\"potentialAction\":[{\"@type\":\"ReadAction\",\"target\":[\"https:\\\/\\\/equisana.ch\\\/fr\\\/produit\\\/filet-a-foin-en-forme-de-toile-taille-de-maille-4-5-cm-2-5-x4-5-metres\\\/\"]}]},{\"@type\":\"ImageObject\",\"inLanguage\":\"fr-FR\",\"@id\":\"https:\\\/\\\/equisana.ch\\\/fr\\\/produit\\\/filet-a-foin-en-forme-de-toile-taille-de-maille-4-5-cm-2-5-x4-5-metres\\\/#primaryimage\",\"url\":\"https:\\\/\\\/equisana.ch\\\/wp-content\\\/uploads\\\/2023\\\/05\\\/equisana-heunetze-maschenweite-45.jpg\",\"contentUrl\":\"https:\\\/\\\/equisana.ch\\\/wp-content\\\/uploads\\\/2023\\\/05\\\/equisana-heunetze-maschenweite-45.jpg\",\"width\":1400,\"height\":1400},{\"@type\":\"BreadcrumbList\",\"@id\":\"https:\\\/\\\/equisana.ch\\\/fr\\\/produit\\\/filet-a-foin-en-forme-de-toile-taille-de-maille-4-5-cm-2-5-x4-5-metres\\\/#breadcrumb\",\"itemListElement\":[{\"@type\":\"ListItem\",\"position\":1,\"name\":\"Startseite\",\"item\":\"https:\\\/\\\/equisana.ch\\\/\"},{\"@type\":\"ListItem\",\"position\":2,\"name\":\"Tous les produits hippiques EQUISANA\",\"item\":\"https:\\\/\\\/equisana.ch\\\/fr\\\/produits\\\/\"},{\"@type\":\"ListItem\",\"position\":3,\"name\":\"Filet \u00e0 foin en forme de toile, taille de maille 4.5 cm (2.5 x 4.5 m\u00e8tres)\"}]},{\"@type\":\"WebSite\",\"@id\":\"https:\\\/\\\/equisana.ch\\\/#website\",\"url\":\"https:\\\/\\\/equisana.ch\\\/\",\"name\":\"EQUISANA GmbH einfach nat\u00fcrlich\",\"description\":\"Tout simplement naturel\",\"publisher\":{\"@id\":\"https:\\\/\\\/equisana.ch\\\/#organization\"},\"potentialAction\":[{\"@type\":\"SearchAction\",\"target\":{\"@type\":\"EntryPoint\",\"urlTemplate\":\"https:\\\/\\\/equisana.ch\\\/?s={search_term_string}\"},\"query-input\":{\"@type\":\"PropertyValueSpecification\",\"valueRequired\":true,\"valueName\":\"search_term_string\"}}],\"inLanguage\":\"fr-FR\"},{\"@type\":\"Organization\",\"@id\":\"https:\\\/\\\/equisana.ch\\\/#organization\",\"name\":\"EQUISANA GmbH einfach nat\u00fcrlich\",\"url\":\"https:\\\/\\\/equisana.ch\\\/\",\"logo\":{\"@type\":\"ImageObject\",\"inLanguage\":\"fr-FR\",\"@id\":\"https:\\\/\\\/equisana.ch\\\/#\\\/schema\\\/logo\\\/image\\\/\",\"url\":\"https:\\\/\\\/equisana.ch\\\/wp-content\\\/uploads\\\/2023\\\/03\\\/cropped-equisana-logo.png\",\"contentUrl\":\"https:\\\/\\\/equisana.ch\\\/wp-content\\\/uploads\\\/2023\\\/03\\\/cropped-equisana-logo.png\",\"width\":342,\"height\":124,\"caption\":\"EQUISANA GmbH einfach nat\u00fcrlich\"},\"image\":{\"@id\":\"https:\\\/\\\/equisana.ch\\\/#\\\/schema\\\/logo\\\/image\\\/\"},\"sameAs\":[\"https:\\\/\\\/www.facebook.com\\\/Equisana\\\/\"]}]}<\/script>\n<!-- \/ Yoast SEO plugin. -->","yoast_head_json":{"title":"Filet \u00e0 foin en forme de toile, taille de maille 4.5 cm (2.5 x 4.5 m\u00e8tres) - Equisana Sarl tout simplement naturel","description":"Commander maintenant filet \u00e0 foin en forme de toile, taille de maille 4.5 cm. Taille de maille id\u00e9ale pour d\u00e9buter! Filet \u00e0 foin en forme de toile, plat, tiss\u00e9, souple","robots":{"index":"index","follow":"follow","max-snippet":"max-snippet:-1","max-image-preview":"max-image-preview:large","max-video-preview":"max-video-preview:-1"},"canonical":"https:\/\/equisana.ch\/fr\/produit\/filet-a-foin-en-forme-de-toile-taille-de-maille-4-5-cm-2-5-x4-5-metres\/","og_locale":"fr_FR","og_type":"article","og_title":"Filet \u00e0 foin en forme de toile, taille de maille 4.5 cm (2.5 x 4.5 m\u00e8tres) - Equisana Sarl tout simplement naturel","og_description":"Commander maintenant filet \u00e0 foin en forme de toile, taille de maille 4.5 cm. Taille de maille id\u00e9ale pour d\u00e9buter! Filet \u00e0 foin en forme de toile, plat, tiss\u00e9, souple","og_url":"https:\/\/equisana.ch\/fr\/produit\/filet-a-foin-en-forme-de-toile-taille-de-maille-4-5-cm-2-5-x4-5-metres\/","og_site_name":"Equisana Sarl tout simplement naturel","article_publisher":"https:\/\/www.facebook.com\/Equisana\/","article_modified_time":"2026-02-14T16:24:11+00:00","og_image":[{"width":1024,"height":1024,"url":"https:\/\/equisana.ch\/wp-content\/uploads\/2023\/05\/equisana-heunetze-maschenweite-45-1024x1024.jpg","type":"image\/jpeg"}],"twitter_card":"summary_large_image","twitter_misc":{"Dur\u00e9e de lecture estim\u00e9e":"1 minute"},"schema":{"@context":"https:\/\/schema.org","@graph":[{"@type":"WebPage","@id":"https:\/\/equisana.ch\/fr\/produit\/filet-a-foin-en-forme-de-toile-taille-de-maille-4-5-cm-2-5-x4-5-metres\/","url":"https:\/\/equisana.ch\/fr\/produit\/filet-a-foin-en-forme-de-toile-taille-de-maille-4-5-cm-2-5-x4-5-metres\/","name":"Filet \u00e0 foin en forme de toile, taille de maille 4.5 cm (2.5 x 4.5 m\u00e8tres) - Equisana Sarl tout simplement naturel","isPartOf":{"@id":"https:\/\/equisana.ch\/#website"},"primaryImageOfPage":{"@id":"https:\/\/equisana.ch\/fr\/produit\/filet-a-foin-en-forme-de-toile-taille-de-maille-4-5-cm-2-5-x4-5-metres\/#primaryimage"},"image":{"@id":"https:\/\/equisana.ch\/fr\/produit\/filet-a-foin-en-forme-de-toile-taille-de-maille-4-5-cm-2-5-x4-5-metres\/#primaryimage"},"thumbnailUrl":"https:\/\/equisana.ch\/wp-content\/uploads\/2023\/05\/equisana-heunetze-maschenweite-45.jpg","datePublished":"2024-02-19T10:08:25+00:00","dateModified":"2026-02-14T16:24:11+00:00","description":"Commander maintenant filet \u00e0 foin en forme de toile, taille de maille 4.5 cm. Taille de maille id\u00e9ale pour d\u00e9buter! Filet \u00e0 foin en forme de toile, plat, tiss\u00e9, souple","breadcrumb":{"@id":"https:\/\/equisana.ch\/fr\/produit\/filet-a-foin-en-forme-de-toile-taille-de-maille-4-5-cm-2-5-x4-5-metres\/#breadcrumb"},"inLanguage":"fr-FR","potentialAction":[{"@type":"ReadAction","target":["https:\/\/equisana.ch\/fr\/produit\/filet-a-foin-en-forme-de-toile-taille-de-maille-4-5-cm-2-5-x4-5-metres\/"]}]},{"@type":"ImageObject","inLanguage":"fr-FR","@id":"https:\/\/equisana.ch\/fr\/produit\/filet-a-foin-en-forme-de-toile-taille-de-maille-4-5-cm-2-5-x4-5-metres\/#primaryimage","url":"https:\/\/equisana.ch\/wp-content\/uploads\/2023\/05\/equisana-heunetze-maschenweite-45.jpg","contentUrl":"https:\/\/equisana.ch\/wp-content\/uploads\/2023\/05\/equisana-heunetze-maschenweite-45.jpg","width":1400,"height":1400},{"@type":"BreadcrumbList","@id":"https:\/\/equisana.ch\/fr\/produit\/filet-a-foin-en-forme-de-toile-taille-de-maille-4-5-cm-2-5-x4-5-metres\/#breadcrumb","itemListElement":[{"@type":"ListItem","position":1,"name":"Startseite","item":"https:\/\/equisana.ch\/"},{"@type":"ListItem","position":2,"name":"Tous les produits hippiques EQUISANA","item":"https:\/\/equisana.ch\/fr\/produits\/"},{"@type":"ListItem","position":3,"name":"Filet \u00e0 foin en forme de toile, taille de maille 4.5 cm (2.5 x 4.5 m\u00e8tres)"}]},{"@type":"WebSite","@id":"https:\/\/equisana.ch\/#website","url":"https:\/\/equisana.ch\/","name":"EQUISANA GmbH einfach nat\u00fcrlich","description":"Tout simplement naturel","publisher":{"@id":"https:\/\/equisana.ch\/#organization"},"potentialAction":[{"@type":"SearchAction","target":{"@type":"EntryPoint","urlTemplate":"https:\/\/equisana.ch\/?s={search_term_string}"},"query-input":{"@type":"PropertyValueSpecification","valueRequired":true,"valueName":"search_term_string"}}],"inLanguage":"fr-FR"},{"@type":"Organization","@id":"https:\/\/equisana.ch\/#organization","name":"EQUISANA GmbH einfach nat\u00fcrlich","url":"https:\/\/equisana.ch\/","logo":{"@type":"ImageObject","inLanguage":"fr-FR","@id":"https:\/\/equisana.ch\/#\/schema\/logo\/image\/","url":"https:\/\/equisana.ch\/wp-content\/uploads\/2023\/03\/cropped-equisana-logo.png","contentUrl":"https:\/\/equisana.ch\/wp-content\/uploads\/2023\/03\/cropped-equisana-logo.png","width":342,"height":124,"caption":"EQUISANA GmbH einfach nat\u00fcrlich"},"image":{"@id":"https:\/\/equisana.ch\/#\/schema\/logo\/image\/"},"sameAs":["https:\/\/www.facebook.com\/Equisana\/"]}]}},"_links":{"self":[{"href":"https:\/\/equisana.ch\/fr\/wp-json\/wp\/v2\/product\/23181","targetHints":{"allow":["GET"]}}],"collection":[{"href":"https:\/\/equisana.ch\/fr\/wp-json\/wp\/v2\/product"}],"about":[{"href":"https:\/\/equisana.ch\/fr\/wp-json\/wp\/v2\/types\/product"}],"replies":[{"embeddable":true,"href":"https:\/\/equisana.ch\/fr\/wp-json\/wp\/v2\/comments?post=23181"}],"wp:featuredmedia":[{"embeddable":true,"href":"https:\/\/equisana.ch\/fr\/wp-json\/wp\/v2\/media\/21412"}],"wp:attachment":[{"href":"https:\/\/equisana.ch\/fr\/wp-json\/wp\/v2\/media?parent=23181"}],"wp:term":[{"taxonomy":"product_brand","embeddable":true,"href":"https:\/\/equisana.ch\/fr\/wp-json\/wp\/v2\/product_brand?post=23181"},{"taxonomy":"product_cat","embeddable":true,"href":"https:\/\/equisana.ch\/fr\/wp-json\/wp\/v2\/product_cat?post=23181"},{"taxonomy":"product_tag","embeddable":true,"href":"https:\/\/equisana.ch\/fr\/wp-json\/wp\/v2\/product_tag?post=23181"}],"curies":[{"name":"wp","href":"https:\/\/api.w.org\/{rel}","templated":true}]}}