{"id":24047,"date":"2023-05-17T07:26:25","date_gmt":"2023-05-17T07:26:25","guid":{"rendered":"https:\/\/equisana.ch\/produkt\/sapodoris-purvital\/"},"modified":"2026-04-28T13:13:49","modified_gmt":"2026-04-28T13:13:49","slug":"sapodoris-purvital","status":"publish","type":"product","link":"https:\/\/equisana.ch\/fr\/produit\/sapodoris-purvital\/","title":{"rendered":"Sapodoris Purvital"},"content":{"rendered":"<h4>Sapodoris Purvital \u2013 le compl\u00e9ment nutritif simple mais de tr\u00e8s haute qualit\u00e9 pour des options d\u2019alimentation particuli\u00e8rement bien adapt\u00e9es !<\/h4>\n<p>&nbsp;<\/p>\n<p>Divers facteurs peuvent augmenter les besoins en certains nutriments, mais en m\u00eame temps, de nombreux chevaux souffrent de certaines intol\u00e9rances. Il est donc extr\u00eamement difficile pour certains propri\u00e9taires de chevaux de trouver un aliment min\u00e9ral qui tienne compte des besoins particuliers, qui s\u2019adapte de mani\u00e8re optimale au foin concern\u00e9 et qui soit \u00e9galement exempt de certaines substances auxquelles le cheval pourrait \u00e9ventuellement r\u00e9agir n\u00e9gativement.<\/p>\n<p>&nbsp;<\/p>\n<p>C\u2019est de ces consid\u00e9rations qu\u2019est n\u00e9 Sapodoris Purvital : les excipients de Purvital ont \u00e9t\u00e9 s\u00e9lectionn\u00e9s en fonction de leur tol\u00e9rance particuli\u00e8rement bonne. En particulier, le zinc, la vitamine E et les acides amin\u00e9s essentiels lysine (100&rsquo;000 mg), thr\u00e9onine (80&rsquo;000 mg) et m\u00e9thionine 50&rsquo;000 mg sont contenus \u00e0 des doses assez \u00e9lev\u00e9es dans Purvital. Au lieu de la vitamine A, du b\u00eata-carot\u00e8ne a \u00e9t\u00e9 ajout\u00e9, car ce concept a d\u00e9j\u00e0 fait ses preuves dans le Oligo Plus\u00a0 de Sapodoris.<\/p>\n<p>&nbsp;<\/p>\n<p>En tant qu\u2019aliment min\u00e9ral de tr\u00e8s haute qualit\u00e9, Sapodoris Purvital contient du zinc et du cuivre sous forme d\u2019oligo-\u00e9l\u00e9ments li\u00e9s organiquement. Le s\u00e9l\u00e9nium est contenu sous forme inorganique, car le s\u00e9l\u00e9nium li\u00e9 organiquement est absorb\u00e9 si fortement qu\u2019il peut parfois entra\u00eener des probl\u00e8mes.<\/p>\n<p>&nbsp;<\/p>\n<p>Le mangan\u00e8se et le fer ne sont pas ajout\u00e9s, car les deux sont g\u00e9n\u00e9ralement d\u00e9j\u00e0 contenus\u00a0 en quantit\u00e9 suffisante dans le foin.<\/p>\n<h3><\/h3>\n<h3>Composition<\/h3>\n<p>Foin de fl\u00e9ole des pr\u00e9s, tourteau de lin, oxyde de magn\u00e9sium, chlorure de sodium<\/p>\n<p>&nbsp;<\/p>\n<h3>Constituants et teneurs analytiques<\/h3>\n<p>29,5 % de prot\u00e9ines brutes<br \/>\n16,0 % de cendres brutes<br \/>\n3,8 % de mati\u00e8res grasses brutes<br \/>\n11,0 % de fibres brutes<br \/>\n2 % de sodium<br \/>\n0,2 % de calcium<br \/>\n4 % de magn\u00e9sium<br \/>\n0,1 % de phosphore<\/p>\n<p>10% lysine<br \/>\n8 % de thr\u00e9onine<br \/>\n4 % de m\u00e9thionine<\/p>\n<p>&nbsp;<\/p>\n<p><strong>Additifs (par kg) :<\/strong><\/p>\n<p>Additifs nutritionnels :<\/p>\n<p>1 000 mg de b\u00eata-carot\u00e8ne 3a160a<br \/>\n10 000 mg de vitamine E 3a700<br \/>\n5 000 mg de vitamine C 3a300<br \/>\n1 200 mg de vitamine B1 3a821<br \/>\n1 000 mg de vitamine B2 3a825i<br \/>\n1 400 mg de vitamine B6 3a831<br \/>\n5 000 mcg de vitamine B12 sous forme de cyanocobalamine<br \/>\n500 mg de niacinamide 3A315<br \/>\n40 000 mcg de biotine 3a880<br \/>\n500 mg de D-pantoth\u00e9nate de calcium 3a841<br \/>\n3 000 mg de chlorure de choline 3A890<br \/>\n200 mg d\u2019acide folique sous forme d\u2019acide folique Prep. N\u00b0 3A316<\/p>\n<p>2 000 mg de cuivre \u00e0 partir de ch\u00e9late d\u2019acide amin\u00e9 de cuivre (II), hydrat\u00e9 3B406<br \/>\n10 000 mg de zinc provenant de ch\u00e9late de zinc, acide amin\u00e9, hydrat\u00e9 3B606<br \/>\n20 mg d\u2019iode \u00e0 partir d\u2019iodate de calcium anhydre 3B202<br \/>\n25 mg de cobalt \u00e0 partir de granules de carbonate de cobalt (II) enrob\u00e9s 3b304<br \/>\n15 mg de s\u00e9l\u00e9nium de sodium 3b801<\/p>\n<p>99 500 mg de lysine \u00e0 partir de monochlorure de L-lysine 3C322<br \/>\n79 200 mg de thr\u00e9onine \u00e0 partir de L-thr\u00e9onine (3c410)<br \/>\n39 600 mg de m\u00e9thionine \u00e0 partir de DL-m\u00e9thionine, pure technique 3C301<\/p>\n<p>&nbsp;<\/p>\n<p><strong>Additifs sensoriels: <\/strong><\/p>\n<p>M\u00e9lange d\u2019ar\u00f4mes (\u00e0 partir de l\u2019huile\u00ae d\u2019origan DOSTO) 200 mg<\/p>\n<p>&nbsp;<\/p>\n<h3>Recommandation d\u2019affouragement<\/h3>\n<p>Cheval 200 \u2013 450 kg : 25 \u2013 45 g par jour<br \/>\nCheval 500 \u2013 600 kg : 50 \u2013 60 g par jour<br \/>\nCheval 650 \u2013 800 kg : 60 \u2013 75 g par jour<\/p>\n","protected":false},"excerpt":{"rendered":"<p>Oligo-\u00e9l\u00e9ments li\u00e9s organiquement<br \/>\nAcides amin\u00e9s particuli\u00e8rement hautement dos\u00e9s<br \/>\nSans additifs de mangan\u00e8se et de fer<br \/>\nTeneur \u00e9lev\u00e9e en cuivre et en zinc<\/p>\n<p>Sacs de 7 kg<\/p>\n<p><span style=\"color: #993300;\"><strong>Livraison limit\u00e9e \u00e0 1 sac par commande<\/strong><\/span><\/p>\n","protected":false},"featured_media":21840,"comment_status":"open","ping_status":"closed","template":"","meta":[],"product_brand":[],"product_cat":[83],"product_tag":[],"class_list":{"0":"post-24047","1":"product","2":"type-product","3":"status-publish","4":"has-post-thumbnail","6":"product_cat-complements-mineraux","8":"first","9":"instock","10":"taxable","11":"shipping-taxable","12":"purchasable","13":"product-type-simple"},"yoast_head":"<!-- This site is optimized with the Yoast SEO plugin v27.4 - https:\/\/yoast.com\/product\/yoast-seo-wordpress\/ -->\n<title>Sapodoris Purvital - Equisana Sarl tout simplement naturel<\/title>\n<meta name=\"description\" content=\"Commandez Sapodoris Purvital. Le compl\u00e9ment nutritif simple mais de tr\u00e8s haute qualit\u00e9 pour des options d\u2019alimentation particuli\u00e8rement bien adapt\u00e9es !\u00a0\" \/>\n<meta name=\"robots\" content=\"index, follow, max-snippet:-1, max-image-preview:large, max-video-preview:-1\" \/>\n<link rel=\"canonical\" href=\"https:\/\/equisana.ch\/fr\/produit\/sapodoris-purvital\/\" \/>\n<meta property=\"og:locale\" content=\"fr_FR\" \/>\n<meta property=\"og:type\" content=\"article\" \/>\n<meta property=\"og:title\" content=\"Sapodoris Purvital - Equisana Sarl tout simplement naturel\" \/>\n<meta property=\"og:description\" content=\"Commandez Sapodoris Purvital. Le compl\u00e9ment nutritif simple mais de tr\u00e8s haute qualit\u00e9 pour des options d\u2019alimentation particuli\u00e8rement bien adapt\u00e9es !\u00a0\" \/>\n<meta property=\"og:url\" content=\"https:\/\/equisana.ch\/fr\/produit\/sapodoris-purvital\/\" \/>\n<meta property=\"og:site_name\" content=\"Equisana Sarl tout simplement naturel\" \/>\n<meta property=\"article:publisher\" content=\"https:\/\/www.facebook.com\/Equisana\/\" \/>\n<meta property=\"article:modified_time\" content=\"2026-04-28T13:13:49+00:00\" \/>\n<meta property=\"og:image\" content=\"https:\/\/equisana.ch\/wp-content\/uploads\/2023\/05\/Equisana-pferdefuetterung-mineralfutter-purvital-1.jpg\" \/>\n\t<meta property=\"og:image:width\" content=\"1400\" \/>\n\t<meta property=\"og:image:height\" content=\"1400\" \/>\n\t<meta property=\"og:image:type\" content=\"image\/jpeg\" \/>\n<meta name=\"twitter:card\" content=\"summary_large_image\" \/>\n<meta name=\"twitter:label1\" content=\"Dur\u00e9e de lecture estim\u00e9e\" \/>\n\t<meta name=\"twitter:data1\" content=\"2 minutes\" \/>\n<script type=\"application\/ld+json\" class=\"yoast-schema-graph\">{\"@context\":\"https:\\\/\\\/schema.org\",\"@graph\":[{\"@type\":\"WebPage\",\"@id\":\"https:\\\/\\\/equisana.ch\\\/fr\\\/produit\\\/sapodoris-purvital\\\/\",\"url\":\"https:\\\/\\\/equisana.ch\\\/fr\\\/produit\\\/sapodoris-purvital\\\/\",\"name\":\"Sapodoris Purvital - Equisana Sarl tout simplement naturel\",\"isPartOf\":{\"@id\":\"https:\\\/\\\/equisana.ch\\\/#website\"},\"primaryImageOfPage\":{\"@id\":\"https:\\\/\\\/equisana.ch\\\/fr\\\/produit\\\/sapodoris-purvital\\\/#primaryimage\"},\"image\":{\"@id\":\"https:\\\/\\\/equisana.ch\\\/fr\\\/produit\\\/sapodoris-purvital\\\/#primaryimage\"},\"thumbnailUrl\":\"https:\\\/\\\/equisana.ch\\\/wp-content\\\/uploads\\\/2023\\\/05\\\/Equisana-pferdefuetterung-mineralfutter-purvital-1.jpg\",\"datePublished\":\"2023-05-17T07:26:25+00:00\",\"dateModified\":\"2026-04-28T13:13:49+00:00\",\"description\":\"Commandez Sapodoris Purvital. Le compl\u00e9ment nutritif simple mais de tr\u00e8s haute qualit\u00e9 pour des options d\u2019alimentation particuli\u00e8rement bien adapt\u00e9es !\u00a0\",\"breadcrumb\":{\"@id\":\"https:\\\/\\\/equisana.ch\\\/fr\\\/produit\\\/sapodoris-purvital\\\/#breadcrumb\"},\"inLanguage\":\"fr-FR\",\"potentialAction\":[{\"@type\":\"ReadAction\",\"target\":[\"https:\\\/\\\/equisana.ch\\\/fr\\\/produit\\\/sapodoris-purvital\\\/\"]}]},{\"@type\":\"ImageObject\",\"inLanguage\":\"fr-FR\",\"@id\":\"https:\\\/\\\/equisana.ch\\\/fr\\\/produit\\\/sapodoris-purvital\\\/#primaryimage\",\"url\":\"https:\\\/\\\/equisana.ch\\\/wp-content\\\/uploads\\\/2023\\\/05\\\/Equisana-pferdefuetterung-mineralfutter-purvital-1.jpg\",\"contentUrl\":\"https:\\\/\\\/equisana.ch\\\/wp-content\\\/uploads\\\/2023\\\/05\\\/Equisana-pferdefuetterung-mineralfutter-purvital-1.jpg\",\"width\":1400,\"height\":1400,\"caption\":\"Sapodoris Purvital\"},{\"@type\":\"BreadcrumbList\",\"@id\":\"https:\\\/\\\/equisana.ch\\\/fr\\\/produit\\\/sapodoris-purvital\\\/#breadcrumb\",\"itemListElement\":[{\"@type\":\"ListItem\",\"position\":1,\"name\":\"Startseite\",\"item\":\"https:\\\/\\\/equisana.ch\\\/\"},{\"@type\":\"ListItem\",\"position\":2,\"name\":\"Tous les produits hippiques EQUISANA\",\"item\":\"https:\\\/\\\/equisana.ch\\\/fr\\\/produits\\\/\"},{\"@type\":\"ListItem\",\"position\":3,\"name\":\"Sapodoris Purvital\"}]},{\"@type\":\"WebSite\",\"@id\":\"https:\\\/\\\/equisana.ch\\\/#website\",\"url\":\"https:\\\/\\\/equisana.ch\\\/\",\"name\":\"EQUISANA GmbH einfach nat\u00fcrlich\",\"description\":\"Tout simplement naturel\",\"publisher\":{\"@id\":\"https:\\\/\\\/equisana.ch\\\/#organization\"},\"potentialAction\":[{\"@type\":\"SearchAction\",\"target\":{\"@type\":\"EntryPoint\",\"urlTemplate\":\"https:\\\/\\\/equisana.ch\\\/?s={search_term_string}\"},\"query-input\":{\"@type\":\"PropertyValueSpecification\",\"valueRequired\":true,\"valueName\":\"search_term_string\"}}],\"inLanguage\":\"fr-FR\"},{\"@type\":\"Organization\",\"@id\":\"https:\\\/\\\/equisana.ch\\\/#organization\",\"name\":\"EQUISANA GmbH einfach nat\u00fcrlich\",\"url\":\"https:\\\/\\\/equisana.ch\\\/\",\"logo\":{\"@type\":\"ImageObject\",\"inLanguage\":\"fr-FR\",\"@id\":\"https:\\\/\\\/equisana.ch\\\/#\\\/schema\\\/logo\\\/image\\\/\",\"url\":\"https:\\\/\\\/equisana.ch\\\/wp-content\\\/uploads\\\/2023\\\/03\\\/cropped-equisana-logo.png\",\"contentUrl\":\"https:\\\/\\\/equisana.ch\\\/wp-content\\\/uploads\\\/2023\\\/03\\\/cropped-equisana-logo.png\",\"width\":342,\"height\":124,\"caption\":\"EQUISANA GmbH einfach nat\u00fcrlich\"},\"image\":{\"@id\":\"https:\\\/\\\/equisana.ch\\\/#\\\/schema\\\/logo\\\/image\\\/\"},\"sameAs\":[\"https:\\\/\\\/www.facebook.com\\\/Equisana\\\/\"]}]}<\/script>\n<!-- \/ Yoast SEO plugin. -->","yoast_head_json":{"title":"Sapodoris Purvital - Equisana Sarl tout simplement naturel","description":"Commandez Sapodoris Purvital. Le compl\u00e9ment nutritif simple mais de tr\u00e8s haute qualit\u00e9 pour des options d\u2019alimentation particuli\u00e8rement bien adapt\u00e9es !\u00a0","robots":{"index":"index","follow":"follow","max-snippet":"max-snippet:-1","max-image-preview":"max-image-preview:large","max-video-preview":"max-video-preview:-1"},"canonical":"https:\/\/equisana.ch\/fr\/produit\/sapodoris-purvital\/","og_locale":"fr_FR","og_type":"article","og_title":"Sapodoris Purvital - Equisana Sarl tout simplement naturel","og_description":"Commandez Sapodoris Purvital. Le compl\u00e9ment nutritif simple mais de tr\u00e8s haute qualit\u00e9 pour des options d\u2019alimentation particuli\u00e8rement bien adapt\u00e9es !\u00a0","og_url":"https:\/\/equisana.ch\/fr\/produit\/sapodoris-purvital\/","og_site_name":"Equisana Sarl tout simplement naturel","article_publisher":"https:\/\/www.facebook.com\/Equisana\/","article_modified_time":"2026-04-28T13:13:49+00:00","og_image":[{"width":1400,"height":1400,"url":"https:\/\/equisana.ch\/wp-content\/uploads\/2023\/05\/Equisana-pferdefuetterung-mineralfutter-purvital-1.jpg","type":"image\/jpeg"}],"twitter_card":"summary_large_image","twitter_misc":{"Dur\u00e9e de lecture estim\u00e9e":"2 minutes"},"schema":{"@context":"https:\/\/schema.org","@graph":[{"@type":"WebPage","@id":"https:\/\/equisana.ch\/fr\/produit\/sapodoris-purvital\/","url":"https:\/\/equisana.ch\/fr\/produit\/sapodoris-purvital\/","name":"Sapodoris Purvital - Equisana Sarl tout simplement naturel","isPartOf":{"@id":"https:\/\/equisana.ch\/#website"},"primaryImageOfPage":{"@id":"https:\/\/equisana.ch\/fr\/produit\/sapodoris-purvital\/#primaryimage"},"image":{"@id":"https:\/\/equisana.ch\/fr\/produit\/sapodoris-purvital\/#primaryimage"},"thumbnailUrl":"https:\/\/equisana.ch\/wp-content\/uploads\/2023\/05\/Equisana-pferdefuetterung-mineralfutter-purvital-1.jpg","datePublished":"2023-05-17T07:26:25+00:00","dateModified":"2026-04-28T13:13:49+00:00","description":"Commandez Sapodoris Purvital. Le compl\u00e9ment nutritif simple mais de tr\u00e8s haute qualit\u00e9 pour des options d\u2019alimentation particuli\u00e8rement bien adapt\u00e9es !\u00a0","breadcrumb":{"@id":"https:\/\/equisana.ch\/fr\/produit\/sapodoris-purvital\/#breadcrumb"},"inLanguage":"fr-FR","potentialAction":[{"@type":"ReadAction","target":["https:\/\/equisana.ch\/fr\/produit\/sapodoris-purvital\/"]}]},{"@type":"ImageObject","inLanguage":"fr-FR","@id":"https:\/\/equisana.ch\/fr\/produit\/sapodoris-purvital\/#primaryimage","url":"https:\/\/equisana.ch\/wp-content\/uploads\/2023\/05\/Equisana-pferdefuetterung-mineralfutter-purvital-1.jpg","contentUrl":"https:\/\/equisana.ch\/wp-content\/uploads\/2023\/05\/Equisana-pferdefuetterung-mineralfutter-purvital-1.jpg","width":1400,"height":1400,"caption":"Sapodoris Purvital"},{"@type":"BreadcrumbList","@id":"https:\/\/equisana.ch\/fr\/produit\/sapodoris-purvital\/#breadcrumb","itemListElement":[{"@type":"ListItem","position":1,"name":"Startseite","item":"https:\/\/equisana.ch\/"},{"@type":"ListItem","position":2,"name":"Tous les produits hippiques EQUISANA","item":"https:\/\/equisana.ch\/fr\/produits\/"},{"@type":"ListItem","position":3,"name":"Sapodoris Purvital"}]},{"@type":"WebSite","@id":"https:\/\/equisana.ch\/#website","url":"https:\/\/equisana.ch\/","name":"EQUISANA GmbH einfach nat\u00fcrlich","description":"Tout simplement naturel","publisher":{"@id":"https:\/\/equisana.ch\/#organization"},"potentialAction":[{"@type":"SearchAction","target":{"@type":"EntryPoint","urlTemplate":"https:\/\/equisana.ch\/?s={search_term_string}"},"query-input":{"@type":"PropertyValueSpecification","valueRequired":true,"valueName":"search_term_string"}}],"inLanguage":"fr-FR"},{"@type":"Organization","@id":"https:\/\/equisana.ch\/#organization","name":"EQUISANA GmbH einfach nat\u00fcrlich","url":"https:\/\/equisana.ch\/","logo":{"@type":"ImageObject","inLanguage":"fr-FR","@id":"https:\/\/equisana.ch\/#\/schema\/logo\/image\/","url":"https:\/\/equisana.ch\/wp-content\/uploads\/2023\/03\/cropped-equisana-logo.png","contentUrl":"https:\/\/equisana.ch\/wp-content\/uploads\/2023\/03\/cropped-equisana-logo.png","width":342,"height":124,"caption":"EQUISANA GmbH einfach nat\u00fcrlich"},"image":{"@id":"https:\/\/equisana.ch\/#\/schema\/logo\/image\/"},"sameAs":["https:\/\/www.facebook.com\/Equisana\/"]}]}},"_links":{"self":[{"href":"https:\/\/equisana.ch\/fr\/wp-json\/wp\/v2\/product\/24047","targetHints":{"allow":["GET"]}}],"collection":[{"href":"https:\/\/equisana.ch\/fr\/wp-json\/wp\/v2\/product"}],"about":[{"href":"https:\/\/equisana.ch\/fr\/wp-json\/wp\/v2\/types\/product"}],"replies":[{"embeddable":true,"href":"https:\/\/equisana.ch\/fr\/wp-json\/wp\/v2\/comments?post=24047"}],"wp:featuredmedia":[{"embeddable":true,"href":"https:\/\/equisana.ch\/fr\/wp-json\/wp\/v2\/media\/21840"}],"wp:attachment":[{"href":"https:\/\/equisana.ch\/fr\/wp-json\/wp\/v2\/media?parent=24047"}],"wp:term":[{"taxonomy":"product_brand","embeddable":true,"href":"https:\/\/equisana.ch\/fr\/wp-json\/wp\/v2\/product_brand?post=24047"},{"taxonomy":"product_cat","embeddable":true,"href":"https:\/\/equisana.ch\/fr\/wp-json\/wp\/v2\/product_cat?post=24047"},{"taxonomy":"product_tag","embeddable":true,"href":"https:\/\/equisana.ch\/fr\/wp-json\/wp\/v2\/product_tag?post=24047"}],"curies":[{"name":"wp","href":"https:\/\/api.w.org\/{rel}","templated":true}]}}