{"id":25272,"date":"2025-04-17T10:24:52","date_gmt":"2025-04-17T10:24:52","guid":{"rendered":"https:\/\/equisana.ch\/produkt\/msm-methylsulfonylmethane-2\/"},"modified":"2026-04-01T01:54:59","modified_gmt":"2026-04-01T01:54:59","slug":"msm-methylsulfonylmethane-2","status":"publish","type":"product","link":"https:\/\/equisana.ch\/fr\/produit\/msm-methylsulfonylmethane-2\/","title":{"rendered":"MSM (m\u00e9thylsulfonylm\u00e9thane)"},"content":{"rendered":"<h3>Descriptif d\u00e9taill\u00e9<\/h3>\n<p>Le MSM (m\u00e9thylsulfonylm\u00e9thane) est un compos\u00e9 organique soufr\u00e9 tr\u00e8s efficace que l&rsquo;on trouve \u00e9galement dans les plantes (par exemple, les gramin\u00e9es). Chez les chevaux, lors d\u2019une alimentation conforme aux besoins de l\u2019esp\u00e8ce, les besoins en compos\u00e9s soufr\u00e9s tels que le MSM ou la m\u00e9thionine sont couverts. Cependant, nos p\u00e2turages, pour la plupart ne poss\u00e9dant plus une tr\u00e8s grande biodiversit\u00e9, ne fournissent souvent pas assez de compos\u00e9s organiques soufr\u00e9s pour satisfaire les besoins quotidiens de nos \u00e9quid\u00e9s, ce qui est clairement d\u00e9montr\u00e9 dans les analyses de foin. Les maladies, le stress et les erreurs dans la gestion des aliments peuvent \u00e9galement entra\u00eener une carence.<br \/>\n\u00c9tant donn\u00e9 que les chevaux ne peuvent absorber le soufre que par le biais de compos\u00e9s contenant du soufre, et que celui-ci est activement impliqu\u00e9 dans plusieurs processus de m\u00e9tabolisme, une carence de cette composante chez le cheval entra\u00eene une diminution de la vitalit\u00e9 et une augmentation des processus inflammatoires et d\u00e9g\u00e9n\u00e9ratifs dans le corps.<\/p>\n<p>&nbsp;<\/p>\n<p>Le soufre organique est incorpor\u00e9 dans plus de 150 \u00e9l\u00e9ments constitutifs diff\u00e9rents, mais est principalement li\u00e9 aux prot\u00e9ines. Il se retrouve dans diverses enzymes, hormones ou acides amin\u00e9. On le retrouve m\u00eame, via l\u2019acide amin\u00e9 m\u00e9thionine, dans le m\u00e9tabolisme de d\u00e9toxication du foie. Dans le tissu conjonctif, le cartilage, les ligaments, les os et les sabots, il a une fonction de connexion de renforcement.<br \/>\nLe soufre est donc impliqu\u00e9 dans de nombreux processus corporels et constitue le troisi\u00e8me min\u00e9ral le plus r\u00e9pandu dans le corps, apr\u00e8s le calcium et le phosphore.<\/p>\n<p>&nbsp;<\/p>\n<p>Le soufre pur (par exemple, sous la forme de fleurs de soufre) ne peut pas \u00eatre absorb\u00e9 par les chevaux. Les seules sources de soufre que le cheval peut int\u00e9grer dans son m\u00e9tabolisme sont donc des mol\u00e9cules de soufre li\u00e9es aux acides amin\u00e9s (par exemple la m\u00e9thionine) ou au MSM.<br \/>\nLe m\u00e9thylsulfonylm\u00e9thane fournit donc de pr\u00e9cieuses sources de soufre et de m\u00e9thyle organiques pour la formation d\u2019acides amin\u00e9s dans le corps. Le MSM est donc un ingr\u00e9dient indispensable pour soutenir la qualit\u00e9 du tissu conjonctif ainsi que de la peau, de la corne et du poil, en particulier lors d&rsquo;une alimentation \u00e0 faible teneur en prot\u00e9ines.<\/p>\n<p>&nbsp;<\/p>\n<h3>Composition<\/h3>\n<p>100% de m\u00e9thylsulfonylm\u00e9thane<br \/>\nCompos\u00e9 organique soufr\u00e9, naturel, pur \u00e0 99,9%<\/p>\n<p>&nbsp;<\/p>\n<h3>Constituants et teneurs analytiques<\/h3>\n<p>Teneur en soufre : env. 34%<\/p>\n<p>&nbsp;<\/p>\n<h3>Recommandation d\u2019affouragement<\/h3>\n<p>Grands chevaux (600 kg poids vif) 10 \u00e0 20 g \/ jour.<br \/>\nAdapter la quantit\u00e9 pour les poneys et les petits chevaux en cons\u00e9quence.<\/p>\n<p>&nbsp;<\/p>\n<p>Pour un effet optimal, l\u2019affouragement doit se faire sur une longue p\u00e9riode.<\/p>\n<p>&nbsp;<\/p>\n<p>L\u2019humidit\u00e9 peut entra\u00eener l\u2019agglutination de la poudre dans le MSM pur. Cela indique la puret\u00e9 du produit et n&rsquo;est pas un signe de d\u00e9gradation de la qualit\u00e9<\/p>\n<p>&nbsp;<\/p>\n<p>Aliment simple pour chevaux<\/p>\n<p>&nbsp;<\/p>\n<h3>Contenance<\/h3>\n<p>1 kg<\/p>\n","protected":false},"excerpt":{"rendered":"<p>Descriptif d\u00e9taill\u00e9 Le MSM (m\u00e9thylsulfonylm\u00e9thane) est un compos\u00e9 organique soufr\u00e9 tr\u00e8s efficace que l&rsquo;on trouve \u00e9galement dans les plantes (par exemple, les gramin\u00e9es). Chez les chevaux, lors d\u2019une alimentation conforme aux besoins de l\u2019esp\u00e8ce, les besoins en compos\u00e9s soufr\u00e9s tels que le MSM ou la m\u00e9thionine sont couverts. Cependant, nos p\u00e2turages, pour la plupart ne [&hellip;]<\/p>\n","protected":false},"featured_media":19761,"comment_status":"open","ping_status":"closed","template":"","meta":[],"product_brand":[],"product_cat":[91],"product_tag":[],"class_list":{"0":"post-25272","1":"product","2":"type-product","3":"status-publish","4":"has-post-thumbnail","6":"product_cat-complements-alimentaires","8":"first","9":"instock","10":"taxable","11":"shipping-taxable","12":"purchasable","13":"product-type-simple"},"yoast_head":"<!-- This site is optimized with the Yoast SEO plugin v27.3 - https:\/\/yoast.com\/product\/yoast-seo-wordpress\/ -->\n<title>MSM (m\u00e9thylsulfonylm\u00e9thane) - Equisana Sarl tout simplement naturel<\/title>\n<meta name=\"description\" content=\"Commander maintenant MSM (m\u00e9thylsulfonylm\u00e9thane). Pour soutenir la qualit\u00e9 du tissu conjonctif ainsi que la peau, la corne et le pelage du cheval.\" \/>\n<meta name=\"robots\" content=\"index, follow, max-snippet:-1, max-image-preview:large, max-video-preview:-1\" \/>\n<link rel=\"canonical\" href=\"https:\/\/equisana.ch\/fr\/produit\/msm-methylsulfonylmethane-2\/\" \/>\n<meta property=\"og:locale\" content=\"fr_FR\" \/>\n<meta property=\"og:type\" content=\"article\" \/>\n<meta property=\"og:title\" content=\"MSM (m\u00e9thylsulfonylm\u00e9thane) - Equisana Sarl tout simplement naturel\" \/>\n<meta property=\"og:description\" content=\"Commander maintenant MSM (m\u00e9thylsulfonylm\u00e9thane). Pour soutenir la qualit\u00e9 du tissu conjonctif ainsi que la peau, la corne et le pelage du cheval.\" \/>\n<meta property=\"og:url\" content=\"https:\/\/equisana.ch\/fr\/produit\/msm-methylsulfonylmethane-2\/\" \/>\n<meta property=\"og:site_name\" content=\"Equisana Sarl tout simplement naturel\" \/>\n<meta property=\"article:publisher\" content=\"https:\/\/www.facebook.com\/Equisana\/\" \/>\n<meta property=\"article:modified_time\" content=\"2026-04-01T01:54:59+00:00\" \/>\n<meta property=\"og:image\" content=\"https:\/\/equisana.ch\/wp-content\/uploads\/2023\/03\/Equisana-pferdefuetterung-zusatzfutter-msm.jpg\" \/>\n\t<meta property=\"og:image:width\" content=\"1400\" \/>\n\t<meta property=\"og:image:height\" content=\"1400\" \/>\n\t<meta property=\"og:image:type\" content=\"image\/jpeg\" \/>\n<meta name=\"twitter:card\" content=\"summary_large_image\" \/>\n<meta name=\"twitter:label1\" content=\"Dur\u00e9e de lecture estim\u00e9e\" \/>\n\t<meta name=\"twitter:data1\" content=\"3 minutes\" \/>\n<script type=\"application\/ld+json\" class=\"yoast-schema-graph\">{\"@context\":\"https:\\\/\\\/schema.org\",\"@graph\":[{\"@type\":\"WebPage\",\"@id\":\"https:\\\/\\\/equisana.ch\\\/fr\\\/produit\\\/msm-methylsulfonylmethane-2\\\/\",\"url\":\"https:\\\/\\\/equisana.ch\\\/fr\\\/produit\\\/msm-methylsulfonylmethane-2\\\/\",\"name\":\"MSM (m\u00e9thylsulfonylm\u00e9thane) - Equisana Sarl tout simplement naturel\",\"isPartOf\":{\"@id\":\"https:\\\/\\\/equisana.ch\\\/#website\"},\"primaryImageOfPage\":{\"@id\":\"https:\\\/\\\/equisana.ch\\\/fr\\\/produit\\\/msm-methylsulfonylmethane-2\\\/#primaryimage\"},\"image\":{\"@id\":\"https:\\\/\\\/equisana.ch\\\/fr\\\/produit\\\/msm-methylsulfonylmethane-2\\\/#primaryimage\"},\"thumbnailUrl\":\"https:\\\/\\\/equisana.ch\\\/wp-content\\\/uploads\\\/2023\\\/03\\\/Equisana-pferdefuetterung-zusatzfutter-msm.jpg\",\"datePublished\":\"2025-04-17T10:24:52+00:00\",\"dateModified\":\"2026-04-01T01:54:59+00:00\",\"description\":\"Commander maintenant MSM (m\u00e9thylsulfonylm\u00e9thane). Pour soutenir la qualit\u00e9 du tissu conjonctif ainsi que la peau, la corne et le pelage du cheval.\",\"breadcrumb\":{\"@id\":\"https:\\\/\\\/equisana.ch\\\/fr\\\/produit\\\/msm-methylsulfonylmethane-2\\\/#breadcrumb\"},\"inLanguage\":\"fr-FR\",\"potentialAction\":[{\"@type\":\"ReadAction\",\"target\":[\"https:\\\/\\\/equisana.ch\\\/fr\\\/produit\\\/msm-methylsulfonylmethane-2\\\/\"]}]},{\"@type\":\"ImageObject\",\"inLanguage\":\"fr-FR\",\"@id\":\"https:\\\/\\\/equisana.ch\\\/fr\\\/produit\\\/msm-methylsulfonylmethane-2\\\/#primaryimage\",\"url\":\"https:\\\/\\\/equisana.ch\\\/wp-content\\\/uploads\\\/2023\\\/03\\\/Equisana-pferdefuetterung-zusatzfutter-msm.jpg\",\"contentUrl\":\"https:\\\/\\\/equisana.ch\\\/wp-content\\\/uploads\\\/2023\\\/03\\\/Equisana-pferdefuetterung-zusatzfutter-msm.jpg\",\"width\":1400,\"height\":1400,\"caption\":\"MSM (Methylsulfonylmethan)\"},{\"@type\":\"BreadcrumbList\",\"@id\":\"https:\\\/\\\/equisana.ch\\\/fr\\\/produit\\\/msm-methylsulfonylmethane-2\\\/#breadcrumb\",\"itemListElement\":[{\"@type\":\"ListItem\",\"position\":1,\"name\":\"Startseite\",\"item\":\"https:\\\/\\\/equisana.ch\\\/\"},{\"@type\":\"ListItem\",\"position\":2,\"name\":\"Tous les produits hippiques EQUISANA\",\"item\":\"https:\\\/\\\/equisana.ch\\\/fr\\\/produits\\\/\"},{\"@type\":\"ListItem\",\"position\":3,\"name\":\"MSM (m\u00e9thylsulfonylm\u00e9thane)\"}]},{\"@type\":\"WebSite\",\"@id\":\"https:\\\/\\\/equisana.ch\\\/#website\",\"url\":\"https:\\\/\\\/equisana.ch\\\/\",\"name\":\"EQUISANA GmbH einfach nat\u00fcrlich\",\"description\":\"Tout simplement naturel\",\"publisher\":{\"@id\":\"https:\\\/\\\/equisana.ch\\\/#organization\"},\"potentialAction\":[{\"@type\":\"SearchAction\",\"target\":{\"@type\":\"EntryPoint\",\"urlTemplate\":\"https:\\\/\\\/equisana.ch\\\/?s={search_term_string}\"},\"query-input\":{\"@type\":\"PropertyValueSpecification\",\"valueRequired\":true,\"valueName\":\"search_term_string\"}}],\"inLanguage\":\"fr-FR\"},{\"@type\":\"Organization\",\"@id\":\"https:\\\/\\\/equisana.ch\\\/#organization\",\"name\":\"EQUISANA GmbH einfach nat\u00fcrlich\",\"url\":\"https:\\\/\\\/equisana.ch\\\/\",\"logo\":{\"@type\":\"ImageObject\",\"inLanguage\":\"fr-FR\",\"@id\":\"https:\\\/\\\/equisana.ch\\\/#\\\/schema\\\/logo\\\/image\\\/\",\"url\":\"https:\\\/\\\/equisana.ch\\\/wp-content\\\/uploads\\\/2023\\\/03\\\/cropped-equisana-logo.png\",\"contentUrl\":\"https:\\\/\\\/equisana.ch\\\/wp-content\\\/uploads\\\/2023\\\/03\\\/cropped-equisana-logo.png\",\"width\":342,\"height\":124,\"caption\":\"EQUISANA GmbH einfach nat\u00fcrlich\"},\"image\":{\"@id\":\"https:\\\/\\\/equisana.ch\\\/#\\\/schema\\\/logo\\\/image\\\/\"},\"sameAs\":[\"https:\\\/\\\/www.facebook.com\\\/Equisana\\\/\"]}]}<\/script>\n<!-- \/ Yoast SEO plugin. -->","yoast_head_json":{"title":"MSM (m\u00e9thylsulfonylm\u00e9thane) - Equisana Sarl tout simplement naturel","description":"Commander maintenant MSM (m\u00e9thylsulfonylm\u00e9thane). Pour soutenir la qualit\u00e9 du tissu conjonctif ainsi que la peau, la corne et le pelage du cheval.","robots":{"index":"index","follow":"follow","max-snippet":"max-snippet:-1","max-image-preview":"max-image-preview:large","max-video-preview":"max-video-preview:-1"},"canonical":"https:\/\/equisana.ch\/fr\/produit\/msm-methylsulfonylmethane-2\/","og_locale":"fr_FR","og_type":"article","og_title":"MSM (m\u00e9thylsulfonylm\u00e9thane) - Equisana Sarl tout simplement naturel","og_description":"Commander maintenant MSM (m\u00e9thylsulfonylm\u00e9thane). Pour soutenir la qualit\u00e9 du tissu conjonctif ainsi que la peau, la corne et le pelage du cheval.","og_url":"https:\/\/equisana.ch\/fr\/produit\/msm-methylsulfonylmethane-2\/","og_site_name":"Equisana Sarl tout simplement naturel","article_publisher":"https:\/\/www.facebook.com\/Equisana\/","article_modified_time":"2026-04-01T01:54:59+00:00","og_image":[{"width":1400,"height":1400,"url":"https:\/\/equisana.ch\/wp-content\/uploads\/2023\/03\/Equisana-pferdefuetterung-zusatzfutter-msm.jpg","type":"image\/jpeg"}],"twitter_card":"summary_large_image","twitter_misc":{"Dur\u00e9e de lecture estim\u00e9e":"3 minutes"},"schema":{"@context":"https:\/\/schema.org","@graph":[{"@type":"WebPage","@id":"https:\/\/equisana.ch\/fr\/produit\/msm-methylsulfonylmethane-2\/","url":"https:\/\/equisana.ch\/fr\/produit\/msm-methylsulfonylmethane-2\/","name":"MSM (m\u00e9thylsulfonylm\u00e9thane) - Equisana Sarl tout simplement naturel","isPartOf":{"@id":"https:\/\/equisana.ch\/#website"},"primaryImageOfPage":{"@id":"https:\/\/equisana.ch\/fr\/produit\/msm-methylsulfonylmethane-2\/#primaryimage"},"image":{"@id":"https:\/\/equisana.ch\/fr\/produit\/msm-methylsulfonylmethane-2\/#primaryimage"},"thumbnailUrl":"https:\/\/equisana.ch\/wp-content\/uploads\/2023\/03\/Equisana-pferdefuetterung-zusatzfutter-msm.jpg","datePublished":"2025-04-17T10:24:52+00:00","dateModified":"2026-04-01T01:54:59+00:00","description":"Commander maintenant MSM (m\u00e9thylsulfonylm\u00e9thane). Pour soutenir la qualit\u00e9 du tissu conjonctif ainsi que la peau, la corne et le pelage du cheval.","breadcrumb":{"@id":"https:\/\/equisana.ch\/fr\/produit\/msm-methylsulfonylmethane-2\/#breadcrumb"},"inLanguage":"fr-FR","potentialAction":[{"@type":"ReadAction","target":["https:\/\/equisana.ch\/fr\/produit\/msm-methylsulfonylmethane-2\/"]}]},{"@type":"ImageObject","inLanguage":"fr-FR","@id":"https:\/\/equisana.ch\/fr\/produit\/msm-methylsulfonylmethane-2\/#primaryimage","url":"https:\/\/equisana.ch\/wp-content\/uploads\/2023\/03\/Equisana-pferdefuetterung-zusatzfutter-msm.jpg","contentUrl":"https:\/\/equisana.ch\/wp-content\/uploads\/2023\/03\/Equisana-pferdefuetterung-zusatzfutter-msm.jpg","width":1400,"height":1400,"caption":"MSM (Methylsulfonylmethan)"},{"@type":"BreadcrumbList","@id":"https:\/\/equisana.ch\/fr\/produit\/msm-methylsulfonylmethane-2\/#breadcrumb","itemListElement":[{"@type":"ListItem","position":1,"name":"Startseite","item":"https:\/\/equisana.ch\/"},{"@type":"ListItem","position":2,"name":"Tous les produits hippiques EQUISANA","item":"https:\/\/equisana.ch\/fr\/produits\/"},{"@type":"ListItem","position":3,"name":"MSM (m\u00e9thylsulfonylm\u00e9thane)"}]},{"@type":"WebSite","@id":"https:\/\/equisana.ch\/#website","url":"https:\/\/equisana.ch\/","name":"EQUISANA GmbH einfach nat\u00fcrlich","description":"Tout simplement naturel","publisher":{"@id":"https:\/\/equisana.ch\/#organization"},"potentialAction":[{"@type":"SearchAction","target":{"@type":"EntryPoint","urlTemplate":"https:\/\/equisana.ch\/?s={search_term_string}"},"query-input":{"@type":"PropertyValueSpecification","valueRequired":true,"valueName":"search_term_string"}}],"inLanguage":"fr-FR"},{"@type":"Organization","@id":"https:\/\/equisana.ch\/#organization","name":"EQUISANA GmbH einfach nat\u00fcrlich","url":"https:\/\/equisana.ch\/","logo":{"@type":"ImageObject","inLanguage":"fr-FR","@id":"https:\/\/equisana.ch\/#\/schema\/logo\/image\/","url":"https:\/\/equisana.ch\/wp-content\/uploads\/2023\/03\/cropped-equisana-logo.png","contentUrl":"https:\/\/equisana.ch\/wp-content\/uploads\/2023\/03\/cropped-equisana-logo.png","width":342,"height":124,"caption":"EQUISANA GmbH einfach nat\u00fcrlich"},"image":{"@id":"https:\/\/equisana.ch\/#\/schema\/logo\/image\/"},"sameAs":["https:\/\/www.facebook.com\/Equisana\/"]}]}},"_links":{"self":[{"href":"https:\/\/equisana.ch\/fr\/wp-json\/wp\/v2\/product\/25272","targetHints":{"allow":["GET"]}}],"collection":[{"href":"https:\/\/equisana.ch\/fr\/wp-json\/wp\/v2\/product"}],"about":[{"href":"https:\/\/equisana.ch\/fr\/wp-json\/wp\/v2\/types\/product"}],"replies":[{"embeddable":true,"href":"https:\/\/equisana.ch\/fr\/wp-json\/wp\/v2\/comments?post=25272"}],"wp:featuredmedia":[{"embeddable":true,"href":"https:\/\/equisana.ch\/fr\/wp-json\/wp\/v2\/media\/19761"}],"wp:attachment":[{"href":"https:\/\/equisana.ch\/fr\/wp-json\/wp\/v2\/media?parent=25272"}],"wp:term":[{"taxonomy":"product_brand","embeddable":true,"href":"https:\/\/equisana.ch\/fr\/wp-json\/wp\/v2\/product_brand?post=25272"},{"taxonomy":"product_cat","embeddable":true,"href":"https:\/\/equisana.ch\/fr\/wp-json\/wp\/v2\/product_cat?post=25272"},{"taxonomy":"product_tag","embeddable":true,"href":"https:\/\/equisana.ch\/fr\/wp-json\/wp\/v2\/product_tag?post=25272"}],"curies":[{"name":"wp","href":"https:\/\/api.w.org\/{rel}","templated":true}]}}