{"id":25658,"date":"2023-03-18T21:57:41","date_gmt":"2023-03-18T21:57:41","guid":{"rendered":"https:\/\/equisana.ch\/produkt\/sapodoris-quintus\/"},"modified":"2026-04-05T18:58:58","modified_gmt":"2026-04-05T18:58:58","slug":"sapodoris-quintus","status":"publish","type":"product","link":"https:\/\/equisana.ch\/fr\/produit\/sapodoris-quintus\/","title":{"rendered":"Sapodoris Quintus"},"content":{"rendered":"<h3>Description d\u00e9taill\u00e9e<\/h3>\n<p><strong>Sapodoris Quintus &#8211; des granul\u00e9s savoureux \u00e0 partir de 5 ingr\u00e9dients de qualit\u00e9 sup\u00e9rieure pour un compl\u00e9ment en prot\u00e9ines et plus&#8230;<\/strong><\/p>\n<p>Le d\u00e9licieux Quintus a beaucoup \u00e0 offrir ! Gr\u00e2ce \u00e0 la spiruline et aux composants riches en nucl\u00e9otides, Quintus est le compl\u00e9ment prot\u00e9ique id\u00e9al pour les chevaux ayant des probl\u00e8mes musculaires. Les chevaux ayant des probl\u00e8mes d&rsquo;estomac et\/ou d&rsquo;intestins b\u00e9n\u00e9ficient \u00e9galement de cette composition de haute qualit\u00e9.<\/p>\n<p>Quintus est n\u00e9 des tr\u00e8s bonnes exp\u00e9riences avec Omega plus.&nbsp; Et nous recevons encore et encore le retour suivant : \u00ab\u00a0Mon cheval est beaucoup plus d\u00e9tendu !\u00a0\u00bb C&rsquo;est pourquoi il existe maintenant une version un peu \u00ab\u00a0all\u00e9g\u00e9e\u00a0\u00bb de Quintus : \u00c0 cette occasion, nous avons retir\u00e9 le collag\u00e8ne (un point important pour les v\u00e9g\u00e9taliens) et le tourteau de chanvre (pertinent pour le dopage). Ainsi, Quintus est encore plus polyvalent.<\/p>\n<p>Mais qu&rsquo;en est-il des \u00ab\u00a0composants de levure riches en nucl\u00e9otides\u00a0\u00bb ? Pour le produit de levure utilis\u00e9 dans Quintus, les parois cellulaires et les composants cellulaires sont dissous par un proc\u00e9d\u00e9 d&rsquo;hydrolyse doux, ce qui permet une tr\u00e8s haute biodisponibilit\u00e9 des acides nucl\u00e9iques, nucl\u00e9otides et nucl\u00e9osides. Ceux-ci sont des \u00e9l\u00e9ments de base importants pour la construction cellulaire et partout o\u00f9 il s&rsquo;agit de r\u00e9g\u00e9n\u00e9ration cellulaire, ces \u00e9l\u00e9ments sont indispensables. Dans l&rsquo;alimentation normale des chevaux, ces composants sont naturellement pr\u00e9sents. Cependant, en cas d&rsquo;efforts intenses, les chevaux profitent, d&rsquo;apr\u00e8s notre exp\u00e9rience, de ces composants cellulaires particuli\u00e8rement facilement disponibles gr\u00e2ce \u00e0 un proc\u00e9d\u00e9 de fabrication sp\u00e9cifique.<\/p>\n<p>Gr\u00e2ce \u00e0 sa tr\u00e8s forte teneur en prot\u00e9ines, il est possible de compenser des carences prot\u00e9iques dans le r\u00e9gime alimentaire avec des quantit\u00e9s relativement petites. Le fait que Quintus soit \u00e9galement appr\u00e9ci\u00e9 nature est un autre avantage &#8211; surtout pour les chevaux ayant tendance \u00e0 l&#8217;embonpoint, qui doivent recevoir le moins de nourriture possible en plus du foin.<\/p>\n<p>Sapodoris Quintus peut \u00e9galement \u00eatre combin\u00e9 avec le Sapodoris Dermino en cas de grandes carences en prot\u00e9ines dans le ration.<\/p>\n<p><\/p>\n<h3>Composition<\/h3>\n<p>Tourteau d&rsquo;extraction de lin, Spiruline, Esparsette, Levure de bi\u00e8re, Hydrolysat de levure (riche en nucl\u00e9otides)<\/p>\n<p><\/p>\n<h3>Composants analytiques<\/h3>\n<p>Prot\u00e9ines brutes 37,10 %<br \/>Cendres brutes 7,0 %<br \/>Fibres brutes 7,3 %<br \/>Mati\u00e8res grasses brutes 3,5 %<br \/>Calcium 0,53 %<br \/>Phosphore 0,79 %<br \/>Sodium 0,13 %<br \/>pcvXP 29,7 %<br \/>Sucres (naturellement pr\u00e9sents) 3,6 %<\/p>\n<p><\/p>\n<h3>Recommandation d&rsquo;alimentation<\/h3>\n<p><\/p>\n<p>Cheval de 200 \u00e0 450 kg : 30 &#8211; 65 g par jour<\/p>\n<p>Cheval de 500 \u00e0 600 kg : 70 &#8211; 90 g par jour<\/p>\n<p>Selon la composition de l&rsquo;alimentation, Quintus peut \u00e9galement \u00eatre administr\u00e9 \u00e0 une dose plus \u00e9lev\u00e9e.<\/p>\n<p><\/p>\n<p>Compl\u00e9ment alimentaire pour chevaux<\/p>\n","protected":false},"excerpt":{"rendered":"<p>pellets riches en prot\u00e9ines<br \/>avec spiruline<br \/>sans chanvre, soja et luzerne<br \/>pour la musculature, la peau et le sabot<\/p>\n<p>sac de 3,5 kg<\/p>\n<p><strong>livraison limit\u00e9e \u00e0 1 sac par commande !<\/strong><\/p>\n","protected":false},"featured_media":19963,"comment_status":"closed","ping_status":"closed","template":"","meta":[],"product_brand":[],"product_cat":[93],"product_tag":[],"class_list":{"0":"post-25658","1":"product","2":"type-product","3":"status-publish","4":"has-post-thumbnail","6":"product_cat-complements-proteiques","8":"first","9":"instock","10":"taxable","11":"shipping-taxable","12":"purchasable","13":"product-type-simple"},"yoast_head":"<!-- This site is optimized with the Yoast SEO plugin v27.3 - https:\/\/yoast.com\/product\/yoast-seo-wordpress\/ -->\n<title>Sapodoris Quintus - Equisana Sarl tout simplement naturel<\/title>\n<meta name=\"robots\" content=\"index, follow, max-snippet:-1, max-image-preview:large, max-video-preview:-1\" \/>\n<link rel=\"canonical\" href=\"https:\/\/equisana.ch\/fr\/produit\/sapodoris-quintus\/\" \/>\n<meta property=\"og:locale\" content=\"fr_FR\" \/>\n<meta property=\"og:type\" content=\"article\" \/>\n<meta property=\"og:title\" content=\"Sapodoris Quintus - Equisana Sarl tout simplement naturel\" \/>\n<meta property=\"og:description\" content=\"pellets riches en prot\u00e9inesavec spirulinesans chanvre, soja et luzernepour la musculature, la peau et le sabotsac de 3,5 kglivraison limit\u00e9e \u00e0 1 sac par commande !\" \/>\n<meta property=\"og:url\" content=\"https:\/\/equisana.ch\/fr\/produit\/sapodoris-quintus\/\" \/>\n<meta property=\"og:site_name\" content=\"Equisana Sarl tout simplement naturel\" \/>\n<meta property=\"article:publisher\" content=\"https:\/\/www.facebook.com\/Equisana\/\" \/>\n<meta property=\"article:modified_time\" content=\"2026-04-05T18:58:58+00:00\" \/>\n<meta property=\"og:image\" content=\"https:\/\/equisana.ch\/wp-content\/uploads\/2023\/03\/Quintus_Web.jpg\" \/>\n\t<meta property=\"og:image:width\" content=\"1400\" \/>\n\t<meta property=\"og:image:height\" content=\"1400\" \/>\n\t<meta property=\"og:image:type\" content=\"image\/jpeg\" \/>\n<meta name=\"twitter:card\" content=\"summary_large_image\" \/>\n<meta name=\"twitter:label1\" content=\"Dur\u00e9e de lecture estim\u00e9e\" \/>\n\t<meta name=\"twitter:data1\" content=\"2 minutes\" \/>\n<script type=\"application\/ld+json\" class=\"yoast-schema-graph\">{\"@context\":\"https:\\\/\\\/schema.org\",\"@graph\":[{\"@type\":\"WebPage\",\"@id\":\"https:\\\/\\\/equisana.ch\\\/fr\\\/produit\\\/sapodoris-quintus\\\/\",\"url\":\"https:\\\/\\\/equisana.ch\\\/fr\\\/produit\\\/sapodoris-quintus\\\/\",\"name\":\"Sapodoris Quintus - Equisana Sarl tout simplement naturel\",\"isPartOf\":{\"@id\":\"https:\\\/\\\/equisana.ch\\\/#website\"},\"primaryImageOfPage\":{\"@id\":\"https:\\\/\\\/equisana.ch\\\/fr\\\/produit\\\/sapodoris-quintus\\\/#primaryimage\"},\"image\":{\"@id\":\"https:\\\/\\\/equisana.ch\\\/fr\\\/produit\\\/sapodoris-quintus\\\/#primaryimage\"},\"thumbnailUrl\":\"https:\\\/\\\/equisana.ch\\\/wp-content\\\/uploads\\\/2023\\\/03\\\/Quintus_Web.jpg\",\"datePublished\":\"2023-03-18T21:57:41+00:00\",\"dateModified\":\"2026-04-05T18:58:58+00:00\",\"breadcrumb\":{\"@id\":\"https:\\\/\\\/equisana.ch\\\/fr\\\/produit\\\/sapodoris-quintus\\\/#breadcrumb\"},\"inLanguage\":\"fr-FR\",\"potentialAction\":[{\"@type\":\"ReadAction\",\"target\":[\"https:\\\/\\\/equisana.ch\\\/fr\\\/produit\\\/sapodoris-quintus\\\/\"]}]},{\"@type\":\"ImageObject\",\"inLanguage\":\"fr-FR\",\"@id\":\"https:\\\/\\\/equisana.ch\\\/fr\\\/produit\\\/sapodoris-quintus\\\/#primaryimage\",\"url\":\"https:\\\/\\\/equisana.ch\\\/wp-content\\\/uploads\\\/2023\\\/03\\\/Quintus_Web.jpg\",\"contentUrl\":\"https:\\\/\\\/equisana.ch\\\/wp-content\\\/uploads\\\/2023\\\/03\\\/Quintus_Web.jpg\",\"width\":1400,\"height\":1400,\"caption\":\"Sapodoris Quintus\"},{\"@type\":\"BreadcrumbList\",\"@id\":\"https:\\\/\\\/equisana.ch\\\/fr\\\/produit\\\/sapodoris-quintus\\\/#breadcrumb\",\"itemListElement\":[{\"@type\":\"ListItem\",\"position\":1,\"name\":\"Startseite\",\"item\":\"https:\\\/\\\/equisana.ch\\\/\"},{\"@type\":\"ListItem\",\"position\":2,\"name\":\"Tous les produits hippiques EQUISANA\",\"item\":\"https:\\\/\\\/equisana.ch\\\/fr\\\/produits\\\/\"},{\"@type\":\"ListItem\",\"position\":3,\"name\":\"Sapodoris Quintus\"}]},{\"@type\":\"WebSite\",\"@id\":\"https:\\\/\\\/equisana.ch\\\/#website\",\"url\":\"https:\\\/\\\/equisana.ch\\\/\",\"name\":\"EQUISANA GmbH einfach nat\u00fcrlich\",\"description\":\"Tout simplement naturel\",\"publisher\":{\"@id\":\"https:\\\/\\\/equisana.ch\\\/#organization\"},\"potentialAction\":[{\"@type\":\"SearchAction\",\"target\":{\"@type\":\"EntryPoint\",\"urlTemplate\":\"https:\\\/\\\/equisana.ch\\\/?s={search_term_string}\"},\"query-input\":{\"@type\":\"PropertyValueSpecification\",\"valueRequired\":true,\"valueName\":\"search_term_string\"}}],\"inLanguage\":\"fr-FR\"},{\"@type\":\"Organization\",\"@id\":\"https:\\\/\\\/equisana.ch\\\/#organization\",\"name\":\"EQUISANA GmbH einfach nat\u00fcrlich\",\"url\":\"https:\\\/\\\/equisana.ch\\\/\",\"logo\":{\"@type\":\"ImageObject\",\"inLanguage\":\"fr-FR\",\"@id\":\"https:\\\/\\\/equisana.ch\\\/#\\\/schema\\\/logo\\\/image\\\/\",\"url\":\"https:\\\/\\\/equisana.ch\\\/wp-content\\\/uploads\\\/2023\\\/03\\\/cropped-equisana-logo.png\",\"contentUrl\":\"https:\\\/\\\/equisana.ch\\\/wp-content\\\/uploads\\\/2023\\\/03\\\/cropped-equisana-logo.png\",\"width\":342,\"height\":124,\"caption\":\"EQUISANA GmbH einfach nat\u00fcrlich\"},\"image\":{\"@id\":\"https:\\\/\\\/equisana.ch\\\/#\\\/schema\\\/logo\\\/image\\\/\"},\"sameAs\":[\"https:\\\/\\\/www.facebook.com\\\/Equisana\\\/\"]}]}<\/script>\n<!-- \/ Yoast SEO plugin. -->","yoast_head_json":{"title":"Sapodoris Quintus - Equisana Sarl tout simplement naturel","robots":{"index":"index","follow":"follow","max-snippet":"max-snippet:-1","max-image-preview":"max-image-preview:large","max-video-preview":"max-video-preview:-1"},"canonical":"https:\/\/equisana.ch\/fr\/produit\/sapodoris-quintus\/","og_locale":"fr_FR","og_type":"article","og_title":"Sapodoris Quintus - Equisana Sarl tout simplement naturel","og_description":"pellets riches en prot\u00e9inesavec spirulinesans chanvre, soja et luzernepour la musculature, la peau et le sabotsac de 3,5 kglivraison limit\u00e9e \u00e0 1 sac par commande !","og_url":"https:\/\/equisana.ch\/fr\/produit\/sapodoris-quintus\/","og_site_name":"Equisana Sarl tout simplement naturel","article_publisher":"https:\/\/www.facebook.com\/Equisana\/","article_modified_time":"2026-04-05T18:58:58+00:00","og_image":[{"width":1400,"height":1400,"url":"https:\/\/equisana.ch\/wp-content\/uploads\/2023\/03\/Quintus_Web.jpg","type":"image\/jpeg"}],"twitter_card":"summary_large_image","twitter_misc":{"Dur\u00e9e de lecture estim\u00e9e":"2 minutes"},"schema":{"@context":"https:\/\/schema.org","@graph":[{"@type":"WebPage","@id":"https:\/\/equisana.ch\/fr\/produit\/sapodoris-quintus\/","url":"https:\/\/equisana.ch\/fr\/produit\/sapodoris-quintus\/","name":"Sapodoris Quintus - Equisana Sarl tout simplement naturel","isPartOf":{"@id":"https:\/\/equisana.ch\/#website"},"primaryImageOfPage":{"@id":"https:\/\/equisana.ch\/fr\/produit\/sapodoris-quintus\/#primaryimage"},"image":{"@id":"https:\/\/equisana.ch\/fr\/produit\/sapodoris-quintus\/#primaryimage"},"thumbnailUrl":"https:\/\/equisana.ch\/wp-content\/uploads\/2023\/03\/Quintus_Web.jpg","datePublished":"2023-03-18T21:57:41+00:00","dateModified":"2026-04-05T18:58:58+00:00","breadcrumb":{"@id":"https:\/\/equisana.ch\/fr\/produit\/sapodoris-quintus\/#breadcrumb"},"inLanguage":"fr-FR","potentialAction":[{"@type":"ReadAction","target":["https:\/\/equisana.ch\/fr\/produit\/sapodoris-quintus\/"]}]},{"@type":"ImageObject","inLanguage":"fr-FR","@id":"https:\/\/equisana.ch\/fr\/produit\/sapodoris-quintus\/#primaryimage","url":"https:\/\/equisana.ch\/wp-content\/uploads\/2023\/03\/Quintus_Web.jpg","contentUrl":"https:\/\/equisana.ch\/wp-content\/uploads\/2023\/03\/Quintus_Web.jpg","width":1400,"height":1400,"caption":"Sapodoris Quintus"},{"@type":"BreadcrumbList","@id":"https:\/\/equisana.ch\/fr\/produit\/sapodoris-quintus\/#breadcrumb","itemListElement":[{"@type":"ListItem","position":1,"name":"Startseite","item":"https:\/\/equisana.ch\/"},{"@type":"ListItem","position":2,"name":"Tous les produits hippiques EQUISANA","item":"https:\/\/equisana.ch\/fr\/produits\/"},{"@type":"ListItem","position":3,"name":"Sapodoris Quintus"}]},{"@type":"WebSite","@id":"https:\/\/equisana.ch\/#website","url":"https:\/\/equisana.ch\/","name":"EQUISANA GmbH einfach nat\u00fcrlich","description":"Tout simplement naturel","publisher":{"@id":"https:\/\/equisana.ch\/#organization"},"potentialAction":[{"@type":"SearchAction","target":{"@type":"EntryPoint","urlTemplate":"https:\/\/equisana.ch\/?s={search_term_string}"},"query-input":{"@type":"PropertyValueSpecification","valueRequired":true,"valueName":"search_term_string"}}],"inLanguage":"fr-FR"},{"@type":"Organization","@id":"https:\/\/equisana.ch\/#organization","name":"EQUISANA GmbH einfach nat\u00fcrlich","url":"https:\/\/equisana.ch\/","logo":{"@type":"ImageObject","inLanguage":"fr-FR","@id":"https:\/\/equisana.ch\/#\/schema\/logo\/image\/","url":"https:\/\/equisana.ch\/wp-content\/uploads\/2023\/03\/cropped-equisana-logo.png","contentUrl":"https:\/\/equisana.ch\/wp-content\/uploads\/2023\/03\/cropped-equisana-logo.png","width":342,"height":124,"caption":"EQUISANA GmbH einfach nat\u00fcrlich"},"image":{"@id":"https:\/\/equisana.ch\/#\/schema\/logo\/image\/"},"sameAs":["https:\/\/www.facebook.com\/Equisana\/"]}]}},"_links":{"self":[{"href":"https:\/\/equisana.ch\/fr\/wp-json\/wp\/v2\/product\/25658","targetHints":{"allow":["GET"]}}],"collection":[{"href":"https:\/\/equisana.ch\/fr\/wp-json\/wp\/v2\/product"}],"about":[{"href":"https:\/\/equisana.ch\/fr\/wp-json\/wp\/v2\/types\/product"}],"replies":[{"embeddable":true,"href":"https:\/\/equisana.ch\/fr\/wp-json\/wp\/v2\/comments?post=25658"}],"wp:featuredmedia":[{"embeddable":true,"href":"https:\/\/equisana.ch\/fr\/wp-json\/wp\/v2\/media\/19963"}],"wp:attachment":[{"href":"https:\/\/equisana.ch\/fr\/wp-json\/wp\/v2\/media?parent=25658"}],"wp:term":[{"taxonomy":"product_brand","embeddable":true,"href":"https:\/\/equisana.ch\/fr\/wp-json\/wp\/v2\/product_brand?post=25658"},{"taxonomy":"product_cat","embeddable":true,"href":"https:\/\/equisana.ch\/fr\/wp-json\/wp\/v2\/product_cat?post=25658"},{"taxonomy":"product_tag","embeddable":true,"href":"https:\/\/equisana.ch\/fr\/wp-json\/wp\/v2\/product_tag?post=25658"}],"curies":[{"name":"wp","href":"https:\/\/api.w.org\/{rel}","templated":true}]}}