{"id":26896,"date":"2026-04-10T20:51:03","date_gmt":"2026-04-10T20:51:03","guid":{"rendered":"https:\/\/equisana.ch\/produkt\/philosa-equilibrium\/"},"modified":"2026-05-13T01:54:41","modified_gmt":"2026-05-13T01:54:41","slug":"philosa-equilibrium","status":"publish","type":"product","link":"https:\/\/equisana.ch\/fr\/produit\/philosa-equilibrium\/","title":{"rendered":"Philosa Equilibrium"},"content":{"rendered":"<p><strong>Philosa Equilibrium: Soins des peaux abim\u00e9es chez le cheval<\/strong><\/p>\n<p>&nbsp;<\/p>\n<p><b>Votre alli\u00e9e en cas d\u2019affections cutan\u00e9es chez le cheval tel que la\u00a0gale de boue,\u00a0dermatophilose, mycose, teigne, photosensibilisation\u2026<\/b><\/p>\n<p>&nbsp;<\/p>\n<p>Philosa Equilibrium est con\u00e7u pour favoriser le bien-\u00eatre cutan\u00e9 des chevaux. Ce produit offre un soutien aux d\u00e9fenses naturelles de la peau contre les agressions ext\u00e9rieures.<\/p>\n<p>&nbsp;<\/p>\n<p>Effectivement, la peau des chevaux peut \u00eatre mise \u00e0 rude \u00e9preuve par une multitude de facteurs. L&rsquo;un des principaux agresseurs est la prolif\u00e9ration de micro-organismes, de bact\u00e9ries ou de parasites responsables de diverses affections cutan\u00e9es comme la gale de boue, les mycoses cutan\u00e9es, la teigne, les poux, les acariens ou la dermatophilose. En outre, certaines plantes peuvent provoquer une photosensibilisation, contribuant ainsi \u00e0 la d\u00e9gradation de la sant\u00e9 cutan\u00e9e du cheval. Ces \u00e9l\u00e9ments nuisibles peuvent engendrer une s\u00e9rie de sympt\u00f4mes d\u00e9sagr\u00e9ables et douloureux tels que des urticaires, des irritations, dess\u00e8chement, des cro\u00fbtes, des crevasses et des d\u00e9mangeaisons sur la peau de l\u2019\u00e9quid\u00e9.<\/p>\n<p>&nbsp;<\/p>\n<p>La cr\u00e8me Philosa Equilibrium est sp\u00e9cifiquement formul\u00e9e pour apporter un soin r\u00e9parateur \u00e0 cette peau malmen\u00e9e, en aidant votre cheval \u00e0 mieux r\u00e9sister aux agressions ext\u00e9rieures. Elle \u0153uvre \u00e0 restaurer les caract\u00e9ristiques physiologiques essentielles de la peau du cheval, notamment en r\u00e9gulant le taux d&rsquo;humidit\u00e9, en \u00e9quilibrant le pH, et en favorisant un biofilm sain. Ces actions conjointes facilitent la reconstitution d&rsquo;une barri\u00e8re cutan\u00e9e robuste et fonctionnelle.<\/p>\n<p>&nbsp;<\/p>\n<p>Philosa Equilibrium se pr\u00e9sente sous forme d&rsquo;une \u00e9mulsion l\u00e9g\u00e8re, qui a l&rsquo;avantage de ne pas \u00eatre occlusive, un aspect crucial pour la sant\u00e9 cutan\u00e9e du cheval. En effet, \u00e0 l\u2019inverse, les produits occlusifs peuvent entraver la respiration de la peau et aggraver les probl\u00e8mes existants. Cette formulation en \u00e9mulsion donc permet une excellente p\u00e9n\u00e9tration tout en apportant une protection de la peau du cheval.<\/p>\n<p>&nbsp;<\/p>\n<p>De plus, l\u2019\u00e9mulsion permet d\u2019incorporer des actifs hydrophiles et lipophiles, offrant ainsi un soin cutan\u00e9 complet et \u00e9quilibr\u00e9, capable de r\u00e9pondre aux divers besoins de la peau du cheval.<\/p>\n<p>&nbsp;<\/p>\n<p>Avec ses propri\u00e9t\u00e9s assainissantes, protectrices, nourrissantes et anti-UV, cette cr\u00e8me aide \u00e0 maintenir l&rsquo;\u00e9quilibre naturel de la peau, favorisant ainsi une peau saine et fonctionnelle. Enrichie en vitamine B5, agents r\u00e9parateurs et apaisants, avec des extraits de plantes, des huiles v\u00e9g\u00e9tales et des min\u00e9raux naturels, Philosa Equilibrium se pr\u00e9sente comme une solution naturelle pour le confort cutan\u00e9 de votre cheval.<\/p>\n<p>&nbsp;<\/p>\n<p>En r\u00e9tablissant un environnement cutan\u00e9 sain et \u00e9quilibr\u00e9, la cr\u00e8me permet au cycle naturel de cicatrisation de se d\u00e9rouler de mani\u00e8re optimale. Ainsi, votre cheval a l&rsquo;opportunit\u00e9 de retrouver une peau saine et r\u00e9siliente, ce qui est crucial pour son confort et son bien-\u00eatre global.<\/p>\n<p>&nbsp;<\/p>\n<p><strong>Composition<\/strong><\/p>\n<p><strong>Fabriqu\u00e9 \u00e0 base de:<\/strong> eau,\u00a0huile de coco,\u00a0huile d&rsquo;olive,\u00a0zinc,\u00a0sulfate de cuivre,\u00a0cire \u00e9mulsifiante,\u00a0vitamine B5,\u00a0glyc\u00e9rine,\u00a0huile de cade,\u00a0extrait de fleurs de soucis,\u00a0huile essentielle de lavande,\u00a0huile essentielle de tea tree,\u00a0huile essentielle d&rsquo;origan<\/p>\n<p>&nbsp;<\/p>\n<p><strong>Ingredients:<\/strong>\u00a0AQUA, COCOS NUCIFERA OIL, OLEA EUROPAEA FRUIT OIL, ZINC OXIDE, COPPER SULFATE, CETEARYL ALCOHOL, POLYSORBATE 60, BENZYL ALCOHOL, PANTHENOL, GLYCERIN, JUNIPERUS OXYCEDRUS WOOD OIL, CALENDULA OFFICINALIS FLOWER EXTRACT, XANTHAN GUM, LAVANDULA LATIFOLIA HERB OIL, MELALEUCA ALTERNIFOLIA LEAF OIL, ORIGANUM VULGARE OIL, DEHYDROACETIC ACID, LINALOOL, LIMONENE<\/p>\n<p>&nbsp;<\/p>\n<h3>Conseil d&rsquo;utilisations et de soins de la peau de votre cheval<\/h3>\n<p>&nbsp;<\/p>\n<h3>Soins avec le Philosa Equilibrium<\/h3>\n<p>Application quotidienne sur les zones concern\u00e9es : Appliquez et massez Philosa Equilibrium quotidiennement sur les zones atteintes jusqu&rsquo;\u00e0 constater une am\u00e9lioration.<\/p>\n<h3>Conseils suppl\u00e9mentaires pour le soin cutan\u00e9 de votre cheval :<\/h3>\n<p>&nbsp;<\/p>\n<h4>\u2022 \u00c9vitez d&rsquo;arracher les cro\u00fbtes :<\/h4>\n<p>Les cro\u00fbtes sur la peau de votre cheval font partie d&rsquo;un processus naturel de\u00a0cicatrisation. La r\u00e9g\u00e9n\u00e9ration de la peau peut n\u00e9cessiter environ un mois. Avant cela, la peau n&rsquo;est pas pr\u00eate \u00e0 \u00eatre expos\u00e9e \u00e0 l&rsquo;environnement ext\u00e9rieur. Vous pouvez sans probl\u00e8mes appliquer vos cr\u00e8mes de soins sur et autour des cro\u00fbtes et crevasses.<\/p>\n<h4>\u2022 Utilisation de nettoyants doux :<\/h4>\n<p>N&rsquo;utilisez pas de nettoyants trop irritants. Il peut \u00eatre tentant d&rsquo;utiliser ce type de produits, cependant, ils peuvent \u00e9liminer le bon biofilm de la peau et donc aggraver la situation. Si vous estimez que la peau n\u00e9cessite un lavage, utilisez notre savon assainissant doux \u00ab Sapo Sana Equilibrium \u00bb.<\/p>\n<p>&nbsp;<\/p>\n<h4>\u2022 Lavage mod\u00e9r\u00e9 de la zone concern\u00e9e :<\/h4>\n<p>\u00c9vitez de laver la zone concern\u00e9e \u00e0 l&rsquo;eau syst\u00e9matiquement. Un coup de brosse doux sur la zone avant l&rsquo;application du soin est suffisant, ce qui \u00e9vite d&rsquo;apporter une humidit\u00e9 excessive.<\/p>\n<p>&nbsp;<\/p>\n<p><strong>\u00a0<\/strong><\/p>\n<p><strong>Pr\u00e9cautions d&rsquo;utilisation<\/strong><\/p>\n<p>Produit d&rsquo;hygi\u00e8ne et de soin \u00e0 usage externe pour chevaux. Ne pas laisser \u00e0 la port\u00e9e des enfants. Contient de l&rsquo;huile de Cade. Peut produire une r\u00e9action allergique. Eviter le rejet dans l&rsquo;environnement. Eliminer le r\u00e9cipient conform\u00e9ment \u00e0 la r\u00e9glementation locale. Toxique pour les organismes aquatiques, entra\u00eene des effets n\u00e9fastes \u00e0 long terme.<\/p>\n","protected":false},"excerpt":{"rendered":"<p>Produit de soins pour peaux ab\u00eem\u00e9es suite \u00e0 des micro-organismes et\/ou parasites (gale de boue, dermatophilose, teigne, mycose&#8230;), photosensibilit\u00e9.<\/p>\n","protected":false},"featured_media":26701,"comment_status":"open","ping_status":"closed","template":"","meta":[],"product_brand":[],"product_cat":[126],"product_tag":[],"class_list":{"0":"post-26896","1":"product","2":"type-product","3":"status-publish","4":"has-post-thumbnail","6":"product_cat-produits-de-soin","7":"aux-has-gallery","9":"first","10":"instock","11":"taxable","12":"shipping-taxable","13":"purchasable","14":"product-type-variable","15":"has-default-attributes"},"yoast_head":"<!-- This site is optimized with the Yoast SEO plugin v27.6 - https:\/\/yoast.com\/product\/yoast-seo-wordpress\/ -->\n<title>Philosa Equilibrium - Equisana Sarl tout simplement naturel<\/title>\n<meta name=\"description\" content=\"Philosa Equilibrium: Produit de soin pour chevaux avec une propri\u00e9t\u00e9 apaisante pour la peau endommag\u00e9e par des micro-organismes, des parasites ou la photosensibilisation.\" \/>\n<meta name=\"robots\" content=\"index, follow, max-snippet:-1, max-image-preview:large, max-video-preview:-1\" \/>\n<link rel=\"canonical\" href=\"https:\/\/equisana.ch\/produkt\/philosa-equilibrium\/\" \/>\n<meta property=\"og:locale\" content=\"fr_FR\" \/>\n<meta property=\"og:type\" content=\"article\" \/>\n<meta property=\"og:title\" content=\"Philosa Equilibrium - Equisana Sarl tout simplement naturel\" \/>\n<meta property=\"og:description\" content=\"Philosa Equilibrium: Produit de soin pour chevaux avec une propri\u00e9t\u00e9 apaisante pour la peau endommag\u00e9e par des micro-organismes, des parasites ou la photosensibilisation.\" \/>\n<meta property=\"og:url\" content=\"https:\/\/equisana.ch\/produkt\/philosa-equilibrium\/\" \/>\n<meta property=\"og:site_name\" content=\"Equisana Sarl tout simplement naturel\" \/>\n<meta property=\"article:publisher\" content=\"https:\/\/www.facebook.com\/Equisana\/\" \/>\n<meta property=\"article:modified_time\" content=\"2026-05-13T01:54:41+00:00\" \/>\n<meta property=\"og:image\" content=\"https:\/\/equisana.ch\/wp-content\/uploads\/2026\/04\/Philosa-Equilibrium-250mL.png\" \/>\n\t<meta property=\"og:image:width\" content=\"1080\" \/>\n\t<meta property=\"og:image:height\" content=\"1080\" \/>\n\t<meta property=\"og:image:type\" content=\"image\/png\" \/>\n<meta name=\"twitter:card\" content=\"summary_large_image\" \/>\n<meta name=\"twitter:label1\" content=\"Dur\u00e9e de lecture estim\u00e9e\" \/>\n\t<meta name=\"twitter:data1\" content=\"4 minutes\" \/>\n<script type=\"application\/ld+json\" class=\"yoast-schema-graph\">{\"@context\":\"https:\\\/\\\/schema.org\",\"@graph\":[{\"@type\":\"WebPage\",\"@id\":\"https:\\\/\\\/equisana.ch\\\/produkt\\\/philosa-equilibrium\\\/\",\"url\":\"https:\\\/\\\/equisana.ch\\\/produkt\\\/philosa-equilibrium\\\/\",\"name\":\"Philosa Equilibrium - Equisana Sarl tout simplement naturel\",\"isPartOf\":{\"@id\":\"https:\\\/\\\/equisana.ch\\\/#website\"},\"primaryImageOfPage\":{\"@id\":\"https:\\\/\\\/equisana.ch\\\/produkt\\\/philosa-equilibrium\\\/#primaryimage\"},\"image\":{\"@id\":\"https:\\\/\\\/equisana.ch\\\/produkt\\\/philosa-equilibrium\\\/#primaryimage\"},\"thumbnailUrl\":\"https:\\\/\\\/equisana.ch\\\/wp-content\\\/uploads\\\/2026\\\/04\\\/Philosa-Equilibrium-250mL.png\",\"datePublished\":\"2026-04-10T20:51:03+00:00\",\"dateModified\":\"2026-05-13T01:54:41+00:00\",\"description\":\"Philosa Equilibrium: Produit de soin pour chevaux avec une propri\u00e9t\u00e9 apaisante pour la peau endommag\u00e9e par des micro-organismes, des parasites ou la photosensibilisation.\",\"breadcrumb\":{\"@id\":\"https:\\\/\\\/equisana.ch\\\/produkt\\\/philosa-equilibrium\\\/#breadcrumb\"},\"inLanguage\":\"fr-FR\",\"potentialAction\":[{\"@type\":\"ReadAction\",\"target\":[\"https:\\\/\\\/equisana.ch\\\/produkt\\\/philosa-equilibrium\\\/\"]}]},{\"@type\":\"ImageObject\",\"inLanguage\":\"fr-FR\",\"@id\":\"https:\\\/\\\/equisana.ch\\\/produkt\\\/philosa-equilibrium\\\/#primaryimage\",\"url\":\"https:\\\/\\\/equisana.ch\\\/wp-content\\\/uploads\\\/2026\\\/04\\\/Philosa-Equilibrium-250mL.png\",\"contentUrl\":\"https:\\\/\\\/equisana.ch\\\/wp-content\\\/uploads\\\/2026\\\/04\\\/Philosa-Equilibrium-250mL.png\",\"width\":1080,\"height\":1080},{\"@type\":\"BreadcrumbList\",\"@id\":\"https:\\\/\\\/equisana.ch\\\/produkt\\\/philosa-equilibrium\\\/#breadcrumb\",\"itemListElement\":[{\"@type\":\"ListItem\",\"position\":1,\"name\":\"Startseite\",\"item\":\"https:\\\/\\\/equisana.ch\\\/\"},{\"@type\":\"ListItem\",\"position\":2,\"name\":\"Tous les produits hippiques EQUISANA\",\"item\":\"https:\\\/\\\/equisana.ch\\\/fr\\\/produits\\\/\"},{\"@type\":\"ListItem\",\"position\":3,\"name\":\"Philosa Equilibrium\"}]},{\"@type\":\"WebSite\",\"@id\":\"https:\\\/\\\/equisana.ch\\\/#website\",\"url\":\"https:\\\/\\\/equisana.ch\\\/\",\"name\":\"EQUISANA GmbH einfach nat\u00fcrlich\",\"description\":\"Tout simplement naturel\",\"publisher\":{\"@id\":\"https:\\\/\\\/equisana.ch\\\/#organization\"},\"potentialAction\":[{\"@type\":\"SearchAction\",\"target\":{\"@type\":\"EntryPoint\",\"urlTemplate\":\"https:\\\/\\\/equisana.ch\\\/?s={search_term_string}\"},\"query-input\":{\"@type\":\"PropertyValueSpecification\",\"valueRequired\":true,\"valueName\":\"search_term_string\"}}],\"inLanguage\":\"fr-FR\"},{\"@type\":\"Organization\",\"@id\":\"https:\\\/\\\/equisana.ch\\\/#organization\",\"name\":\"EQUISANA GmbH einfach nat\u00fcrlich\",\"url\":\"https:\\\/\\\/equisana.ch\\\/\",\"logo\":{\"@type\":\"ImageObject\",\"inLanguage\":\"fr-FR\",\"@id\":\"https:\\\/\\\/equisana.ch\\\/#\\\/schema\\\/logo\\\/image\\\/\",\"url\":\"https:\\\/\\\/equisana.ch\\\/wp-content\\\/uploads\\\/2023\\\/03\\\/cropped-equisana-logo.png\",\"contentUrl\":\"https:\\\/\\\/equisana.ch\\\/wp-content\\\/uploads\\\/2023\\\/03\\\/cropped-equisana-logo.png\",\"width\":342,\"height\":124,\"caption\":\"EQUISANA GmbH einfach nat\u00fcrlich\"},\"image\":{\"@id\":\"https:\\\/\\\/equisana.ch\\\/#\\\/schema\\\/logo\\\/image\\\/\"},\"sameAs\":[\"https:\\\/\\\/www.facebook.com\\\/Equisana\\\/\"]}]}<\/script>\n<!-- \/ Yoast SEO plugin. -->","yoast_head_json":{"title":"Philosa Equilibrium - Equisana Sarl tout simplement naturel","description":"Philosa Equilibrium: Produit de soin pour chevaux avec une propri\u00e9t\u00e9 apaisante pour la peau endommag\u00e9e par des micro-organismes, des parasites ou la photosensibilisation.","robots":{"index":"index","follow":"follow","max-snippet":"max-snippet:-1","max-image-preview":"max-image-preview:large","max-video-preview":"max-video-preview:-1"},"canonical":"https:\/\/equisana.ch\/produkt\/philosa-equilibrium\/","og_locale":"fr_FR","og_type":"article","og_title":"Philosa Equilibrium - Equisana Sarl tout simplement naturel","og_description":"Philosa Equilibrium: Produit de soin pour chevaux avec une propri\u00e9t\u00e9 apaisante pour la peau endommag\u00e9e par des micro-organismes, des parasites ou la photosensibilisation.","og_url":"https:\/\/equisana.ch\/produkt\/philosa-equilibrium\/","og_site_name":"Equisana Sarl tout simplement naturel","article_publisher":"https:\/\/www.facebook.com\/Equisana\/","article_modified_time":"2026-05-13T01:54:41+00:00","og_image":[{"width":1080,"height":1080,"url":"https:\/\/equisana.ch\/wp-content\/uploads\/2026\/04\/Philosa-Equilibrium-250mL.png","type":"image\/png"}],"twitter_card":"summary_large_image","twitter_misc":{"Dur\u00e9e de lecture estim\u00e9e":"4 minutes"},"schema":{"@context":"https:\/\/schema.org","@graph":[{"@type":"WebPage","@id":"https:\/\/equisana.ch\/produkt\/philosa-equilibrium\/","url":"https:\/\/equisana.ch\/produkt\/philosa-equilibrium\/","name":"Philosa Equilibrium - Equisana Sarl tout simplement naturel","isPartOf":{"@id":"https:\/\/equisana.ch\/#website"},"primaryImageOfPage":{"@id":"https:\/\/equisana.ch\/produkt\/philosa-equilibrium\/#primaryimage"},"image":{"@id":"https:\/\/equisana.ch\/produkt\/philosa-equilibrium\/#primaryimage"},"thumbnailUrl":"https:\/\/equisana.ch\/wp-content\/uploads\/2026\/04\/Philosa-Equilibrium-250mL.png","datePublished":"2026-04-10T20:51:03+00:00","dateModified":"2026-05-13T01:54:41+00:00","description":"Philosa Equilibrium: Produit de soin pour chevaux avec une propri\u00e9t\u00e9 apaisante pour la peau endommag\u00e9e par des micro-organismes, des parasites ou la photosensibilisation.","breadcrumb":{"@id":"https:\/\/equisana.ch\/produkt\/philosa-equilibrium\/#breadcrumb"},"inLanguage":"fr-FR","potentialAction":[{"@type":"ReadAction","target":["https:\/\/equisana.ch\/produkt\/philosa-equilibrium\/"]}]},{"@type":"ImageObject","inLanguage":"fr-FR","@id":"https:\/\/equisana.ch\/produkt\/philosa-equilibrium\/#primaryimage","url":"https:\/\/equisana.ch\/wp-content\/uploads\/2026\/04\/Philosa-Equilibrium-250mL.png","contentUrl":"https:\/\/equisana.ch\/wp-content\/uploads\/2026\/04\/Philosa-Equilibrium-250mL.png","width":1080,"height":1080},{"@type":"BreadcrumbList","@id":"https:\/\/equisana.ch\/produkt\/philosa-equilibrium\/#breadcrumb","itemListElement":[{"@type":"ListItem","position":1,"name":"Startseite","item":"https:\/\/equisana.ch\/"},{"@type":"ListItem","position":2,"name":"Tous les produits hippiques EQUISANA","item":"https:\/\/equisana.ch\/fr\/produits\/"},{"@type":"ListItem","position":3,"name":"Philosa Equilibrium"}]},{"@type":"WebSite","@id":"https:\/\/equisana.ch\/#website","url":"https:\/\/equisana.ch\/","name":"EQUISANA GmbH einfach nat\u00fcrlich","description":"Tout simplement naturel","publisher":{"@id":"https:\/\/equisana.ch\/#organization"},"potentialAction":[{"@type":"SearchAction","target":{"@type":"EntryPoint","urlTemplate":"https:\/\/equisana.ch\/?s={search_term_string}"},"query-input":{"@type":"PropertyValueSpecification","valueRequired":true,"valueName":"search_term_string"}}],"inLanguage":"fr-FR"},{"@type":"Organization","@id":"https:\/\/equisana.ch\/#organization","name":"EQUISANA GmbH einfach nat\u00fcrlich","url":"https:\/\/equisana.ch\/","logo":{"@type":"ImageObject","inLanguage":"fr-FR","@id":"https:\/\/equisana.ch\/#\/schema\/logo\/image\/","url":"https:\/\/equisana.ch\/wp-content\/uploads\/2023\/03\/cropped-equisana-logo.png","contentUrl":"https:\/\/equisana.ch\/wp-content\/uploads\/2023\/03\/cropped-equisana-logo.png","width":342,"height":124,"caption":"EQUISANA GmbH einfach nat\u00fcrlich"},"image":{"@id":"https:\/\/equisana.ch\/#\/schema\/logo\/image\/"},"sameAs":["https:\/\/www.facebook.com\/Equisana\/"]}]}},"_links":{"self":[{"href":"https:\/\/equisana.ch\/fr\/wp-json\/wp\/v2\/product\/26896","targetHints":{"allow":["GET"]}}],"collection":[{"href":"https:\/\/equisana.ch\/fr\/wp-json\/wp\/v2\/product"}],"about":[{"href":"https:\/\/equisana.ch\/fr\/wp-json\/wp\/v2\/types\/product"}],"replies":[{"embeddable":true,"href":"https:\/\/equisana.ch\/fr\/wp-json\/wp\/v2\/comments?post=26896"}],"wp:featuredmedia":[{"embeddable":true,"href":"https:\/\/equisana.ch\/fr\/wp-json\/wp\/v2\/media\/26701"}],"wp:attachment":[{"href":"https:\/\/equisana.ch\/fr\/wp-json\/wp\/v2\/media?parent=26896"}],"wp:term":[{"taxonomy":"product_brand","embeddable":true,"href":"https:\/\/equisana.ch\/fr\/wp-json\/wp\/v2\/product_brand?post=26896"},{"taxonomy":"product_cat","embeddable":true,"href":"https:\/\/equisana.ch\/fr\/wp-json\/wp\/v2\/product_cat?post=26896"},{"taxonomy":"product_tag","embeddable":true,"href":"https:\/\/equisana.ch\/fr\/wp-json\/wp\/v2\/product_tag?post=26896"}],"curies":[{"name":"wp","href":"https:\/\/api.w.org\/{rel}","templated":true}]}}