{"id":26900,"date":"2026-04-21T06:42:33","date_gmt":"2026-04-21T06:42:33","guid":{"rendered":"https:\/\/equisana.ch\/produkt\/derma-equilibrium\/"},"modified":"2026-05-13T01:00:53","modified_gmt":"2026-05-13T01:00:53","slug":"derma-equilibrium","status":"publish","type":"product","link":"https:\/\/equisana.ch\/fr\/produit\/derma-equilibrium\/","title":{"rendered":"Derma Equilibrium"},"content":{"rendered":"<p><strong>Derma Equilibrium: Soins pour peaux et crini\u00e8res abim\u00e9es par la dermite du cheval<\/strong><\/p>\n<p>&nbsp;<\/p>\n<p><strong>Votre alli\u00e9e et partenaire pour soulager la dermite de votre cheval : apaise, calme, r\u00e9pare et garde la souplesse de la peau du cheval\u00a0<\/strong><\/p>\n<p>&nbsp;<\/p>\n<p>Le Derma Equilibrium est une cr\u00e8me sp\u00e9cialement con\u00e7ue pour les peaux et crini\u00e8res fragilis\u00e9es par la dermite. La dermite estivale, un v\u00e9ritable cauchemar pour tous les chevaux atteints de cette maladie et pour leurs propri\u00e9taires qui voient leurs chevaux souffrir.<\/p>\n<p>La dermite chez le cheval est une r\u00e9action allergique de la peau provoquant des d\u00e9mangeaisons intenses, souvent due \u00e0 une sensibilit\u00e9 aux piq\u00fbres d&rsquo;insectes. Cela entra\u00eene de fortes d\u00e9mangeaisons, poussant le cheval \u00e0 se gratter contre tout ce qui est \u00e0 sa port\u00e9e. Le grattage incessant peut causer des l\u00e9sions, des pertes de poils, et m\u00eame des plaies. Au cours de l&rsquo;\u00e9t\u00e9, la peau se d\u00e9t\u00e9riore progressivement, devenant dure et s\u00e8che, ce qui intensifie encore les d\u00e9mangeaisons.<\/p>\n<p>Il est donc crucial de prendre soin de cette peau ab\u00eem\u00e9e pour soulager le cheval. Derma Equilibrium prot\u00e8ge et restaure l&rsquo;\u00e9quilibre naturel de la peau, tout en pr\u00e9servant sa souplesse gr\u00e2ce \u00e0 sa richesse en agents hydratants et en vitamines. Des composants naturels sont \u00e9galement pr\u00e9sents pour apaiser les d\u00e9mangeaisons et r\u00e9duire le grattage excessif.<\/p>\n<p>Durant la p\u00e9riode de la dermite, le soleil est \u00e9galement un facteur aggravant, risquant de br\u00fbler la peau expos\u00e9e du cheval. Par cons\u00e9quent, Derma Equilibrium contient des actifs protecteurs UV pour prot\u00e9ger la peau des rayons solaires. Sa formulation en \u00e9mulsion non occlusive permet de nourrir la peau tout en la laissant respirer pendant le traitement. De plus, cette formule incorpore des agents actifs hydrophiles et lipophiles, offrant un soin cutan\u00e9 complet et \u00e9quilibr\u00e9 qui r\u00e9pond efficacement aux besoins vari\u00e9s de la peau du cheval.<\/p>\n<p>Pour les chevaux atteints de dermite, qui se blessent souvent, Derma Equilibrium apporte des agents assainissants pour pr\u00e9venir toute infection et assure une r\u00e9g\u00e9n\u00e9ration rapide de la peau en fournissant tous les nutriments n\u00e9cessaires.<\/p>\n<p>De plus, son odeur n&rsquo;est pas tr\u00e8s attrayante pour les insectes responsables de la dermite, ce qui permet davantage de r\u00e9pit \u00e0 votre cheval.<\/p>\n<p>Ce soin externe ne traite pas la cause profonde de la dermite chez le cheval, mais il offre un soulagement significatif et prend soin de sa peau malmen\u00e9e.<\/p>\n<p>Derma Equilibrium ne s&rsquo;adresse pas uniquement aux \u00e9quid\u00e9s atteints de dermite, mais c&rsquo;est aussi le soin id\u00e9al pour la peau simplement ab\u00eem\u00e9e par la pr\u00e9sence d&rsquo;insectes, comme cela peut \u00eatre le cas sous le ventre en \u00e9t\u00e9 ou sur les membres des \u00e2nes.<\/p>\n<p>&nbsp;<\/p>\n<p><strong>Composition du produit<\/strong><\/p>\n<p>Fabriqu\u00e9 \u00e0 base de : eau,\u00a0zinc,\u00a0huile de coco,\u00a0huile d&rsquo;olive,\u00a0cire \u00e9mulsifiante,\u00a0extrait de fleurs de soucis,\u00a0vitamine B5,\u00a0huile de cade,\u00a0huile essentielle de lavande<\/p>\n<p>&nbsp;<\/p>\n<p><strong>Ingredients:<\/strong> AQUA, ZINC OXIDE, COCOS NUCIFERA OIL, OLEA EUROPAEA FRUIT OIL, CETEARYL ALCOHOL, CALENDULA OFFICINALIS FLOWER EXTRACT, POLYSORBATE 60, GLYCERIN, PANTHENOL, JUNIPERUS OXYCEDRUS WOOD OIL, BENZYL ALCOHOL, LAVANDULA LATIFOLIA HERB OIL, XANTHAN GUM, DEHYDROACETIC ACID, LINALOOL, LIMONENE<\/p>\n<p>&nbsp;<\/p>\n<h3>Conseil d&rsquo;utilisation et de soins de la peau de votre cheval<\/h3>\n<p>&nbsp;<\/p>\n<h3>Soins avec le Derma Equilibrium<\/h3>\n<p>Appliquer et masser tous les deux jours ou quotidiennement (selon la gravit\u00e9 de la dermite) sur les zones atteintes jusqu\u2019\u00e0 ce que la cr\u00e8me laisse un film opaque sur la peau du cheval. C\u2019est de cette fa\u00e7on que la cr\u00e8me agira dans la dur\u00e9e.<\/p>\n<p>A utiliser d\u00e8s les premiers signes au printemps.<\/p>\n<p>&nbsp;<\/p>\n<h3>Conseils suppl\u00e9mentaires pour le soin cutan\u00e9 de votre cheval :<\/h3>\n<p>&nbsp;<\/p>\n<h4>\u2022 Commencer les soins d\u00e8s les premiers signes de dermite :<\/h4>\n<p>Il est recommand\u00e9 de commencer le traitement des peaux ab\u00eem\u00e9es par la dermite chez votre cheval d\u00e8s les premiers signes au printemps. La dermite est une r\u00e9action allergique en cascade ; plus le traitement est retard\u00e9, plus les sympt\u00f4mes s&rsquo;intensifient. Commencer les soins t\u00f4t permet de soulager rapidement votre cheval et de limiter les effets durant toute la saison.<\/p>\n<p>Cependant, il n&rsquo;est jamais trop tard pour agir. Mieux vaut commencer les soins tardivement que de ne pas les entreprendre du tout.<\/p>\n<h4>\u2022 Utilisation de savons doux :<\/h4>\n<p>\u00c9vitez les nettoyants trop agressifs qui, bien que tentants, peuvent d\u00e9truire le biofilm protecteur de la peau et aggraver son \u00e9tat. Si un nettoyage s&rsquo;av\u00e8re n\u00e9cessaire, privil\u00e9giez notre savon assainissant doux\u00a0Sapo Sana Equilibrium\u00a0pour pr\u00e9server la sant\u00e9 cutan\u00e9e.<\/p>\n<p>De plus, il est possible d&rsquo;alterner l&rsquo;utilisation du savon et de la cr\u00e8me, car de nombreux utilisateurs ont constat\u00e9 d&rsquo;excellents r\u00e9sultats en utilisant le savon sans rin\u00e7age pour d\u00e9poser une fine couche protectrice sur la peau de leur cheval.<\/p>\n<p>Voici la routine que nous conseillons :<\/p>\n<h5>Jour 1 : Utilisation du savon assainissant Sapo Sana Equilibrium<\/h5>\n<p>Commencez par humidifier le savon et frottez-le doucement sur les zones atteintes par la dermite sans rincer. Ce savon, enrichi en huiles v\u00e9g\u00e9tales saponifi\u00e9es \u00e0 froid, glyc\u00e9rine, huiles essentielles de lavande cr\u00e9e une barri\u00e8re physique qui prot\u00e8ge contre les piq\u00fbres d&rsquo;insectes et les infections, tout en maintenant la souplesse de la peau.<\/p>\n<h5>Jour 3 : Application de la cr\u00e8me Derma Equilibrium<\/h5>\n<p>Appliquez la cr\u00e8me en fine couche pour apaiser les d\u00e9mangeaisons, assainir, nourrir, hydrater, et am\u00e9liorer la souplesse de la peau s\u00e8che.<\/p>\n<h5>Jour 5 : Recommencement du cycle avec Sapo Sana et Derma Equilibrium<\/h5>\n<p>Poursuivez ce cycle de soin tout au long de la saison pour maintenir l&rsquo;efficacit\u00e9 du traitement. La cl\u00e9 est la r\u00e9gularit\u00e9 pour emp\u00eacher l&rsquo;augmentation des anticorps IgE, qui exacerbent les sympt\u00f4mes inflammatoires et les d\u00e9mangeaisons lorsqu&rsquo;ils r\u00e9agissent aux allerg\u00e8nes.<\/p>\n<p>&nbsp;<\/p>\n<p>Si besoin, effectuez p\u00e9riodiquement un lavage complet avec rin\u00e7age du savon Sapo Sana pour assurer une propret\u00e9 optimale de la peau. Ajustez la fr\u00e9quence des soins selon les besoins sp\u00e9cifiques de votre cheval pour un confort maximal et une r\u00e9duction effective des sympt\u00f4mes de la dermite.<\/p>\n<p>&nbsp;<\/p>\n<h4>\u2022 \u00c9vitez d&rsquo;arracher les cro\u00fbtes en cas de plaies :<\/h4>\n<p>Les cro\u00fbtes pr\u00e9sentes sur la peau de votre cheval font partie d&rsquo;un processus naturel de cicatrisation. La r\u00e9g\u00e9n\u00e9ration de la peau peut prendre environ un mois. Avant cette p\u00e9riode, la peau n&rsquo;est pas pr\u00eate \u00e0 \u00eatre expos\u00e9e \u00e0 l&rsquo;environnement ext\u00e9rieur. Vous pouvez en toute s\u00e9curit\u00e9 appliquer vos cr\u00e8mes de soins sur et autour des cro\u00fbtes et des crevasses, offrant ainsi \u00e0 votre cheval une meilleure r\u00e9cup\u00e9ration<\/p>\n<p>&nbsp;<\/p>\n<p><strong>Pr\u00e9cautions d&rsquo;utilisation<\/strong><\/p>\n<p>Produit d&rsquo;hygi\u00e8ne et de soin \u00e0 usage externe pour chevaux. Ne pas laisser \u00e0 la port\u00e9e des enfants. Contient de l&rsquo;huile de Cade. Peut produire une r\u00e9action allergique. Eviter le rejet dans l&rsquo;environnement. Eliminer le r\u00e9cipient conform\u00e9ment \u00e0 la r\u00e9glementation locale. Toxique pour les organismes aquatiques, entra\u00eene des effets n\u00e9fastes \u00e0 long terme.<\/p>\n","protected":false},"excerpt":{"rendered":"<p>Produits de soins contre la dermite : nourrit la peau abim\u00e9e, apaisante, maintient la souplesse de la peau.<\/p>\n","protected":false},"featured_media":26760,"comment_status":"open","ping_status":"closed","template":"","meta":[],"product_brand":[],"product_cat":[126],"product_tag":[],"class_list":{"0":"post-26900","1":"product","2":"type-product","3":"status-publish","4":"has-post-thumbnail","6":"product_cat-produits-de-soin","7":"aux-has-gallery","9":"first","10":"instock","11":"taxable","12":"shipping-taxable","13":"purchasable","14":"product-type-variable","15":"has-default-attributes"},"yoast_head":"<!-- This site is optimized with the Yoast SEO plugin v27.6 - https:\/\/yoast.com\/product\/yoast-seo-wordpress\/ -->\n<title>Derma Equilibrium - Equisana Sarl tout simplement naturel<\/title>\n<meta name=\"description\" content=\"Derma Equilibrium: la solution id\u00e9ale pour apaiser et soigner la peau affect\u00e9e par la dermite estivale. Fabriqu\u00e9e avec des actifs soulageant les d\u00e9mangeaisons\" \/>\n<meta name=\"robots\" content=\"index, follow, max-snippet:-1, max-image-preview:large, max-video-preview:-1\" \/>\n<link rel=\"canonical\" href=\"https:\/\/equisana.ch\/produkt\/derma-equilibrium\/\" \/>\n<meta property=\"og:locale\" content=\"fr_FR\" \/>\n<meta property=\"og:type\" content=\"article\" \/>\n<meta property=\"og:title\" content=\"Derma Equilibrium - Equisana Sarl tout simplement naturel\" \/>\n<meta property=\"og:description\" content=\"Derma Equilibrium: la solution id\u00e9ale pour apaiser et soigner la peau affect\u00e9e par la dermite estivale. Fabriqu\u00e9e avec des actifs soulageant les d\u00e9mangeaisons\" \/>\n<meta property=\"og:url\" content=\"https:\/\/equisana.ch\/produkt\/derma-equilibrium\/\" \/>\n<meta property=\"og:site_name\" content=\"Equisana Sarl tout simplement naturel\" \/>\n<meta property=\"article:publisher\" content=\"https:\/\/www.facebook.com\/Equisana\/\" \/>\n<meta property=\"article:modified_time\" content=\"2026-05-13T01:00:53+00:00\" \/>\n<meta property=\"og:image\" content=\"https:\/\/equisana.ch\/wp-content\/uploads\/2026\/04\/Derma-Equilibrium-240mL.png\" \/>\n\t<meta property=\"og:image:width\" content=\"1080\" \/>\n\t<meta property=\"og:image:height\" content=\"1080\" \/>\n\t<meta property=\"og:image:type\" content=\"image\/png\" \/>\n<meta name=\"twitter:card\" content=\"summary_large_image\" \/>\n<meta name=\"twitter:label1\" content=\"Dur\u00e9e de lecture estim\u00e9e\" \/>\n\t<meta name=\"twitter:data1\" content=\"6 minutes\" \/>\n<script type=\"application\/ld+json\" class=\"yoast-schema-graph\">{\"@context\":\"https:\\\/\\\/schema.org\",\"@graph\":[{\"@type\":\"WebPage\",\"@id\":\"https:\\\/\\\/equisana.ch\\\/produkt\\\/derma-equilibrium\\\/\",\"url\":\"https:\\\/\\\/equisana.ch\\\/produkt\\\/derma-equilibrium\\\/\",\"name\":\"Derma Equilibrium - Equisana Sarl tout simplement naturel\",\"isPartOf\":{\"@id\":\"https:\\\/\\\/equisana.ch\\\/#website\"},\"primaryImageOfPage\":{\"@id\":\"https:\\\/\\\/equisana.ch\\\/produkt\\\/derma-equilibrium\\\/#primaryimage\"},\"image\":{\"@id\":\"https:\\\/\\\/equisana.ch\\\/produkt\\\/derma-equilibrium\\\/#primaryimage\"},\"thumbnailUrl\":\"https:\\\/\\\/equisana.ch\\\/wp-content\\\/uploads\\\/2026\\\/04\\\/Derma-Equilibrium-240mL.png\",\"datePublished\":\"2026-04-21T06:42:33+00:00\",\"dateModified\":\"2026-05-13T01:00:53+00:00\",\"description\":\"Derma Equilibrium: la solution id\u00e9ale pour apaiser et soigner la peau affect\u00e9e par la dermite estivale. Fabriqu\u00e9e avec des actifs soulageant les d\u00e9mangeaisons\",\"breadcrumb\":{\"@id\":\"https:\\\/\\\/equisana.ch\\\/produkt\\\/derma-equilibrium\\\/#breadcrumb\"},\"inLanguage\":\"fr-FR\",\"potentialAction\":[{\"@type\":\"ReadAction\",\"target\":[\"https:\\\/\\\/equisana.ch\\\/produkt\\\/derma-equilibrium\\\/\"]}]},{\"@type\":\"ImageObject\",\"inLanguage\":\"fr-FR\",\"@id\":\"https:\\\/\\\/equisana.ch\\\/produkt\\\/derma-equilibrium\\\/#primaryimage\",\"url\":\"https:\\\/\\\/equisana.ch\\\/wp-content\\\/uploads\\\/2026\\\/04\\\/Derma-Equilibrium-240mL.png\",\"contentUrl\":\"https:\\\/\\\/equisana.ch\\\/wp-content\\\/uploads\\\/2026\\\/04\\\/Derma-Equilibrium-240mL.png\",\"width\":1080,\"height\":1080,\"caption\":\"Derma Equlibrium\"},{\"@type\":\"BreadcrumbList\",\"@id\":\"https:\\\/\\\/equisana.ch\\\/produkt\\\/derma-equilibrium\\\/#breadcrumb\",\"itemListElement\":[{\"@type\":\"ListItem\",\"position\":1,\"name\":\"Startseite\",\"item\":\"https:\\\/\\\/equisana.ch\\\/\"},{\"@type\":\"ListItem\",\"position\":2,\"name\":\"Tous les produits hippiques EQUISANA\",\"item\":\"https:\\\/\\\/equisana.ch\\\/fr\\\/produits\\\/\"},{\"@type\":\"ListItem\",\"position\":3,\"name\":\"Derma Equilibrium\"}]},{\"@type\":\"WebSite\",\"@id\":\"https:\\\/\\\/equisana.ch\\\/#website\",\"url\":\"https:\\\/\\\/equisana.ch\\\/\",\"name\":\"EQUISANA GmbH einfach nat\u00fcrlich\",\"description\":\"Tout simplement naturel\",\"publisher\":{\"@id\":\"https:\\\/\\\/equisana.ch\\\/#organization\"},\"potentialAction\":[{\"@type\":\"SearchAction\",\"target\":{\"@type\":\"EntryPoint\",\"urlTemplate\":\"https:\\\/\\\/equisana.ch\\\/?s={search_term_string}\"},\"query-input\":{\"@type\":\"PropertyValueSpecification\",\"valueRequired\":true,\"valueName\":\"search_term_string\"}}],\"inLanguage\":\"fr-FR\"},{\"@type\":\"Organization\",\"@id\":\"https:\\\/\\\/equisana.ch\\\/#organization\",\"name\":\"EQUISANA GmbH einfach nat\u00fcrlich\",\"url\":\"https:\\\/\\\/equisana.ch\\\/\",\"logo\":{\"@type\":\"ImageObject\",\"inLanguage\":\"fr-FR\",\"@id\":\"https:\\\/\\\/equisana.ch\\\/#\\\/schema\\\/logo\\\/image\\\/\",\"url\":\"https:\\\/\\\/equisana.ch\\\/wp-content\\\/uploads\\\/2023\\\/03\\\/cropped-equisana-logo.png\",\"contentUrl\":\"https:\\\/\\\/equisana.ch\\\/wp-content\\\/uploads\\\/2023\\\/03\\\/cropped-equisana-logo.png\",\"width\":342,\"height\":124,\"caption\":\"EQUISANA GmbH einfach nat\u00fcrlich\"},\"image\":{\"@id\":\"https:\\\/\\\/equisana.ch\\\/#\\\/schema\\\/logo\\\/image\\\/\"},\"sameAs\":[\"https:\\\/\\\/www.facebook.com\\\/Equisana\\\/\"]}]}<\/script>\n<!-- \/ Yoast SEO plugin. -->","yoast_head_json":{"title":"Derma Equilibrium - Equisana Sarl tout simplement naturel","description":"Derma Equilibrium: la solution id\u00e9ale pour apaiser et soigner la peau affect\u00e9e par la dermite estivale. Fabriqu\u00e9e avec des actifs soulageant les d\u00e9mangeaisons","robots":{"index":"index","follow":"follow","max-snippet":"max-snippet:-1","max-image-preview":"max-image-preview:large","max-video-preview":"max-video-preview:-1"},"canonical":"https:\/\/equisana.ch\/produkt\/derma-equilibrium\/","og_locale":"fr_FR","og_type":"article","og_title":"Derma Equilibrium - Equisana Sarl tout simplement naturel","og_description":"Derma Equilibrium: la solution id\u00e9ale pour apaiser et soigner la peau affect\u00e9e par la dermite estivale. Fabriqu\u00e9e avec des actifs soulageant les d\u00e9mangeaisons","og_url":"https:\/\/equisana.ch\/produkt\/derma-equilibrium\/","og_site_name":"Equisana Sarl tout simplement naturel","article_publisher":"https:\/\/www.facebook.com\/Equisana\/","article_modified_time":"2026-05-13T01:00:53+00:00","og_image":[{"width":1080,"height":1080,"url":"https:\/\/equisana.ch\/wp-content\/uploads\/2026\/04\/Derma-Equilibrium-240mL.png","type":"image\/png"}],"twitter_card":"summary_large_image","twitter_misc":{"Dur\u00e9e de lecture estim\u00e9e":"6 minutes"},"schema":{"@context":"https:\/\/schema.org","@graph":[{"@type":"WebPage","@id":"https:\/\/equisana.ch\/produkt\/derma-equilibrium\/","url":"https:\/\/equisana.ch\/produkt\/derma-equilibrium\/","name":"Derma Equilibrium - Equisana Sarl tout simplement naturel","isPartOf":{"@id":"https:\/\/equisana.ch\/#website"},"primaryImageOfPage":{"@id":"https:\/\/equisana.ch\/produkt\/derma-equilibrium\/#primaryimage"},"image":{"@id":"https:\/\/equisana.ch\/produkt\/derma-equilibrium\/#primaryimage"},"thumbnailUrl":"https:\/\/equisana.ch\/wp-content\/uploads\/2026\/04\/Derma-Equilibrium-240mL.png","datePublished":"2026-04-21T06:42:33+00:00","dateModified":"2026-05-13T01:00:53+00:00","description":"Derma Equilibrium: la solution id\u00e9ale pour apaiser et soigner la peau affect\u00e9e par la dermite estivale. Fabriqu\u00e9e avec des actifs soulageant les d\u00e9mangeaisons","breadcrumb":{"@id":"https:\/\/equisana.ch\/produkt\/derma-equilibrium\/#breadcrumb"},"inLanguage":"fr-FR","potentialAction":[{"@type":"ReadAction","target":["https:\/\/equisana.ch\/produkt\/derma-equilibrium\/"]}]},{"@type":"ImageObject","inLanguage":"fr-FR","@id":"https:\/\/equisana.ch\/produkt\/derma-equilibrium\/#primaryimage","url":"https:\/\/equisana.ch\/wp-content\/uploads\/2026\/04\/Derma-Equilibrium-240mL.png","contentUrl":"https:\/\/equisana.ch\/wp-content\/uploads\/2026\/04\/Derma-Equilibrium-240mL.png","width":1080,"height":1080,"caption":"Derma Equlibrium"},{"@type":"BreadcrumbList","@id":"https:\/\/equisana.ch\/produkt\/derma-equilibrium\/#breadcrumb","itemListElement":[{"@type":"ListItem","position":1,"name":"Startseite","item":"https:\/\/equisana.ch\/"},{"@type":"ListItem","position":2,"name":"Tous les produits hippiques EQUISANA","item":"https:\/\/equisana.ch\/fr\/produits\/"},{"@type":"ListItem","position":3,"name":"Derma Equilibrium"}]},{"@type":"WebSite","@id":"https:\/\/equisana.ch\/#website","url":"https:\/\/equisana.ch\/","name":"EQUISANA GmbH einfach nat\u00fcrlich","description":"Tout simplement naturel","publisher":{"@id":"https:\/\/equisana.ch\/#organization"},"potentialAction":[{"@type":"SearchAction","target":{"@type":"EntryPoint","urlTemplate":"https:\/\/equisana.ch\/?s={search_term_string}"},"query-input":{"@type":"PropertyValueSpecification","valueRequired":true,"valueName":"search_term_string"}}],"inLanguage":"fr-FR"},{"@type":"Organization","@id":"https:\/\/equisana.ch\/#organization","name":"EQUISANA GmbH einfach nat\u00fcrlich","url":"https:\/\/equisana.ch\/","logo":{"@type":"ImageObject","inLanguage":"fr-FR","@id":"https:\/\/equisana.ch\/#\/schema\/logo\/image\/","url":"https:\/\/equisana.ch\/wp-content\/uploads\/2023\/03\/cropped-equisana-logo.png","contentUrl":"https:\/\/equisana.ch\/wp-content\/uploads\/2023\/03\/cropped-equisana-logo.png","width":342,"height":124,"caption":"EQUISANA GmbH einfach nat\u00fcrlich"},"image":{"@id":"https:\/\/equisana.ch\/#\/schema\/logo\/image\/"},"sameAs":["https:\/\/www.facebook.com\/Equisana\/"]}]}},"_links":{"self":[{"href":"https:\/\/equisana.ch\/fr\/wp-json\/wp\/v2\/product\/26900","targetHints":{"allow":["GET"]}}],"collection":[{"href":"https:\/\/equisana.ch\/fr\/wp-json\/wp\/v2\/product"}],"about":[{"href":"https:\/\/equisana.ch\/fr\/wp-json\/wp\/v2\/types\/product"}],"replies":[{"embeddable":true,"href":"https:\/\/equisana.ch\/fr\/wp-json\/wp\/v2\/comments?post=26900"}],"wp:featuredmedia":[{"embeddable":true,"href":"https:\/\/equisana.ch\/fr\/wp-json\/wp\/v2\/media\/26760"}],"wp:attachment":[{"href":"https:\/\/equisana.ch\/fr\/wp-json\/wp\/v2\/media?parent=26900"}],"wp:term":[{"taxonomy":"product_brand","embeddable":true,"href":"https:\/\/equisana.ch\/fr\/wp-json\/wp\/v2\/product_brand?post=26900"},{"taxonomy":"product_cat","embeddable":true,"href":"https:\/\/equisana.ch\/fr\/wp-json\/wp\/v2\/product_cat?post=26900"},{"taxonomy":"product_tag","embeddable":true,"href":"https:\/\/equisana.ch\/fr\/wp-json\/wp\/v2\/product_tag?post=26900"}],"curies":[{"name":"wp","href":"https:\/\/api.w.org\/{rel}","templated":true}]}}