{"id":26901,"date":"2026-04-21T08:28:29","date_gmt":"2026-04-21T08:28:29","guid":{"rendered":"https:\/\/equisana.ch\/produkt\/crinis-equilibrium\/"},"modified":"2026-04-21T08:28:29","modified_gmt":"2026-04-21T08:28:29","slug":"crinis-equilibrium","status":"publish","type":"product","link":"https:\/\/equisana.ch\/fr\/produit\/crinis-equilibrium\/","title":{"rendered":"Crinis Equilibrium"},"content":{"rendered":"<p><strong>Soin 2 en 1 &#8211; Crins &amp; Poils des \u00e9quid\u00e9s &#8211; Nourrit, prot\u00e8ge et d\u00e9m\u00eale<\/strong><\/p>\n<p>&nbsp;<\/p>\n<p>Crinis Equilibrium est un soin polyvalent destin\u00e9 \u00e0 l\u2019entretien r\u00e9gulier des crins et des poils des \u00e9quid\u00e9s. Con\u00e7u pour allier efficacit\u00e9 et douceur, il facilite le d\u00e9m\u00ealage tout en contribuant \u00e0 la protection et \u00e0 l\u2019hydratation de la fibre capillaire. Il s&rsquo;agit donc bien plus qu&rsquo;un simple d\u00e9m\u00ealant, c&rsquo;est avant tout un vrai soins.<\/p>\n<p>&nbsp;<\/p>\n<p>Gr\u00e2ce \u00e0 une synergie d&rsquo;ingr\u00e9dients soigneusement s\u00e9lectionn\u00e9s, ce soin nourrit en profondeur, prot\u00e8ge durablement et facilite le d\u00e9m\u00ealage sans alourdir ni graisser.<\/p>\n<ul>\n<li>Nourrissant : enrichi en glyc\u00e9rine v\u00e9g\u00e9tale, panth\u00e9nol (provitamine B5) et prot\u00e9ines de soie, il hydrate et fortifie la fibre capillaire, redonnant brillance et souplesse.<\/li>\n<li>Protecteur : forme un voile protecteur contre les agressions ext\u00e9rieures (poussi\u00e8re, soleil, frottements).<\/li>\n<li>D\u00e9m\u00ealant : Le soin contribue \u00e0 assouplir la fibre capillaire et \u00e0 limiter la formation de n\u0153uds, ce qui facilite le brossage, m\u00eame sur les crins secs ou \u00e9paissis. Sa texture l\u00e9g\u00e8re permet une application r\u00e9guli\u00e8re sans alourdir ni graisser, tout en respectant l\u2019\u00e9quilibre naturel du poil.<\/li>\n<li>Senteur naturelle et agr\u00e9able<\/li>\n<li>Sans effet gras, la formule ne contient pas d\u2019huile.<\/li>\n<\/ul>\n<p>&nbsp;<\/p>\n<p><strong>Composition<\/strong><\/p>\n<p>Fabriqu\u00e9 \u00e0 base de: eau,\u00a0coco-caprylate,\u00a0glyc\u00e9rine,\u00a0\u00e9mulsifiant,\u00a0vitamine B5,\u00a0d\u00e9riv\u00e9 de miel,\u00a0huile essentielle de mandarine,\u00a0prot\u00e9ine de soie,\u00a0polyquaternium-7,\u00a0acide citrique<\/p>\n<p>&nbsp;<\/p>\n<p><strong>Ingredients:<\/strong>\u00a0AQUA, COCO-CAPRYLATE, GLYCERIN, POLYSORBATE 80, PANTHENOL, HYDROXYPROPYLTRIMONIUM HONEY, BENZYL ALCOHOL, CITRUS RETICULATA PEEL OIL, LIMONENE, SILK AMINO ACIDS, CITRIC ACID, POLYQUATERNIUM-7, DEHYDROACETIC ACID, SORBIC ACID, SODIUM BENZOATE<\/p>\n<p>&nbsp;<\/p>\n<p>Mode d&#8217;emploi<\/p>\n<ol>\n<li>Bien agiter avant usage.<\/li>\n<li>Vaporiser \u00e0 environ 15\u201320 cm de la zone \u00e0 traiter (crins ou poils, secs ou l\u00e9g\u00e8rement humides).<\/li>\n<li>Laisser agir quelques instants, puis brosser<\/li>\n<\/ol>\n<p>&nbsp;<\/p>\n<p><strong>Pr\u00e9cautions d&rsquo;utilisation<\/strong><\/p>\n<p>Produit d&rsquo;hygi\u00e8ne et de soin \u00e0 usage externe pour chevaux. Ne pas laisser \u00e0 la port\u00e9e des enfants. Contient de l&rsquo;huile essentielle de mandarine. Peut provoquer une allergie cutan\u00e9e.<\/p>\n","protected":false},"excerpt":{"rendered":"<p>Soin complet pour crins et poils des \u00e9quid\u00e9s<\/p>\n<p>Flacon avec embout spray de 250 mL, ou 500 mL<\/p>\n","protected":false},"featured_media":26794,"comment_status":"open","ping_status":"closed","template":"","meta":[],"product_brand":[],"product_cat":[126],"product_tag":[],"class_list":{"0":"post-26901","1":"product","2":"type-product","3":"status-publish","4":"has-post-thumbnail","6":"product_cat-produits-de-soin","7":"aux-has-gallery","9":"first","10":"instock","11":"sale","12":"taxable","13":"shipping-taxable","14":"purchasable","15":"product-type-variable","16":"has-default-attributes"},"yoast_head":"<!-- This site is optimized with the Yoast SEO plugin v27.6 - https:\/\/yoast.com\/product\/yoast-seo-wordpress\/ -->\n<title>Crinis Equilibrium - Equisana Sarl tout simplement naturel<\/title>\n<meta name=\"description\" content=\"Crinis Equilibrium: favorise le d\u00e9m\u00ealage des crins de cheval ab\u00eem\u00e9s, renforce et permet de tresser et d\u2019entretenir la crini\u00e8re\" \/>\n<meta name=\"robots\" content=\"index, follow, max-snippet:-1, max-image-preview:large, max-video-preview:-1\" \/>\n<link rel=\"canonical\" href=\"https:\/\/equisana.ch\/produkt\/crinis-equilibrium\/\" \/>\n<meta property=\"og:locale\" content=\"fr_FR\" \/>\n<meta property=\"og:type\" content=\"article\" \/>\n<meta property=\"og:title\" content=\"Crinis Equilibrium - Equisana Sarl tout simplement naturel\" \/>\n<meta property=\"og:description\" content=\"Crinis Equilibrium: favorise le d\u00e9m\u00ealage des crins de cheval ab\u00eem\u00e9s, renforce et permet de tresser et d\u2019entretenir la crini\u00e8re\" \/>\n<meta property=\"og:url\" content=\"https:\/\/equisana.ch\/produkt\/crinis-equilibrium\/\" \/>\n<meta property=\"og:site_name\" content=\"Equisana Sarl tout simplement naturel\" \/>\n<meta property=\"article:publisher\" content=\"https:\/\/www.facebook.com\/Equisana\/\" \/>\n<meta property=\"og:image\" content=\"https:\/\/equisana.ch\/wp-content\/uploads\/2026\/04\/Crinis-Equilibrium-devant.png\" \/>\n\t<meta property=\"og:image:width\" content=\"1080\" \/>\n\t<meta property=\"og:image:height\" content=\"1080\" \/>\n\t<meta property=\"og:image:type\" content=\"image\/png\" \/>\n<meta name=\"twitter:card\" content=\"summary_large_image\" \/>\n<meta name=\"twitter:label1\" content=\"Dur\u00e9e de lecture estim\u00e9e\" \/>\n\t<meta name=\"twitter:data1\" content=\"2 minutes\" \/>\n<script type=\"application\/ld+json\" class=\"yoast-schema-graph\">{\"@context\":\"https:\\\/\\\/schema.org\",\"@graph\":[{\"@type\":\"WebPage\",\"@id\":\"https:\\\/\\\/equisana.ch\\\/produkt\\\/crinis-equilibrium\\\/\",\"url\":\"https:\\\/\\\/equisana.ch\\\/produkt\\\/crinis-equilibrium\\\/\",\"name\":\"Crinis Equilibrium - Equisana Sarl tout simplement naturel\",\"isPartOf\":{\"@id\":\"https:\\\/\\\/equisana.ch\\\/#website\"},\"primaryImageOfPage\":{\"@id\":\"https:\\\/\\\/equisana.ch\\\/produkt\\\/crinis-equilibrium\\\/#primaryimage\"},\"image\":{\"@id\":\"https:\\\/\\\/equisana.ch\\\/produkt\\\/crinis-equilibrium\\\/#primaryimage\"},\"thumbnailUrl\":\"https:\\\/\\\/equisana.ch\\\/wp-content\\\/uploads\\\/2026\\\/04\\\/Crinis-Equilibrium-devant.png\",\"datePublished\":\"2026-04-21T08:28:29+00:00\",\"description\":\"Crinis Equilibrium: favorise le d\u00e9m\u00ealage des crins de cheval ab\u00eem\u00e9s, renforce et permet de tresser et d\u2019entretenir la crini\u00e8re\",\"breadcrumb\":{\"@id\":\"https:\\\/\\\/equisana.ch\\\/produkt\\\/crinis-equilibrium\\\/#breadcrumb\"},\"inLanguage\":\"fr-FR\",\"potentialAction\":[{\"@type\":\"ReadAction\",\"target\":[\"https:\\\/\\\/equisana.ch\\\/produkt\\\/crinis-equilibrium\\\/\"]}]},{\"@type\":\"ImageObject\",\"inLanguage\":\"fr-FR\",\"@id\":\"https:\\\/\\\/equisana.ch\\\/produkt\\\/crinis-equilibrium\\\/#primaryimage\",\"url\":\"https:\\\/\\\/equisana.ch\\\/wp-content\\\/uploads\\\/2026\\\/04\\\/Crinis-Equilibrium-devant.png\",\"contentUrl\":\"https:\\\/\\\/equisana.ch\\\/wp-content\\\/uploads\\\/2026\\\/04\\\/Crinis-Equilibrium-devant.png\",\"width\":1080,\"height\":1080,\"caption\":\"Crinis Equilibrium\"},{\"@type\":\"BreadcrumbList\",\"@id\":\"https:\\\/\\\/equisana.ch\\\/produkt\\\/crinis-equilibrium\\\/#breadcrumb\",\"itemListElement\":[{\"@type\":\"ListItem\",\"position\":1,\"name\":\"Startseite\",\"item\":\"https:\\\/\\\/equisana.ch\\\/\"},{\"@type\":\"ListItem\",\"position\":2,\"name\":\"Tous les produits hippiques EQUISANA\",\"item\":\"https:\\\/\\\/equisana.ch\\\/fr\\\/produits\\\/\"},{\"@type\":\"ListItem\",\"position\":3,\"name\":\"Crinis Equilibrium\"}]},{\"@type\":\"WebSite\",\"@id\":\"https:\\\/\\\/equisana.ch\\\/#website\",\"url\":\"https:\\\/\\\/equisana.ch\\\/\",\"name\":\"EQUISANA GmbH einfach nat\u00fcrlich\",\"description\":\"Tout simplement naturel\",\"publisher\":{\"@id\":\"https:\\\/\\\/equisana.ch\\\/#organization\"},\"potentialAction\":[{\"@type\":\"SearchAction\",\"target\":{\"@type\":\"EntryPoint\",\"urlTemplate\":\"https:\\\/\\\/equisana.ch\\\/?s={search_term_string}\"},\"query-input\":{\"@type\":\"PropertyValueSpecification\",\"valueRequired\":true,\"valueName\":\"search_term_string\"}}],\"inLanguage\":\"fr-FR\"},{\"@type\":\"Organization\",\"@id\":\"https:\\\/\\\/equisana.ch\\\/#organization\",\"name\":\"EQUISANA GmbH einfach nat\u00fcrlich\",\"url\":\"https:\\\/\\\/equisana.ch\\\/\",\"logo\":{\"@type\":\"ImageObject\",\"inLanguage\":\"fr-FR\",\"@id\":\"https:\\\/\\\/equisana.ch\\\/#\\\/schema\\\/logo\\\/image\\\/\",\"url\":\"https:\\\/\\\/equisana.ch\\\/wp-content\\\/uploads\\\/2023\\\/03\\\/cropped-equisana-logo.png\",\"contentUrl\":\"https:\\\/\\\/equisana.ch\\\/wp-content\\\/uploads\\\/2023\\\/03\\\/cropped-equisana-logo.png\",\"width\":342,\"height\":124,\"caption\":\"EQUISANA GmbH einfach nat\u00fcrlich\"},\"image\":{\"@id\":\"https:\\\/\\\/equisana.ch\\\/#\\\/schema\\\/logo\\\/image\\\/\"},\"sameAs\":[\"https:\\\/\\\/www.facebook.com\\\/Equisana\\\/\"]}]}<\/script>\n<!-- \/ Yoast SEO plugin. -->","yoast_head_json":{"title":"Crinis Equilibrium - Equisana Sarl tout simplement naturel","description":"Crinis Equilibrium: favorise le d\u00e9m\u00ealage des crins de cheval ab\u00eem\u00e9s, renforce et permet de tresser et d\u2019entretenir la crini\u00e8re","robots":{"index":"index","follow":"follow","max-snippet":"max-snippet:-1","max-image-preview":"max-image-preview:large","max-video-preview":"max-video-preview:-1"},"canonical":"https:\/\/equisana.ch\/produkt\/crinis-equilibrium\/","og_locale":"fr_FR","og_type":"article","og_title":"Crinis Equilibrium - Equisana Sarl tout simplement naturel","og_description":"Crinis Equilibrium: favorise le d\u00e9m\u00ealage des crins de cheval ab\u00eem\u00e9s, renforce et permet de tresser et d\u2019entretenir la crini\u00e8re","og_url":"https:\/\/equisana.ch\/produkt\/crinis-equilibrium\/","og_site_name":"Equisana Sarl tout simplement naturel","article_publisher":"https:\/\/www.facebook.com\/Equisana\/","og_image":[{"width":1080,"height":1080,"url":"https:\/\/equisana.ch\/wp-content\/uploads\/2026\/04\/Crinis-Equilibrium-devant.png","type":"image\/png"}],"twitter_card":"summary_large_image","twitter_misc":{"Dur\u00e9e de lecture estim\u00e9e":"2 minutes"},"schema":{"@context":"https:\/\/schema.org","@graph":[{"@type":"WebPage","@id":"https:\/\/equisana.ch\/produkt\/crinis-equilibrium\/","url":"https:\/\/equisana.ch\/produkt\/crinis-equilibrium\/","name":"Crinis Equilibrium - Equisana Sarl tout simplement naturel","isPartOf":{"@id":"https:\/\/equisana.ch\/#website"},"primaryImageOfPage":{"@id":"https:\/\/equisana.ch\/produkt\/crinis-equilibrium\/#primaryimage"},"image":{"@id":"https:\/\/equisana.ch\/produkt\/crinis-equilibrium\/#primaryimage"},"thumbnailUrl":"https:\/\/equisana.ch\/wp-content\/uploads\/2026\/04\/Crinis-Equilibrium-devant.png","datePublished":"2026-04-21T08:28:29+00:00","description":"Crinis Equilibrium: favorise le d\u00e9m\u00ealage des crins de cheval ab\u00eem\u00e9s, renforce et permet de tresser et d\u2019entretenir la crini\u00e8re","breadcrumb":{"@id":"https:\/\/equisana.ch\/produkt\/crinis-equilibrium\/#breadcrumb"},"inLanguage":"fr-FR","potentialAction":[{"@type":"ReadAction","target":["https:\/\/equisana.ch\/produkt\/crinis-equilibrium\/"]}]},{"@type":"ImageObject","inLanguage":"fr-FR","@id":"https:\/\/equisana.ch\/produkt\/crinis-equilibrium\/#primaryimage","url":"https:\/\/equisana.ch\/wp-content\/uploads\/2026\/04\/Crinis-Equilibrium-devant.png","contentUrl":"https:\/\/equisana.ch\/wp-content\/uploads\/2026\/04\/Crinis-Equilibrium-devant.png","width":1080,"height":1080,"caption":"Crinis Equilibrium"},{"@type":"BreadcrumbList","@id":"https:\/\/equisana.ch\/produkt\/crinis-equilibrium\/#breadcrumb","itemListElement":[{"@type":"ListItem","position":1,"name":"Startseite","item":"https:\/\/equisana.ch\/"},{"@type":"ListItem","position":2,"name":"Tous les produits hippiques EQUISANA","item":"https:\/\/equisana.ch\/fr\/produits\/"},{"@type":"ListItem","position":3,"name":"Crinis Equilibrium"}]},{"@type":"WebSite","@id":"https:\/\/equisana.ch\/#website","url":"https:\/\/equisana.ch\/","name":"EQUISANA GmbH einfach nat\u00fcrlich","description":"Tout simplement naturel","publisher":{"@id":"https:\/\/equisana.ch\/#organization"},"potentialAction":[{"@type":"SearchAction","target":{"@type":"EntryPoint","urlTemplate":"https:\/\/equisana.ch\/?s={search_term_string}"},"query-input":{"@type":"PropertyValueSpecification","valueRequired":true,"valueName":"search_term_string"}}],"inLanguage":"fr-FR"},{"@type":"Organization","@id":"https:\/\/equisana.ch\/#organization","name":"EQUISANA GmbH einfach nat\u00fcrlich","url":"https:\/\/equisana.ch\/","logo":{"@type":"ImageObject","inLanguage":"fr-FR","@id":"https:\/\/equisana.ch\/#\/schema\/logo\/image\/","url":"https:\/\/equisana.ch\/wp-content\/uploads\/2023\/03\/cropped-equisana-logo.png","contentUrl":"https:\/\/equisana.ch\/wp-content\/uploads\/2023\/03\/cropped-equisana-logo.png","width":342,"height":124,"caption":"EQUISANA GmbH einfach nat\u00fcrlich"},"image":{"@id":"https:\/\/equisana.ch\/#\/schema\/logo\/image\/"},"sameAs":["https:\/\/www.facebook.com\/Equisana\/"]}]}},"_links":{"self":[{"href":"https:\/\/equisana.ch\/fr\/wp-json\/wp\/v2\/product\/26901","targetHints":{"allow":["GET"]}}],"collection":[{"href":"https:\/\/equisana.ch\/fr\/wp-json\/wp\/v2\/product"}],"about":[{"href":"https:\/\/equisana.ch\/fr\/wp-json\/wp\/v2\/types\/product"}],"replies":[{"embeddable":true,"href":"https:\/\/equisana.ch\/fr\/wp-json\/wp\/v2\/comments?post=26901"}],"wp:featuredmedia":[{"embeddable":true,"href":"https:\/\/equisana.ch\/fr\/wp-json\/wp\/v2\/media\/26794"}],"wp:attachment":[{"href":"https:\/\/equisana.ch\/fr\/wp-json\/wp\/v2\/media?parent=26901"}],"wp:term":[{"taxonomy":"product_brand","embeddable":true,"href":"https:\/\/equisana.ch\/fr\/wp-json\/wp\/v2\/product_brand?post=26901"},{"taxonomy":"product_cat","embeddable":true,"href":"https:\/\/equisana.ch\/fr\/wp-json\/wp\/v2\/product_cat?post=26901"},{"taxonomy":"product_tag","embeddable":true,"href":"https:\/\/equisana.ch\/fr\/wp-json\/wp\/v2\/product_tag?post=26901"}],"curies":[{"name":"wp","href":"https:\/\/api.w.org\/{rel}","templated":true}]}}