{"id":26907,"date":"2026-04-21T07:11:23","date_gmt":"2026-04-21T07:11:23","guid":{"rendered":"https:\/\/equisana.ch\/produkt\/sapo-sana-equilibrium\/"},"modified":"2026-05-14T08:21:38","modified_gmt":"2026-05-14T08:21:38","slug":"sapo-sana-equilibrium","status":"publish","type":"product","link":"https:\/\/equisana.ch\/fr\/produit\/sapo-sana-equilibrium\/","title":{"rendered":"Sapo Sana Equilibrium"},"content":{"rendered":"<p><strong>Sapo Sana Equilibrium: Savon de nettoyage<\/strong><\/p>\n<p>&nbsp;<\/p>\n<div>Ce savon est fabriqu\u00e9 artisanalement gr\u00e2ce \u00e0 la saponification \u00e0 froid. Cette m\u00e9thode permet de transformer les huiles en savon et glyc\u00e9rine. De plus, lors de la fabrication, il a \u00e9t\u00e9 veill\u00e9 \u00e0 ce que l\u2019int\u00e9gralit\u00e9 des huiles ne soit pas transform\u00e9e en savon afin de garder les vertus de celles-ci. Il s\u2019agit du savon id\u00e9al pour nettoyer la peau de votre cheval. Ce savon prot\u00e8ge la peau et la maintient en bon \u00e9tat.<\/div>\n<div>\nCe savon pr\u00e9sente les propri\u00e9t\u00e9s suivantes\u00a0:<\/div>\n<ul>\n<li>Nettoyant<\/li>\n<li>Nourrissant<\/li>\n<li>Protecteur<\/li>\n<\/ul>\n<p><span class=\"mce-nbsp-wrap\" contenteditable=\"false\">\u00a0<\/span><br \/>\nCe savon peut para\u00eetre peu moussant, cela n\u2019a aucune influence sur son pouvoir nettoyant. Ceci est d\u00fb aux composants du produit ainsi qu\u2019\u00e0 la m\u00e9thode de fabrication.<\/p>\n<p>Ce savon peut \u00eatre utilis\u00e9 en compl\u00e9ment du Derma Equilibrium ou Philosa Equilibrium, si un lavage de la zone est n\u00e9cessaire entre deux applications (zones couvertes de boues, zones grasses\u2026). Dans ce cas, cela permettra un nettoyage en compl\u00e9ment.<\/p>\n<p>Savon rectangulaire de 85g<\/p>\n<p>&nbsp;<\/p>\n<p><strong>Composition<\/strong><\/p>\n<p>Fabriqu\u00e9 \u00e0 base de<strong>:<\/strong> huiles partiellement saponifi\u00e9es (beurre de cacao,\u00a0huile de coco,\u00a0huile d&rsquo;olive),\u00a0eau,\u00a0glyc\u00e9rine,\u00a0sulfate de cuivre,\u00a0huile essentielle de lavande<\/p>\n<p><strong>Ingredients:<\/strong> SODIUM COCOA BUTTERATE, SODIUM COCOATE, SODIUM OLIVATE, AQUA, GLYCERIN, COPPER SULFATE, THEOBROMA CACAO SEED BUTTER, COCOS NUCIFERA OIL, OLEA EUROPAEA FRUIT OIL, LAVANDULA LATIFOLIA HERB OIL, LINALOOL, LIMONENE<\/p>\n<p>&nbsp;<\/p>\n<p><strong>Mode d&#8217;emploi<\/strong><\/p>\n<p>&nbsp;<\/p>\n<p>Faire savonner avec de l\u2019eau entre les mains et nettoyer la zone concern\u00e9e, laisser agir pendant 10 minutes puis rincer \u00e0 l\u2019eau. Pour la dermite, il est possible de ne pas rincer le savon afin de garder l&rsquo;effet plus longtemps.\u00a0La couleur du savon peut varier d&rsquo;un lot \u00e0 un autre selon la temp\u00e9rature de fabrication (du bleu prononc\u00e9 au vert bleu\u00e2tre)<\/p>\n<p>&nbsp;<\/p>\n<p><strong>Pr\u00e9cautions d&rsquo;utilisation<\/strong><\/p>\n<p>Produit d\u2019hygi\u00e8ne et de soin \u00e0 usage externe pour chevaux. Ne pas laisser \u00e0 la port\u00e9e des enfants. Contient du linalool, linalyl acetate. Peut produire une r\u00e9action allergique. Ne pas jeter dans la nature. Toxique pour les organismes aquatiques, entra\u00eene des effets n\u00e9fastes \u00e0 long terme.<\/p>\n","protected":false},"excerpt":{"rendered":"<p>Savon assainissant \u00e0 utiliser pour nettoyer les zones abim\u00e9es.<\/p>\n","protected":false},"featured_media":26775,"comment_status":"open","ping_status":"closed","template":"","meta":[],"product_brand":[],"product_cat":[126],"product_tag":[],"class_list":{"0":"post-26907","1":"product","2":"type-product","3":"status-publish","4":"has-post-thumbnail","6":"product_cat-produits-de-soin","7":"aux-has-gallery","9":"first","10":"instock","11":"taxable","12":"shipping-taxable","13":"purchasable","14":"product-type-simple"},"yoast_head":"<!-- This site is optimized with the Yoast SEO plugin v27.6 - https:\/\/yoast.com\/product\/yoast-seo-wordpress\/ -->\n<title>Sapo Sana Equilibrium - Equisana Sarl tout simplement naturel<\/title>\n<meta name=\"description\" content=\"Sapo Sana Equilibrium: le savon doux obtenu par saponification \u00e0 froid pour nettoyer les zones ab\u00eem\u00e9es comme en cas de dermite estivale ou de gale de boue\" \/>\n<meta name=\"robots\" content=\"index, follow, max-snippet:-1, max-image-preview:large, max-video-preview:-1\" \/>\n<link rel=\"canonical\" href=\"https:\/\/equisana.ch\/produkt\/sapo-sana-equilibrium\/\" \/>\n<meta property=\"og:locale\" content=\"fr_FR\" \/>\n<meta property=\"og:type\" content=\"article\" \/>\n<meta property=\"og:title\" content=\"Sapo Sana Equilibrium - Equisana Sarl tout simplement naturel\" \/>\n<meta property=\"og:description\" content=\"Sapo Sana Equilibrium: le savon doux obtenu par saponification \u00e0 froid pour nettoyer les zones ab\u00eem\u00e9es comme en cas de dermite estivale ou de gale de boue\" \/>\n<meta property=\"og:url\" content=\"https:\/\/equisana.ch\/produkt\/sapo-sana-equilibrium\/\" \/>\n<meta property=\"og:site_name\" content=\"Equisana Sarl tout simplement naturel\" \/>\n<meta property=\"article:publisher\" content=\"https:\/\/www.facebook.com\/Equisana\/\" \/>\n<meta property=\"article:modified_time\" content=\"2026-05-14T08:21:38+00:00\" \/>\n<meta property=\"og:image\" content=\"https:\/\/equisana.ch\/wp-content\/uploads\/2026\/04\/Sapo-Sana-Equilibrium-2.png\" \/>\n\t<meta property=\"og:image:width\" content=\"1080\" \/>\n\t<meta property=\"og:image:height\" content=\"1080\" \/>\n\t<meta property=\"og:image:type\" content=\"image\/png\" \/>\n<meta name=\"twitter:card\" content=\"summary_large_image\" \/>\n<meta name=\"twitter:label1\" content=\"Dur\u00e9e de lecture estim\u00e9e\" \/>\n\t<meta name=\"twitter:data1\" content=\"2 minutes\" \/>\n<script type=\"application\/ld+json\" class=\"yoast-schema-graph\">{\"@context\":\"https:\\\/\\\/schema.org\",\"@graph\":[{\"@type\":\"WebPage\",\"@id\":\"https:\\\/\\\/equisana.ch\\\/produkt\\\/sapo-sana-equilibrium\\\/\",\"url\":\"https:\\\/\\\/equisana.ch\\\/produkt\\\/sapo-sana-equilibrium\\\/\",\"name\":\"Sapo Sana Equilibrium - Equisana Sarl tout simplement naturel\",\"isPartOf\":{\"@id\":\"https:\\\/\\\/equisana.ch\\\/#website\"},\"primaryImageOfPage\":{\"@id\":\"https:\\\/\\\/equisana.ch\\\/produkt\\\/sapo-sana-equilibrium\\\/#primaryimage\"},\"image\":{\"@id\":\"https:\\\/\\\/equisana.ch\\\/produkt\\\/sapo-sana-equilibrium\\\/#primaryimage\"},\"thumbnailUrl\":\"https:\\\/\\\/equisana.ch\\\/wp-content\\\/uploads\\\/2026\\\/04\\\/Sapo-Sana-Equilibrium-2.png\",\"datePublished\":\"2026-04-21T07:11:23+00:00\",\"dateModified\":\"2026-05-14T08:21:38+00:00\",\"description\":\"Sapo Sana Equilibrium: le savon doux obtenu par saponification \u00e0 froid pour nettoyer les zones ab\u00eem\u00e9es comme en cas de dermite estivale ou de gale de boue\",\"breadcrumb\":{\"@id\":\"https:\\\/\\\/equisana.ch\\\/produkt\\\/sapo-sana-equilibrium\\\/#breadcrumb\"},\"inLanguage\":\"fr-FR\",\"potentialAction\":[{\"@type\":\"ReadAction\",\"target\":[\"https:\\\/\\\/equisana.ch\\\/produkt\\\/sapo-sana-equilibrium\\\/\"]}]},{\"@type\":\"ImageObject\",\"inLanguage\":\"fr-FR\",\"@id\":\"https:\\\/\\\/equisana.ch\\\/produkt\\\/sapo-sana-equilibrium\\\/#primaryimage\",\"url\":\"https:\\\/\\\/equisana.ch\\\/wp-content\\\/uploads\\\/2026\\\/04\\\/Sapo-Sana-Equilibrium-2.png\",\"contentUrl\":\"https:\\\/\\\/equisana.ch\\\/wp-content\\\/uploads\\\/2026\\\/04\\\/Sapo-Sana-Equilibrium-2.png\",\"width\":1080,\"height\":1080,\"caption\":\"Sapo Sana\"},{\"@type\":\"BreadcrumbList\",\"@id\":\"https:\\\/\\\/equisana.ch\\\/produkt\\\/sapo-sana-equilibrium\\\/#breadcrumb\",\"itemListElement\":[{\"@type\":\"ListItem\",\"position\":1,\"name\":\"Startseite\",\"item\":\"https:\\\/\\\/equisana.ch\\\/\"},{\"@type\":\"ListItem\",\"position\":2,\"name\":\"Tous les produits hippiques EQUISANA\",\"item\":\"https:\\\/\\\/equisana.ch\\\/fr\\\/produits\\\/\"},{\"@type\":\"ListItem\",\"position\":3,\"name\":\"Sapo Sana Equilibrium\"}]},{\"@type\":\"WebSite\",\"@id\":\"https:\\\/\\\/equisana.ch\\\/#website\",\"url\":\"https:\\\/\\\/equisana.ch\\\/\",\"name\":\"EQUISANA GmbH einfach nat\u00fcrlich\",\"description\":\"Tout simplement naturel\",\"publisher\":{\"@id\":\"https:\\\/\\\/equisana.ch\\\/#organization\"},\"potentialAction\":[{\"@type\":\"SearchAction\",\"target\":{\"@type\":\"EntryPoint\",\"urlTemplate\":\"https:\\\/\\\/equisana.ch\\\/?s={search_term_string}\"},\"query-input\":{\"@type\":\"PropertyValueSpecification\",\"valueRequired\":true,\"valueName\":\"search_term_string\"}}],\"inLanguage\":\"fr-FR\"},{\"@type\":\"Organization\",\"@id\":\"https:\\\/\\\/equisana.ch\\\/#organization\",\"name\":\"EQUISANA GmbH einfach nat\u00fcrlich\",\"url\":\"https:\\\/\\\/equisana.ch\\\/\",\"logo\":{\"@type\":\"ImageObject\",\"inLanguage\":\"fr-FR\",\"@id\":\"https:\\\/\\\/equisana.ch\\\/#\\\/schema\\\/logo\\\/image\\\/\",\"url\":\"https:\\\/\\\/equisana.ch\\\/wp-content\\\/uploads\\\/2023\\\/03\\\/cropped-equisana-logo.png\",\"contentUrl\":\"https:\\\/\\\/equisana.ch\\\/wp-content\\\/uploads\\\/2023\\\/03\\\/cropped-equisana-logo.png\",\"width\":342,\"height\":124,\"caption\":\"EQUISANA GmbH einfach nat\u00fcrlich\"},\"image\":{\"@id\":\"https:\\\/\\\/equisana.ch\\\/#\\\/schema\\\/logo\\\/image\\\/\"},\"sameAs\":[\"https:\\\/\\\/www.facebook.com\\\/Equisana\\\/\"]}]}<\/script>\n<!-- \/ Yoast SEO plugin. -->","yoast_head_json":{"title":"Sapo Sana Equilibrium - Equisana Sarl tout simplement naturel","description":"Sapo Sana Equilibrium: le savon doux obtenu par saponification \u00e0 froid pour nettoyer les zones ab\u00eem\u00e9es comme en cas de dermite estivale ou de gale de boue","robots":{"index":"index","follow":"follow","max-snippet":"max-snippet:-1","max-image-preview":"max-image-preview:large","max-video-preview":"max-video-preview:-1"},"canonical":"https:\/\/equisana.ch\/produkt\/sapo-sana-equilibrium\/","og_locale":"fr_FR","og_type":"article","og_title":"Sapo Sana Equilibrium - Equisana Sarl tout simplement naturel","og_description":"Sapo Sana Equilibrium: le savon doux obtenu par saponification \u00e0 froid pour nettoyer les zones ab\u00eem\u00e9es comme en cas de dermite estivale ou de gale de boue","og_url":"https:\/\/equisana.ch\/produkt\/sapo-sana-equilibrium\/","og_site_name":"Equisana Sarl tout simplement naturel","article_publisher":"https:\/\/www.facebook.com\/Equisana\/","article_modified_time":"2026-05-14T08:21:38+00:00","og_image":[{"width":1080,"height":1080,"url":"https:\/\/equisana.ch\/wp-content\/uploads\/2026\/04\/Sapo-Sana-Equilibrium-2.png","type":"image\/png"}],"twitter_card":"summary_large_image","twitter_misc":{"Dur\u00e9e de lecture estim\u00e9e":"2 minutes"},"schema":{"@context":"https:\/\/schema.org","@graph":[{"@type":"WebPage","@id":"https:\/\/equisana.ch\/produkt\/sapo-sana-equilibrium\/","url":"https:\/\/equisana.ch\/produkt\/sapo-sana-equilibrium\/","name":"Sapo Sana Equilibrium - Equisana Sarl tout simplement naturel","isPartOf":{"@id":"https:\/\/equisana.ch\/#website"},"primaryImageOfPage":{"@id":"https:\/\/equisana.ch\/produkt\/sapo-sana-equilibrium\/#primaryimage"},"image":{"@id":"https:\/\/equisana.ch\/produkt\/sapo-sana-equilibrium\/#primaryimage"},"thumbnailUrl":"https:\/\/equisana.ch\/wp-content\/uploads\/2026\/04\/Sapo-Sana-Equilibrium-2.png","datePublished":"2026-04-21T07:11:23+00:00","dateModified":"2026-05-14T08:21:38+00:00","description":"Sapo Sana Equilibrium: le savon doux obtenu par saponification \u00e0 froid pour nettoyer les zones ab\u00eem\u00e9es comme en cas de dermite estivale ou de gale de boue","breadcrumb":{"@id":"https:\/\/equisana.ch\/produkt\/sapo-sana-equilibrium\/#breadcrumb"},"inLanguage":"fr-FR","potentialAction":[{"@type":"ReadAction","target":["https:\/\/equisana.ch\/produkt\/sapo-sana-equilibrium\/"]}]},{"@type":"ImageObject","inLanguage":"fr-FR","@id":"https:\/\/equisana.ch\/produkt\/sapo-sana-equilibrium\/#primaryimage","url":"https:\/\/equisana.ch\/wp-content\/uploads\/2026\/04\/Sapo-Sana-Equilibrium-2.png","contentUrl":"https:\/\/equisana.ch\/wp-content\/uploads\/2026\/04\/Sapo-Sana-Equilibrium-2.png","width":1080,"height":1080,"caption":"Sapo Sana"},{"@type":"BreadcrumbList","@id":"https:\/\/equisana.ch\/produkt\/sapo-sana-equilibrium\/#breadcrumb","itemListElement":[{"@type":"ListItem","position":1,"name":"Startseite","item":"https:\/\/equisana.ch\/"},{"@type":"ListItem","position":2,"name":"Tous les produits hippiques EQUISANA","item":"https:\/\/equisana.ch\/fr\/produits\/"},{"@type":"ListItem","position":3,"name":"Sapo Sana Equilibrium"}]},{"@type":"WebSite","@id":"https:\/\/equisana.ch\/#website","url":"https:\/\/equisana.ch\/","name":"EQUISANA GmbH einfach nat\u00fcrlich","description":"Tout simplement naturel","publisher":{"@id":"https:\/\/equisana.ch\/#organization"},"potentialAction":[{"@type":"SearchAction","target":{"@type":"EntryPoint","urlTemplate":"https:\/\/equisana.ch\/?s={search_term_string}"},"query-input":{"@type":"PropertyValueSpecification","valueRequired":true,"valueName":"search_term_string"}}],"inLanguage":"fr-FR"},{"@type":"Organization","@id":"https:\/\/equisana.ch\/#organization","name":"EQUISANA GmbH einfach nat\u00fcrlich","url":"https:\/\/equisana.ch\/","logo":{"@type":"ImageObject","inLanguage":"fr-FR","@id":"https:\/\/equisana.ch\/#\/schema\/logo\/image\/","url":"https:\/\/equisana.ch\/wp-content\/uploads\/2023\/03\/cropped-equisana-logo.png","contentUrl":"https:\/\/equisana.ch\/wp-content\/uploads\/2023\/03\/cropped-equisana-logo.png","width":342,"height":124,"caption":"EQUISANA GmbH einfach nat\u00fcrlich"},"image":{"@id":"https:\/\/equisana.ch\/#\/schema\/logo\/image\/"},"sameAs":["https:\/\/www.facebook.com\/Equisana\/"]}]}},"_links":{"self":[{"href":"https:\/\/equisana.ch\/fr\/wp-json\/wp\/v2\/product\/26907","targetHints":{"allow":["GET"]}}],"collection":[{"href":"https:\/\/equisana.ch\/fr\/wp-json\/wp\/v2\/product"}],"about":[{"href":"https:\/\/equisana.ch\/fr\/wp-json\/wp\/v2\/types\/product"}],"replies":[{"embeddable":true,"href":"https:\/\/equisana.ch\/fr\/wp-json\/wp\/v2\/comments?post=26907"}],"wp:featuredmedia":[{"embeddable":true,"href":"https:\/\/equisana.ch\/fr\/wp-json\/wp\/v2\/media\/26775"}],"wp:attachment":[{"href":"https:\/\/equisana.ch\/fr\/wp-json\/wp\/v2\/media?parent=26907"}],"wp:term":[{"taxonomy":"product_brand","embeddable":true,"href":"https:\/\/equisana.ch\/fr\/wp-json\/wp\/v2\/product_brand?post=26907"},{"taxonomy":"product_cat","embeddable":true,"href":"https:\/\/equisana.ch\/fr\/wp-json\/wp\/v2\/product_cat?post=26907"},{"taxonomy":"product_tag","embeddable":true,"href":"https:\/\/equisana.ch\/fr\/wp-json\/wp\/v2\/product_tag?post=26907"}],"curies":[{"name":"wp","href":"https:\/\/api.w.org\/{rel}","templated":true}]}}