{"id":26908,"date":"2026-04-21T08:47:46","date_gmt":"2026-04-21T08:47:46","guid":{"rendered":"https:\/\/equisana.ch\/produkt\/motus-equilibrium\/"},"modified":"2026-05-13T07:23:50","modified_gmt":"2026-05-13T07:23:50","slug":"motus-equilibrium","status":"publish","type":"product","link":"https:\/\/equisana.ch\/fr\/produit\/motus-equilibrium\/","title":{"rendered":"Motus Equilibrium"},"content":{"rendered":"<p><strong>Motus Equilibrium: Gel aux plantes pour prendre soin des muscles, tendons et articulations. S&rsquo;utilise aussi lors de vos massages.<\/strong><\/p>\n<p>&nbsp;<\/p>\n<p><strong>Votre solution pour le confort et la r\u00e9cup\u00e9ration musculaire et articulaire chez le cheval<\/strong><\/p>\n<p>Le gel arnica rafra\u00eechissant pour tendons, articulations et muscles est sp\u00e9cialement con\u00e7u pour r\u00e9pondre aux besoins sp\u00e9cifiques des chevaux en mati\u00e8re de soins musculaires et articulaires. Enrichi en extraits de plantes comme l&rsquo;arnica, ce gel offre un soutien optimal aux chevaux, que ce soit apr\u00e8s l&rsquo;exercice ou en cas de g\u00eane musculaire ou articulaire.<\/p>\n<p>&nbsp;<\/p>\n<p><strong>Contexte Physiologique chez le cheval :<\/strong><\/p>\n<ul>\n<li><strong> Tendons du cheval :<\/strong><\/li>\n<\/ul>\n<p>Les tendons sont des structures fibreuses qui relient les muscles aux os. Ils sont cruciaux pour la transmission de la force musculaire n\u00e9cessaire au mouvement. Les tendons sont soumis \u00e0 des tensions et des charges importantes, surtout chez les chevaux de sport. Ils peuvent s&rsquo;irriter ou s&rsquo;enflammer en r\u00e9ponse \u00e0 un surmenage ou une blessure et \u00eatre alors \u00e0 l\u2019origine de tendinite, ce qui peut entra\u00eener douleur et raideur.<\/p>\n<ul>\n<li><strong> Articulations du cheval :<\/strong><\/li>\n<\/ul>\n<p>Les articulations sont les points de connexion entre les os, permettant le mouvement et l&rsquo;absorption des chocs. Chez le cheval, elles sont particuli\u00e8rement sollicit\u00e9es, surtout lors d&rsquo;activit\u00e9s de haute performance. Une inflammation articulaire, souvent due \u00e0 un usage excessif ou \u00e0 des blessures, peut limiter la mobilit\u00e9 et causer de l&rsquo;inconfort.\u00a0 L&rsquo;arthrose est une forme de maladie articulaire d\u00e9g\u00e9n\u00e9rative, caract\u00e9ris\u00e9e par la d\u00e9t\u00e9rioration du cartilage. Chez les chevaux, cela peut mener \u00e0 une raideur articulaire et \u00e0 une douleur chronique, limitant leur performance et leur qualit\u00e9 de vie.<\/p>\n<p><strong>Caract\u00e9ristiques et b\u00e9n\u00e9fices du gel tendons, muscles et articulations :\u00a0<\/strong><\/p>\n<ul>\n<li>Formulation unique : Combinant les bienfaits des extraits de plantes (arnica, lavande, eucalyptus citronn\u00e9e, romarin, menthe poivr\u00e9e, cypr\u00e8s), ce gel offre une approche naturelle pour le bien-\u00eatre des tendons, muscles et articulations du cheval.<\/li>\n<li>Propri\u00e9t\u00e9s Rafra\u00eechissantes et Toniques : Il procure une sensation rafra\u00eechissante et contribue \u00e0 favoriser la circulation, crucial pour la sant\u00e9 et la r\u00e9cup\u00e9ration des tendons et des articulations.<\/li>\n<li>Effet D\u00e9contractant : Le gel aide \u00e0 d\u00e9tendre les muscles et les tendons, favorisant ainsi une meilleure r\u00e9cup\u00e9ration apr\u00e8s l&rsquo;effort et une diminution de l&rsquo;inflammation.<\/li>\n<li>Facilit\u00e9 d&rsquo;Application et de Nettoyage : Contrairement aux huiles, ce gel \u00e9vite le c\u00f4t\u00e9 gras et peut \u00eatre facilement bross\u00e9 une fois sec, simplifiant son utilisation et son entretien.<\/li>\n<li>Utilisation en Massage : Id\u00e9al pour \u00eatre utilis\u00e9 lors de massages, contribuant ainsi \u00e0 une meilleure r\u00e9cup\u00e9ration et \u00e0 un confort accru pour le cheval.<\/li>\n<\/ul>\n<p>&nbsp;<\/p>\n<p>Ce gel rafra\u00eechissant est une solution id\u00e9ale pour les propri\u00e9taires et soigneurs de chevaux cherchant un produit efficace et facile \u00e0 utiliser pour le soin des tendons, muscles et articulations. Sous sa forme de gel, ce produit offre une utilisation bien plus simple et pratique compar\u00e9e \u00e0 l&rsquo;application traditionnelle des cataplasmes d&rsquo;argile. De plus, l&rsquo;incorporation d&rsquo;ingr\u00e9dients tels que diverses plantes (arnica, lavande, eucalyptus citronn\u00e9e, romarin, menthe poivr\u00e9e, cypr\u00e8s) enrichit le gel de propri\u00e9t\u00e9s b\u00e9n\u00e9fiques suppl\u00e9mentaires, allant au-del\u00e0 des avantages offerts par l&rsquo;argile seule.<\/p>\n<p>&nbsp;<\/p>\n<p><strong>Composition du gel<\/strong><\/p>\n<p>Fabriqu\u00e9 \u00e0 base de : eau,\u00a0alcool,\u00a0huile de tournesol,\u00a0glyc\u00e9rine, plantes (arnica,\u00a0lavande,\u00a0eucalyptus citronn\u00e9,\u00a0romarin,\u00a0menthe poivr\u00e9e,\u00a0cypr\u00e8s)<\/p>\n<p>&nbsp;<\/p>\n<p><strong>Ingredients:<\/strong>\u00a0AQUA, ALCOHOL DENAT., HELIANTHUS ANNUUS SEED OIL, GLYCERIN, XANTHAN GUM, ARNICA MONTANA FLOWER EXTRACT, LAVANDULA LATIFOLIA HERB OIL, ROSMARINUS OFFICINALIS LEAF OIL, MENTHA PIPERITA OIL, CUPRESSUS SEMPERVIRENS OIL, EUCALYPTUS CITRIODORA OIL, PINENE, MENTHOL, LINALYL ACETATE, LINALOOL, LIMONENE, CAMPHOR, BETA-CARYOPHYLLENE, CITRONELLOL, TERPINEOL, TERPINOLENE, ALPHA-TERPINENE, GERANIOL<\/p>\n<p>&nbsp;<\/p>\n<h3>Conseils d&rsquo;utilisation du gel rafra\u00eechissant pour tendons, articulations et muscles du cheval<\/h3>\n<h3>Application du Gel Rafra\u00eechissant<\/h3>\n<ul>\n<li>\n<h4>Application et Massage :<\/h4>\n<\/li>\n<\/ul>\n<p>Appliquez le gel directement sur la zone souhait\u00e9e, en allant \u00e0 rebrousse-poil pour assurer une couverture compl\u00e8te. Massez doucement la zone pour favoriser la p\u00e9n\u00e9tration du gel. Cette m\u00e9thode aide \u00e0 cibler efficacement les tendons, les muscles et les articulations.<\/p>\n<ul>\n<li>\n<h4>Apr\u00e8s S\u00e9chage :<\/h4>\n<\/li>\n<\/ul>\n<p>Une fois que le gel a s\u00e9ch\u00e9, brossez l\u00e9g\u00e8rement la zone pour enlever tout r\u00e9sidu et maintenir le pelage propre.<\/p>\n<p>&nbsp;<\/p>\n<h3>Conseils suppl\u00e9mentaires pour les soins de votre cheval<\/h3>\n<p>&nbsp;<\/p>\n<ul>\n<li>\n<h4>Massage Doux :<\/h4>\n<\/li>\n<\/ul>\n<p>Lors de l&rsquo;application du gel, un massage doux est recommand\u00e9 pour assurer une r\u00e9partition uniforme du produit sur la peau du cheval. Ce geste offre non seulement un moment de d\u00e9tente \u00e0 votre cheval, mais optimise \u00e9galement l&rsquo;efficacit\u00e9 du gel. Pour des b\u00e9n\u00e9fices accrus, renseignez-vous sur les techniques de massage \u00e9quin qui peuvent aider \u00e0 d\u00e9contracter les muscles, stimuler la circulation sanguine, acc\u00e9l\u00e9rer la r\u00e9cup\u00e9ration et soulager des tensions sp\u00e9cifiques comme les tensions ovarienne chez les juments.<\/p>\n<p>&nbsp;<\/p>\n<ul>\n<li>\n<h4>\u00a0Fr\u00e9quence d&rsquo;Application :<\/h4>\n<\/li>\n<\/ul>\n<p>&nbsp;<\/p>\n<p>Adaptez la fr\u00e9quence d&rsquo;utilisation du gel en fonction des besoins individuels de votre cheval. Une application quotidienne peut \u00eatre suffisante pour un entretien r\u00e9gulier, mais vous pouvez envisager des applications plus fr\u00e9quentes apr\u00e8s des s\u00e9ances d&rsquo;entra\u00eenement intensives ou en cas de tensions musculaires ou articulaires sp\u00e9cifiques. Le gel est con\u00e7u pour \u00eatre flexible et s&rsquo;adapter \u00e0 diff\u00e9rents r\u00e9gimes de soins.<\/p>\n<p>&nbsp;<\/p>\n<p><strong>Pr\u00e9cautions d&rsquo;utilisation<\/strong><\/p>\n<p>Produit d&rsquo;hygi\u00e8ne et de soins \u00e0 usage externe pour chevaux. Ne pas laisser \u00e0 la port\u00e9e des enfants. Contient du linlyl acetate et du limon\u00e8ne. Eviter le rejet dans l&rsquo;environnement. Toxique pour les organismes aquatiques, entra\u00eene des effets n\u00e9fastes \u00e0 long terme. Peut provoquer une allergie. Provoque une s\u00e9v\u00e8re irritation des yeux. Liquide et vapeurs inflammables. Eviter le rejet dans l\u2019environnement. Ne pas utiliser 72h00 avant les comp\u00e9titions.<\/p>\n","protected":false},"excerpt":{"rendered":"<p>Gel arnica rafraichissant pour tendons, articulations et muscles du cheval<\/p>\n<p>Gel contenu dans un flacon de\u00a0200mL<\/p>\n","protected":false},"featured_media":26801,"comment_status":"open","ping_status":"closed","template":"","meta":[],"product_brand":[],"product_cat":[126],"product_tag":[],"class_list":{"0":"post-26908","1":"product","2":"type-product","3":"status-publish","4":"has-post-thumbnail","6":"product_cat-produits-de-soin","7":"aux-has-gallery","9":"first","10":"instock","11":"taxable","12":"shipping-taxable","13":"purchasable","14":"product-type-simple"},"yoast_head":"<!-- This site is optimized with the Yoast SEO plugin v27.6 - https:\/\/yoast.com\/product\/yoast-seo-wordpress\/ -->\n<title>Motus Equilibrium - Equisana Sarl tout simplement naturel<\/title>\n<meta name=\"description\" content=\"Motus Equilibrium est un gel rafra\u00eechissant sp\u00e9cialement con\u00e7u pour le soin des tendons, des muscles et des articulations des chevaux.\" \/>\n<meta name=\"robots\" content=\"index, follow, max-snippet:-1, max-image-preview:large, max-video-preview:-1\" \/>\n<link rel=\"canonical\" href=\"https:\/\/equisana.ch\/produkt\/motus-equilibrium\/\" \/>\n<meta property=\"og:locale\" content=\"fr_FR\" \/>\n<meta property=\"og:type\" content=\"article\" \/>\n<meta property=\"og:title\" content=\"Motus Equilibrium - Equisana Sarl tout simplement naturel\" \/>\n<meta property=\"og:description\" content=\"Motus Equilibrium est un gel rafra\u00eechissant sp\u00e9cialement con\u00e7u pour le soin des tendons, des muscles et des articulations des chevaux.\" \/>\n<meta property=\"og:url\" content=\"https:\/\/equisana.ch\/produkt\/motus-equilibrium\/\" \/>\n<meta property=\"og:site_name\" content=\"Equisana Sarl tout simplement naturel\" \/>\n<meta property=\"article:publisher\" content=\"https:\/\/www.facebook.com\/Equisana\/\" \/>\n<meta property=\"article:modified_time\" content=\"2026-05-13T07:23:50+00:00\" \/>\n<meta property=\"og:image\" content=\"https:\/\/equisana.ch\/wp-content\/uploads\/2026\/04\/Motus-Equilibrium.png\" \/>\n\t<meta property=\"og:image:width\" content=\"1080\" \/>\n\t<meta property=\"og:image:height\" content=\"1080\" \/>\n\t<meta property=\"og:image:type\" content=\"image\/png\" \/>\n<meta name=\"twitter:card\" content=\"summary_large_image\" \/>\n<meta name=\"twitter:label1\" content=\"Dur\u00e9e de lecture estim\u00e9e\" \/>\n\t<meta name=\"twitter:data1\" content=\"5 minutes\" \/>\n<script type=\"application\/ld+json\" class=\"yoast-schema-graph\">{\"@context\":\"https:\\\/\\\/schema.org\",\"@graph\":[{\"@type\":\"WebPage\",\"@id\":\"https:\\\/\\\/equisana.ch\\\/produkt\\\/motus-equilibrium\\\/\",\"url\":\"https:\\\/\\\/equisana.ch\\\/produkt\\\/motus-equilibrium\\\/\",\"name\":\"Motus Equilibrium - Equisana Sarl tout simplement naturel\",\"isPartOf\":{\"@id\":\"https:\\\/\\\/equisana.ch\\\/#website\"},\"primaryImageOfPage\":{\"@id\":\"https:\\\/\\\/equisana.ch\\\/produkt\\\/motus-equilibrium\\\/#primaryimage\"},\"image\":{\"@id\":\"https:\\\/\\\/equisana.ch\\\/produkt\\\/motus-equilibrium\\\/#primaryimage\"},\"thumbnailUrl\":\"https:\\\/\\\/equisana.ch\\\/wp-content\\\/uploads\\\/2026\\\/04\\\/Motus-Equilibrium.png\",\"datePublished\":\"2026-04-21T08:47:46+00:00\",\"dateModified\":\"2026-05-13T07:23:50+00:00\",\"description\":\"Motus Equilibrium est un gel rafra\u00eechissant sp\u00e9cialement con\u00e7u pour le soin des tendons, des muscles et des articulations des chevaux.\",\"breadcrumb\":{\"@id\":\"https:\\\/\\\/equisana.ch\\\/produkt\\\/motus-equilibrium\\\/#breadcrumb\"},\"inLanguage\":\"fr-FR\",\"potentialAction\":[{\"@type\":\"ReadAction\",\"target\":[\"https:\\\/\\\/equisana.ch\\\/produkt\\\/motus-equilibrium\\\/\"]}]},{\"@type\":\"ImageObject\",\"inLanguage\":\"fr-FR\",\"@id\":\"https:\\\/\\\/equisana.ch\\\/produkt\\\/motus-equilibrium\\\/#primaryimage\",\"url\":\"https:\\\/\\\/equisana.ch\\\/wp-content\\\/uploads\\\/2026\\\/04\\\/Motus-Equilibrium.png\",\"contentUrl\":\"https:\\\/\\\/equisana.ch\\\/wp-content\\\/uploads\\\/2026\\\/04\\\/Motus-Equilibrium.png\",\"width\":1080,\"height\":1080,\"caption\":\"Motus Equilibrium\"},{\"@type\":\"BreadcrumbList\",\"@id\":\"https:\\\/\\\/equisana.ch\\\/produkt\\\/motus-equilibrium\\\/#breadcrumb\",\"itemListElement\":[{\"@type\":\"ListItem\",\"position\":1,\"name\":\"Startseite\",\"item\":\"https:\\\/\\\/equisana.ch\\\/\"},{\"@type\":\"ListItem\",\"position\":2,\"name\":\"Tous les produits hippiques EQUISANA\",\"item\":\"https:\\\/\\\/equisana.ch\\\/fr\\\/produits\\\/\"},{\"@type\":\"ListItem\",\"position\":3,\"name\":\"Motus Equilibrium\"}]},{\"@type\":\"WebSite\",\"@id\":\"https:\\\/\\\/equisana.ch\\\/#website\",\"url\":\"https:\\\/\\\/equisana.ch\\\/\",\"name\":\"EQUISANA GmbH einfach nat\u00fcrlich\",\"description\":\"Tout simplement naturel\",\"publisher\":{\"@id\":\"https:\\\/\\\/equisana.ch\\\/#organization\"},\"potentialAction\":[{\"@type\":\"SearchAction\",\"target\":{\"@type\":\"EntryPoint\",\"urlTemplate\":\"https:\\\/\\\/equisana.ch\\\/?s={search_term_string}\"},\"query-input\":{\"@type\":\"PropertyValueSpecification\",\"valueRequired\":true,\"valueName\":\"search_term_string\"}}],\"inLanguage\":\"fr-FR\"},{\"@type\":\"Organization\",\"@id\":\"https:\\\/\\\/equisana.ch\\\/#organization\",\"name\":\"EQUISANA GmbH einfach nat\u00fcrlich\",\"url\":\"https:\\\/\\\/equisana.ch\\\/\",\"logo\":{\"@type\":\"ImageObject\",\"inLanguage\":\"fr-FR\",\"@id\":\"https:\\\/\\\/equisana.ch\\\/#\\\/schema\\\/logo\\\/image\\\/\",\"url\":\"https:\\\/\\\/equisana.ch\\\/wp-content\\\/uploads\\\/2023\\\/03\\\/cropped-equisana-logo.png\",\"contentUrl\":\"https:\\\/\\\/equisana.ch\\\/wp-content\\\/uploads\\\/2023\\\/03\\\/cropped-equisana-logo.png\",\"width\":342,\"height\":124,\"caption\":\"EQUISANA GmbH einfach nat\u00fcrlich\"},\"image\":{\"@id\":\"https:\\\/\\\/equisana.ch\\\/#\\\/schema\\\/logo\\\/image\\\/\"},\"sameAs\":[\"https:\\\/\\\/www.facebook.com\\\/Equisana\\\/\"]}]}<\/script>\n<!-- \/ Yoast SEO plugin. -->","yoast_head_json":{"title":"Motus Equilibrium - Equisana Sarl tout simplement naturel","description":"Motus Equilibrium est un gel rafra\u00eechissant sp\u00e9cialement con\u00e7u pour le soin des tendons, des muscles et des articulations des chevaux.","robots":{"index":"index","follow":"follow","max-snippet":"max-snippet:-1","max-image-preview":"max-image-preview:large","max-video-preview":"max-video-preview:-1"},"canonical":"https:\/\/equisana.ch\/produkt\/motus-equilibrium\/","og_locale":"fr_FR","og_type":"article","og_title":"Motus Equilibrium - Equisana Sarl tout simplement naturel","og_description":"Motus Equilibrium est un gel rafra\u00eechissant sp\u00e9cialement con\u00e7u pour le soin des tendons, des muscles et des articulations des chevaux.","og_url":"https:\/\/equisana.ch\/produkt\/motus-equilibrium\/","og_site_name":"Equisana Sarl tout simplement naturel","article_publisher":"https:\/\/www.facebook.com\/Equisana\/","article_modified_time":"2026-05-13T07:23:50+00:00","og_image":[{"width":1080,"height":1080,"url":"https:\/\/equisana.ch\/wp-content\/uploads\/2026\/04\/Motus-Equilibrium.png","type":"image\/png"}],"twitter_card":"summary_large_image","twitter_misc":{"Dur\u00e9e de lecture estim\u00e9e":"5 minutes"},"schema":{"@context":"https:\/\/schema.org","@graph":[{"@type":"WebPage","@id":"https:\/\/equisana.ch\/produkt\/motus-equilibrium\/","url":"https:\/\/equisana.ch\/produkt\/motus-equilibrium\/","name":"Motus Equilibrium - Equisana Sarl tout simplement naturel","isPartOf":{"@id":"https:\/\/equisana.ch\/#website"},"primaryImageOfPage":{"@id":"https:\/\/equisana.ch\/produkt\/motus-equilibrium\/#primaryimage"},"image":{"@id":"https:\/\/equisana.ch\/produkt\/motus-equilibrium\/#primaryimage"},"thumbnailUrl":"https:\/\/equisana.ch\/wp-content\/uploads\/2026\/04\/Motus-Equilibrium.png","datePublished":"2026-04-21T08:47:46+00:00","dateModified":"2026-05-13T07:23:50+00:00","description":"Motus Equilibrium est un gel rafra\u00eechissant sp\u00e9cialement con\u00e7u pour le soin des tendons, des muscles et des articulations des chevaux.","breadcrumb":{"@id":"https:\/\/equisana.ch\/produkt\/motus-equilibrium\/#breadcrumb"},"inLanguage":"fr-FR","potentialAction":[{"@type":"ReadAction","target":["https:\/\/equisana.ch\/produkt\/motus-equilibrium\/"]}]},{"@type":"ImageObject","inLanguage":"fr-FR","@id":"https:\/\/equisana.ch\/produkt\/motus-equilibrium\/#primaryimage","url":"https:\/\/equisana.ch\/wp-content\/uploads\/2026\/04\/Motus-Equilibrium.png","contentUrl":"https:\/\/equisana.ch\/wp-content\/uploads\/2026\/04\/Motus-Equilibrium.png","width":1080,"height":1080,"caption":"Motus Equilibrium"},{"@type":"BreadcrumbList","@id":"https:\/\/equisana.ch\/produkt\/motus-equilibrium\/#breadcrumb","itemListElement":[{"@type":"ListItem","position":1,"name":"Startseite","item":"https:\/\/equisana.ch\/"},{"@type":"ListItem","position":2,"name":"Tous les produits hippiques EQUISANA","item":"https:\/\/equisana.ch\/fr\/produits\/"},{"@type":"ListItem","position":3,"name":"Motus Equilibrium"}]},{"@type":"WebSite","@id":"https:\/\/equisana.ch\/#website","url":"https:\/\/equisana.ch\/","name":"EQUISANA GmbH einfach nat\u00fcrlich","description":"Tout simplement naturel","publisher":{"@id":"https:\/\/equisana.ch\/#organization"},"potentialAction":[{"@type":"SearchAction","target":{"@type":"EntryPoint","urlTemplate":"https:\/\/equisana.ch\/?s={search_term_string}"},"query-input":{"@type":"PropertyValueSpecification","valueRequired":true,"valueName":"search_term_string"}}],"inLanguage":"fr-FR"},{"@type":"Organization","@id":"https:\/\/equisana.ch\/#organization","name":"EQUISANA GmbH einfach nat\u00fcrlich","url":"https:\/\/equisana.ch\/","logo":{"@type":"ImageObject","inLanguage":"fr-FR","@id":"https:\/\/equisana.ch\/#\/schema\/logo\/image\/","url":"https:\/\/equisana.ch\/wp-content\/uploads\/2023\/03\/cropped-equisana-logo.png","contentUrl":"https:\/\/equisana.ch\/wp-content\/uploads\/2023\/03\/cropped-equisana-logo.png","width":342,"height":124,"caption":"EQUISANA GmbH einfach nat\u00fcrlich"},"image":{"@id":"https:\/\/equisana.ch\/#\/schema\/logo\/image\/"},"sameAs":["https:\/\/www.facebook.com\/Equisana\/"]}]}},"_links":{"self":[{"href":"https:\/\/equisana.ch\/fr\/wp-json\/wp\/v2\/product\/26908","targetHints":{"allow":["GET"]}}],"collection":[{"href":"https:\/\/equisana.ch\/fr\/wp-json\/wp\/v2\/product"}],"about":[{"href":"https:\/\/equisana.ch\/fr\/wp-json\/wp\/v2\/types\/product"}],"replies":[{"embeddable":true,"href":"https:\/\/equisana.ch\/fr\/wp-json\/wp\/v2\/comments?post=26908"}],"wp:featuredmedia":[{"embeddable":true,"href":"https:\/\/equisana.ch\/fr\/wp-json\/wp\/v2\/media\/26801"}],"wp:attachment":[{"href":"https:\/\/equisana.ch\/fr\/wp-json\/wp\/v2\/media?parent=26908"}],"wp:term":[{"taxonomy":"product_brand","embeddable":true,"href":"https:\/\/equisana.ch\/fr\/wp-json\/wp\/v2\/product_brand?post=26908"},{"taxonomy":"product_cat","embeddable":true,"href":"https:\/\/equisana.ch\/fr\/wp-json\/wp\/v2\/product_cat?post=26908"},{"taxonomy":"product_tag","embeddable":true,"href":"https:\/\/equisana.ch\/fr\/wp-json\/wp\/v2\/product_tag?post=26908"}],"curies":[{"name":"wp","href":"https:\/\/api.w.org\/{rel}","templated":true}]}}