{"id":26909,"date":"2026-04-21T07:27:48","date_gmt":"2026-04-21T07:27:48","guid":{"rendered":"https:\/\/equisana.ch\/produkt\/umbrella-equilibrium\/"},"modified":"2026-05-12T17:25:22","modified_gmt":"2026-05-12T17:25:22","slug":"umbrella-equilibrium","status":"publish","type":"product","link":"https:\/\/equisana.ch\/fr\/produit\/umbrella-equilibrium\/","title":{"rendered":"Umbrella Equilibrium"},"content":{"rendered":"<p><strong>Umbrella Equilibrium: Cr\u00e8me solaire et soin apr\u00e8s-soleil pour cheval\u00a0<\/strong><\/p>\n<p><b>Votre essentiel pour prot\u00e9ger votre cheval des coups de soleil, des br\u00fblures, de la photosensibilisation<\/b><\/p>\n<p>&nbsp;<\/p>\n<p>Prot\u00e9gez la peau d\u00e9licate de votre cheval avec notre cr\u00e8me solaire et apr\u00e8s-solaire, Umbrella Equilibrium, con\u00e7ue sp\u00e9cialement pour r\u00e9pondre aux d\u00e9fis sp\u00e9cifiques de la peau \u00e9quine face au soleil.<\/p>\n<p>&nbsp;<\/p>\n<p>Les coups de soleil surviennent lorsque la peau non prot\u00e9g\u00e9e est expos\u00e9e aux rayons UV du soleil, entra\u00eenant des rougeurs, des douleurs et, dans les cas graves, des cloques. Similaire aux humains, les chevaux, surtout ceux avec des peaux claires ou non pigment\u00e9es, sont vuln\u00e9rables aux coups de soleil, particuli\u00e8rement sur les zones peu ou non couvertes de poils.<\/p>\n<p>&nbsp;<\/p>\n<p>La photosensibilisation est une condition plus complexe o\u00f9 la peau r\u00e9agit de mani\u00e8re exag\u00e9r\u00e9e \u00e0 la lumi\u00e8re solaire due \u00e0 la pr\u00e9sence de certaines substances chimiques dans le corps, souvent ing\u00e9r\u00e9es par des plantes contenant des photodynamiques. Ces substances absorbent la lumi\u00e8re UV et produisent une r\u00e9action qui peut causer des l\u00e9sions cutan\u00e9es s\u00e9v\u00e8res, principalement sur les parties blanches ou claires du corps du cheval.<\/p>\n<p>&nbsp;<\/p>\n<p>Umbrella Equilibrium offre une barri\u00e8re protectrice contre les UVA et UVB gr\u00e2ce \u00e0 ses \u00e9crans, filtres min\u00e9raux (sans nanoparticules), le dioxyde de titane et l&rsquo;oxyde de zinc, r\u00e9duisant significativement le risque de coups de soleil et de photosensibilisation. Enrichie avec des huiles d&rsquo;olive, de coco, et des extraits de fleurs de soucis, notre cr\u00e8me hydrate et nourrit la peau, laissant une sensation de douceur et d&rsquo;\u00e9lasticit\u00e9.<\/p>\n<p>&nbsp;<\/p>\n<p>Umbrella Equilibrium offre une double action : elle prot\u00e8ge la peau de votre cheval avant et pendant l&rsquo;exposition au soleil, tout en apportant un soin apaisant apr\u00e8s l&rsquo;exposition.<\/p>\n<p>&nbsp;<\/p>\n<p>Les huiles essentielles de lavande et de carotte, connues pour leurs vertus apaisantes et r\u00e9g\u00e9n\u00e9ratives, aident \u00e0 calmer la peau irrit\u00e9e par le soleil tout en stimulant la r\u00e9cup\u00e9ration des tissus endommag\u00e9s. Cette action est cruciale pour maintenir la peau en bon \u00e9tat, souple et r\u00e9siliente aux agressions ext\u00e9rieures.<\/p>\n<p>Gr\u00e2ce \u00e0 son emballage pratique, Umbrella Equilibrium permet une application facile et pr\u00e9cise, garantissant une couverture compl\u00e8te des zones sensibles telles que le museau, les oreilles, et autour des yeux. Sa formule non grasse\u00a0 permet une protection imm\u00e9diate sans inconfort pour votre cheval.<\/p>\n<p>Umbrella Equilibrium a \u00e9t\u00e9 sp\u00e9cifiquement formul\u00e9e pour r\u00e9sister aux conditions ext\u00e9rieures vari\u00e9es. Que ce soit la ros\u00e9e du matin, une petite pluie, ou m\u00eame lorsque votre cheval boit de l&rsquo;eau, notre cr\u00e8me solaire reste en place, fournissant une protection continue. Cette r\u00e9sistance \u00e0 l&rsquo;eau et \u00e0 l&rsquo;humidit\u00e9 signifie que vous n&rsquo;avez pas besoin de r\u00e9appliquer fr\u00e9quemment le produit. En r\u00e8gle g\u00e9n\u00e9rale, une \u00e0 deux applications par semaine sont suffisantes pour prot\u00e9ger efficacement votre cheval contre les rayons UV nocifs et les sympt\u00f4mes de photosensibilisation.<\/p>\n<p>&nbsp;<\/p>\n<p>Cr\u00e8me contenue dans un flacon Airless de 150mL.<\/p>\n<p>&nbsp;<\/p>\n<p><strong>Composition du produit<\/strong><\/p>\n<p>Fabriqu\u00e9 \u00e0 base de<strong>: <\/strong>eau,\u00a0zinc,\u00a0huile d&rsquo;olive,\u00a0huile de coco,\u00a0huile de germes de bl\u00e9,\u00a0cire \u00e9mulsifiante,\u00a0dioxyde de titane,\u00a0extrait de fleurs de soucis,\u00a0glyc\u00e9rine,\u00a0vitamine B5,\u00a0huile essentielle de lavande,\u00a0huile essentielle de carotte<\/p>\n<p>&nbsp;<\/p>\n<p><strong>Ingredients:<\/strong> AQUA, ZINC OXIDE, OLEA EUROPAEA FRUIT OIL, COCOS NUCIFERA OIL, TRITICUM VULGARE GERM OIL, CETEARYL ALCOHOL, TITANIUM DIOXIDE, CALENDULA OFFICINALIS FLOWER EXTRACT, GLYCERIN, POLYSORBATE 60, PANTHENOL, BENZYL ALCOHOL, LAVANDULA LATIFOLIA HERB OIL, XANTHAN GUM, DAUCUS CAROTA SATIVA SEED OIL, DEHYDROACETIC ACID, LINALOOL, LIMONENE, CITRONELLOL, GERANIOL<\/p>\n<p>&nbsp;<\/p>\n<p><strong>Conseil d&rsquo;utilisation et de soins de la peau de votre cheval\u00a0<\/strong><\/p>\n<p>&nbsp;<\/p>\n<p><strong>Soins avec le Umbrella Equilibrium<\/strong><\/p>\n<p>Lors de la premi\u00e8re utilisation, pompez plusieurs fois sur le distributeur jusqu&rsquo;\u00e0 ce que le produit sorte du flacon.<\/p>\n<p>Appliquer finement sur les zones \u00e0 risques (peaux roses) avant l\u2019exposition au soleil. Une application ou deux est suffisante par semaine.<\/p>\n<p>&nbsp;<\/p>\n<p><strong>Conseils suppl\u00e9mentaires pour le soin cutan\u00e9 de votre cheval :<\/strong><\/p>\n<p>&nbsp;<\/p>\n<ul>\n<li><strong>Attention aux produits utilis\u00e9s sur votre cheval:<\/strong><\/li>\n<\/ul>\n<p>&nbsp;<\/p>\n<p>Pour maintenir la peau de votre cheval en bonne sant\u00e9 et \u00e9viter les complications, il est crucial de choisir des produits de soin adapt\u00e9s et s\u00fbrs. L&rsquo;utilisation de m\u00e9langes faits maison, notamment avec des huiles essentielles et des plantes, peut sembler une bonne id\u00e9e, mais attention : certaines huiles et plantes sont photosensibilisantes et peuvent causer des r\u00e9actions cutan\u00e9es graves sous l&rsquo;exposition au soleil. Avant d&rsquo;utiliser de tels m\u00e9langes, il est essentiel de consulter des professionnels pour s&rsquo;assurer de leur s\u00e9curit\u00e9, surtout durant les mois d&rsquo;\u00e9t\u00e9.<\/p>\n<p>&nbsp;<\/p>\n<ul>\n<li><strong>Un abri pour votre cheval:<\/strong><\/li>\n<\/ul>\n<p>Il est \u00e9galement important de fournir un abri \u00e0 votre cheval, permettant de se prot\u00e9ger du soleil intense. L&rsquo;ombre naturelle ou un abri construit offre une protection contre les rayons UV, aidant \u00e0 pr\u00e9venir les br\u00fblures solaires<\/p>\n<p>&nbsp;<\/p>\n<ul>\n<li><strong>Un acc\u00e8s \u00e0 volont\u00e9 \u00e0 l&rsquo;eau pour votre cheval:<\/strong><\/li>\n<\/ul>\n<p>L&rsquo;hydratation joue \u00e9galement un r\u00f4le crucial dans la sant\u00e9 cutan\u00e9e du cheval. Assurez-vous que votre cheval ait toujours acc\u00e8s \u00e0 de l&rsquo;eau fra\u00eeche. Une bonne hydratation aide la peau \u00e0 rester r\u00e9siliente et plus capable de se d\u00e9fendre contre les agressions ext\u00e9rieures, y compris les effets n\u00e9fastes du soleil. La sant\u00e9 globale de la peau est grandement am\u00e9lior\u00e9e par une hydratation ad\u00e9quate, facilitant ainsi une meilleure r\u00e9ponse aux traitements topiques et aux protections comme celle offerte par Umbrella Equilibrium.<\/p>\n<p>&nbsp;<\/p>\n<p><strong>Pr\u00e9cautions d&rsquo;utilisation<\/strong><\/p>\n<p>Produit d&rsquo;hygi\u00e8ne et de soin \u00e0 usage externe pour chevaux. Ne pas laisser \u00e0 la port\u00e9e des enfants. Contient du linalool, linalyl acetate. Peut produire une r\u00e9action allergique. Ne pas jeter dans la nature. Toxique pour les organismes aquatiques, entra\u00eene des effets n\u00e9fastes \u00e0 long terme.<\/p>\n<p>&nbsp;<\/p>\n","protected":false},"excerpt":{"rendered":"<p>Cr\u00e8me solaire et soin apr\u00e8s-soleil pour cheval<\/p>\n","protected":false},"featured_media":26780,"comment_status":"open","ping_status":"closed","template":"","meta":[],"product_brand":[],"product_cat":[126],"product_tag":[],"class_list":{"0":"post-26909","1":"product","2":"type-product","3":"status-publish","4":"has-post-thumbnail","6":"product_cat-produits-de-soin","7":"aux-has-gallery","9":"first","10":"instock","11":"taxable","12":"shipping-taxable","13":"purchasable","14":"product-type-simple"},"yoast_head":"<!-- This site is optimized with the Yoast SEO plugin v27.6 - https:\/\/yoast.com\/product\/yoast-seo-wordpress\/ -->\n<title>Umbrella Equilibrium - Equisana Sarl tout simplement naturel<\/title>\n<meta name=\"description\" content=\"Umbrella Equilibrium a \u00e9t\u00e9 sp\u00e9cialement d\u00e9velopp\u00e9 pour prot\u00e9ger la peau de votre cheval des effets nocifs des rayons UV.uswirkungen von UV-Strahlen zu sch\u00fctzen.\" \/>\n<meta name=\"robots\" content=\"index, follow, max-snippet:-1, max-image-preview:large, max-video-preview:-1\" \/>\n<link rel=\"canonical\" href=\"https:\/\/equisana.ch\/produkt\/umbrella-equilibrium\/\" \/>\n<meta property=\"og:locale\" content=\"fr_FR\" \/>\n<meta property=\"og:type\" content=\"article\" \/>\n<meta property=\"og:title\" content=\"Umbrella Equilibrium - Equisana Sarl tout simplement naturel\" \/>\n<meta property=\"og:description\" content=\"Umbrella Equilibrium a \u00e9t\u00e9 sp\u00e9cialement d\u00e9velopp\u00e9 pour prot\u00e9ger la peau de votre cheval des effets nocifs des rayons UV.uswirkungen von UV-Strahlen zu sch\u00fctzen.\" \/>\n<meta property=\"og:url\" content=\"https:\/\/equisana.ch\/produkt\/umbrella-equilibrium\/\" \/>\n<meta property=\"og:site_name\" content=\"Equisana Sarl tout simplement naturel\" \/>\n<meta property=\"article:publisher\" content=\"https:\/\/www.facebook.com\/Equisana\/\" \/>\n<meta property=\"article:modified_time\" content=\"2026-05-12T17:25:22+00:00\" \/>\n<meta property=\"og:image\" content=\"https:\/\/equisana.ch\/wp-content\/uploads\/2026\/04\/Umbrella.png\" \/>\n\t<meta property=\"og:image:width\" content=\"1080\" \/>\n\t<meta property=\"og:image:height\" content=\"1080\" \/>\n\t<meta property=\"og:image:type\" content=\"image\/png\" \/>\n<meta name=\"twitter:card\" content=\"summary_large_image\" \/>\n<meta name=\"twitter:label1\" content=\"Dur\u00e9e de lecture estim\u00e9e\" \/>\n\t<meta name=\"twitter:data1\" content=\"5 minutes\" \/>\n<script type=\"application\/ld+json\" class=\"yoast-schema-graph\">{\"@context\":\"https:\\\/\\\/schema.org\",\"@graph\":[{\"@type\":\"WebPage\",\"@id\":\"https:\\\/\\\/equisana.ch\\\/produkt\\\/umbrella-equilibrium\\\/\",\"url\":\"https:\\\/\\\/equisana.ch\\\/produkt\\\/umbrella-equilibrium\\\/\",\"name\":\"Umbrella Equilibrium - Equisana Sarl tout simplement naturel\",\"isPartOf\":{\"@id\":\"https:\\\/\\\/equisana.ch\\\/#website\"},\"primaryImageOfPage\":{\"@id\":\"https:\\\/\\\/equisana.ch\\\/produkt\\\/umbrella-equilibrium\\\/#primaryimage\"},\"image\":{\"@id\":\"https:\\\/\\\/equisana.ch\\\/produkt\\\/umbrella-equilibrium\\\/#primaryimage\"},\"thumbnailUrl\":\"https:\\\/\\\/equisana.ch\\\/wp-content\\\/uploads\\\/2026\\\/04\\\/Umbrella.png\",\"datePublished\":\"2026-04-21T07:27:48+00:00\",\"dateModified\":\"2026-05-12T17:25:22+00:00\",\"description\":\"Umbrella Equilibrium a \u00e9t\u00e9 sp\u00e9cialement d\u00e9velopp\u00e9 pour prot\u00e9ger la peau de votre cheval des effets nocifs des rayons UV.uswirkungen von UV-Strahlen zu sch\u00fctzen.\",\"breadcrumb\":{\"@id\":\"https:\\\/\\\/equisana.ch\\\/produkt\\\/umbrella-equilibrium\\\/#breadcrumb\"},\"inLanguage\":\"fr-FR\",\"potentialAction\":[{\"@type\":\"ReadAction\",\"target\":[\"https:\\\/\\\/equisana.ch\\\/produkt\\\/umbrella-equilibrium\\\/\"]}]},{\"@type\":\"ImageObject\",\"inLanguage\":\"fr-FR\",\"@id\":\"https:\\\/\\\/equisana.ch\\\/produkt\\\/umbrella-equilibrium\\\/#primaryimage\",\"url\":\"https:\\\/\\\/equisana.ch\\\/wp-content\\\/uploads\\\/2026\\\/04\\\/Umbrella.png\",\"contentUrl\":\"https:\\\/\\\/equisana.ch\\\/wp-content\\\/uploads\\\/2026\\\/04\\\/Umbrella.png\",\"width\":1080,\"height\":1080,\"caption\":\"Umbrella Equilibrium\"},{\"@type\":\"BreadcrumbList\",\"@id\":\"https:\\\/\\\/equisana.ch\\\/produkt\\\/umbrella-equilibrium\\\/#breadcrumb\",\"itemListElement\":[{\"@type\":\"ListItem\",\"position\":1,\"name\":\"Startseite\",\"item\":\"https:\\\/\\\/equisana.ch\\\/\"},{\"@type\":\"ListItem\",\"position\":2,\"name\":\"Tous les produits hippiques EQUISANA\",\"item\":\"https:\\\/\\\/equisana.ch\\\/fr\\\/produits\\\/\"},{\"@type\":\"ListItem\",\"position\":3,\"name\":\"Umbrella Equilibrium\"}]},{\"@type\":\"WebSite\",\"@id\":\"https:\\\/\\\/equisana.ch\\\/#website\",\"url\":\"https:\\\/\\\/equisana.ch\\\/\",\"name\":\"EQUISANA GmbH einfach nat\u00fcrlich\",\"description\":\"Tout simplement naturel\",\"publisher\":{\"@id\":\"https:\\\/\\\/equisana.ch\\\/#organization\"},\"potentialAction\":[{\"@type\":\"SearchAction\",\"target\":{\"@type\":\"EntryPoint\",\"urlTemplate\":\"https:\\\/\\\/equisana.ch\\\/?s={search_term_string}\"},\"query-input\":{\"@type\":\"PropertyValueSpecification\",\"valueRequired\":true,\"valueName\":\"search_term_string\"}}],\"inLanguage\":\"fr-FR\"},{\"@type\":\"Organization\",\"@id\":\"https:\\\/\\\/equisana.ch\\\/#organization\",\"name\":\"EQUISANA GmbH einfach nat\u00fcrlich\",\"url\":\"https:\\\/\\\/equisana.ch\\\/\",\"logo\":{\"@type\":\"ImageObject\",\"inLanguage\":\"fr-FR\",\"@id\":\"https:\\\/\\\/equisana.ch\\\/#\\\/schema\\\/logo\\\/image\\\/\",\"url\":\"https:\\\/\\\/equisana.ch\\\/wp-content\\\/uploads\\\/2023\\\/03\\\/cropped-equisana-logo.png\",\"contentUrl\":\"https:\\\/\\\/equisana.ch\\\/wp-content\\\/uploads\\\/2023\\\/03\\\/cropped-equisana-logo.png\",\"width\":342,\"height\":124,\"caption\":\"EQUISANA GmbH einfach nat\u00fcrlich\"},\"image\":{\"@id\":\"https:\\\/\\\/equisana.ch\\\/#\\\/schema\\\/logo\\\/image\\\/\"},\"sameAs\":[\"https:\\\/\\\/www.facebook.com\\\/Equisana\\\/\"]}]}<\/script>\n<!-- \/ Yoast SEO plugin. -->","yoast_head_json":{"title":"Umbrella Equilibrium - Equisana Sarl tout simplement naturel","description":"Umbrella Equilibrium a \u00e9t\u00e9 sp\u00e9cialement d\u00e9velopp\u00e9 pour prot\u00e9ger la peau de votre cheval des effets nocifs des rayons UV.uswirkungen von UV-Strahlen zu sch\u00fctzen.","robots":{"index":"index","follow":"follow","max-snippet":"max-snippet:-1","max-image-preview":"max-image-preview:large","max-video-preview":"max-video-preview:-1"},"canonical":"https:\/\/equisana.ch\/produkt\/umbrella-equilibrium\/","og_locale":"fr_FR","og_type":"article","og_title":"Umbrella Equilibrium - Equisana Sarl tout simplement naturel","og_description":"Umbrella Equilibrium a \u00e9t\u00e9 sp\u00e9cialement d\u00e9velopp\u00e9 pour prot\u00e9ger la peau de votre cheval des effets nocifs des rayons UV.uswirkungen von UV-Strahlen zu sch\u00fctzen.","og_url":"https:\/\/equisana.ch\/produkt\/umbrella-equilibrium\/","og_site_name":"Equisana Sarl tout simplement naturel","article_publisher":"https:\/\/www.facebook.com\/Equisana\/","article_modified_time":"2026-05-12T17:25:22+00:00","og_image":[{"width":1080,"height":1080,"url":"https:\/\/equisana.ch\/wp-content\/uploads\/2026\/04\/Umbrella.png","type":"image\/png"}],"twitter_card":"summary_large_image","twitter_misc":{"Dur\u00e9e de lecture estim\u00e9e":"5 minutes"},"schema":{"@context":"https:\/\/schema.org","@graph":[{"@type":"WebPage","@id":"https:\/\/equisana.ch\/produkt\/umbrella-equilibrium\/","url":"https:\/\/equisana.ch\/produkt\/umbrella-equilibrium\/","name":"Umbrella Equilibrium - Equisana Sarl tout simplement naturel","isPartOf":{"@id":"https:\/\/equisana.ch\/#website"},"primaryImageOfPage":{"@id":"https:\/\/equisana.ch\/produkt\/umbrella-equilibrium\/#primaryimage"},"image":{"@id":"https:\/\/equisana.ch\/produkt\/umbrella-equilibrium\/#primaryimage"},"thumbnailUrl":"https:\/\/equisana.ch\/wp-content\/uploads\/2026\/04\/Umbrella.png","datePublished":"2026-04-21T07:27:48+00:00","dateModified":"2026-05-12T17:25:22+00:00","description":"Umbrella Equilibrium a \u00e9t\u00e9 sp\u00e9cialement d\u00e9velopp\u00e9 pour prot\u00e9ger la peau de votre cheval des effets nocifs des rayons UV.uswirkungen von UV-Strahlen zu sch\u00fctzen.","breadcrumb":{"@id":"https:\/\/equisana.ch\/produkt\/umbrella-equilibrium\/#breadcrumb"},"inLanguage":"fr-FR","potentialAction":[{"@type":"ReadAction","target":["https:\/\/equisana.ch\/produkt\/umbrella-equilibrium\/"]}]},{"@type":"ImageObject","inLanguage":"fr-FR","@id":"https:\/\/equisana.ch\/produkt\/umbrella-equilibrium\/#primaryimage","url":"https:\/\/equisana.ch\/wp-content\/uploads\/2026\/04\/Umbrella.png","contentUrl":"https:\/\/equisana.ch\/wp-content\/uploads\/2026\/04\/Umbrella.png","width":1080,"height":1080,"caption":"Umbrella Equilibrium"},{"@type":"BreadcrumbList","@id":"https:\/\/equisana.ch\/produkt\/umbrella-equilibrium\/#breadcrumb","itemListElement":[{"@type":"ListItem","position":1,"name":"Startseite","item":"https:\/\/equisana.ch\/"},{"@type":"ListItem","position":2,"name":"Tous les produits hippiques EQUISANA","item":"https:\/\/equisana.ch\/fr\/produits\/"},{"@type":"ListItem","position":3,"name":"Umbrella Equilibrium"}]},{"@type":"WebSite","@id":"https:\/\/equisana.ch\/#website","url":"https:\/\/equisana.ch\/","name":"EQUISANA GmbH einfach nat\u00fcrlich","description":"Tout simplement naturel","publisher":{"@id":"https:\/\/equisana.ch\/#organization"},"potentialAction":[{"@type":"SearchAction","target":{"@type":"EntryPoint","urlTemplate":"https:\/\/equisana.ch\/?s={search_term_string}"},"query-input":{"@type":"PropertyValueSpecification","valueRequired":true,"valueName":"search_term_string"}}],"inLanguage":"fr-FR"},{"@type":"Organization","@id":"https:\/\/equisana.ch\/#organization","name":"EQUISANA GmbH einfach nat\u00fcrlich","url":"https:\/\/equisana.ch\/","logo":{"@type":"ImageObject","inLanguage":"fr-FR","@id":"https:\/\/equisana.ch\/#\/schema\/logo\/image\/","url":"https:\/\/equisana.ch\/wp-content\/uploads\/2023\/03\/cropped-equisana-logo.png","contentUrl":"https:\/\/equisana.ch\/wp-content\/uploads\/2023\/03\/cropped-equisana-logo.png","width":342,"height":124,"caption":"EQUISANA GmbH einfach nat\u00fcrlich"},"image":{"@id":"https:\/\/equisana.ch\/#\/schema\/logo\/image\/"},"sameAs":["https:\/\/www.facebook.com\/Equisana\/"]}]}},"_links":{"self":[{"href":"https:\/\/equisana.ch\/fr\/wp-json\/wp\/v2\/product\/26909","targetHints":{"allow":["GET"]}}],"collection":[{"href":"https:\/\/equisana.ch\/fr\/wp-json\/wp\/v2\/product"}],"about":[{"href":"https:\/\/equisana.ch\/fr\/wp-json\/wp\/v2\/types\/product"}],"replies":[{"embeddable":true,"href":"https:\/\/equisana.ch\/fr\/wp-json\/wp\/v2\/comments?post=26909"}],"wp:featuredmedia":[{"embeddable":true,"href":"https:\/\/equisana.ch\/fr\/wp-json\/wp\/v2\/media\/26780"}],"wp:attachment":[{"href":"https:\/\/equisana.ch\/fr\/wp-json\/wp\/v2\/media?parent=26909"}],"wp:term":[{"taxonomy":"product_brand","embeddable":true,"href":"https:\/\/equisana.ch\/fr\/wp-json\/wp\/v2\/product_brand?post=26909"},{"taxonomy":"product_cat","embeddable":true,"href":"https:\/\/equisana.ch\/fr\/wp-json\/wp\/v2\/product_cat?post=26909"},{"taxonomy":"product_tag","embeddable":true,"href":"https:\/\/equisana.ch\/fr\/wp-json\/wp\/v2\/product_tag?post=26909"}],"curies":[{"name":"wp","href":"https:\/\/api.w.org\/{rel}","templated":true}]}}