{"id":26910,"date":"2026-04-10T20:27:14","date_gmt":"2026-04-10T20:27:14","guid":{"rendered":"https:\/\/equisana.ch\/produkt\/hydra-equilibrium\/"},"modified":"2026-04-10T20:27:14","modified_gmt":"2026-04-10T20:27:14","slug":"hydra-equilibrium","status":"publish","type":"product","link":"https:\/\/equisana.ch\/fr\/produit\/hydra-equilibrium\/","title":{"rendered":"Hydra Equilibrium"},"content":{"rendered":"<p><strong>Hydra Equilibrium: Soin hydratant et nutritif pour sabots de cheval<\/strong><\/p>\n<p>&nbsp;<\/p>\n<p><strong>L&rsquo;id\u00e9al pour les sabots secs et cassants<\/strong><\/p>\n<p>D\u00e9couvrez Hydra Equilibrium, un soin hydratant et nutritif essentiel pour les sabots de cheval, sp\u00e9cialement formul\u00e9 pour r\u00e9pondre aux d\u00e9fis de l&rsquo;\u00e9t\u00e9 et des environnements secs. \u00c0 la diff\u00e9rence des produits traditionnels \u00e0 base de graisses, cette cr\u00e8me offre un \u00e9quilibre parfait entre composants aqueux et huileux. Cette formulation unique permet de prot\u00e9ger efficacement les sabots contre la s\u00e9cheresse tout en r\u00e9tablissant leur \u00e9quilibre naturel.<\/p>\n<p>&nbsp;<\/p>\n<p>Sa composition intelligente garantit que le sabot ne subit pas de barri\u00e8re occlusive, permettant ainsi une respiration naturelle et continue. C&rsquo;est le soin id\u00e9al pour maintenir les sabots en bonne sant\u00e9, \u00e9vitant qu&rsquo;ils deviennent trop secs ou cassants dans des conditions difficiles comme les paddocks sablonneux, les terrains rocailleux, ou lors de p\u00e9riodes de forte chaleur.<\/p>\n<p>&nbsp;<\/p>\n<p>Voici les caract\u00e9ristiques principales de cet onguent:<\/p>\n<ul>\n<li>Nourrissant et renfor\u00e7ant : Cette cr\u00e8me nourrit en profondeur la corne du sabot, renfor\u00e7ant sa structure pour pr\u00e9venir les cassures<\/li>\n<li>Am\u00e9lioration de la Souplesse : En int\u00e9grant des ingr\u00e9dients hydratants et nourrissants, Hydra Equilibrium augmente la souplesse de la corne du sabot. Cette flexibilit\u00e9 accrue permet au sabot de s&rsquo;adapter mieux aux surfaces in\u00e9gales et de r\u00e9agir de mani\u00e8re plus naturelle aux variations de pression lors des d\u00e9placements. Une meilleure souplesse aide \u00e0 pr\u00e9server les fonctions naturelles d&rsquo;amortissement du sabot, essentielles pour le confort et la performance du cheval.<\/li>\n<li>Protectrice : Hydra Equilibrium cr\u00e9e une protection efficace qui maintient l&rsquo;\u00e9quilibre hydrique naturel sans bloquer la respiration du sabot. Cette barri\u00e8re hydratante pr\u00e9vient les d\u00e9g\u00e2ts environnementaux tout en permettant au sabot de \u00ab\u00a0respirer\u00a0\u00bb naturellement. En pr\u00e9servant l&rsquo;humidit\u00e9 naturelle du sabot, la cr\u00e8me emp\u00eache la s\u00e9cheresse excessive qui peut rendre le sabot rigide et moins apte \u00e0 absorber les chocs, contribuant ainsi \u00e0 un meilleur confort g\u00e9n\u00e9ral pour le cheval lors de ses activit\u00e9s<\/li>\n<\/ul>\n<p>&nbsp;<\/p>\n<p>Pour les sabots particuli\u00e8rement fragiles, il est conseill\u00e9 de combiner l&rsquo;utilisation de Hydra Equilibrium avec\u00a0Frog Equilibrium\u00ae\u00a0une fois par semaine. Tandis que Hydra Equilibrium se concentre sur l&rsquo;hydratation, la nutrition et la souplesse, Frog Equilibrium\u00ae compl\u00e8te le soin en apportant encore plus de solidit\u00e9 aux chaines de k\u00e9ratine du sabot du cheval.<\/p>\n<p>Cette cr\u00e8me est particuli\u00e8rement recommand\u00e9e pour:<\/p>\n<p>\u2022 Sabots nus\u00a0 : Id\u00e9ale pour les chevaux qui ne portent pas de fers, am\u00e9liorant la r\u00e9sistance naturelle du sabot contre les \u00e9l\u00e9ments.<\/p>\n<p>\u2022 Sabots ferr\u00e9s: Elle aide \u00e9galement \u00e0 maintenir l&rsquo;int\u00e9grit\u00e9 du sabot autour des clous de fer, r\u00e9duisant ainsi le risque de d\u00e9tachement du fer et maintien le sabot en bonne sant\u00e9<\/p>\n<p>\u2022 Chevaux sur terrains exigeants : Parfait pour les chevaux qui \u00e9voluent sur des surfaces dures ou abrasives comme le bitume, les cailloux, ou les terrains rocailleux, aidant \u00e0 r\u00e9duire la sensibilit\u00e9 et \u00e0 pr\u00e9venir les dommages.<\/p>\n<p>\u2022 Conditions climatiques extr\u00eames : Essentiel pour les chevaux vivant dans des environnements sujets \u00e0 la canicule ou \u00e0 des conditions tr\u00e8s s\u00e8ches, o\u00f9 les sabots sont particuli\u00e8rement vuln\u00e9rables \u00e0 la s\u00e9cheresse et aux fissures.<\/p>\n<p>\u2022 Chevaux pr\u00e9sentant des signes de fragilit\u00e9 : Recommand\u00e9 pour les sabots qui montrent des signes de fragilit\u00e9 ou de d\u00e9gradation, offrant une nutrition et une hydratation qui renforcent la corne du sabot.<\/p>\n<p>\u2022 Entretien r\u00e9gulier des sabots : Une utilisation r\u00e9guli\u00e8re peut pr\u00e9venir les probl\u00e8mes courants li\u00e9s \u00e0 la s\u00e9cheresse du sabot, comme les fissures et les cassures, assurant des sabots plus sains et robustes.<\/p>\n<p>&nbsp;<\/p>\n<p><strong>Composition<\/strong><\/p>\n<p><strong><br \/>\n<\/strong><strong>Fabriqu\u00e9 \u00e0 base de: <\/strong>eau,\u00a0huile d&rsquo;olive,\u00a0cire \u00e9mulsifiante,\u00a0huile de coco,\u00a0huile essentielle de tea tree,\u00a0huile essentielle de lavande,\u00a0huile essentielle d&rsquo;origan,\u00a0huile essentielle de laurier noble<\/p>\n<p>Ingr\u00e9dients: AQUA, OLEA EUROPAEA FRUIT OIL, CETEARYL ALCOHOL, COCOS NUCIFERA OIL, POLYSORBATE 60, BENZYL ALCOHOL, DEHYDROACETIC ACID, MELALEUCA ALTERNIFOLIA LEAF OIL, XANTHAN GUM, LAVANDULA LATIFOLIA HERB OIL, ORIGANUM VULGARE OIL, LINALOOL, LAURUS NOBILIS LEAF OIL, LIMONENE<\/p>\n<p>&nbsp;<\/p>\n<p><strong>Conseils d&rsquo;utilisations et de soins du sabot de votre cheval\u00a0<\/strong><\/p>\n<p>&nbsp;<\/p>\n<p><strong>Soins avec le Hydra Equilibrium<\/strong><\/p>\n<ol>\n<li style=\"font-weight: 400;\">Curer les sabots de votre cheval. Passer un coup de brosse sur le sabot avant application.<\/li>\n<li style=\"font-weight: 400;\">\u00c0 l\u2019aide d\u2019un pinceau, appliquer 2 fois par semaine ou plus si n\u00e9cessaire sur la totalit\u00e9 du sabot:\u00a0 fourchette, la sole et paroi du sabots<\/li>\n<li style=\"font-weight: 400;\">Vous pouvez appliquer le produit sur la couronne pour prendre particuli\u00e8rement soin de cette zone cruciale, favorisant ainsi la repousse d&rsquo;une corne saine et souple.<\/li>\n<li style=\"font-weight: 400;\">Laisser p\u00e9n\u00e9trer le produit quelques minutes avant de remettre le cheval au pr\u00e9\/box<\/li>\n<\/ol>\n<p>&nbsp;<\/p>\n<p><b><strong>Conseils suppl\u00e9mentaires pour le soin des sabots secs de votre cheval<\/strong><\/b><strong>:<\/strong><\/p>\n<ul>\n<li><b><strong>Soins des sabots en d\u00e9but de pansage :<\/strong><\/b>\u00a0Appliquer les produits de soin d\u00e8s le d\u00e9but permet une meilleure absorption par les sabots avant que le cheval ne soit remis au box, au pr\u00e9, ou sur le sable de la carri\u00e8re. Ces surfaces ont tendance \u00e0 absorber rapidement les produits appliqu\u00e9s, ce qui pourrait r\u00e9duire leur efficacit\u00e9 si le temps d&rsquo;action est insuffisant. Assurer un temps d&rsquo;absorption ad\u00e9quat est donc essentiel pour maximiser l&rsquo;efficacit\u00e9 du traitement.<\/li>\n<\/ul>\n<ul style=\"font-weight: 400;\">\n<li><b><strong>\u00c9vitez les produits occlusifs pour les sabots secs et cassants :\u00a0<\/strong><\/b>Il est d\u00e9conseill\u00e9 d&rsquo;utiliser des produits occlusifs, comme les graisses, sur les sabots, surtout si ces derniers ne sont pas en parfaite sant\u00e9. Ces produits cr\u00e9ent une couche imperm\u00e9able qui emp\u00eache les sabots de \u00ab\u00a0respirer\u00a0\u00bb correctement. De plus, cette barri\u00e8re peut pi\u00e9ger la s\u00e9cheresse \u00e0 l&rsquo;int\u00e9rieur du sabot, aggravant ainsi la d\u00e9shydratation du tissu corn\u00e9en. Cela peut rendre les sabots encore plus secs et susceptibles de se fissurer ou de se casser. Optez plut\u00f4t pour des soins qui permettent une hydratation naturelle et qui respectent la capacit\u00e9 du sabot \u00e0 r\u00e9guler son humidit\u00e9.<\/li>\n<\/ul>\n<ul style=\"font-weight: 400;\">\n<li><b><strong>L&rsquo;importance du parage r\u00e9gulier :\u00a0<\/strong><\/b>Le parage r\u00e9gulier est crucial non seulement pour la structure g\u00e9n\u00e9rale du pied du cheval, mais aussi pour combattre la s\u00e9cheresse et la tendance des sabots \u00e0 devenir cassants. Cette pratique essentielle aide \u00e0 maintenir une structure de pied appropri\u00e9e et \u00e0 pr\u00e9venir une multitude de probl\u00e8mes. Sans un parage adapt\u00e9, m\u00eame les produits de soin les plus performants ne peuvent pleinement contrer les effets de la s\u00e9cheresse ou \u00e9viter que le sabot ne devienne fragile et susceptible de se casser. Un sabot mal entretenu peut se d\u00e9former, devenir douloureux, et plus enclin \u00e0 d\u00e9velopper certaines pathologies. Le parage correct ajuste les d\u00e9s\u00e9quilibres et favorise une croissance saine, formant une base solide sur laquelle les produits de soin peuvent agir plus efficacement. Int\u00e9grer le parage dans la routine de soin est donc vital pour pr\u00e9server la sant\u00e9, le bien-\u00eatre et la mobilit\u00e9 de votre cheval, tout en r\u00e9duisant les risques de s\u00e9cheresse et de fragilit\u00e9 du sabot.<\/li>\n<\/ul>\n<p>&nbsp;<\/p>\n<p><strong>Pr\u00e9cautions d&rsquo;utilisation\u00a0<\/strong><\/p>\n<p>Produit d&rsquo;hygi\u00e8ne et de soin \u00e0 usage externe pour chevaux. Ne pas laisser \u00e0 la port\u00e9e des enfants. Eviter le rejet dans l&rsquo;environnement.<\/p>\n","protected":false},"excerpt":{"rendered":"<p>Onguent, alternative aux graisses pour sabots : cr\u00e8me hydratante, nourrissante et protectrice pour sabots.<\/p>\n","protected":false},"featured_media":26681,"comment_status":"open","ping_status":"closed","template":"","meta":[],"product_brand":[],"product_cat":[126],"product_tag":[],"class_list":{"0":"post-26910","1":"product","2":"type-product","3":"status-publish","4":"has-post-thumbnail","6":"product_cat-produits-de-soin","7":"aux-has-gallery","9":"first","10":"instock","11":"taxable","12":"shipping-taxable","13":"purchasable","14":"product-type-variable","15":"has-default-attributes"},"yoast_head":"<!-- This site is optimized with the Yoast SEO plugin v27.6 - https:\/\/yoast.com\/product\/yoast-seo-wordpress\/ -->\n<title>Hydra Equilibrium - Equisana Sarl tout simplement naturel<\/title>\n<meta name=\"description\" content=\"Hydra Equilibrium: Le soin hydratant et riche en nutriments pour les sabots de cheval, sp\u00e9cialement d\u00e9velopp\u00e9 pour les environnements secs\" \/>\n<meta name=\"robots\" content=\"index, follow, max-snippet:-1, max-image-preview:large, max-video-preview:-1\" \/>\n<link rel=\"canonical\" href=\"https:\/\/equisana.ch\/produkt\/hydra-equilibrium\/\" \/>\n<meta property=\"og:locale\" content=\"fr_FR\" \/>\n<meta property=\"og:type\" content=\"article\" \/>\n<meta property=\"og:title\" content=\"Hydra Equilibrium - Equisana Sarl tout simplement naturel\" \/>\n<meta property=\"og:description\" content=\"Hydra Equilibrium: Le soin hydratant et riche en nutriments pour les sabots de cheval, sp\u00e9cialement d\u00e9velopp\u00e9 pour les environnements secs\" \/>\n<meta property=\"og:url\" content=\"https:\/\/equisana.ch\/produkt\/hydra-equilibrium\/\" \/>\n<meta property=\"og:site_name\" content=\"Equisana Sarl tout simplement naturel\" \/>\n<meta property=\"article:publisher\" content=\"https:\/\/www.facebook.com\/Equisana\/\" \/>\n<meta property=\"og:image\" content=\"https:\/\/equisana.ch\/wp-content\/uploads\/2026\/04\/Hydra-Equilibrium-250mL.png\" \/>\n\t<meta property=\"og:image:width\" content=\"1080\" \/>\n\t<meta property=\"og:image:height\" content=\"1080\" \/>\n\t<meta property=\"og:image:type\" content=\"image\/png\" \/>\n<meta name=\"twitter:card\" content=\"summary_large_image\" \/>\n<meta name=\"twitter:label1\" content=\"Dur\u00e9e de lecture estim\u00e9e\" \/>\n\t<meta name=\"twitter:data1\" content=\"6 minutes\" \/>\n<script type=\"application\/ld+json\" class=\"yoast-schema-graph\">{\"@context\":\"https:\\\/\\\/schema.org\",\"@graph\":[{\"@type\":\"WebPage\",\"@id\":\"https:\\\/\\\/equisana.ch\\\/produkt\\\/hydra-equilibrium\\\/\",\"url\":\"https:\\\/\\\/equisana.ch\\\/produkt\\\/hydra-equilibrium\\\/\",\"name\":\"Hydra Equilibrium - Equisana Sarl tout simplement naturel\",\"isPartOf\":{\"@id\":\"https:\\\/\\\/equisana.ch\\\/#website\"},\"primaryImageOfPage\":{\"@id\":\"https:\\\/\\\/equisana.ch\\\/produkt\\\/hydra-equilibrium\\\/#primaryimage\"},\"image\":{\"@id\":\"https:\\\/\\\/equisana.ch\\\/produkt\\\/hydra-equilibrium\\\/#primaryimage\"},\"thumbnailUrl\":\"https:\\\/\\\/equisana.ch\\\/wp-content\\\/uploads\\\/2026\\\/04\\\/Hydra-Equilibrium-250mL.png\",\"datePublished\":\"2026-04-10T20:27:14+00:00\",\"description\":\"Hydra Equilibrium: Le soin hydratant et riche en nutriments pour les sabots de cheval, sp\u00e9cialement d\u00e9velopp\u00e9 pour les environnements secs\",\"breadcrumb\":{\"@id\":\"https:\\\/\\\/equisana.ch\\\/produkt\\\/hydra-equilibrium\\\/#breadcrumb\"},\"inLanguage\":\"fr-FR\",\"potentialAction\":[{\"@type\":\"ReadAction\",\"target\":[\"https:\\\/\\\/equisana.ch\\\/produkt\\\/hydra-equilibrium\\\/\"]}]},{\"@type\":\"ImageObject\",\"inLanguage\":\"fr-FR\",\"@id\":\"https:\\\/\\\/equisana.ch\\\/produkt\\\/hydra-equilibrium\\\/#primaryimage\",\"url\":\"https:\\\/\\\/equisana.ch\\\/wp-content\\\/uploads\\\/2026\\\/04\\\/Hydra-Equilibrium-250mL.png\",\"contentUrl\":\"https:\\\/\\\/equisana.ch\\\/wp-content\\\/uploads\\\/2026\\\/04\\\/Hydra-Equilibrium-250mL.png\",\"width\":1080,\"height\":1080},{\"@type\":\"BreadcrumbList\",\"@id\":\"https:\\\/\\\/equisana.ch\\\/produkt\\\/hydra-equilibrium\\\/#breadcrumb\",\"itemListElement\":[{\"@type\":\"ListItem\",\"position\":1,\"name\":\"Startseite\",\"item\":\"https:\\\/\\\/equisana.ch\\\/\"},{\"@type\":\"ListItem\",\"position\":2,\"name\":\"Tous les produits hippiques EQUISANA\",\"item\":\"https:\\\/\\\/equisana.ch\\\/fr\\\/produits\\\/\"},{\"@type\":\"ListItem\",\"position\":3,\"name\":\"Hydra Equilibrium\"}]},{\"@type\":\"WebSite\",\"@id\":\"https:\\\/\\\/equisana.ch\\\/#website\",\"url\":\"https:\\\/\\\/equisana.ch\\\/\",\"name\":\"EQUISANA GmbH einfach nat\u00fcrlich\",\"description\":\"Tout simplement naturel\",\"publisher\":{\"@id\":\"https:\\\/\\\/equisana.ch\\\/#organization\"},\"potentialAction\":[{\"@type\":\"SearchAction\",\"target\":{\"@type\":\"EntryPoint\",\"urlTemplate\":\"https:\\\/\\\/equisana.ch\\\/?s={search_term_string}\"},\"query-input\":{\"@type\":\"PropertyValueSpecification\",\"valueRequired\":true,\"valueName\":\"search_term_string\"}}],\"inLanguage\":\"fr-FR\"},{\"@type\":\"Organization\",\"@id\":\"https:\\\/\\\/equisana.ch\\\/#organization\",\"name\":\"EQUISANA GmbH einfach nat\u00fcrlich\",\"url\":\"https:\\\/\\\/equisana.ch\\\/\",\"logo\":{\"@type\":\"ImageObject\",\"inLanguage\":\"fr-FR\",\"@id\":\"https:\\\/\\\/equisana.ch\\\/#\\\/schema\\\/logo\\\/image\\\/\",\"url\":\"https:\\\/\\\/equisana.ch\\\/wp-content\\\/uploads\\\/2023\\\/03\\\/cropped-equisana-logo.png\",\"contentUrl\":\"https:\\\/\\\/equisana.ch\\\/wp-content\\\/uploads\\\/2023\\\/03\\\/cropped-equisana-logo.png\",\"width\":342,\"height\":124,\"caption\":\"EQUISANA GmbH einfach nat\u00fcrlich\"},\"image\":{\"@id\":\"https:\\\/\\\/equisana.ch\\\/#\\\/schema\\\/logo\\\/image\\\/\"},\"sameAs\":[\"https:\\\/\\\/www.facebook.com\\\/Equisana\\\/\"]}]}<\/script>\n<!-- \/ Yoast SEO plugin. -->","yoast_head_json":{"title":"Hydra Equilibrium - Equisana Sarl tout simplement naturel","description":"Hydra Equilibrium: Le soin hydratant et riche en nutriments pour les sabots de cheval, sp\u00e9cialement d\u00e9velopp\u00e9 pour les environnements secs","robots":{"index":"index","follow":"follow","max-snippet":"max-snippet:-1","max-image-preview":"max-image-preview:large","max-video-preview":"max-video-preview:-1"},"canonical":"https:\/\/equisana.ch\/produkt\/hydra-equilibrium\/","og_locale":"fr_FR","og_type":"article","og_title":"Hydra Equilibrium - Equisana Sarl tout simplement naturel","og_description":"Hydra Equilibrium: Le soin hydratant et riche en nutriments pour les sabots de cheval, sp\u00e9cialement d\u00e9velopp\u00e9 pour les environnements secs","og_url":"https:\/\/equisana.ch\/produkt\/hydra-equilibrium\/","og_site_name":"Equisana Sarl tout simplement naturel","article_publisher":"https:\/\/www.facebook.com\/Equisana\/","og_image":[{"width":1080,"height":1080,"url":"https:\/\/equisana.ch\/wp-content\/uploads\/2026\/04\/Hydra-Equilibrium-250mL.png","type":"image\/png"}],"twitter_card":"summary_large_image","twitter_misc":{"Dur\u00e9e de lecture estim\u00e9e":"6 minutes"},"schema":{"@context":"https:\/\/schema.org","@graph":[{"@type":"WebPage","@id":"https:\/\/equisana.ch\/produkt\/hydra-equilibrium\/","url":"https:\/\/equisana.ch\/produkt\/hydra-equilibrium\/","name":"Hydra Equilibrium - Equisana Sarl tout simplement naturel","isPartOf":{"@id":"https:\/\/equisana.ch\/#website"},"primaryImageOfPage":{"@id":"https:\/\/equisana.ch\/produkt\/hydra-equilibrium\/#primaryimage"},"image":{"@id":"https:\/\/equisana.ch\/produkt\/hydra-equilibrium\/#primaryimage"},"thumbnailUrl":"https:\/\/equisana.ch\/wp-content\/uploads\/2026\/04\/Hydra-Equilibrium-250mL.png","datePublished":"2026-04-10T20:27:14+00:00","description":"Hydra Equilibrium: Le soin hydratant et riche en nutriments pour les sabots de cheval, sp\u00e9cialement d\u00e9velopp\u00e9 pour les environnements secs","breadcrumb":{"@id":"https:\/\/equisana.ch\/produkt\/hydra-equilibrium\/#breadcrumb"},"inLanguage":"fr-FR","potentialAction":[{"@type":"ReadAction","target":["https:\/\/equisana.ch\/produkt\/hydra-equilibrium\/"]}]},{"@type":"ImageObject","inLanguage":"fr-FR","@id":"https:\/\/equisana.ch\/produkt\/hydra-equilibrium\/#primaryimage","url":"https:\/\/equisana.ch\/wp-content\/uploads\/2026\/04\/Hydra-Equilibrium-250mL.png","contentUrl":"https:\/\/equisana.ch\/wp-content\/uploads\/2026\/04\/Hydra-Equilibrium-250mL.png","width":1080,"height":1080},{"@type":"BreadcrumbList","@id":"https:\/\/equisana.ch\/produkt\/hydra-equilibrium\/#breadcrumb","itemListElement":[{"@type":"ListItem","position":1,"name":"Startseite","item":"https:\/\/equisana.ch\/"},{"@type":"ListItem","position":2,"name":"Tous les produits hippiques EQUISANA","item":"https:\/\/equisana.ch\/fr\/produits\/"},{"@type":"ListItem","position":3,"name":"Hydra Equilibrium"}]},{"@type":"WebSite","@id":"https:\/\/equisana.ch\/#website","url":"https:\/\/equisana.ch\/","name":"EQUISANA GmbH einfach nat\u00fcrlich","description":"Tout simplement naturel","publisher":{"@id":"https:\/\/equisana.ch\/#organization"},"potentialAction":[{"@type":"SearchAction","target":{"@type":"EntryPoint","urlTemplate":"https:\/\/equisana.ch\/?s={search_term_string}"},"query-input":{"@type":"PropertyValueSpecification","valueRequired":true,"valueName":"search_term_string"}}],"inLanguage":"fr-FR"},{"@type":"Organization","@id":"https:\/\/equisana.ch\/#organization","name":"EQUISANA GmbH einfach nat\u00fcrlich","url":"https:\/\/equisana.ch\/","logo":{"@type":"ImageObject","inLanguage":"fr-FR","@id":"https:\/\/equisana.ch\/#\/schema\/logo\/image\/","url":"https:\/\/equisana.ch\/wp-content\/uploads\/2023\/03\/cropped-equisana-logo.png","contentUrl":"https:\/\/equisana.ch\/wp-content\/uploads\/2023\/03\/cropped-equisana-logo.png","width":342,"height":124,"caption":"EQUISANA GmbH einfach nat\u00fcrlich"},"image":{"@id":"https:\/\/equisana.ch\/#\/schema\/logo\/image\/"},"sameAs":["https:\/\/www.facebook.com\/Equisana\/"]}]}},"_links":{"self":[{"href":"https:\/\/equisana.ch\/fr\/wp-json\/wp\/v2\/product\/26910","targetHints":{"allow":["GET"]}}],"collection":[{"href":"https:\/\/equisana.ch\/fr\/wp-json\/wp\/v2\/product"}],"about":[{"href":"https:\/\/equisana.ch\/fr\/wp-json\/wp\/v2\/types\/product"}],"replies":[{"embeddable":true,"href":"https:\/\/equisana.ch\/fr\/wp-json\/wp\/v2\/comments?post=26910"}],"wp:featuredmedia":[{"embeddable":true,"href":"https:\/\/equisana.ch\/fr\/wp-json\/wp\/v2\/media\/26681"}],"wp:attachment":[{"href":"https:\/\/equisana.ch\/fr\/wp-json\/wp\/v2\/media?parent=26910"}],"wp:term":[{"taxonomy":"product_brand","embeddable":true,"href":"https:\/\/equisana.ch\/fr\/wp-json\/wp\/v2\/product_brand?post=26910"},{"taxonomy":"product_cat","embeddable":true,"href":"https:\/\/equisana.ch\/fr\/wp-json\/wp\/v2\/product_cat?post=26910"},{"taxonomy":"product_tag","embeddable":true,"href":"https:\/\/equisana.ch\/fr\/wp-json\/wp\/v2\/product_tag?post=26910"}],"curies":[{"name":"wp","href":"https:\/\/api.w.org\/{rel}","templated":true}]}}