{"id":26914,"date":"2026-04-10T19:57:23","date_gmt":"2026-04-10T19:57:23","guid":{"rendered":"https:\/\/equisana.ch\/produkt\/frog-equilibrium\/"},"modified":"2026-04-10T19:57:23","modified_gmt":"2026-04-10T19:57:23","slug":"frog-equilibrium","status":"publish","type":"product","link":"https:\/\/equisana.ch\/fr\/produit\/frog-equilibrium\/","title":{"rendered":"Frog Equilibrium"},"content":{"rendered":"<p><strong>Frog Equilibrium<\/strong><\/p>\n<p><strong>\u00a0<\/strong><\/p>\n<p><strong>SOIN, ONGUENT RENFOR\u00c7ANT DU SABOT POUR CHEVAL<\/strong><\/p>\n<p>&nbsp;<\/p>\n<h4>Votre partenaire essentiel pour une routine de soins optimale des sabots : pr\u00e9vention des bleimes, pourritures, fragilit\u00e9s et abc\u00e8s<\/h4>\n<p>La cr\u00e8me Frog Equilibrium a \u00e9t\u00e9 m\u00e9ticuleusement \u00e9labor\u00e9e pour r\u00e9pondre aux besoins des sabots les plus sensibles, souvent mis \u00e0 l&rsquo;\u00e9preuve par l&rsquo;humidit\u00e9, confront\u00e9s \u00e0 des terrains in\u00e9gaux et d&rsquo;autres facteurs environnementaux. Cette cr\u00e8me est la cl\u00e9 pour transformer les sabots fragiles en une barri\u00e8re robuste et r\u00e9siliente capable de r\u00e9sister \u00e0 tous les d\u00e9fis.<\/p>\n<p>&nbsp;<\/p>\n<p>Effectivement, les sabots des chevaux peuvent \u00eatre soumis \u00e0 rudes \u00e9preuves face \u00e0 une vari\u00e9t\u00e9 de facteurs environnementaux et physiologiques. L&rsquo;une des principales menaces est l&rsquo;humidit\u00e9 excessive, qui favorise la prolif\u00e9ration de bact\u00e9ries et de micro-organismes responsables d&rsquo;affections telles que la pourriture de la fourchette, les bleimes ou encore les abc\u00e8s. De plus, les terrains in\u00e9gaux, caillouteux ou trop durs peuvent causer des fissures, des \u00e9clats ou des sabots cassants si la corne n\u2019est pas suffisamment forte pour r\u00e9sister. Les changements climatiques brusques, la boue et une mauvaise hygi\u00e8ne contribuent \u00e9galement \u00e0 la d\u00e9gradation de la sant\u00e9 du sabot. Ces conditions d\u00e9favorables peuvent entra\u00eener une s\u00e9rie de sympt\u00f4mes pr\u00e9occupants tels que des douleurs, des boiteries, des inflammations et une sensibilit\u00e9 accrue chez le cheval.<\/p>\n<p>&nbsp;<\/p>\n<p>La cr\u00e8me Frog Equilibrium est \u00e9labor\u00e9e pour offrir un soin revitalisant aux sabots, aidant ainsi votre cheval \u00e0 se d\u00e9fendre contre les agressions environnementales cit\u00e9es ci-dessus. Elle s&rsquo;efforce de restaurer les propri\u00e9t\u00e9s physiologiques vitales du sabot, en r\u00e9gulant l&rsquo;hydratation, en \u00e9quilibrant la structure du sabot et en renfor\u00e7ant la corne. Ces actions coordonn\u00e9es contribuent \u00e0 la formation d&rsquo;une barri\u00e8re de sabot solide et durable.<\/p>\n<p>&nbsp;<\/p>\n<p>Frog Equilibrium est con\u00e7u comme une \u00e9mulsion riche, ce qui lui conf\u00e8re l&rsquo;avantage de prendre soin du sabot sans \u00eatre occlusif, un d\u00e9tail essentiel pour la sant\u00e9 du sabot. En effet, les produits occlusifs comme les huiles et les graisses pour sabots, peuvent retenir l&rsquo;humidit\u00e9 excessive, les bact\u00e9ries et donc aggraver les affections du sabot. Cette formulation en \u00e9mulsion assure une nutrition efficace tout en pr\u00e9servant et prot\u00e9geant la structure naturelle du sabot.<\/p>\n<p>&nbsp;<\/p>\n<p>En outre, gr\u00e2ce \u00e0 cette \u00e9mulsion, la cr\u00e8me peut int\u00e9grer \u00e0 la fois des actifs hydrophiles et lipophiles, procurant ainsi un soin complet et \u00e9quilibr\u00e9 pour le sabot. Cette combinaison permet de r\u00e9pondre aux divers d\u00e9fis auxquels le sabot du cheval peut \u00eatre confront\u00e9, assurant ainsi sa sant\u00e9 et sa robustesse.<\/p>\n<p>&nbsp;<\/p>\n<p>Voici les caract\u00e9ristiques principales de cet onguent:<\/p>\n<p>&nbsp;<\/p>\n<p>\u2022 Revitalisant et nourrissant : nourris la corne, garantissant un sabot sain et bien hydrat\u00e9.<\/p>\n<p>\u2022 Purifiant et assainissant : rend le milieu peu propice \u00e0 la prolif\u00e9ration d\u2019\u00e9l\u00e9ments n\u00e9fastes<\/p>\n<p>\u2022 Fortifiant : renforce et \u00e9paissis la sole, offrant une protection accrue contre les terrains rudes comme le bitume ou les cailloux et limitant ainsi la sensibilit\u00e9 du cheval. Renforce les liaisons fortes de la k\u00e9ratine dans la corne du sabot afin d\u2019\u00e9viter les fissures, seimes et les sabots cassants<\/p>\n<p>\u2022 Protecteur : cr\u00e9e une barri\u00e8re protectrice contre les agressions ext\u00e9rieures.<\/p>\n<p>&nbsp;<\/p>\n<p>Cette cr\u00e8me est particuli\u00e8rement recommand\u00e9e pour :<\/p>\n<p>&nbsp;<\/p>\n<p>\u2022 Les sabots nus<\/p>\n<p>\u2022 Les chevaux qui perdent facilement leurs fers<\/p>\n<p>\u2022 Les sabots qui montrent des signes de fragilit\u00e9 ou de d\u00e9gradation<\/p>\n<p>\u2022 Les chevaux ayant des probl\u00e8mes tels que des fourmili\u00e8res, seimes, abc\u00e8s \u00e0 r\u00e9p\u00e9titions\u2026<\/p>\n<p>&nbsp;<\/p>\n<p><strong>Composition:<\/strong><\/p>\n<p>Fabriqu\u00e9 \u00e0 base de: \u00a0huile d&rsquo;olive,\u00a0eau,\u00a0cire \u00e9mulsifiante,\u00a0sulfate de cuivre,\u00a0huile essentielle d&rsquo;origan,\u00a0huile essentielle de tea tree\u00a0et\u00a0huile essentielle de laurier noble<\/p>\n<p><strong>Ingredients:<\/strong>\u00a0OLEA EUROPAEA FRUIT OIL, AQUA, CETEARYL ALCOHOL, COPPER SULFATE, POLYSORBATE 60, BENZYL ALCOHOL, XANTHAN GUM, ORIGANUM VULGARE OIL, MELALEUCA ALTERNIFOLIA LEAF OIL, DEHYDROACETIC ACID, LAURUS NOBILIS LEAF OIL, LIMONENE, LINALOOL<\/p>\n<p>&nbsp;<\/p>\n<h4>Conseils d&rsquo;utilisations et de soins du sabot de votre cheval<\/h4>\n<p>&nbsp;<\/p>\n<p><strong>Soins avec le Frog Equilibrium<\/strong><\/p>\n<ol>\n<li style=\"list-style-type: none;\">\n<ol>\n<li style=\"font-weight: 400;\">Curer les sabots de votre cheval. Passer un coup de brosse sur le sabot avant application.<\/li>\n<li style=\"font-weight: 400;\">\u00c0 l\u2019aide d\u2019un pinceau, appliquer 2 fois par semaine ou plus si n\u00e9cessaire sur la fourchette, la sole et la partie inf\u00e9rieure du sabot.<\/li>\n<li style=\"font-weight: 400;\">Il n\u2019est pas recommand\u00e9 d\u2019appliquer le produit sur la couronne du sabot, mais de s\u2019arr\u00eater \u00e0 environ 1 cm de la couronne. Cela permettra de conserver l\u2019\u00e9lasticit\u00e9 de cette zone qui permet d\u2019amortir les chocs.<\/li>\n<li style=\"font-weight: 400;\">Laisser p\u00e9n\u00e9trer le produit quelques minutes avant de remettre le cheval au pr\u00e9\/box<\/li>\n<\/ol>\n<\/li>\n<\/ol>\n<p>&nbsp;<\/p>\n<h4><b><strong>Conseils suppl\u00e9mentaires pour le soin des sabots de votre cheval\u00a0<\/strong><\/b><strong>:<\/strong><\/h4>\n<p>&nbsp;<\/p>\n<ul>\n<li><b><strong>Soins des sabots en d\u00e9but de pansage :<\/strong><\/b>\u00a0il est recommand\u00e9 d&rsquo;effectuer les soins des sabots au d\u00e9but du pansage. Cela permet aux produits de soin de bien agir et de s&rsquo;impr\u00e9gner dans le sabot avant que votre cheval ne retourne au box, au pr\u00e9 ou sur le sable de la carri\u00e8re. En r\u00e9alit\u00e9, ces surfaces absorbent les produits plus rapidement que ne le font les sabots. Si le produit n&rsquo;a pas suffisamment de temps pour agir, son efficacit\u00e9 peut \u00eatre compromise.<\/li>\n<\/ul>\n<p>&nbsp;<\/p>\n<ul>\n<li><b><strong>\u00c9vitez les produits occlusifs et le goudron sur des sabots :\u00a0<\/strong><\/b>si le sabot de votre cheval n&rsquo;est pas totalement en bonne sant\u00e9, l&rsquo;utilisation de produits occlusifs et de goudron est \u00e0 \u00e9viter. En effet, ces produits peuvent former un film imperm\u00e9able \u00e0 la surface du sabot. Sous ce film, un environnement priv\u00e9 d&rsquo;oxyg\u00e8ne se cr\u00e9e, favorisant ainsi la prolif\u00e9ration de bact\u00e9ries ana\u00e9robies. Ces bact\u00e9ries, en se d\u00e9veloppant, peuvent aggraver les probl\u00e8mes existants du sabot et conduire \u00e0 des infections plus s\u00e9v\u00e8res. Il est donc primordial de s&rsquo;assurer que le sabot est en parfaite sant\u00e9 avant d&rsquo;envisager l&rsquo;application de tels produits (ce qui est rare), ou mieux encore, de privil\u00e9gier des alternatives qui respectent l&rsquo;\u00e9quilibre naturel du sabot.<\/li>\n<\/ul>\n<p>&nbsp;<\/p>\n<ul>\n<li><b><strong>L&rsquo;importance du parage r\u00e9gulier :\u00a0<\/strong><\/b>Au-del\u00e0 de l&rsquo;entretien courant et des produits de soin, le parage joue un r\u00f4le fondamental dans la sant\u00e9 du sabot du cheval. Il s&rsquo;agit d&rsquo;une \u00e9tape incontournable pour maintenir une bonne structure du pied et pr\u00e9venir de nombreux probl\u00e8mes. En l&rsquo;absence de parage adapt\u00e9 et r\u00e9gulier, aucun produit de soin, aussi efficace soit-il, ne pourra lutter efficacement contre les d\u00e9s\u00e9quilibres ou affections du sabot. Un pied mal par\u00e9 peut entra\u00eener des d\u00e9formations, des douleurs, et favoriser l&rsquo;apparition de pathologies. Le parage permet de corriger les d\u00e9s\u00e9quilibres, d&rsquo;assurer une croissance saine du sabot et d&rsquo;offrir une base solide pour l&rsquo;action des produits de soins. Il est donc essentiel d&rsquo;int\u00e9grer cette pratique dans la routine de soin de votre cheval pour garantir son bien-\u00eatre et sa mobilit\u00e9.<\/li>\n<\/ul>\n<p><strong>\u00a0<\/strong><\/p>\n<p><strong>Pr\u00e9cautions d&#8217;emploi<\/strong><\/p>\n<p>Produit d&rsquo;hygi\u00e8ne et de soin \u00e0 usage externe pour chevaux. Ne pas laisser \u00e0 la port\u00e9e des enfants. Eviter le rejet dans l&rsquo;environnement. Toxique pour les organismes aquatiques, entra\u00eene des effets n\u00e9fastes \u00e0 long terme.<\/p>\n","protected":false},"excerpt":{"rendered":"<p>Cr\u00e8me de soins pour sabots : renforce, assainit, nourrit les sabots, soles et fourchettes. Id\u00e9al pour les sabots cassants, sensibles, seimes, les abc\u00e8s et abim\u00e9s par les micro-organismes.<\/p>\n","protected":false},"featured_media":26670,"comment_status":"closed","ping_status":"closed","template":"","meta":[],"product_brand":[],"product_cat":[126],"product_tag":[],"class_list":{"0":"post-26914","1":"product","2":"type-product","3":"status-publish","4":"has-post-thumbnail","6":"product_cat-produits-de-soin","7":"aux-has-gallery","9":"first","10":"instock","11":"taxable","12":"shipping-taxable","13":"purchasable","14":"product-type-variable","15":"has-default-attributes"},"yoast_head":"<!-- This site is optimized with the Yoast SEO plugin v27.6 - https:\/\/yoast.com\/product\/yoast-seo-wordpress\/ -->\n<title>Frog Equilibrium - Equisana Sarl tout simplement naturel<\/title>\n<meta name=\"description\" content=\"Frog Equilibrium est une cr\u00e8me de soin naturel pour les sabots, destin\u00e9e \u00e0 renforcer, nettoyer et entretenir les sabots ab\u00eem\u00e9s ou sensibles\" \/>\n<meta name=\"robots\" content=\"index, follow, max-snippet:-1, max-image-preview:large, max-video-preview:-1\" \/>\n<link rel=\"canonical\" href=\"https:\/\/equisana.ch\/produkt\/frog-equilibrium\/\" \/>\n<meta property=\"og:locale\" content=\"fr_FR\" \/>\n<meta property=\"og:type\" content=\"article\" \/>\n<meta property=\"og:title\" content=\"Frog Equilibrium - Equisana Sarl tout simplement naturel\" \/>\n<meta property=\"og:description\" content=\"Frog Equilibrium est une cr\u00e8me de soin naturel pour les sabots, destin\u00e9e \u00e0 renforcer, nettoyer et entretenir les sabots ab\u00eem\u00e9s ou sensibles\" \/>\n<meta property=\"og:url\" content=\"https:\/\/equisana.ch\/produkt\/frog-equilibrium\/\" \/>\n<meta property=\"og:site_name\" content=\"Equisana Sarl tout simplement naturel\" \/>\n<meta property=\"article:publisher\" content=\"https:\/\/www.facebook.com\/Equisana\/\" \/>\n<meta property=\"og:image\" content=\"https:\/\/equisana.ch\/wp-content\/uploads\/2026\/04\/Frog-Equilibrium-250mL.png\" \/>\n\t<meta property=\"og:image:width\" content=\"1080\" \/>\n\t<meta property=\"og:image:height\" content=\"1080\" \/>\n\t<meta property=\"og:image:type\" content=\"image\/png\" \/>\n<meta name=\"twitter:card\" content=\"summary_large_image\" \/>\n<meta name=\"twitter:label1\" content=\"Dur\u00e9e de lecture estim\u00e9e\" \/>\n\t<meta name=\"twitter:data1\" content=\"6 minutes\" \/>\n<script type=\"application\/ld+json\" class=\"yoast-schema-graph\">{\"@context\":\"https:\\\/\\\/schema.org\",\"@graph\":[{\"@type\":\"WebPage\",\"@id\":\"https:\\\/\\\/equisana.ch\\\/produkt\\\/frog-equilibrium\\\/\",\"url\":\"https:\\\/\\\/equisana.ch\\\/produkt\\\/frog-equilibrium\\\/\",\"name\":\"Frog Equilibrium - Equisana Sarl tout simplement naturel\",\"isPartOf\":{\"@id\":\"https:\\\/\\\/equisana.ch\\\/#website\"},\"primaryImageOfPage\":{\"@id\":\"https:\\\/\\\/equisana.ch\\\/produkt\\\/frog-equilibrium\\\/#primaryimage\"},\"image\":{\"@id\":\"https:\\\/\\\/equisana.ch\\\/produkt\\\/frog-equilibrium\\\/#primaryimage\"},\"thumbnailUrl\":\"https:\\\/\\\/equisana.ch\\\/wp-content\\\/uploads\\\/2026\\\/04\\\/Frog-Equilibrium-250mL.png\",\"datePublished\":\"2026-04-10T19:57:23+00:00\",\"description\":\"Frog Equilibrium est une cr\u00e8me de soin naturel pour les sabots, destin\u00e9e \u00e0 renforcer, nettoyer et entretenir les sabots ab\u00eem\u00e9s ou sensibles\",\"breadcrumb\":{\"@id\":\"https:\\\/\\\/equisana.ch\\\/produkt\\\/frog-equilibrium\\\/#breadcrumb\"},\"inLanguage\":\"fr-FR\",\"potentialAction\":[{\"@type\":\"ReadAction\",\"target\":[\"https:\\\/\\\/equisana.ch\\\/produkt\\\/frog-equilibrium\\\/\"]}]},{\"@type\":\"ImageObject\",\"inLanguage\":\"fr-FR\",\"@id\":\"https:\\\/\\\/equisana.ch\\\/produkt\\\/frog-equilibrium\\\/#primaryimage\",\"url\":\"https:\\\/\\\/equisana.ch\\\/wp-content\\\/uploads\\\/2026\\\/04\\\/Frog-Equilibrium-250mL.png\",\"contentUrl\":\"https:\\\/\\\/equisana.ch\\\/wp-content\\\/uploads\\\/2026\\\/04\\\/Frog-Equilibrium-250mL.png\",\"width\":1080,\"height\":1080,\"caption\":\"Nat\u00fcrliche Hufpflegecreme\"},{\"@type\":\"BreadcrumbList\",\"@id\":\"https:\\\/\\\/equisana.ch\\\/produkt\\\/frog-equilibrium\\\/#breadcrumb\",\"itemListElement\":[{\"@type\":\"ListItem\",\"position\":1,\"name\":\"Startseite\",\"item\":\"https:\\\/\\\/equisana.ch\\\/\"},{\"@type\":\"ListItem\",\"position\":2,\"name\":\"Tous les produits hippiques EQUISANA\",\"item\":\"https:\\\/\\\/equisana.ch\\\/fr\\\/produits\\\/\"},{\"@type\":\"ListItem\",\"position\":3,\"name\":\"Frog Equilibrium\"}]},{\"@type\":\"WebSite\",\"@id\":\"https:\\\/\\\/equisana.ch\\\/#website\",\"url\":\"https:\\\/\\\/equisana.ch\\\/\",\"name\":\"EQUISANA GmbH einfach nat\u00fcrlich\",\"description\":\"Tout simplement naturel\",\"publisher\":{\"@id\":\"https:\\\/\\\/equisana.ch\\\/#organization\"},\"potentialAction\":[{\"@type\":\"SearchAction\",\"target\":{\"@type\":\"EntryPoint\",\"urlTemplate\":\"https:\\\/\\\/equisana.ch\\\/?s={search_term_string}\"},\"query-input\":{\"@type\":\"PropertyValueSpecification\",\"valueRequired\":true,\"valueName\":\"search_term_string\"}}],\"inLanguage\":\"fr-FR\"},{\"@type\":\"Organization\",\"@id\":\"https:\\\/\\\/equisana.ch\\\/#organization\",\"name\":\"EQUISANA GmbH einfach nat\u00fcrlich\",\"url\":\"https:\\\/\\\/equisana.ch\\\/\",\"logo\":{\"@type\":\"ImageObject\",\"inLanguage\":\"fr-FR\",\"@id\":\"https:\\\/\\\/equisana.ch\\\/#\\\/schema\\\/logo\\\/image\\\/\",\"url\":\"https:\\\/\\\/equisana.ch\\\/wp-content\\\/uploads\\\/2023\\\/03\\\/cropped-equisana-logo.png\",\"contentUrl\":\"https:\\\/\\\/equisana.ch\\\/wp-content\\\/uploads\\\/2023\\\/03\\\/cropped-equisana-logo.png\",\"width\":342,\"height\":124,\"caption\":\"EQUISANA GmbH einfach nat\u00fcrlich\"},\"image\":{\"@id\":\"https:\\\/\\\/equisana.ch\\\/#\\\/schema\\\/logo\\\/image\\\/\"},\"sameAs\":[\"https:\\\/\\\/www.facebook.com\\\/Equisana\\\/\"]}]}<\/script>\n<!-- \/ Yoast SEO plugin. -->","yoast_head_json":{"title":"Frog Equilibrium - Equisana Sarl tout simplement naturel","description":"Frog Equilibrium est une cr\u00e8me de soin naturel pour les sabots, destin\u00e9e \u00e0 renforcer, nettoyer et entretenir les sabots ab\u00eem\u00e9s ou sensibles","robots":{"index":"index","follow":"follow","max-snippet":"max-snippet:-1","max-image-preview":"max-image-preview:large","max-video-preview":"max-video-preview:-1"},"canonical":"https:\/\/equisana.ch\/produkt\/frog-equilibrium\/","og_locale":"fr_FR","og_type":"article","og_title":"Frog Equilibrium - Equisana Sarl tout simplement naturel","og_description":"Frog Equilibrium est une cr\u00e8me de soin naturel pour les sabots, destin\u00e9e \u00e0 renforcer, nettoyer et entretenir les sabots ab\u00eem\u00e9s ou sensibles","og_url":"https:\/\/equisana.ch\/produkt\/frog-equilibrium\/","og_site_name":"Equisana Sarl tout simplement naturel","article_publisher":"https:\/\/www.facebook.com\/Equisana\/","og_image":[{"width":1080,"height":1080,"url":"https:\/\/equisana.ch\/wp-content\/uploads\/2026\/04\/Frog-Equilibrium-250mL.png","type":"image\/png"}],"twitter_card":"summary_large_image","twitter_misc":{"Dur\u00e9e de lecture estim\u00e9e":"6 minutes"},"schema":{"@context":"https:\/\/schema.org","@graph":[{"@type":"WebPage","@id":"https:\/\/equisana.ch\/produkt\/frog-equilibrium\/","url":"https:\/\/equisana.ch\/produkt\/frog-equilibrium\/","name":"Frog Equilibrium - Equisana Sarl tout simplement naturel","isPartOf":{"@id":"https:\/\/equisana.ch\/#website"},"primaryImageOfPage":{"@id":"https:\/\/equisana.ch\/produkt\/frog-equilibrium\/#primaryimage"},"image":{"@id":"https:\/\/equisana.ch\/produkt\/frog-equilibrium\/#primaryimage"},"thumbnailUrl":"https:\/\/equisana.ch\/wp-content\/uploads\/2026\/04\/Frog-Equilibrium-250mL.png","datePublished":"2026-04-10T19:57:23+00:00","description":"Frog Equilibrium est une cr\u00e8me de soin naturel pour les sabots, destin\u00e9e \u00e0 renforcer, nettoyer et entretenir les sabots ab\u00eem\u00e9s ou sensibles","breadcrumb":{"@id":"https:\/\/equisana.ch\/produkt\/frog-equilibrium\/#breadcrumb"},"inLanguage":"fr-FR","potentialAction":[{"@type":"ReadAction","target":["https:\/\/equisana.ch\/produkt\/frog-equilibrium\/"]}]},{"@type":"ImageObject","inLanguage":"fr-FR","@id":"https:\/\/equisana.ch\/produkt\/frog-equilibrium\/#primaryimage","url":"https:\/\/equisana.ch\/wp-content\/uploads\/2026\/04\/Frog-Equilibrium-250mL.png","contentUrl":"https:\/\/equisana.ch\/wp-content\/uploads\/2026\/04\/Frog-Equilibrium-250mL.png","width":1080,"height":1080,"caption":"Nat\u00fcrliche Hufpflegecreme"},{"@type":"BreadcrumbList","@id":"https:\/\/equisana.ch\/produkt\/frog-equilibrium\/#breadcrumb","itemListElement":[{"@type":"ListItem","position":1,"name":"Startseite","item":"https:\/\/equisana.ch\/"},{"@type":"ListItem","position":2,"name":"Tous les produits hippiques EQUISANA","item":"https:\/\/equisana.ch\/fr\/produits\/"},{"@type":"ListItem","position":3,"name":"Frog Equilibrium"}]},{"@type":"WebSite","@id":"https:\/\/equisana.ch\/#website","url":"https:\/\/equisana.ch\/","name":"EQUISANA GmbH einfach nat\u00fcrlich","description":"Tout simplement naturel","publisher":{"@id":"https:\/\/equisana.ch\/#organization"},"potentialAction":[{"@type":"SearchAction","target":{"@type":"EntryPoint","urlTemplate":"https:\/\/equisana.ch\/?s={search_term_string}"},"query-input":{"@type":"PropertyValueSpecification","valueRequired":true,"valueName":"search_term_string"}}],"inLanguage":"fr-FR"},{"@type":"Organization","@id":"https:\/\/equisana.ch\/#organization","name":"EQUISANA GmbH einfach nat\u00fcrlich","url":"https:\/\/equisana.ch\/","logo":{"@type":"ImageObject","inLanguage":"fr-FR","@id":"https:\/\/equisana.ch\/#\/schema\/logo\/image\/","url":"https:\/\/equisana.ch\/wp-content\/uploads\/2023\/03\/cropped-equisana-logo.png","contentUrl":"https:\/\/equisana.ch\/wp-content\/uploads\/2023\/03\/cropped-equisana-logo.png","width":342,"height":124,"caption":"EQUISANA GmbH einfach nat\u00fcrlich"},"image":{"@id":"https:\/\/equisana.ch\/#\/schema\/logo\/image\/"},"sameAs":["https:\/\/www.facebook.com\/Equisana\/"]}]}},"_links":{"self":[{"href":"https:\/\/equisana.ch\/fr\/wp-json\/wp\/v2\/product\/26914","targetHints":{"allow":["GET"]}}],"collection":[{"href":"https:\/\/equisana.ch\/fr\/wp-json\/wp\/v2\/product"}],"about":[{"href":"https:\/\/equisana.ch\/fr\/wp-json\/wp\/v2\/types\/product"}],"replies":[{"embeddable":true,"href":"https:\/\/equisana.ch\/fr\/wp-json\/wp\/v2\/comments?post=26914"}],"wp:featuredmedia":[{"embeddable":true,"href":"https:\/\/equisana.ch\/fr\/wp-json\/wp\/v2\/media\/26670"}],"wp:attachment":[{"href":"https:\/\/equisana.ch\/fr\/wp-json\/wp\/v2\/media?parent=26914"}],"wp:term":[{"taxonomy":"product_brand","embeddable":true,"href":"https:\/\/equisana.ch\/fr\/wp-json\/wp\/v2\/product_brand?post=26914"},{"taxonomy":"product_cat","embeddable":true,"href":"https:\/\/equisana.ch\/fr\/wp-json\/wp\/v2\/product_cat?post=26914"},{"taxonomy":"product_tag","embeddable":true,"href":"https:\/\/equisana.ch\/fr\/wp-json\/wp\/v2\/product_tag?post=26914"}],"curies":[{"name":"wp","href":"https:\/\/api.w.org\/{rel}","templated":true}]}}