{"id":26918,"date":"2026-04-21T07:48:53","date_gmt":"2026-04-21T07:48:53","guid":{"rendered":"https:\/\/equisana.ch\/produkt\/frog-equilibrium-express\/"},"modified":"2026-04-21T07:48:53","modified_gmt":"2026-04-21T07:48:53","slug":"frog-equilibrium-express","status":"publish","type":"product","link":"https:\/\/equisana.ch\/fr\/produit\/frog-equilibrium-express\/","title":{"rendered":"Frog Equilibrium Express"},"content":{"rendered":"<p><strong>Soin liquide\u00a0 pour les fourchettes et sabots ab\u00eem\u00e9s des chevaux, offrant une application pr\u00e9cise et cibl\u00e9e pour prendre soins des zones d\u00e9t\u00e9rior\u00e9es, malodorantes ou infect\u00e9es, en renfor\u00e7ant et prot\u00e9geant la corne.<\/strong><\/p>\n<p>&nbsp;<\/p>\n<h4>Votre solution rapide pour des fourchettes saines et sans odeur !<\/h4>\n<p>Le soin Frog Equilibrium Express se distingue par sa formule liquide sous formes d\u2019\u00e9mulsions, sp\u00e9cifiquement \u00e9labor\u00e9e pour apporter un soin adapt\u00e9 aux fourchettes des sabots de cheval. \u00a0Ce produit est particuli\u00e8rement adapt\u00e9 pour les sabots pr\u00e9sentant des signes de d\u00e9t\u00e9rioration li\u00e9e \u00e0 des conditions environnementales difficiles, telles que l&rsquo;humidit\u00e9 excessive ou les terrains in\u00e9gaux, qui peuvent contribuer \u00e0 l&rsquo;apparition de corne\/tissus d\u00e9compos\u00e9es et d\u00e9grad\u00e9es ou d&rsquo;autres alt\u00e9rations.<\/p>\n<p>Sa texture fluide assure une p\u00e9n\u00e9tration optimale dans les interstices, lacunes et zones difficiles d&rsquo;acc\u00e8s du sabot, facilitant ainsi un soin uniforme et cibl\u00e9. Le produit est fourni dans un flacon \u00e0 embout pointu, con\u00e7u pour une application pr\u00e9cise et localis\u00e9e. Cet applicateur permet de distribuer le soin directement dans les zones n\u00e9cessitant le plus d&rsquo;attention, assurant une couverture compl\u00e8te sans gaspillage.<\/p>\n<p>Formul\u00e9 pour respecter la sant\u00e9 naturelle du sabot, Frog Equilibrium Express aide \u00e0 maintenir un environnement propice \u00e0 la sant\u00e9 des fourchettes. Il contribue \u00e0 pr\u00e9server le taux d\u2019humidit\u00e9 naturel et \u00e0 \u00e9quilibrer le pH des sabots, favorisant ainsi un \u00e9tat optimal des fourchettes. Cette action douce soutient les fonctions naturelles du sabot, contribuant \u00e0 leur bien-\u00eatre g\u00e9n\u00e9ral.<\/p>\n<p>Ce produit est un alli\u00e9 essentiel dans la trousse de soins \u00e9quins, offrant une solution de soin rapide mais efficace pour les sabots malmen\u00e9s par les facteurs environnementaux.<\/p>\n<p>Il peut \u00eatre \u00e9galement utilis\u00e9es dans les trous d\u2019abc\u00e8s, d\u00e9collement de paroi lors de fourmili\u00e8re afin de prendre soins de la corne d\u00e9t\u00e9rior\u00e9e du cheval.<\/p>\n<p>&nbsp;<\/p>\n<h4>Voici les caract\u00e9ristiques principales de ce soin de fourchette<\/h4>\n<p>&nbsp;<\/p>\n<ul>\n<li><strong>Application localis\u00e9e possible : <\/strong>Con\u00e7u pour p\u00e9n\u00e9trer dans les lacunes, apportant un soin pr\u00e9cis l\u00e0 o\u00f9 il est le plus n\u00e9cessaire.<\/li>\n<li><strong>Purifiant et assainissant : <\/strong>Aide \u00e0 nettoyer et \u00e0 rafra\u00eechir les fourchettes, r\u00e9duisant les mauvaises odeurs et contribuant \u00e0 une meilleure sant\u00e9 du sabot.<\/li>\n<li><strong>Fortifiant : <\/strong>renforce et \u00e9paissis la sole, offrant une protection accrue contre les terrains rudes comme le bitume ou les cailloux et limitant ainsi la sensibilit\u00e9 du cheval. Renforce les liaisons fortes de la k\u00e9ratine dans la corne du sabot afin d\u2019\u00e9viter les fissures, seimes et les sabots cassants<\/li>\n<li><strong>Protecteur : <\/strong>cr\u00e9e une barri\u00e8re protectrice contre les agressions ext\u00e9rieures.<\/li>\n<\/ul>\n<p>&nbsp;<\/p>\n<h4>Utilisation recommand\u00e9e<strong>:<\/strong><\/h4>\n<p style=\"font-weight: 400;\">&#8211; Pour prendre soin des sabots avec des fourchettes pourries, ab\u00eem\u00e9es, malodorantes ou pr\u00e9sentant des signes de faiblesse.<\/p>\n<p style=\"font-weight: 400;\">&#8211; Pour prendre soin des lacunes et des trous qui ont pu \u00eatre form\u00e9s lors de probl\u00e8mes comme la fourmili\u00e8re ou les abc\u00e8s de sabot des chevaux.<\/p>\n<p>&nbsp;<\/p>\n<p><strong>Composition<\/strong><\/p>\n<p>Fabriqu\u00e9 \u00e0 base de: \u00a0eau,\u00a0sulfate de cuivre,\u00a0huile d&rsquo;olive,\u00a0huile de cade,\u00a0cire \u00e9mulsifiante,\u00a0huile essentielle d&rsquo;origan,\u00a0huile essentielle de tea tree,\u00a0huile essentielle de laurier noble<\/p>\n<p><strong>Ingredients:<\/strong> AQUA, COPPER SULFATE, JUNIPERUS OXYCEDRUS WOOD OIL, OLEA EUROPAEA FRUIT OIL, CETEARYL ALCOHOL, POLYSORBATE 60, BENZYL ALCOHOL, XANTHAN GUM, ORIGANUM VULGARE OIL, DEHYDROACETIC ACID, MELALEUCA ALTERNIFOLIA LEAF OIL, LAURUS NOBILIS LEAF OIL, LINALOOL, LIMONENE<\/p>\n<p>&nbsp;<\/p>\n<h4>Conseils d&rsquo;utilisations et de soins du sabot et la fourchette de votre cheval<\/h4>\n<p>&nbsp;<\/p>\n<h4><b><strong>Soins avec le Frog Equilibrium Express<\/strong><\/b><\/h4>\n<h5>1. Nettoyage Approfondi du sabot :<\/h5>\n<p style=\"font-weight: 400;\">Commencez par curer les sabots de votre cheval en portant une attention particuli\u00e8re au nettoyage de la fourchette et des lacunes, pour enlever toute salet\u00e9 ou d\u00e9bris.<\/p>\n<h5>2. Application Cibl\u00e9e sur la fourchette :<\/h5>\n<p style=\"font-weight: 400;\">appliquez le Frog Equilibrium Express directement dans les lacunes, les trous ou les zones endommag\u00e9es du sabot \u00e0 l\u2019aide de la pointe. Utilisez un pinceau pour \u00e9taler le surplus du produit sur la totalit\u00e9 de la sole et la partie sup\u00e9rieure du sabot, veillant \u00e0 couvrir toutes les zones n\u00e9cessitant des soins. Faites attention \u00e0 ne pas exercer une pression excessive avec la pointe du flacon lors de l&rsquo;application. Une pression trop forte pourrait endommager les liaisons k\u00e9ratiniques r\u00e9cemment form\u00e9es, ce qui pourrait entraver le d\u00e9veloppement sain de la corne du sabot.<\/p>\n<h5>3. Fr\u00e9quence d&rsquo;utilisation du soin pour fourchette:<\/h5>\n<p style=\"font-weight: 400;\">ll est recommand\u00e9 d&rsquo;appliquer le produit quotidiennement ou tous les deux jours pendant une p\u00e9riode de 10 jours. Cette cure intensive est essentielle pour restaurer l&rsquo;\u00e9tat physiologique sain de la fourchette et du sabot. Continuez le traitement jusqu&rsquo;\u00e0 ce que vous constatiez une am\u00e9lioration notable.<\/p>\n<h5>4. Eviter les rechutes de pourriture :<\/h5>\n<p style=\"font-weight: 400;\">Pour pr\u00e9venir les rechutes, il est crucial de continuer \u00e0 prendre soin des sabots de votre cheval apr\u00e8s la cure initiale. L&rsquo;utilisation r\u00e9guli\u00e8re de produits comme le Frog Equilibrium peut aider \u00e0 maintenir la sant\u00e9 des sabots sur le long terme.<\/p>\n<h5>5. P\u00e9n\u00e9tration du soin:<\/h5>\n<p style=\"font-weight: 400;\">Apr\u00e8s chaque application, laissez le produit p\u00e9n\u00e9trer pendant quelques minutes avant de remettre le cheval en box ou au pr\u00e9. Cela permet au produit de s&rsquo;impr\u00e9gner efficacement dans le sabot.<\/p>\n<p>&nbsp;<\/p>\n<h4>Conseils suppl\u00e9mentaires pour le soin des sabots de votre cheval :<\/h4>\n<p>&nbsp;<\/p>\n<ul>\n<li>Soins pr\u00e9liminaires lors du pansage du cheval :<\/li>\n<\/ul>\n<p>Il est conseill\u00e9 de commencer par les soins de la fourchette du sabot au d\u00e9but du pansage. Cela assure une meilleure absorption des produits de soin dans cette zone d\u00e9licate, avant que le cheval ne soit expos\u00e9 \u00e0 des surfaces comme le box, le pr\u00e9 ou le sable de la carri\u00e8re. Ces surfaces ont tendance \u00e0 absorber rapidement les produits, r\u00e9duisant ainsi leur efficacit\u00e9 sur la fourchette si elles ne sont pas correctement impr\u00e9gn\u00e9es.<\/p>\n<ul>\n<li>\u00c9viter les produits occlusifs sur la fourchette du cheval<\/li>\n<\/ul>\n<p>Pour une fourchette de sabot saine, \u00e9vitez l&rsquo;utilisation de produits occlusifs ou de goudron, surtout si la sant\u00e9 du sabot n&rsquo;est pas optimale. Ces produits peuvent cr\u00e9er un film imperm\u00e9able, engendrant un milieu propice \u00e0 la prolif\u00e9ration de bact\u00e9ries ana\u00e9robies sous la fourchette. Ces bact\u00e9ries peuvent exacerber les probl\u00e8mes existants et conduire \u00e0 des infections plus s\u00e9v\u00e8res. Choisissez des produits qui respectent et pr\u00e9servent l&rsquo;\u00e9quilibre naturel de la fourchette.<\/p>\n<ul>\n<li>Importance du Parage pour la Fourchette<span style=\"font-size: 16px;\">:<\/span><\/li>\n<\/ul>\n<p>Le parage r\u00e9gulier est vital pour la sant\u00e9 de la fourchette du sabot. Un parage appropri\u00e9 aide \u00e0 maintenir une bonne structure de la fourchette, pr\u00e9venant ainsi les d\u00e9s\u00e9quilibres et les pathologies. Sans un parage correct, les produits de soin ne peuvent pas lutter efficacement contre les probl\u00e8mes sp\u00e9cifiques de la fourchette. Un parage adapt\u00e9 permet de corriger les d\u00e9s\u00e9quilibres, favorise une croissance saine de la fourchette et optimise l&rsquo;efficacit\u00e9 des produits de soins.<\/p>\n<p>En suivant ces conseils cibl\u00e9s, vous contribuerez de mani\u00e8re significative \u00e0 la sant\u00e9 et \u00e0 la r\u00e9silience de la fourchette du sabot de votre cheval, un \u00e9l\u00e9ment essentiel pour sa mobilit\u00e9 et son bien-\u00eatre.<\/p>\n<p><strong>\u00a0<\/strong><\/p>\n<p><strong>Pr\u00e9cautions d&rsquo;utilistaion<\/strong><\/p>\n<p>Produit d\u2019hygi\u00e8ne et de soin \u00e0 usage externe pour chevaux. Attention. Ne pas laisser \u00e0 la port\u00e9e des enfants. Contient de l\u2019huile de Cade. Peut provoquer une allergie cutan\u00e9e. Provoque une s\u00e9v\u00e8re irritation des yeux. Risque d\u2019abimer les fers en aluminium. Eviter le rejet dans l\u2019environnement. Eliminer le r\u00e9cipient conform\u00e9ment \u00e0 la r\u00e9glementation locale. Toxique pour les organismes aquatiques, entra\u00eene des effets n\u00e9fastes \u00e0 long terme.<\/p>\n","protected":false},"excerpt":{"rendered":"<p>Soin liquide\u00a0 pour les fourchettes et sabots ab\u00eem\u00e9s des chevaux, offrant une application pr\u00e9cise et cibl\u00e9e pour prendre soins des zones d\u00e9t\u00e9rior\u00e9es, malodorantes ou infect\u00e9es, en renfor\u00e7ant et prot\u00e9geant la corne.<\/p>\n","protected":false},"featured_media":26786,"comment_status":"closed","ping_status":"closed","template":"","meta":[],"product_brand":[],"product_cat":[126],"product_tag":[],"class_list":{"0":"post-26918","1":"product","2":"type-product","3":"status-publish","4":"has-post-thumbnail","6":"product_cat-produits-de-soin","7":"aux-has-gallery","9":"first","10":"instock","11":"taxable","12":"shipping-taxable","13":"purchasable","14":"product-type-variable"},"yoast_head":"<!-- This site is optimized with the Yoast SEO plugin v27.6 - https:\/\/yoast.com\/product\/yoast-seo-wordpress\/ -->\n<title>Frog Equilibrium Express - Equisana Sarl tout simplement naturel<\/title>\n<meta name=\"description\" content=\"Frog Equilibrium Express se distingue par sa forme de pr\u00e9sentation liquide sous forme d&#039;\u00e9mulsion, sp\u00e9cialement d\u00e9velopp\u00e9e pour le soin du sabot.\" \/>\n<meta name=\"robots\" content=\"index, follow, max-snippet:-1, max-image-preview:large, max-video-preview:-1\" \/>\n<link rel=\"canonical\" href=\"https:\/\/equisana.ch\/produkt\/frog-equilibrium-express\/\" \/>\n<meta property=\"og:locale\" content=\"fr_FR\" \/>\n<meta property=\"og:type\" content=\"article\" \/>\n<meta property=\"og:title\" content=\"Frog Equilibrium Express - Equisana Sarl tout simplement naturel\" \/>\n<meta property=\"og:description\" content=\"Frog Equilibrium Express se distingue par sa forme de pr\u00e9sentation liquide sous forme d&#039;\u00e9mulsion, sp\u00e9cialement d\u00e9velopp\u00e9e pour le soin du sabot.\" \/>\n<meta property=\"og:url\" content=\"https:\/\/equisana.ch\/produkt\/frog-equilibrium-express\/\" \/>\n<meta property=\"og:site_name\" content=\"Equisana Sarl tout simplement naturel\" \/>\n<meta property=\"article:publisher\" content=\"https:\/\/www.facebook.com\/Equisana\/\" \/>\n<meta property=\"og:image\" content=\"https:\/\/equisana.ch\/wp-content\/uploads\/2026\/04\/Frog-Equilibrium-Express.png\" \/>\n\t<meta property=\"og:image:width\" content=\"1080\" \/>\n\t<meta property=\"og:image:height\" content=\"1080\" \/>\n\t<meta property=\"og:image:type\" content=\"image\/png\" \/>\n<meta name=\"twitter:card\" content=\"summary_large_image\" \/>\n<meta name=\"twitter:label1\" content=\"Dur\u00e9e de lecture estim\u00e9e\" \/>\n\t<meta name=\"twitter:data1\" content=\"6 minutes\" \/>\n<script type=\"application\/ld+json\" class=\"yoast-schema-graph\">{\"@context\":\"https:\\\/\\\/schema.org\",\"@graph\":[{\"@type\":\"WebPage\",\"@id\":\"https:\\\/\\\/equisana.ch\\\/produkt\\\/frog-equilibrium-express\\\/\",\"url\":\"https:\\\/\\\/equisana.ch\\\/produkt\\\/frog-equilibrium-express\\\/\",\"name\":\"Frog Equilibrium Express - Equisana Sarl tout simplement naturel\",\"isPartOf\":{\"@id\":\"https:\\\/\\\/equisana.ch\\\/#website\"},\"primaryImageOfPage\":{\"@id\":\"https:\\\/\\\/equisana.ch\\\/produkt\\\/frog-equilibrium-express\\\/#primaryimage\"},\"image\":{\"@id\":\"https:\\\/\\\/equisana.ch\\\/produkt\\\/frog-equilibrium-express\\\/#primaryimage\"},\"thumbnailUrl\":\"https:\\\/\\\/equisana.ch\\\/wp-content\\\/uploads\\\/2026\\\/04\\\/Frog-Equilibrium-Express.png\",\"datePublished\":\"2026-04-21T07:48:53+00:00\",\"description\":\"Frog Equilibrium Express se distingue par sa forme de pr\u00e9sentation liquide sous forme d'\u00e9mulsion, sp\u00e9cialement d\u00e9velopp\u00e9e pour le soin du sabot.\",\"breadcrumb\":{\"@id\":\"https:\\\/\\\/equisana.ch\\\/produkt\\\/frog-equilibrium-express\\\/#breadcrumb\"},\"inLanguage\":\"fr-FR\",\"potentialAction\":[{\"@type\":\"ReadAction\",\"target\":[\"https:\\\/\\\/equisana.ch\\\/produkt\\\/frog-equilibrium-express\\\/\"]}]},{\"@type\":\"ImageObject\",\"inLanguage\":\"fr-FR\",\"@id\":\"https:\\\/\\\/equisana.ch\\\/produkt\\\/frog-equilibrium-express\\\/#primaryimage\",\"url\":\"https:\\\/\\\/equisana.ch\\\/wp-content\\\/uploads\\\/2026\\\/04\\\/Frog-Equilibrium-Express.png\",\"contentUrl\":\"https:\\\/\\\/equisana.ch\\\/wp-content\\\/uploads\\\/2026\\\/04\\\/Frog-Equilibrium-Express.png\",\"width\":1080,\"height\":1080,\"caption\":\"Frog Equilibrium Express\"},{\"@type\":\"BreadcrumbList\",\"@id\":\"https:\\\/\\\/equisana.ch\\\/produkt\\\/frog-equilibrium-express\\\/#breadcrumb\",\"itemListElement\":[{\"@type\":\"ListItem\",\"position\":1,\"name\":\"Startseite\",\"item\":\"https:\\\/\\\/equisana.ch\\\/\"},{\"@type\":\"ListItem\",\"position\":2,\"name\":\"Tous les produits hippiques EQUISANA\",\"item\":\"https:\\\/\\\/equisana.ch\\\/fr\\\/produits\\\/\"},{\"@type\":\"ListItem\",\"position\":3,\"name\":\"Frog Equilibrium Express\"}]},{\"@type\":\"WebSite\",\"@id\":\"https:\\\/\\\/equisana.ch\\\/#website\",\"url\":\"https:\\\/\\\/equisana.ch\\\/\",\"name\":\"EQUISANA GmbH einfach nat\u00fcrlich\",\"description\":\"Tout simplement naturel\",\"publisher\":{\"@id\":\"https:\\\/\\\/equisana.ch\\\/#organization\"},\"potentialAction\":[{\"@type\":\"SearchAction\",\"target\":{\"@type\":\"EntryPoint\",\"urlTemplate\":\"https:\\\/\\\/equisana.ch\\\/?s={search_term_string}\"},\"query-input\":{\"@type\":\"PropertyValueSpecification\",\"valueRequired\":true,\"valueName\":\"search_term_string\"}}],\"inLanguage\":\"fr-FR\"},{\"@type\":\"Organization\",\"@id\":\"https:\\\/\\\/equisana.ch\\\/#organization\",\"name\":\"EQUISANA GmbH einfach nat\u00fcrlich\",\"url\":\"https:\\\/\\\/equisana.ch\\\/\",\"logo\":{\"@type\":\"ImageObject\",\"inLanguage\":\"fr-FR\",\"@id\":\"https:\\\/\\\/equisana.ch\\\/#\\\/schema\\\/logo\\\/image\\\/\",\"url\":\"https:\\\/\\\/equisana.ch\\\/wp-content\\\/uploads\\\/2023\\\/03\\\/cropped-equisana-logo.png\",\"contentUrl\":\"https:\\\/\\\/equisana.ch\\\/wp-content\\\/uploads\\\/2023\\\/03\\\/cropped-equisana-logo.png\",\"width\":342,\"height\":124,\"caption\":\"EQUISANA GmbH einfach nat\u00fcrlich\"},\"image\":{\"@id\":\"https:\\\/\\\/equisana.ch\\\/#\\\/schema\\\/logo\\\/image\\\/\"},\"sameAs\":[\"https:\\\/\\\/www.facebook.com\\\/Equisana\\\/\"]}]}<\/script>\n<!-- \/ Yoast SEO plugin. -->","yoast_head_json":{"title":"Frog Equilibrium Express - Equisana Sarl tout simplement naturel","description":"Frog Equilibrium Express se distingue par sa forme de pr\u00e9sentation liquide sous forme d'\u00e9mulsion, sp\u00e9cialement d\u00e9velopp\u00e9e pour le soin du sabot.","robots":{"index":"index","follow":"follow","max-snippet":"max-snippet:-1","max-image-preview":"max-image-preview:large","max-video-preview":"max-video-preview:-1"},"canonical":"https:\/\/equisana.ch\/produkt\/frog-equilibrium-express\/","og_locale":"fr_FR","og_type":"article","og_title":"Frog Equilibrium Express - Equisana Sarl tout simplement naturel","og_description":"Frog Equilibrium Express se distingue par sa forme de pr\u00e9sentation liquide sous forme d'\u00e9mulsion, sp\u00e9cialement d\u00e9velopp\u00e9e pour le soin du sabot.","og_url":"https:\/\/equisana.ch\/produkt\/frog-equilibrium-express\/","og_site_name":"Equisana Sarl tout simplement naturel","article_publisher":"https:\/\/www.facebook.com\/Equisana\/","og_image":[{"width":1080,"height":1080,"url":"https:\/\/equisana.ch\/wp-content\/uploads\/2026\/04\/Frog-Equilibrium-Express.png","type":"image\/png"}],"twitter_card":"summary_large_image","twitter_misc":{"Dur\u00e9e de lecture estim\u00e9e":"6 minutes"},"schema":{"@context":"https:\/\/schema.org","@graph":[{"@type":"WebPage","@id":"https:\/\/equisana.ch\/produkt\/frog-equilibrium-express\/","url":"https:\/\/equisana.ch\/produkt\/frog-equilibrium-express\/","name":"Frog Equilibrium Express - Equisana Sarl tout simplement naturel","isPartOf":{"@id":"https:\/\/equisana.ch\/#website"},"primaryImageOfPage":{"@id":"https:\/\/equisana.ch\/produkt\/frog-equilibrium-express\/#primaryimage"},"image":{"@id":"https:\/\/equisana.ch\/produkt\/frog-equilibrium-express\/#primaryimage"},"thumbnailUrl":"https:\/\/equisana.ch\/wp-content\/uploads\/2026\/04\/Frog-Equilibrium-Express.png","datePublished":"2026-04-21T07:48:53+00:00","description":"Frog Equilibrium Express se distingue par sa forme de pr\u00e9sentation liquide sous forme d'\u00e9mulsion, sp\u00e9cialement d\u00e9velopp\u00e9e pour le soin du sabot.","breadcrumb":{"@id":"https:\/\/equisana.ch\/produkt\/frog-equilibrium-express\/#breadcrumb"},"inLanguage":"fr-FR","potentialAction":[{"@type":"ReadAction","target":["https:\/\/equisana.ch\/produkt\/frog-equilibrium-express\/"]}]},{"@type":"ImageObject","inLanguage":"fr-FR","@id":"https:\/\/equisana.ch\/produkt\/frog-equilibrium-express\/#primaryimage","url":"https:\/\/equisana.ch\/wp-content\/uploads\/2026\/04\/Frog-Equilibrium-Express.png","contentUrl":"https:\/\/equisana.ch\/wp-content\/uploads\/2026\/04\/Frog-Equilibrium-Express.png","width":1080,"height":1080,"caption":"Frog Equilibrium Express"},{"@type":"BreadcrumbList","@id":"https:\/\/equisana.ch\/produkt\/frog-equilibrium-express\/#breadcrumb","itemListElement":[{"@type":"ListItem","position":1,"name":"Startseite","item":"https:\/\/equisana.ch\/"},{"@type":"ListItem","position":2,"name":"Tous les produits hippiques EQUISANA","item":"https:\/\/equisana.ch\/fr\/produits\/"},{"@type":"ListItem","position":3,"name":"Frog Equilibrium Express"}]},{"@type":"WebSite","@id":"https:\/\/equisana.ch\/#website","url":"https:\/\/equisana.ch\/","name":"EQUISANA GmbH einfach nat\u00fcrlich","description":"Tout simplement naturel","publisher":{"@id":"https:\/\/equisana.ch\/#organization"},"potentialAction":[{"@type":"SearchAction","target":{"@type":"EntryPoint","urlTemplate":"https:\/\/equisana.ch\/?s={search_term_string}"},"query-input":{"@type":"PropertyValueSpecification","valueRequired":true,"valueName":"search_term_string"}}],"inLanguage":"fr-FR"},{"@type":"Organization","@id":"https:\/\/equisana.ch\/#organization","name":"EQUISANA GmbH einfach nat\u00fcrlich","url":"https:\/\/equisana.ch\/","logo":{"@type":"ImageObject","inLanguage":"fr-FR","@id":"https:\/\/equisana.ch\/#\/schema\/logo\/image\/","url":"https:\/\/equisana.ch\/wp-content\/uploads\/2023\/03\/cropped-equisana-logo.png","contentUrl":"https:\/\/equisana.ch\/wp-content\/uploads\/2023\/03\/cropped-equisana-logo.png","width":342,"height":124,"caption":"EQUISANA GmbH einfach nat\u00fcrlich"},"image":{"@id":"https:\/\/equisana.ch\/#\/schema\/logo\/image\/"},"sameAs":["https:\/\/www.facebook.com\/Equisana\/"]}]}},"_links":{"self":[{"href":"https:\/\/equisana.ch\/fr\/wp-json\/wp\/v2\/product\/26918","targetHints":{"allow":["GET"]}}],"collection":[{"href":"https:\/\/equisana.ch\/fr\/wp-json\/wp\/v2\/product"}],"about":[{"href":"https:\/\/equisana.ch\/fr\/wp-json\/wp\/v2\/types\/product"}],"replies":[{"embeddable":true,"href":"https:\/\/equisana.ch\/fr\/wp-json\/wp\/v2\/comments?post=26918"}],"wp:featuredmedia":[{"embeddable":true,"href":"https:\/\/equisana.ch\/fr\/wp-json\/wp\/v2\/media\/26786"}],"wp:attachment":[{"href":"https:\/\/equisana.ch\/fr\/wp-json\/wp\/v2\/media?parent=26918"}],"wp:term":[{"taxonomy":"product_brand","embeddable":true,"href":"https:\/\/equisana.ch\/fr\/wp-json\/wp\/v2\/product_brand?post=26918"},{"taxonomy":"product_cat","embeddable":true,"href":"https:\/\/equisana.ch\/fr\/wp-json\/wp\/v2\/product_cat?post=26918"},{"taxonomy":"product_tag","embeddable":true,"href":"https:\/\/equisana.ch\/fr\/wp-json\/wp\/v2\/product_tag?post=26918"}],"curies":[{"name":"wp","href":"https:\/\/api.w.org\/{rel}","templated":true}]}}